{"id":9583,"date":"2020-12-02T14:57:25","date_gmt":"2020-12-02T12:57:25","guid":{"rendered":"https:\/\/galicianparts.com\/shop\/producto\/46401803-correa-fijacion-del-maletero-alfa-romeo-156-166-fiat-marea-nueva-original\/"},"modified":"2021-04-23T20:06:45","modified_gmt":"2021-04-23T18:06:45","slug":"46401803-correa-fijacion-del-maletero-alfa-romeo-156-166-fiat-marea-nueva-original","status":"publish","type":"product","link":"https:\/\/galicianparts.com\/shop\/producto\/46401803-correa-fijacion-del-maletero-alfa-romeo-156-166-fiat-marea-nueva-original\/","title":{"rendered":"46401803 Correa fijaci\u00f3n del maletero Alfa Romeo 156 \/ 166 \/ Fiat Marea NUEVA ORIGINAL"},"content":{"rendered":"<p>Correa de fijaci\u00f3n de los aparatos de se\u00f1alizaci\u00f3n del maletero de:<br \/>\nFIAT &#8211; PT MAREA BENZINA (1996-1999)<br \/>\nFIAT &#8211; 1Q MAREA BZ GAMMA&#8217;99 (1999-2002)<br \/>\nFIAT &#8211; PU MAREA DIESEL (1996-1999)<br \/>\nFIAT &#8211; 1R MAREA DS GAMMA&#8217;99 (1999-2002)<br \/>\nALFA ROMEO &#8211; X1 156 M.Y.2002 BZ\/DS (2001-2005)<br \/>\nALFA ROMEO &#8211; W9 166 BZ-DS (1998-2007)<\/p>\n<p>LA PIEZA ES NUEVA Y ORIGINAL.<\/p>\n","protected":false},"excerpt":{"rendered":"<p>Correa de fijaci\u00f3n de los aparatos de se\u00f1alizaci\u00f3n del maletero de: FIAT &#8211; PT MAREA BENZINA (1996-1999) FIAT &#8211; 1Q MAREA BZ GAMMA&#8217;99 (1999-2002) FIAT &#8211; PU MAREA DIESEL (1996-1999) FIAT &#8211; 1R MAREA DS GAMMA&#8217;99 (1999-2002) ALFA ROMEO &#8211; X1 156 M.Y.2002 BZ\/DS (2001-2005) ALFA ROMEO &#8211; W9 166 BZ-DS (1998-2007) LA PIEZA ES [&hellip;]<\/p>\n","protected":false},"featured_media":9585,"template":"","meta":{"_seopress_robots_primary_cat":"","_seopress_titles_title":"","_seopress_titles_desc":"","_seopress_robots_index":""},"product_cat":[49,57,16,20,95],"product_tag":[],"class_list":{"0":"post-9583","1":"product","2":"type-product","3":"status-publish","4":"has-post-thumbnail","6":"product_cat-recambios-alfa-romeo-156","7":"product_cat-recambios-alfa-romeo-166","8":"product_cat-recambios-alfa-romeo","9":"product_cat-recambios-fiat","10":"product_cat-recambios-fiat-marea","12":"first","13":"outofstock","14":"taxable","15":"shipping-taxable","16":"purchasable","17":"product-type-simple"},"_links":{"self":[{"href":"https:\/\/galicianparts.com\/shop\/wp-json\/wp\/v2\/product\/9583"}],"collection":[{"href":"https:\/\/galicianparts.com\/shop\/wp-json\/wp\/v2\/product"}],"about":[{"href":"https:\/\/galicianparts.com\/shop\/wp-json\/wp\/v2\/types\/product"}],"wp:featuredmedia":[{"embeddable":true,"href":"https:\/\/galicianparts.com\/shop\/wp-json\/wp\/v2\/media\/9585"}],"wp:attachment":[{"href":"https:\/\/galicianparts.com\/shop\/wp-json\/wp\/v2\/media?parent=9583"}],"wp:term":[{"taxonomy":"product_cat","embeddable":true,"href":"https:\/\/galicianparts.com\/shop\/wp-json\/wp\/v2\/product_cat?post=9583"},{"taxonomy":"product_tag","embeddable":true,"href":"https:\/\/galicianparts.com\/shop\/wp-json\/wp\/v2\/product_tag?post=9583"}],"curies":[{"name":"wp","href":"https:\/\/api.w.org\/{rel}","templated":true}]}}