{"id":95884,"date":"2025-04-10T12:52:13","date_gmt":"2025-04-10T10:52:13","guid":{"rendered":"https:\/\/galicianparts.com\/shop\/producto\/7572274-casquillo-soporte-radiador-fiat-panda-1985-2003-nuevo-original\/"},"modified":"2026-02-06T13:29:43","modified_gmt":"2026-02-06T11:29:43","slug":"7572274-casquillo-soporte-radiador-fiat-panda-1985-2003-nuevo-original","status":"publish","type":"product","link":"https:\/\/galicianparts.com\/shop\/producto\/7572274-casquillo-soporte-radiador-fiat-panda-1985-2003-nuevo-original\/","title":{"rendered":"7572274 Casquillo soporte radiador Fiat Panda (1985-2003) NUEVO ORIGINAL"},"content":{"rendered":"<p>Casquillo de pl\u00e1stico del anclaje inferior del radiador de refrigeraci\u00f3n del motor de:<br \/>\nDi\u00e1metro exterior 1: 30mm<br \/>\nDi\u00e1metro exterior 2: 15.7mm<br \/>\nLargo: 29mm<\/p>\n<p>FIAT &#8211; 1S PANDA 4X2 MAQ 91 (1991-2003) 750 ACT CARB \/ 750 ACT CARB.DAV. \/ 1000 CARB. \/ 1000 CARB.DAV.<br \/>\nFIAT &#8211; 1S PANDA 4X2 MAQ 91 (1991-2003) 750 ACB CARB \/ 900 ACB CARB \/ 900 SPI USA 83<br \/>\nFIAT &#8211; 1S PANDA 4X2 MAQ 91 (1991-2003) 1000 SPI USA 83 WEBER \/ 1100 SPI USA 83 \/ 1000 SPI CF2 \/ 1100 SPI CF2 \/ 1000\u00a0SPI\u00a0USA\u00a083\u00a0BOSCH<br \/>\nFIAT &#8211; LV PANDA 4X2 RL\/86(1985-1991) 1000 ACT \/ 1000 ACT DAV-15 \/ 1000 SPI USA&#8217;83 \/ 1100 SPI USA&#8217;83 C.A. \/ 1000 ACT B.N.O. (D)<br \/>\nFIAT &#8211; LV PANDA 4X2 RL\/86(1985-1991) 750 ACB \/ 900 ACB<br \/>\nFIAT &#8211; LV PANDA 4X2 RL\/86(1985-1991) SUIZA \/ 1000 ACT USA&#8217;77 (CH)<br \/>\nFIAT &#8211; LV PANDA 4X2 RL\/86(1985-1991) 750 ACT \/ 750 ACT DAV 15<br \/>\nFIAT &#8211; 1T PANDA 4X4 MAQ 91 (1991-2003) 1000 CARB. \/ 1000 SPI USA 83 \/ 1100 SPI USA 83 \/ 1100 SPI CF2<br \/>\nFIAT &#8211; 2R PANDA 4X4 R\/86 (1985-1991)<\/p>\n<p>LA PIEZA ES NUEVA Y ORIGINAL.<\/p>\n","protected":false},"excerpt":{"rendered":"<p>Casquillo de pl\u00e1stico del anclaje inferior del radiador de refrigeraci\u00f3n del motor de: Di\u00e1metro exterior 1: 30mm Di\u00e1metro exterior 2: 15.7mm Largo: 29mm FIAT &#8211; 1S PANDA 4X2 MAQ 91 (1991-2003) 750 ACT CARB \/ 750 ACT CARB.DAV. \/ 1000 CARB. \/ 1000 CARB.DAV. FIAT &#8211; 1S PANDA 4X2 MAQ 91 (1991-2003) 750 ACB CARB [&hellip;]<\/p>\n","protected":false},"featured_media":95885,"template":"","meta":{"_seopress_robots_primary_cat":"","_seopress_titles_title":"","_seopress_titles_desc":"","_seopress_robots_index":""},"product_cat":[20,99],"product_tag":[],"class_list":{"0":"post-95884","1":"product","2":"type-product","3":"status-publish","4":"has-post-thumbnail","6":"product_cat-recambios-fiat","7":"product_cat-recambios-fiat-panda","9":"first","10":"outofstock","11":"taxable","12":"shipping-taxable","13":"purchasable","14":"product-type-simple"},"_links":{"self":[{"href":"https:\/\/galicianparts.com\/shop\/wp-json\/wp\/v2\/product\/95884"}],"collection":[{"href":"https:\/\/galicianparts.com\/shop\/wp-json\/wp\/v2\/product"}],"about":[{"href":"https:\/\/galicianparts.com\/shop\/wp-json\/wp\/v2\/types\/product"}],"wp:featuredmedia":[{"embeddable":true,"href":"https:\/\/galicianparts.com\/shop\/wp-json\/wp\/v2\/media\/95885"}],"wp:attachment":[{"href":"https:\/\/galicianparts.com\/shop\/wp-json\/wp\/v2\/media?parent=95884"}],"wp:term":[{"taxonomy":"product_cat","embeddable":true,"href":"https:\/\/galicianparts.com\/shop\/wp-json\/wp\/v2\/product_cat?post=95884"},{"taxonomy":"product_tag","embeddable":true,"href":"https:\/\/galicianparts.com\/shop\/wp-json\/wp\/v2\/product_tag?post=95884"}],"curies":[{"name":"wp","href":"https:\/\/api.w.org\/{rel}","templated":true}]}}