{"id":95959,"date":"2025-04-22T13:41:28","date_gmt":"2025-04-22T11:41:28","guid":{"rendered":"https:\/\/galicianparts.com\/shop\/producto\/40101573-pack-4-retenes-valvulas-fiat-lancia-alfa-seat-nuevo-original\/"},"modified":"2025-04-22T13:45:23","modified_gmt":"2025-04-22T11:45:23","slug":"40101573-pack-4-retenes-valvulas-fiat-lancia-alfa-seat-nuevo-original","status":"publish","type":"product","link":"https:\/\/galicianparts.com\/shop\/producto\/40101573-pack-4-retenes-valvulas-fiat-lancia-alfa-seat-nuevo-original\/","title":{"rendered":"40101573 Pack 4 retenes v\u00e1lvulas Fiat \/Lancia \/Alfa \/Seat NUEVO ORIGINAL"},"content":{"rendered":"<p>Juego, set de 4 retenes de las v\u00e1lvulas del motor de:<\/p>\n<p>ALFA ROMEO 33 Hatchback (905)<br \/>\n1.2, A\u00f1o 06.1983 &#8211; 12.1989, 1186 , 68<br \/>\n1.3, A\u00f1o 10.1984 &#8211; 12.1989, 1351 , 86<br \/>\n1.3, A\u00f1o 06.1983 &#8211; 12.1989, 1351 , 75<br \/>\n1.3 (905AD1), A\u00f1o 06.1983 &#8211; 06.1990, 1351 , 90<br \/>\n1.5, A\u00f1o 05.1983 &#8211; 12.1987, 1490 , 84<br \/>\n1.5, A\u00f1o 06.1983 &#8211; 12.1986, 1490 , 90<br \/>\n1.5 4&#215;4, A\u00f1o 11.1983 &#8211; 12.1984, 1490 , 84<br \/>\n1.5 4&#215;4, A\u00f1o 01.1984 &#8211; 12.1989, 1490 , 95<br \/>\n1.5 4&#215;4, A\u00f1o 09.1986 &#8211; 12.1989, 1490 , 105<br \/>\n1.5 QV, A\u00f1o 06.1984 &#8211; 12.1989, 1490 , 105<br \/>\nALFA ROMEO 33 Hatchback (907A)<br \/>\n1.2 (907A4), A\u00f1o 07.1990 &#8211; 09.1992, 1186 , 78<br \/>\n1.5, A\u00f1o 01.1990 &#8211; 04.1993, 1490 , 105<br \/>\nALFA ROMEO 33 Sportwagon (905A)<br \/>\n1.5, A\u00f1o 09.1984 &#8211; 12.1986, 1490 , 90<br \/>\n1.5, A\u00f1o 09.1984 &#8211; 12.1987, 1490 , 95<br \/>\n1.5, A\u00f1o 12.1986 &#8211; 12.1989, 1490 , 105<br \/>\n1.5 4&#215;4, A\u00f1o 09.1984 &#8211; 12.1986, 1490 , 90<br \/>\n1.5 4&#215;4, A\u00f1o 12.1986 &#8211; 03.1989, 1490 , 105<br \/>\nALFA ROMEO Alfasud Hatchback (901)<br \/>\n1.2, A\u00f1o 06.1972 &#8211; 09.1984, 1186 , 63<br \/>\n1.2, A\u00f1o 03.1980 &#8211; 09.1984, 1186 , 60<br \/>\n1.3, A\u00f1o 01.1978 &#8211; 02.1980, 1286 , 68<br \/>\n1.3 ti, A\u00f1o 09.1977 &#8211; 09.1984, 1286 , 75<br \/>\n1.3 ti, A\u00f1o 03.1980 &#8211; 12.1984, 1351 , 86<br \/>\n1.5 ti, A\u00f1o 01.1979 &#8211; 09.1984, 1490 , 83<br \/>\n1.5 ti Sprint, A\u00f1o 01.1983 &#8211; 12.1984, 1490 , 105<br \/>\nALFA ROMEO Alfasud Giardinetta (904)<br \/>\n1.2, A\u00f1o 01.1978 &#8211; 12.1981, 1186 , 63<br \/>\n1.3, A\u00f1o 01.1978 &#8211; 07.1979, 1286 , 65<br \/>\nALFA ROMEO Sprint \/ Alfasud Sprint (902A)<br \/>\n1.3, A\u00f1o 09.1976 &#8211; 12.1981, 1286 , 76<br \/>\n1.4, A\u00f1o 07.1979 &#8211; 12.1989, 1351 , 85<br \/>\n1.5, A\u00f1o 01.1980 &#8211; 12.1989, 1490 , 102<br \/>\n1.5, A\u00f1o 05.1978 &#8211; 12.1981, 1490 , 83<br \/>\n1.5 (902C), A\u00f1o 03.1982 &#8211; 12.1988, 1490 , 105<br \/>\nALFA ROMEO Arna (920)<br \/>\n1.2, A\u00f1o 03.1983 &#8211; 12.1986, 1186 , 63<br \/>\n1.2, A\u00f1o 01.1985 &#8211; 12.1986, 1186 , 68<br \/>\n1.3 TI, A\u00f1o 03.1983 &#8211; 12.1986, 1351 , 86<br \/>\nALFA ROMEO AR6 (280)<br \/>\n2.4 D, A\u00f1o 04.1985 &#8211; 02.1986, 2445 , 72<br \/>\n2.4 TD, A\u00f1o 09.1986 &#8211; 12.1989, 2445 , 92<br \/>\n2.5 D, A\u00f1o 03.1986 &#8211; 12.1989, 2499 , 75<\/p>\n<p>FIAT 131 Berlina (131)<br \/>\n2.5 D, A\u00f1o 06.1978 &#8211; 02.1984, 2445 , 72<br \/>\nFIAT Croma I Hatchback (154)<br \/>\n2.5 D, A\u00f1o 12.1985 &#8211; 12.1989, 2499 , 75<br \/>\n2.5 TD, A\u00f1o 12.1985 &#8211; 08.1989, 2445 , 101<br \/>\n2.5 TD, A\u00f1o 05.1989 &#8211; 08.1996, 2500 , 115<br \/>\n2.5 TDE, A\u00f1o 12.1991 &#8211; 08.1996, 2500 , 105<br \/>\nFIAT Ducato II Furg\u00f3n (230L)<br \/>\n2.5 D, A\u00f1o 03.1994 &#8211; 04.2002, 2500 , 84<br \/>\n2.5 D 4&#215;4, A\u00f1o 03.1994 &#8211; 04.2002, 2500 , 84<br \/>\n2.5 TD, A\u00f1o 06.1994 &#8211; 08.1998, 2499 , 109<br \/>\n2.5 TD 4&#215;4, A\u00f1o 11.1994 &#8211; 04.1998, 2499 , 109<br \/>\n2.5 TD 4&#215;4, A\u00f1o 11.1994 &#8211; 04.1998, 2499 , 116<br \/>\n2.5 TDI, A\u00f1o 03.1994 &#8211; 04.2002, 2500 , 109<br \/>\n2.5 TDI, A\u00f1o 03.1994 &#8211; 04.2002, 2500 , 116<br \/>\n2.5 TDI 4&#215;4, A\u00f1o 05.1998 &#8211; 04.2002, 2500 , 116<br \/>\nFIAT Argenta (132)<br \/>\n2.5 Di\u00e9sel, A\u00f1o 06.1981 &#8211; 11.1985, 2445 , 72<br \/>\nFIAT Ducato I Furg\u00f3n (290)<br \/>\n2.5 D, A\u00f1o 06.1990 &#8211; 05.1994, 2499 , 75<br \/>\n2.5 D 4&#215;4, A\u00f1o 07.1990 &#8211; 03.1994, 2500 , 75<br \/>\nFIAT Ducato II Bus (230)<br \/>\n2.5 D, A\u00f1o 03.1994 &#8211; 04.2002, 2499 , 75<br \/>\n2.5 D Combinato, A\u00f1o 08.1994 &#8211; 04.2002, 2500 , 84<br \/>\n2.5 TD, A\u00f1o 06.1994 &#8211; 08.1998, 2499 , 109<br \/>\n2.5 TD 4&#215;4, A\u00f1o 11.1994 &#8211; 04.1998, 2499 , 109<br \/>\n2.5 TD 4&#215;4, A\u00f1o 06.1994 &#8211; 09.2001, 2499 , 116<br \/>\n2.5 TDI 4&#215;4, A\u00f1o 04.1997 &#8211; 04.2002, 2500 , 116<br \/>\n2.5 TDI Panorama\/Combinato, A\u00f1o 07.1994 &#8211; 04.2002, 2500 , 109<br \/>\n2.5 TDI Panorama\/Combinato, A\u00f1o 03.1994 &#8211; 04.2002, 2500 , 116<br \/>\nFIAT Ducato I (280)<br \/>\n2.4 D, A\u00f1o 01.1982 &#8211; 08.1990, 2428 , 72<br \/>\n2.5 D, A\u00f1o 09.1986 &#8211; 05.1990, 2445 , 75<br \/>\n2.5 D 4&#215;4, A\u00f1o 09.1986 &#8211; 10.1987, 2445 , 72<br \/>\n2.5 D 4&#215;4, A\u00f1o 03.1989 &#8211; 08.1990, 2500 , 75<br \/>\n2.5 D 4&#215;4, A\u00f1o 09.1986 &#8211; 05.1990, 2445 , 75<br \/>\n2.5 TD 4&#215;4, A\u00f1o 09.1986 &#8211; 09.1990, 2445 , 92<br \/>\nFIAT 132 (132_)<br \/>\n2.5 D, A\u00f1o 07.1978 &#8211; 07.1982, 2445 , 72<br \/>\nFIAT Ducato II Cami\u00f3n de plataforma\/Chasis (230) (A\u00f1o 03.1994 &#8211; 04.2002)<br \/>\n2.5 D, A\u00f1o 03.1994 &#8211; 04.2002, 2500 , 84<br \/>\n2.5 D 4&#215;4, A\u00f1o 03.1994 &#8211; 04.2002, 2500 , 84<br \/>\n2.5 TD, A\u00f1o 06.1994 &#8211; 08.1998, 2499 , 109<br \/>\n2.5 TD, A\u00f1o 06.1994 &#8211; 04.1998, 2499 , 116<br \/>\n2.5 TD 4&#215;4, A\u00f1o 11.1994 &#8211; 04.1998, 2499 , 109<br \/>\n2.5 TD 4&#215;4, A\u00f1o 11.1994 &#8211; 04.1998, 2499 , 116<br \/>\n2.5 TDI, A\u00f1o 03.1994 &#8211; 04.2002, 2500 , 109<br \/>\n2.5 TDI 4&#215;4, A\u00f1o 06.1998 &#8211; 04.2002, 2500 , 116<br \/>\nFIAT Campagnola<br \/>\n2.4 D, A\u00f1o 06.1974 &#8211; 10.1989, 2445 , 72<br \/>\nFIAT Ducato II Bus (244)<br \/>\n2.8 TD, A\u00f1o 11.2003 &#8211; 07.2006, 2799 , 122<br \/>\n2.8 TD 4&#215;4, A\u00f1o 11.2003 &#8211; 07.2006, 2799 , 122<\/p>\n<p>LANCIA Thema Berlina (834)<br \/>\n2.5 Turbo DS, A\u00f1o 06.1988 &#8211; 05.1992, 2499 , 115<br \/>\n2.5 Turbo DS, A\u00f1o 05.1988 &#8211; 07.1992, 2500 , 105<br \/>\n2.5 Turbo DS, A\u00f1o 05.1992 &#8211; 07.1994, 2500 , 116<\/p>\n<p>SEAT 131<br \/>\n2.4 Di\u00e9sel, A\u00f1o 06.1978 &#8211; 12.1986, 2445 , 72<\/p>\n<p>KIA Besta Furg\u00f3n<br \/>\n2.4 D, A\u00f1o 07.1993 &#8211; 12.2003, 2417 , 69<\/p>\n<p>LA PIEZA ES NUEVA Y ORIGINAL.<\/p>\n","protected":false},"excerpt":{"rendered":"<p>Juego, set de 4 retenes de las v\u00e1lvulas del motor de: ALFA ROMEO 33 Hatchback (905) 1.2, A\u00f1o 06.1983 &#8211; 12.1989, 1186 , 68 1.3, A\u00f1o 10.1984 &#8211; 12.1989, 1351 , 86 1.3, A\u00f1o 06.1983 &#8211; 12.1989, 1351 , 75 1.3 (905AD1), A\u00f1o 06.1983 &#8211; 06.1990, 1351 , 90 1.5, A\u00f1o 05.1983 &#8211; 12.1987, 1490 [&hellip;]<\/p>\n","protected":false},"featured_media":95960,"template":"","meta":{"_seopress_robots_primary_cat":"","_seopress_titles_title":"","_seopress_titles_desc":"","_seopress_robots_index":""},"product_cat":[199,70,71,43,16,218,184,79,220,221,83,86,88,20,22,21,26,219,124],"product_tag":[],"class_list":{"0":"post-95959","1":"product","2":"type-product","3":"status-publish","4":"has-post-thumbnail","6":"product_cat-recambios-seat-131","7":"product_cat-recambios-fiat-131","8":"product_cat-recambios-fiat-132","9":"product_cat-recambios-alfa-romeo-33","10":"product_cat-recambios-alfa-romeo","11":"product_cat-recambios-alfa-romeo-alfasud","12":"product_cat-recambios-alfa-romeo-ar6","13":"product_cat-recambios-fiat-argenta","14":"product_cat-recambios-alfa-romeo-arna","15":"product_cat-recambios-kia-besta","16":"product_cat-recambios-fiat-campagnola","17":"product_cat-recambios-fiat-croma","18":"product_cat-recambios-fiat-ducato","19":"product_cat-recambios-fiat","20":"product_cat-recambios-kia","21":"product_cat-recambios-lancia","22":"product_cat-recambios-seat","23":"product_cat-recambios-alfa-romeo-sprint","24":"product_cat-recambios-lancia-thema","26":"first","27":"instock","28":"taxable","29":"shipping-taxable","30":"purchasable","31":"product-type-simple"},"_links":{"self":[{"href":"https:\/\/galicianparts.com\/shop\/wp-json\/wp\/v2\/product\/95959"}],"collection":[{"href":"https:\/\/galicianparts.com\/shop\/wp-json\/wp\/v2\/product"}],"about":[{"href":"https:\/\/galicianparts.com\/shop\/wp-json\/wp\/v2\/types\/product"}],"wp:featuredmedia":[{"embeddable":true,"href":"https:\/\/galicianparts.com\/shop\/wp-json\/wp\/v2\/media\/95960"}],"wp:attachment":[{"href":"https:\/\/galicianparts.com\/shop\/wp-json\/wp\/v2\/media?parent=95959"}],"wp:term":[{"taxonomy":"product_cat","embeddable":true,"href":"https:\/\/galicianparts.com\/shop\/wp-json\/wp\/v2\/product_cat?post=95959"},{"taxonomy":"product_tag","embeddable":true,"href":"https:\/\/galicianparts.com\/shop\/wp-json\/wp\/v2\/product_tag?post=95959"}],"curies":[{"name":"wp","href":"https:\/\/api.w.org\/{rel}","templated":true}]}}