{"id":96071,"date":"2025-04-28T11:19:16","date_gmt":"2025-04-28T09:19:16","guid":{"rendered":"https:\/\/galicianparts.com\/shop\/producto\/46784147-junta-tubo-escape-fiat-punto-bravo-brava-ypsilon-musa-original\/"},"modified":"2025-11-07T14:18:39","modified_gmt":"2025-11-07T12:18:39","slug":"46784147-junta-tubo-escape-fiat-punto-bravo-brava-ypsilon-musa-original","status":"publish","type":"product","link":"https:\/\/galicianparts.com\/shop\/producto\/46784147-junta-tubo-escape-fiat-punto-bravo-brava-ypsilon-musa-original\/","title":{"rendered":"46784147 Junta tubo escape Fiat Punto \/Bravo \/Brava \/Ypsilon \/Musa ORIGINAL"},"content":{"rendered":"<p>Junta de la uni\u00f3n delantera del tubo de escape de:<br \/>\nDi\u00e1metro interior: 45mm<br \/>\nDi\u00e1metro exterior: 53mm<\/p>\n<p>FIAT &#8211; 1M BRAVA G.98 BZ\/DS (1998-2001) 1.2 16V CF3<br \/>\nFIAT &#8211; 1L BRAVO G.98 BZ\/DS (1998-2001) 1.2 16V CF3<br \/>\nFIAT &#8211; 2S IDEA (2003-2008)  1200\u00a016V\u00a0MPI\u00a0CF4\u00a080CV\/59KW \/ 1400 16V MPI CF4 95CV\/80KW \/ 1400\u00a016V\u00a0MPI\u00a0CF4\u00a090CV\/66KW<br \/>\nFIAT &#8211; 2S IDEA (2003-2008)  1300\u00a016V\u00a0MJTD\u00a0CF4\u00a070CV\/51KW<br \/>\nFIAT &#8211; 1N PUNTO BZ (1999-2003) 1.2 8V CF2<br \/>\nFIAT &#8211; 1N PUNTO BZ (1999-2003) 1.2 8V CF3 (OPT.229) \/ 1.2\u00a08V\u00a0CF3 \/ 1242 8V CF3 BZ\/MET<br \/>\nFIAT &#8211; 1N PUNTO BZ (1999-2003) 1.2 16V CF2<br \/>\nFIAT &#8211; 1N PUNTO BZ (1999-2003) 1.2 16V CF3<br \/>\nFIAT &#8211; 2U PUNTO FL.&#8217;03 (2003-2010) 1242 8V \/ 1.2\u00a08V\u00a0(OPC.229) \/ 1.2\u00a08V\u00a0CF4\u00a0GASOLINA\/GPL<br \/>\nFIAT &#8211; 2U PUNTO FL.&#8217;03 (2003-2010) 1242 8V CF3 GASOLINA\/METANO<br \/>\nFIAT &#8211; 2U PUNTO FL.&#8217;03 (2003-2010) 1242\u00a016V\u00a0CF3<br \/>\nFIAT &#8211; 2U PUNTO FL.&#8217;03 (2003-2010) 1400\u00a016V\u00a0CF4<br \/>\nFIAT &#8211; 2U PUNTO FL.&#8217;03 (2003-2010) 1250\u00a0MJTD\u00a070CV\/51KW<br \/>\nLANCIA &#8211; TG MUSA (2004-2007) 1400 16V MPI CF4 95CV\/80KW \/ 1400\u00a016V\u00a0MPI\u00a0CF4\u00a090CV\/66KW<br \/>\nLANCIA &#8211; TG MUSA (2004-2007) 1300\u00a016V\u00a0MJTD\u00a0CF4\u00a070CV\/51KW<br \/>\nLANCIA &#8211; TE YPSILON (2003-2009) 1200 8V MPI CF4 60CV\/44KW \/ 1200\u00a016V\u00a0MPI\u00a0CF4\u00a080CV\/59KW<br \/>\nLANCIA &#8211; TE YPSILON (2003-2009) 1400 16V MPI CF4 95CV\/80KW<br \/>\nLANCIA &#8211; TE YPSILON (2003-2009) 1300\u00a016V\u00a0MJTD\u00a0CF4\u00a070CV\/51KW<\/p>\n<p>LA PIEZA ES NUEVA Y ORIGINAL.<\/p>\n","protected":false},"excerpt":{"rendered":"<p>Junta de la uni\u00f3n delantera del tubo de escape de: Di\u00e1metro interior: 45mm Di\u00e1metro exterior: 53mm FIAT &#8211; 1M BRAVA G.98 BZ\/DS (1998-2001) 1.2 16V CF3 FIAT &#8211; 1L BRAVO G.98 BZ\/DS (1998-2001) 1.2 16V CF3 FIAT &#8211; 2S IDEA (2003-2008) 1200\u00a016V\u00a0MPI\u00a0CF4\u00a080CV\/59KW \/ 1400 16V MPI CF4 95CV\/80KW \/ 1400\u00a016V\u00a0MPI\u00a0CF4\u00a090CV\/66KW FIAT &#8211; 2S IDEA (2003-2008) [&hellip;]<\/p>\n","protected":false},"featured_media":96072,"template":"","meta":{"_seopress_robots_primary_cat":"","_seopress_titles_title":"","_seopress_titles_desc":"","_seopress_robots_index":""},"product_cat":[81,82,20,93,21,121,101,127],"product_tag":[],"class_list":{"0":"post-96071","1":"product","2":"type-product","3":"status-publish","4":"has-post-thumbnail","6":"product_cat-recambios-fiat-brava","7":"product_cat-recambios-fiat-bravo","8":"product_cat-recambios-fiat","9":"product_cat-recambios-fiat-idea","10":"product_cat-recambios-lancia","11":"product_cat-recambios-lancia-musa","12":"product_cat-recambios-fiat-punto","13":"product_cat-recambios-lancia-ypsilon","15":"first","16":"outofstock","17":"taxable","18":"shipping-taxable","19":"purchasable","20":"product-type-simple"},"_links":{"self":[{"href":"https:\/\/galicianparts.com\/shop\/wp-json\/wp\/v2\/product\/96071"}],"collection":[{"href":"https:\/\/galicianparts.com\/shop\/wp-json\/wp\/v2\/product"}],"about":[{"href":"https:\/\/galicianparts.com\/shop\/wp-json\/wp\/v2\/types\/product"}],"wp:featuredmedia":[{"embeddable":true,"href":"https:\/\/galicianparts.com\/shop\/wp-json\/wp\/v2\/media\/96072"}],"wp:attachment":[{"href":"https:\/\/galicianparts.com\/shop\/wp-json\/wp\/v2\/media?parent=96071"}],"wp:term":[{"taxonomy":"product_cat","embeddable":true,"href":"https:\/\/galicianparts.com\/shop\/wp-json\/wp\/v2\/product_cat?post=96071"},{"taxonomy":"product_tag","embeddable":true,"href":"https:\/\/galicianparts.com\/shop\/wp-json\/wp\/v2\/product_tag?post=96071"}],"curies":[{"name":"wp","href":"https:\/\/api.w.org\/{rel}","templated":true}]}}