{"id":96093,"date":"2025-04-30T11:40:32","date_gmt":"2025-04-30T09:40:32","guid":{"rendered":"https:\/\/galicianparts.com\/shop\/producto\/5960017-sensor-presion-aceite-fiat-uno-ritmo-131-seat-ronda-lancia-nuevo-original\/"},"modified":"2025-08-02T22:05:53","modified_gmt":"2025-08-02T20:05:53","slug":"5960017-sensor-presion-aceite-fiat-uno-ritmo-131-seat-ronda-lancia-nuevo-original","status":"publish","type":"product","link":"https:\/\/galicianparts.com\/shop\/producto\/5960017-sensor-presion-aceite-fiat-uno-ritmo-131-seat-ronda-lancia-nuevo-original\/","title":{"rendered":"5960017 Sensor presi\u00f3n aceite Fiat Uno \/Ritmo \/131 \/Seat Ronda \/Lancia NUEVO ORIGINAL"},"content":{"rendered":"<p>Electrov\u00e1lvula de la presi\u00f3n del aceite del motor de:<br \/>\nM\u00e9trica: 14&#215;1.5<br \/>\nPresi\u00f3n: 0-8 Kg\/cm2<\/p>\n<p>FIAT Regata Berlina (138)<br \/>\n1.7 Di\u00e9sel 60, A\u00f1o 05.1985 &#8211; 03.1989, 1698 ccm, 60 cv<br \/>\n1.9 Di\u00e9sel 65, A\u00f1o 04.1984 &#8211; 07.1989, 1929 ccm, 65 cv<br \/>\n1.9 Turbodi\u00e9sel 80, A\u00f1o 05.1986 &#8211; 07.1989, 1929 ccm, 80 cv<br \/>\nFIAT Regata Weekend<br \/>\n1.7 Di\u00e9sel 60, A\u00f1o 01.1984 &#8211; 12.1989, 1698 ccm, 60 cv<br \/>\n1.9 Di\u00e9sel 65, A\u00f1o 04.1984 &#8211; 07.1989, 1929 ccm, 65 cv<br \/>\n80 Turbo Diesel 1.9 (831 D1.000), A\u00f1o 05.1986 &#8211; 07.1989, 1929 ccm, 80 cv<br \/>\nFIAT X 1\/9 (128)<br \/>\n1.5, A\u00f1o 06.1985 &#8211; 12.1989, 1499 ccm, 76 cv<br \/>\nFIAT Ritmo I Hatchback (138)<br \/>\n1.7 Diesel, A\u00f1o 05.1985 &#8211; 12.1987, 1698 ccm, 60 cv<br \/>\n1.9 TD, A\u00f1o 12.1985 &#8211; 12.1987, 1929 ccm, 80 cv<br \/>\nFIAT 131 Berlina (131)<br \/>\n2.5 D, A\u00f1o 06.1978 &#8211; 03.1984, 2445 ccm, 72 cv<br \/>\nFIAT 131 Familiare \/ Panorama (131) (A\u00f1o 03.1975 &#8211; 12.1984)<br \/>\n2.5 S\u00faper di\u00e9sel, A\u00f1o 03.1979 &#8211; 12.1984, 2445 ccm, 72 cv<br \/>\nFIAT Argenta (132)<br \/>\n1.6, A\u00f1o 04.1981 &#8211; 12.1985, 1585 ccm, 98 cv<br \/>\n1.6 i.e, A\u00f1o 04.1981 &#8211; 12.1985, 1585 ccm, 90 cv<br \/>\n2, A\u00f1o 06.1978 &#8211; 12.1985, 1995 ccm, 113 cv<br \/>\n2.0 i.e., A\u00f1o 06.1981 &#8211; 07.1986, 1995 ccm, 122 cv<br \/>\n2.0 Volumex, A\u00f1o 06.1984 &#8211; 07.1985, 1995 ccm, 135 cv<br \/>\n2.5 Di\u00e9sel, A\u00f1o 06.1981 &#8211; 11.1985, 2445 ccm, 72 cv<br \/>\n2.5 Turbodiesel, A\u00f1o 07.1983 &#8211; 08.1985, 2445 ccm, 90 cv<br \/>\nFIAT Fiorino II Furg\u00f3n (146)<br \/>\n60 1.7 D, A\u00f1o 05.1988 &#8211; 10.1996, 1697 ccm, 57 cv<br \/>\n60 1.7 D, A\u00f1o 05.1988 &#8211; 05.2000, 1698 ccm, 60 cv<br \/>\nFIAT Uno Hatchback (146)<br \/>\n1.3 Super di\u00e9sel, A\u00f1o 06.1983 &#8211; 03.1992, 1302 ccm, 45 cv<br \/>\n1.7 Di\u00e9sel 60, A\u00f1o 07.1986 &#8211; 08.1989, 1698 ccm, 60 cv<br \/>\nFIAT Duna Berlina (146)<br \/>\n1.7 DS, A\u00f1o 01.1987 &#8211; 12.1991, 1698 ccm, 60 cv<br \/>\nFIAT Duna Weekend (146)<br \/>\n1.7 DS, A\u00f1o 01.1987 &#8211; 12.1991, 1698 ccm, 60 cv<br \/>\nFIAT Fiorino II Pick-up (146)<br \/>\n1.7 D, A\u00f1o 10.1993 &#8211; 10.1999, 1697 ccm, 57 cv<br \/>\n1.7 D, A\u00f1o 05.1988 &#8211; 10.1999, 1698 ccm, 60 cv<\/p>\n<p>LANCIA Prisma (831)<br \/>\n2.0 i.e. A las 4 ruedas (831AB), A\u00f1o 04.1986 &#8211; 12.1989, 1995 ccm, 115 cv<\/p>\n<p>SEAT Ronda (022A)<br \/>\n1.7 Di\u00e9sel, A\u00f1o 06.1982 &#8211; 12.1986, 1714 ccm, 54 cv<br \/>\n1.7 Di\u00e9sel, A\u00f1o 06.1982 &#8211; 12.1986, 1714 ccm, 56 cv<br \/>\nSEAT Ritmo (138)<br \/>\n1.7 D, A\u00f1o 10.1979 &#8211; 09.1983, 1714 ccm, 56 cv<br \/>\nSEAT 124 Berlina<br \/>\n1.6 1430 Especial, A\u00f1o 01.1970 &#8211; 12.1976, 1592 ccm, 95 cv<\/p>\n<p>LA PIEZA ES NUEVA Y ORIGINAL.<\/p>\n","protected":false},"excerpt":{"rendered":"<p>Electrov\u00e1lvula de la presi\u00f3n del aceite del motor de: M\u00e9trica: 14&#215;1.5 Presi\u00f3n: 0-8 Kg\/cm2 FIAT Regata Berlina (138) 1.7 Di\u00e9sel 60, A\u00f1o 05.1985 &#8211; 03.1989, 1698 ccm, 60 cv 1.9 Di\u00e9sel 65, A\u00f1o 04.1984 &#8211; 07.1989, 1929 ccm, 65 cv 1.9 Turbodi\u00e9sel 80, A\u00f1o 05.1986 &#8211; 07.1989, 1929 ccm, 80 cv FIAT Regata Weekend 1.7 [&hellip;]<\/p>\n","protected":false},"featured_media":96097,"template":"","meta":{"_seopress_robots_primary_cat":"","_seopress_titles_title":"","_seopress_titles_desc":"","_seopress_robots_index":""},"product_cat":[159,70,79,89,20,91,21,123,102,103,198,165,26,114,206],"product_tag":[],"class_list":{"0":"post-96093","1":"product","2":"type-product","3":"status-publish","4":"has-post-thumbnail","6":"product_cat-recambios-seat-124","7":"product_cat-recambios-fiat-131","8":"product_cat-recambios-fiat-argenta","9":"product_cat-recambios-fiat-duna","10":"product_cat-recambios-fiat","11":"product_cat-recambios-fiat-fiorino","12":"product_cat-recambios-lancia","13":"product_cat-recambios-lancia-prisma","14":"product_cat-recambios-fiat-regata","15":"product_cat-recambios-fiat-ritmo","16":"product_cat-recambios-seat-ritmo","17":"product_cat-recambios-seat-ronda","18":"product_cat-recambios-seat","19":"product_cat-recambios-fiat-uno","20":"product_cat-recambios-fiat-x1-9","22":"first","23":"outofstock","24":"taxable","25":"shipping-taxable","26":"purchasable","27":"product-type-simple"},"_links":{"self":[{"href":"https:\/\/galicianparts.com\/shop\/wp-json\/wp\/v2\/product\/96093"}],"collection":[{"href":"https:\/\/galicianparts.com\/shop\/wp-json\/wp\/v2\/product"}],"about":[{"href":"https:\/\/galicianparts.com\/shop\/wp-json\/wp\/v2\/types\/product"}],"wp:featuredmedia":[{"embeddable":true,"href":"https:\/\/galicianparts.com\/shop\/wp-json\/wp\/v2\/media\/96097"}],"wp:attachment":[{"href":"https:\/\/galicianparts.com\/shop\/wp-json\/wp\/v2\/media?parent=96093"}],"wp:term":[{"taxonomy":"product_cat","embeddable":true,"href":"https:\/\/galicianparts.com\/shop\/wp-json\/wp\/v2\/product_cat?post=96093"},{"taxonomy":"product_tag","embeddable":true,"href":"https:\/\/galicianparts.com\/shop\/wp-json\/wp\/v2\/product_tag?post=96093"}],"curies":[{"name":"wp","href":"https:\/\/api.w.org\/{rel}","templated":true}]}}