{"id":96201,"date":"2025-05-06T13:00:29","date_gmt":"2025-05-06T11:00:29","guid":{"rendered":"https:\/\/galicianparts.com\/shop\/producto\/5950762-pack-4-embellecedores-abarth-d-55mm-llanta-fiat-autobianchi-nuevo-original\/"},"modified":"2025-09-13T22:20:49","modified_gmt":"2025-09-13T20:20:49","slug":"5950762-pack-4-embellecedores-abarth-d-55mm-llanta-fiat-autobianchi-nuevo-original","status":"publish","type":"product","link":"https:\/\/galicianparts.com\/shop\/producto\/5950762-pack-4-embellecedores-abarth-d-55mm-llanta-fiat-autobianchi-nuevo-original\/","title":{"rendered":"5950762 Pack 4 embellecedores Abarth D 55mm llanta Fiat \/Autobianchi NUEVO ORIGINAL"},"content":{"rendered":"<p>Juego, set de 4 tapacubos, tapas centrales de las ruedas de Fiat y Autobianchi cl\u00e1sico.<br \/>\nDi\u00e1metro: 55mm<br \/>\nDi\u00e1metro anclaje: 44mm<\/p>\n<p>LA PIEZA ES NUEVA Y ORIGINAL.<\/p>\n","protected":false},"excerpt":{"rendered":"<p>Juego, set de 4 tapacubos, tapas centrales de las ruedas de Fiat y Autobianchi cl\u00e1sico. Di\u00e1metro: 55mm Di\u00e1metro anclaje: 44mm LA PIEZA ES NUEVA Y ORIGINAL.<\/p>\n","protected":false},"featured_media":96203,"template":"","meta":{"_seopress_robots_primary_cat":"","_seopress_titles_title":"","_seopress_titles_desc":"","_seopress_robots_index":""},"product_cat":[25,20],"product_tag":[],"class_list":{"0":"post-96201","1":"product","2":"type-product","3":"status-publish","4":"has-post-thumbnail","6":"product_cat-recambios-autobianchi","7":"product_cat-recambios-fiat","9":"first","10":"outofstock","11":"taxable","12":"shipping-taxable","13":"purchasable","14":"product-type-simple"},"_links":{"self":[{"href":"https:\/\/galicianparts.com\/shop\/wp-json\/wp\/v2\/product\/96201"}],"collection":[{"href":"https:\/\/galicianparts.com\/shop\/wp-json\/wp\/v2\/product"}],"about":[{"href":"https:\/\/galicianparts.com\/shop\/wp-json\/wp\/v2\/types\/product"}],"wp:featuredmedia":[{"embeddable":true,"href":"https:\/\/galicianparts.com\/shop\/wp-json\/wp\/v2\/media\/96203"}],"wp:attachment":[{"href":"https:\/\/galicianparts.com\/shop\/wp-json\/wp\/v2\/media?parent=96201"}],"wp:term":[{"taxonomy":"product_cat","embeddable":true,"href":"https:\/\/galicianparts.com\/shop\/wp-json\/wp\/v2\/product_cat?post=96201"},{"taxonomy":"product_tag","embeddable":true,"href":"https:\/\/galicianparts.com\/shop\/wp-json\/wp\/v2\/product_tag?post=96201"}],"curies":[{"name":"wp","href":"https:\/\/api.w.org\/{rel}","templated":true}]}}