{"id":96206,"date":"2025-05-06T13:29:05","date_gmt":"2025-05-06T11:29:05","guid":{"rendered":"https:\/\/galicianparts.com\/shop\/producto\/4388159-rotula-suspension-fiat-ducato-82-90-citroen-c25-peugeot-j5-nuevo-original\/"},"modified":"2025-05-09T12:54:58","modified_gmt":"2025-05-09T10:54:58","slug":"4388159-rotula-suspension-fiat-ducato-82-90-citroen-c25-peugeot-j5-nuevo-original","status":"publish","type":"product","link":"https:\/\/galicianparts.com\/shop\/producto\/4388159-rotula-suspension-fiat-ducato-82-90-citroen-c25-peugeot-j5-nuevo-original\/","title":{"rendered":"4388159 R\u00f3tula suspensi\u00f3n Fiat Ducato (82-90) Citroen C25 \/Peugeot J5 NUEVO ORIGINAL"},"content":{"rendered":"<p>R\u00f3tula del brazo oscilante, trapecio de la suspensi\u00f3n delantera de:<br \/>\nM\u00e9trica: 14&#215;1.5<\/p>\n<p>FIAT Ducato I Furg\u00f3n (280)<br \/>\n1.8, A\u00f1o 01.1982 &#8211; 10.1988, 1783 ccm, 67 cv<br \/>\n1.8, A\u00f1o 07.1982 &#8211; 12.1988, 1796 ccm, 69 cv<br \/>\n2.0, A\u00f1o 07.1985 &#8211; 08.1990, 1971 ccm, 75 cv<br \/>\n2.0, A\u00f1o 01.1982 &#8211; 08.1990, 1971 ccm, 79 cv<br \/>\n2.4 D, A\u00f1o 01.1982 &#8211; 08.1990, 2428 ccm, 72 cv<br \/>\n2.5 D, A\u00f1o 01.1982 &#8211; 08.1990, 2500 ccm, 75 cv<br \/>\nFIAT Ducato I Panorama (280)<br \/>\n1.8, A\u00f1o 07.1982 &#8211; 12.1988, 1796 ccm, 69 cv<br \/>\n2.4 D, A\u00f1o 07.1982 &#8211; 12.1985, 2428 ccm, 72 cv<br \/>\nFIAT Ducato I Cami\u00f3n de plataforma\/Chasis (280)<br \/>\n2.0, A\u00f1o 07.1985 &#8211; 08.1990, 1971 ccm, 75 cv<br \/>\n2.5 D, A\u00f1o 07.1982 &#8211; 08.1990, 2500 ccm, 75 cv<\/p>\n<p>CITRO\u00cbN C25 Bus<br \/>\n1.8, A\u00f1o 11.1981 &#8211; 01.1994, 1796 ccm, 68 cv<br \/>\n2.0 E, A\u00f1o 09.1981 &#8211; 02.1994, 1971 ccm, 79 cv<br \/>\n2.5 D, A\u00f1o 11.1981 &#8211; 01.1994, 2498 ccm, 75 cv<br \/>\nCITRO\u00cbN C25 Furg\u00f3n<br \/>\n1.8, A\u00f1o 11.1981 &#8211; 01.1994, 1796 ccm, 68 cv<br \/>\n2.0, A\u00f1o 11.1981 &#8211; 12.1986, 1971 ccm, 78 cv<br \/>\n2.0 E, A\u00f1o 09.1981 &#8211; 03.1994, 1971 ccm, 79 cv<br \/>\n2.5 D, A\u00f1o 02.1985 &#8211; 07.1994, 2498 ccm, 73 cv<br \/>\n2.5 D, A\u00f1o 11.1981 &#8211; 01.1994, 2498 ccm, 75 cv<br \/>\n2.5 D 4&#215;4, A\u00f1o 11.1983 &#8211; 12.1986, 2498 ccm, 75 cv<br \/>\nCITRO\u00cbN C25 Cami\u00f3n de plataforma\/Chasis<br \/>\n2.0, A\u00f1o 11.1981 &#8211; 12.1986, 1971 ccm, 78 cv<br \/>\n2.5 D, A\u00f1o 11.1983 &#8211; 01.1994, 2498 ccm, 75 cv<\/p>\n<p>PEUGEOT J5 Bus (280)<br \/>\n2.0, A\u00f1o 09.1981 &#8211; 09.1990, 1971 ccm, 75 cv<br \/>\n2.0, A\u00f1o 01.1983 &#8211; 09.1990, 1971 ccm, 79 cv<br \/>\n2.0 Super 4&#215;4, A\u00f1o 09.1981 &#8211; 08.1990, 1971 ccm, 79 cv<br \/>\n2.5 D, A\u00f1o 09.1981 &#8211; 09.1990, 2498 ccm, 73 cv<br \/>\nPEUGEOT J5 Furg\u00f3n (280)<br \/>\n1.8, A\u00f1o 01.1983 &#8211; 11.1988, 1796 ccm, 69 cv<br \/>\n2.0, A\u00f1o 09.1981 &#8211; 08.1990, 1971 ccm, 79 cv<br \/>\n2.5 D, A\u00f1o 09.1981 &#8211; 08.1990, 2498 ccm, 73 cv<br \/>\n2.5 DT, A\u00f1o 09.1981 &#8211; 08.1990, 2498 ccm, 95 cv<br \/>\nPEUGEOT J5 Cami\u00f3n de plataforma\/Chasis (280)<br \/>\n1.8, A\u00f1o 09.1981 &#8211; 08.1990, 1796 ccm, 69 cv<br \/>\n2.0, A\u00f1o 01.1983 &#8211; 11.1988, 1971 ccm, 79 cv<br \/>\n2.5 D, A\u00f1o 09.1981 &#8211; 09.1990, 2500 ccm, 73 cv<\/p>\n<p>LA PIEZA ES NUEVA Y ORIGINAL.<\/p>\n","protected":false},"excerpt":{"rendered":"<p>R\u00f3tula del brazo oscilante, trapecio de la suspensi\u00f3n delantera de: M\u00e9trica: 14&#215;1.5 FIAT Ducato I Furg\u00f3n (280) 1.8, A\u00f1o 01.1982 &#8211; 10.1988, 1783 ccm, 67 cv 1.8, A\u00f1o 07.1982 &#8211; 12.1988, 1796 ccm, 69 cv 2.0, A\u00f1o 07.1985 &#8211; 08.1990, 1971 ccm, 75 cv 2.0, A\u00f1o 01.1982 &#8211; 08.1990, 1971 ccm, 79 cv 2.4 D, [&hellip;]<\/p>\n","protected":false},"featured_media":96209,"template":"","meta":{"_seopress_robots_primary_cat":"","_seopress_titles_title":"","_seopress_titles_desc":"","_seopress_robots_index":""},"product_cat":[132,23,88,20,157,24],"product_tag":[],"class_list":{"0":"post-96206","1":"product","2":"type-product","3":"status-publish","4":"has-post-thumbnail","6":"product_cat-recambios-citroen-c25","7":"product_cat-recambios-citroen","8":"product_cat-recambios-fiat-ducato","9":"product_cat-recambios-fiat","10":"product_cat-recambios-peugeot-j5","11":"product_cat-recambios-peugeot","13":"first","14":"instock","15":"taxable","16":"shipping-taxable","17":"purchasable","18":"product-type-simple"},"_links":{"self":[{"href":"https:\/\/galicianparts.com\/shop\/wp-json\/wp\/v2\/product\/96206"}],"collection":[{"href":"https:\/\/galicianparts.com\/shop\/wp-json\/wp\/v2\/product"}],"about":[{"href":"https:\/\/galicianparts.com\/shop\/wp-json\/wp\/v2\/types\/product"}],"wp:featuredmedia":[{"embeddable":true,"href":"https:\/\/galicianparts.com\/shop\/wp-json\/wp\/v2\/media\/96209"}],"wp:attachment":[{"href":"https:\/\/galicianparts.com\/shop\/wp-json\/wp\/v2\/media?parent=96206"}],"wp:term":[{"taxonomy":"product_cat","embeddable":true,"href":"https:\/\/galicianparts.com\/shop\/wp-json\/wp\/v2\/product_cat?post=96206"},{"taxonomy":"product_tag","embeddable":true,"href":"https:\/\/galicianparts.com\/shop\/wp-json\/wp\/v2\/product_tag?post=96206"}],"curies":[{"name":"wp","href":"https:\/\/api.w.org\/{rel}","templated":true}]}}