{"id":96281,"date":"2025-05-08T09:56:00","date_gmt":"2025-05-08T07:56:00","guid":{"rendered":"https:\/\/galicianparts.com\/shop\/producto\/792557-kit-reparacion-pinza-freno-trasera-fiat-croma-lancia-beta-thema-original\/"},"modified":"2025-05-26T13:52:34","modified_gmt":"2025-05-26T11:52:34","slug":"792557-kit-reparacion-pinza-freno-trasera-fiat-croma-lancia-beta-thema-original","status":"publish","type":"product","link":"https:\/\/galicianparts.com\/shop\/producto\/792557-kit-reparacion-pinza-freno-trasera-fiat-croma-lancia-beta-thema-original\/","title":{"rendered":"792557 Kit reparaci\u00f3n pinza freno trasera Fiat Croma \/Lancia Beta \/Thema ORIGINAL"},"content":{"rendered":"<p>Juego, set de juntas y capuch\u00f3n de la pinzas de freno traseras de:<br \/>\nDi\u00e1metro: 36mm<\/p>\n<p>FIAT Croma I Hatchback (154)<br \/>\n1.9 TD i.d., A\u00f1o 11.1992 &#8211; 12.1996, 1929 ccm, 94 cv<br \/>\n1900 Turbo D i.d. (154.LL, 154.PL), A\u00f1o 08.1987 &#8211; 10.1992, 1929 ccm, 90 cv<br \/>\n2.0 16V, A\u00f1o 08.1992 &#8211; 08.1996, 1995 ccm, 137 cv<br \/>\n2.0 CHT, A\u00f1o 01.1991 &#8211; 09.1992, 1995 ccm, 100 cv<br \/>\n2.0 i.e., A\u00f1o 03.1987 &#8211; 09.1992, 1995 ccm, 120 cv<br \/>\n2.0 i.e., A\u00f1o 03.1986 &#8211; 09.1990, 1995 ccm, 113 cv<br \/>\n2.0 i.e., A\u00f1o 10.1987 &#8211; 08.1996, 1995 ccm, 116 cv<br \/>\n2.0 i.e. Turbo, A\u00f1o 11.1986 &#8211; 11.1988, 1995 ccm, 151 cv<br \/>\n2.0 i.e. Turbo, A\u00f1o 12.1985 &#8211; 06.1990, 1995 ccm, 155 cv<br \/>\n2.0 i.e. Turbo, A\u00f1o 06.1987 &#8211; 08.1996, 1995 ccm, 150 cv<br \/>\n2.5 D, A\u00f1o 12.1985 &#8211; 12.1989, 2499 ccm, 75 cv<br \/>\n2.5 TD, A\u00f1o 05.1989 &#8211; 08.1996, 2500 ccm, 115 cv<br \/>\n2.5 TDE, A\u00f1o 12.1991 &#8211; 08.1996, 2500 ccm, 105 cv<\/p>\n<p>LANCIA Thema Berlina (834)<br \/>\n2000 i.e. (834AB), A\u00f1o 03.1986 &#8211; 09.1988, 1995 ccm, 113 cv<br \/>\n2.0 i.e., A\u00f1o 11.1984 &#8211; 09.1988, 1995 ccm, 120 cv<br \/>\n2.0 i.e., A\u00f1o 09.1987 &#8211; 05.1992, 1995 ccm, 115 cv<br \/>\n2.0 i.e. 16V Turbo, A\u00f1o 04.1989 &#8211; 05.1992, 1995 ccm, 177 cv<br \/>\n2.0 i.e. Turbo, A\u00f1o 11.1984 &#8211; 12.1989, 1995 ccm, 166 cv<br \/>\n2.0 i.e.Turbo, A\u00f1o 07.1986 &#8211; 05.1990, 1995 ccm, 150 cv<br \/>\n2.4 2500 Turbo D, A\u00f1o 11.1984 &#8211; 09.1988, 2445 ccm, 101 cv<br \/>\n2.8 2850 V6 i.e., A\u00f1o 11.1984 &#8211; 09.1988, 2849 ccm, 150 cv<br \/>\n8.32, A\u00f1o 09.1987 &#8211; 05.1989, 2927 ccm, 215 cv<br \/>\n8.32, A\u00f1o 10.1987 &#8211; 05.1992, 2927 ccm, 205 cv<br \/>\nLANCIA Beta H.P.E. (828)<br \/>\n1.6, A\u00f1o 08.1980 &#8211; 09.1984, 1585 ccm, 101 cv<br \/>\n2000 (828.BF), A\u00f1o 04.1979 &#8211; 09.1984, 1995 ccm, 116 cv<br \/>\n2000 (828.BF), A\u00f1o 05.1976 &#8211; 05.1978, 1995 ccm, 120 cv<br \/>\n2000 i.e. (828BF), A\u00f1o 05.1981 &#8211; 09.1984, 1995 ccm, 122 cv<br \/>\n2000 Volumex (828.BF), A\u00f1o 07.1983 &#8211; 09.1984, 1995 ccm, 135 cv<br \/>\nLANCIA Trevi (828)<br \/>\n1.6, A\u00f1o 05.1980 &#8211; 01.1987, 1585 ccm, 100 cv<br \/>\n2000 (828.DB1), A\u00f1o 05.1980 &#8211; 10.1984, 1995 ccm, 116 cv<br \/>\n2000 i.e. (828DB13), A\u00f1o 05.1980 &#8211; 01.1987, 1995 ccm, 122 cv<br \/>\n2.0 Volumex, A\u00f1o 08.1983 &#8211; 05.1985, 1995 ccm, 135 cv<br \/>\nLANCIA Beta Coup\u00e9 (828)<br \/>\n1.4 1300, A\u00f1o 12.1981 &#8211; 12.1984, 1367 ccm, 84 cv<br \/>\n1.6, A\u00f1o 04.1976 &#8211; 12.1984, 1585 ccm, 101 cv<br \/>\n2000 (828.BC), A\u00f1o 04.1976 &#8211; 12.1984, 1995 ccm, 120 cv<br \/>\n2000 (828BC_), A\u00f1o 01.1981 &#8211; 12.1984, 1991 ccm, 116 cv<br \/>\n2000 i.e. (828.BC), A\u00f1o 12.1981 &#8211; 12.1984, 1995 ccm, 122 cv<br \/>\n2000 VX (828.BC), A\u00f1o 07.1983 &#8211; 12.1984, 1995 ccm, 135 cv<br \/>\nLANCIA Beta Montecarlo (137)<br \/>\n2.0 (137AS), A\u00f1o 06.1981 &#8211; 10.1983, 1995 ccm, 122 cv<br \/>\n2.0 (137AS_), A\u00f1o 09.1975 &#8211; 05.1981, 1995 ccm, 120 cv<br \/>\nLANCIA Beta Spider (828)<br \/>\n1.6, A\u00f1o 05.1976 &#8211; 10.1986, 1585 ccm, 100 cv<br \/>\n2.0, A\u00f1o 04.1979 &#8211; 10.1986, 1995 ccm, 116 cv<br \/>\n2.0, A\u00f1o 05.1976 &#8211; 11.1979, 1995 ccm, 120 cv<br \/>\nLANCIA Beta Hatchback (828)<br \/>\n1.3, A\u00f1o 04.1976 &#8211; 07.1982, 1297 ccm, 83 cv<br \/>\n1.4, A\u00f1o 08.1973 &#8211; 07.1976, 1438 ccm, 90 cv<br \/>\n1.6, A\u00f1o 08.1973 &#8211; 07.1982, 1585 ccm, 101 cv<br \/>\n1.8, A\u00f1o 08.1973 &#8211; 07.1976, 1756 ccm, 110 cv<br \/>\n2.0, A\u00f1o 07.1978 &#8211; 07.1982, 1995 ccm, 115 cv<br \/>\n2.0, A\u00f1o 04.1976 &#8211; 07.1978, 1995 ccm, 120 cv<br \/>\nLANCIA Beta Berlina (828_)<br \/>\n2.0 (828DB1), A\u00f1o 06.1978 &#8211; 10.1982, 1995 ccm, 122 cv<\/p>\n<p>LA PIEZA ES NUEVA Y ORIGINAL.<\/p>\n","protected":false},"excerpt":{"rendered":"<p>Juego, set de juntas y capuch\u00f3n de la pinzas de freno traseras de: Di\u00e1metro: 36mm FIAT Croma I Hatchback (154) 1.9 TD i.d., A\u00f1o 11.1992 &#8211; 12.1996, 1929 ccm, 94 cv 1900 Turbo D i.d. (154.LL, 154.PL), A\u00f1o 08.1987 &#8211; 10.1992, 1929 ccm, 90 cv 2.0 16V, A\u00f1o 08.1992 &#8211; 08.1996, 1995 ccm, 137 cv [&hellip;]<\/p>\n","protected":false},"featured_media":96282,"template":"","meta":{"_seopress_robots_primary_cat":"","_seopress_titles_title":"","_seopress_titles_desc":"","_seopress_robots_index":""},"product_cat":[116,86,20,21,124,225],"product_tag":[],"class_list":{"0":"post-96281","1":"product","2":"type-product","3":"status-publish","4":"has-post-thumbnail","6":"product_cat-recambios-lancia-beta","7":"product_cat-recambios-fiat-croma","8":"product_cat-recambios-fiat","9":"product_cat-recambios-lancia","10":"product_cat-recambios-lancia-thema","11":"product_cat-recambios-lancia-trevi","13":"first","14":"instock","15":"taxable","16":"shipping-taxable","17":"purchasable","18":"product-type-simple"},"_links":{"self":[{"href":"https:\/\/galicianparts.com\/shop\/wp-json\/wp\/v2\/product\/96281"}],"collection":[{"href":"https:\/\/galicianparts.com\/shop\/wp-json\/wp\/v2\/product"}],"about":[{"href":"https:\/\/galicianparts.com\/shop\/wp-json\/wp\/v2\/types\/product"}],"wp:featuredmedia":[{"embeddable":true,"href":"https:\/\/galicianparts.com\/shop\/wp-json\/wp\/v2\/media\/96282"}],"wp:attachment":[{"href":"https:\/\/galicianparts.com\/shop\/wp-json\/wp\/v2\/media?parent=96281"}],"wp:term":[{"taxonomy":"product_cat","embeddable":true,"href":"https:\/\/galicianparts.com\/shop\/wp-json\/wp\/v2\/product_cat?post=96281"},{"taxonomy":"product_tag","embeddable":true,"href":"https:\/\/galicianparts.com\/shop\/wp-json\/wp\/v2\/product_tag?post=96281"}],"curies":[{"name":"wp","href":"https:\/\/api.w.org\/{rel}","templated":true}]}}