{"id":96317,"date":"2025-05-08T12:19:26","date_gmt":"2025-05-08T10:19:26","guid":{"rendered":"https:\/\/galicianparts.com\/shop\/producto\/1318825080-cojinete-apoyo-superior-muelle-fiat-scudo-ulysse-lancia-citroen-peugeot-original\/"},"modified":"2025-05-08T12:23:38","modified_gmt":"2025-05-08T10:23:38","slug":"1318825080-cojinete-apoyo-superior-muelle-fiat-scudo-ulysse-lancia-citroen-peugeot-original","status":"publish","type":"product","link":"https:\/\/galicianparts.com\/shop\/producto\/1318825080-cojinete-apoyo-superior-muelle-fiat-scudo-ulysse-lancia-citroen-peugeot-original\/","title":{"rendered":"1318825080 Cojinete apoyo superior muelle Fiat Scudo \/Ulysse \/Lancia \/Citroen \/Peugeot ORIGINAL"},"content":{"rendered":"<p>Cojinete de la copela de los muelles de la suspensi\u00f3n delantera de:<br \/>\nDi\u00e1metro interior: 78mm<br \/>\nDi\u00e1metro: 128mm<br \/>\nEspesor: 46mm<\/p>\n<p>FIAT Ulysse I (220)<br \/>\n1.8, A\u00f1o 05.1997 &#8211; 08.2002, 1761 ccm, 99 cv<br \/>\n1.9 TD, A\u00f1o 02.1995 &#8211; 08.2002, 1905 ccm, 90 cv<br \/>\n2.0, A\u00f1o 06.1994 &#8211; 08.2002, 1998 ccm, 121 cv<br \/>\n2.0 16V, A\u00f1o 05.1998 &#8211; 09.2000, 1998 ccm, 132 cv<br \/>\n2.0 16V (220AQ5), A\u00f1o 09.2000 &#8211; 08.2002, 1997 ccm, 136 cv<br \/>\n2.0 JTD, A\u00f1o 10.1999 &#8211; 08.2002, 1997 ccm, 109 cv<br \/>\n2.0 JTD 16V, A\u00f1o 05.1999 &#8211; 08.2002, 1997 ccm, 109 cv<br \/>\n2.0 Turbo, A\u00f1o 06.1994 &#8211; 08.2002, 1998 ccm, 147 cv<br \/>\n2.1 TD, A\u00f1o 03.1996 &#8211; 10.1999, 2088 ccm, 109 cv<br \/>\nFIAT Scudo I Familiar (220)<br \/>\n1.6, A\u00f1o 02.1996 &#8211; 12.2006, 1581 ccm, 79 cv<br \/>\n1.9 D, A\u00f1o 02.1996 &#8211; 04.1998, 1905 ccm, 69 cv<br \/>\n1.9 D, A\u00f1o 04.1998 &#8211; 12.2006, 1868 ccm, 69 cv<br \/>\n1.9 TD, A\u00f1o 02.1996 &#8211; 12.2006, 1905 ccm, 92 cv<br \/>\n1.9 TD Eco, A\u00f1o 02.1996 &#8211; 12.2006, 1905 ccm, 90 cv<br \/>\n2.0 16V, A\u00f1o 06.2000 &#8211; 12.2006, 1997 ccm, 136 cv<br \/>\n2.0 JTD, A\u00f1o 01.2004 &#8211; 12.2006, 1997 ccm, 94 cv<br \/>\n2.0 JTD, A\u00f1o 12.1999 &#8211; 12.2006, 1997 ccm, 109 cv<br \/>\n2.0 JTD 16V, A\u00f1o 05.1999 &#8211; 12.2006, 1997 ccm, 109 cv<br \/>\nFIAT Multipla (186)<br \/>\n1.6, A\u00f1o 05.2004 &#8211; 08.2005, 1596 ccm, 92 cv<br \/>\n1.6 (186AXC1A, 186BMC1A, 186BXC1A), A\u00f1o 09.2000 &#8211; 06.2010, 1596 ccm, 103 cv<br \/>\n1.6 100 16V, A\u00f1o 04.1999 &#8211; 06.2010, 1581 ccm, 103 cv<br \/>\n1.6 16V, A\u00f1o 04.2002 &#8211; 06.2010, 1596 ccm, 95 cv<br \/>\n1.6 16V Bipower, A\u00f1o 04.1999 &#8211; 06.2010, 1581 ccm, 103 cv<br \/>\n1.6 16V Bipower, A\u00f1o 10.2001 &#8211; 06.2010, 1596 ccm, 103 cv<br \/>\n1.6 16V Blupower, A\u00f1o 04.1999 &#8211; 06.2010, 1581 ccm, 95 cv<br \/>\n1.6 16V GPL, A\u00f1o 10.2001 &#8211; 06.2010, 1596 ccm, 103 cv<br \/>\n1.9 JTD, A\u00f1o 04.2002 &#8211; 06.2010, 1910 ccm, 120 cv<br \/>\n1.9 JTD 105 (186AXB1A), A\u00f1o 04.1999 &#8211; 06.2010, 1910 ccm, 105 cv<br \/>\n1.9 JTD 110, A\u00f1o 03.2001 &#8211; 07.2002, 1910 ccm, 110 cv<br \/>\n1.9 JTD 115, A\u00f1o 07.2002 &#8211; 06.2010, 1910 ccm, 115 cv<br \/>\nFIAT Scudo I Furg\u00f3n (220)<br \/>\n1.6, A\u00f1o 02.1996 &#8211; 12.2006, 1581 ccm, 79 cv<br \/>\n1.9 D, A\u00f1o 02.1996 &#8211; 12.2006, 1905 ccm, 69 cv<br \/>\n1.9 D, A\u00f1o 04.1998 &#8211; 12.2006, 1868 ccm, 69 cv<br \/>\n1.9 TD, A\u00f1o 02.1996 &#8211; 12.2006, 1905 ccm, 90 cv<br \/>\n1.9 TD, A\u00f1o 02.1998 &#8211; 12.2006, 1905 ccm, 92 cv<br \/>\n2.0, A\u00f1o 05.2000 &#8211; 12.2006, 1997 ccm, 136 cv<br \/>\n2.0 JTD, A\u00f1o 10.1999 &#8211; 12.2006, 1997 ccm, 94 cv<br \/>\n2.0 JTD, A\u00f1o 12.2002 &#8211; 12.2006, 1997 ccm, 109 cv<br \/>\nFIAT Ulysse II (179)<br \/>\n2.0 (179BXA11, 179BXA1A), A\u00f1o 08.2002 &#8211; 06.2011, 1997 ccm, 136 cv<br \/>\n2.0 D Multijet, A\u00f1o 05.2006 &#8211; 06.2011, 1997 ccm, 120 cv<br \/>\n2.0 D Multijet, A\u00f1o 05.2006 &#8211; 06.2011, 1997 ccm, 136 cv<br \/>\n2.0 JTD, A\u00f1o 05.2003 &#8211; 08.2006, 1997 ccm, 107 cv<br \/>\n2.0 JTD, A\u00f1o 08.2002 &#8211; 08.2006, 1997 ccm, 109 cv<br \/>\n2.2 D Multijet, A\u00f1o 03.2008 &#8211; 06.2011, 2179 ccm, 170 cv<br \/>\n2.2 JTD, A\u00f1o 08.2002 &#8211; 08.2006, 2179 ccm, 128 cv<br \/>\n2.2 JTD, A\u00f1o 03.2008 &#8211; 06.2011, 2179 ccm, 163 cv<br \/>\n3.0, A\u00f1o 08.2002 &#8211; 06.2011, 2946 ccm, 204 cv<br \/>\nFIAT Scudo II (270, 272)<br \/>\n1.6 D Multijet, A\u00f1o 01.2007 &#8211; &#8230;, 1560 ccm, 90 cv<br \/>\n2.0 D Multijet, A\u00f1o 01.2007 &#8211; &#8230;, 1997 ccm, 120 cv<br \/>\n2.0 D Multijet, A\u00f1o 04.2011 &#8211; &#8230;, 1997 ccm, 128 cv<br \/>\n2.0 D Multijet, A\u00f1o 01.2007 &#8211; &#8230;, 1997 ccm, 136 cv<br \/>\nFIAT Scudo II Furg\u00f3n (270, 272)<br \/>\n1.6 D Multijet, A\u00f1o 01.2007 &#8211; &#8230;, 1560 ccm, 90 cv<br \/>\n1.6 D Multijet, A\u00f1o 02.2011 &#8211; &#8230;, 1560 ccm, 90 cv<br \/>\n2.0 D Multijet, A\u00f1o 01.2007 &#8211; &#8230;, 1997 ccm, 120 cv<br \/>\n2.0 D Multijet, A\u00f1o 05.2011 &#8211; &#8230;, 1997 ccm, 128 cv<br \/>\n2.0 D Multijet, A\u00f1o 01.2007 &#8211; &#8230;, 1997 ccm, 136 cv<br \/>\nFIAT Scudo II Cami\u00f3n de plataforma \/ Chasis (270, 272)<br \/>\n2.0 D Multijet, A\u00f1o 01.2007 &#8211; &#8230;, 1997 ccm, 120 cv<br \/>\nFIAT Scudo I Cami\u00f3n de plataforma\/Chasis (220)<br \/>\n2.0 JTD, A\u00f1o 10.1999 &#8211; 12.2006, 1997 ccm, 94 cv<\/p>\n<p>LANCIA Zeta (220)<br \/>\n2.0 16V, A\u00f1o 05.1998 &#8211; 07.2000, 1998 ccm, 132 cv<br \/>\n2.0 16V (220AQ5, 220AQ4), A\u00f1o 07.2000 &#8211; 09.2002, 1997 ccm, 136 cv<br \/>\n2.0 JTD (220.AR5, 220.AN5), A\u00f1o 09.1999 &#8211; 09.2002, 1997 ccm, 109 cv<br \/>\n2.0 JTD 16V (220AN5), A\u00f1o 09.1999 &#8211; 09.2002, 1997 ccm, 109 cv<br \/>\n2.0 Turbo, A\u00f1o 05.1995 &#8211; 09.2002, 1998 ccm, 147 cv<br \/>\n2.1 TD, A\u00f1o 05.1996 &#8211; 09.1999, 2088 ccm, 109 cv<br \/>\nLANCIA Lybra Berlina (839)<br \/>\n1.6, A\u00f1o 10.2000 &#8211; 10.2005, 1596 ccm, 103 cv<br \/>\n1.6 16V, A\u00f1o 07.1999 &#8211; 10.2005, 1581 ccm, 103 cv<br \/>\n1.8 16V, A\u00f1o 07.1999 &#8211; 10.2005, 1747 ccm, 131 cv<br \/>\n1.9 JTD (839.AXI1A, 839.AXN1A, 839.CXL1A), A\u00f1o 05.2001 &#8211; 10.2005, 1910 ccm, 116 cv<br \/>\n1.9 JTD, A\u00f1o 07.1999 &#8211; 09.2000, 1910 ccm, 105 cv<br \/>\n1.9 JTD, A\u00f1o 09.2000 &#8211; 05.2001, 1910 ccm, 110 cv<br \/>\n2.0 20V, A\u00f1o 07.1999 &#8211; 09.2000, 1998 ccm, 154 cv<br \/>\n2.0 20V, A\u00f1o 09.2000 &#8211; 10.2005, 1998 ccm, 150 cv<br \/>\n2.4 JTD (839.AXE1A), A\u00f1o 05.2002 &#8211; 10.2005, 2387 ccm, 150 cv<br \/>\n2.4 JTD, A\u00f1o 07.1999 &#8211; 02.2001, 2387 ccm, 135 cv<br \/>\n2.4 JTD, A\u00f1o 09.2000 &#8211; 05.2002, 2387 ccm, 140 cv<br \/>\nLANCIA Lybra Familiar (839)<br \/>\n1.6 (839.BXF1A), A\u00f1o 10.2000 &#8211; 10.2005, 1596 ccm, 103 cv<br \/>\n1.6 16V, A\u00f1o 07.1999 &#8211; 10.2005, 1581 ccm, 103 cv<br \/>\n1.8 16V, A\u00f1o 07.1999 &#8211; 10.2005, 1747 ccm, 131 cv<br \/>\n1.9 JTD (839.BXI1A, 839.BXN1A, 839.CXL1A), A\u00f1o 05.2001 &#8211; 10.2005, 1910 ccm, 116 cv<br \/>\n1.9 JTD, A\u00f1o 07.1999 &#8211; 09.2001, 1910 ccm, 105 cv<br \/>\n1.9 JTD, A\u00f1o 09.2000 &#8211; 05.2001, 1910 ccm, 110 cv<br \/>\n2.0 20V, A\u00f1o 07.1999 &#8211; 09.2000, 1998 ccm, 154 cv<br \/>\n2.0 20V, A\u00f1o 09.2000 &#8211; 10.2005, 1998 ccm, 150 cv<br \/>\n2.4 JTD (839.BXE1A), A\u00f1o 05.2002 &#8211; 10.2005, 2387 ccm, 150 cv<br \/>\n2.4 JTD, A\u00f1o 10.1999 &#8211; 09.2000, 2387 ccm, 135 cv<br \/>\n2.4 JTD, A\u00f1o 09.2000 &#8211; 10.2005, 2387 ccm, 140 cv<br \/>\nLANCIA Phedra (179)<br \/>\n2.0 (179AXA11, 179AXA1A), A\u00f1o 09.2002 &#8211; 11.2010, 1997 ccm, 136 cv<br \/>\n2.0 D Multijet (179.AXL1B, 179.BXL1B), A\u00f1o 07.2006 &#8211; 11.2010, 1997 ccm, 136 cv<br \/>\n2.0 JTD (179.AXE1A), A\u00f1o 07.2003 &#8211; 11.2010, 1997 ccm, 107 cv<br \/>\n2.0 JTD (179.AXH1B, 179.BXH1B), A\u00f1o 06.2006 &#8211; 11.2010, 1997 ccm, 120 cv<br \/>\n2.0 JTD, A\u00f1o 09.2002 &#8211; 11.2010, 1997 ccm, 109 cv<br \/>\n2.2 D Multijet (179.AXM1B, 179.AXP11, 179.BXM1B,&#8230;, A\u00f1o 03.2008 &#8211; 11.2010, 2179 ccm, 170 cv<br \/>\n2.2 JTD, A\u00f1o 09.2002 &#8211; 11.2010, 2179 ccm, 128 cv<br \/>\n3.0 V6 (179.BXD11), A\u00f1o 09.2002 &#8211; 11.2010, 2946 ccm, 204 cv<\/p>\n<p>CITRO\u00cbN Evasion Monovolumen (22, U6)<br \/>\n1.8, A\u00f1o 05.1997 &#8211; 07.2002, 1761 ccm, 99 cv<br \/>\n1.9 TD, A\u00f1o 11.1994 &#8211; 07.2002, 1905 ccm, 90 cv<br \/>\n1.9 TD, A\u00f1o 10.1995 &#8211; 12.1998, 1905 ccm, 92 cv<br \/>\n2.0, A\u00f1o 06.1994 &#8211; 07.2002, 1998 ccm, 121 cv<br \/>\n2.0 16V, A\u00f1o 05.1998 &#8211; 04.2000, 1998 ccm, 132 cv<br \/>\n2.0 16V, A\u00f1o 05.2000 &#8211; 07.2002, 1997 ccm, 136 cv<br \/>\n2.0 HDI, A\u00f1o 08.1999 &#8211; 07.2002, 1997 ccm, 109 cv<br \/>\n2.0 HDI 16V, A\u00f1o 09.1999 &#8211; 07.2002, 1997 ccm, 109 cv<br \/>\n2.0 Turbo C.T., A\u00f1o 06.1994 &#8211; 07.2002, 1998 ccm, 147 cv<br \/>\n2.1 TD, A\u00f1o 05.1996 &#8211; 07.2002, 2088 ccm, 109 cv<br \/>\nCITRO\u00cbN Jumpy I MPV<br \/>\n1.6, A\u00f1o 10.1995 &#8211; 08.2000, 1581 ccm, 79 cv<br \/>\n1.9 D, A\u00f1o 10.1995 &#8211; 08.1998, 1905 ccm, 69 cv<br \/>\n1.9 D 70, A\u00f1o 04.1998 &#8211; 11.2003, 1868 ccm, 69 cv<br \/>\n1.9 TD, A\u00f1o 10.1995 &#8211; 08.2000, 1905 ccm, 90 cv<br \/>\n1.9 TD, A\u00f1o 04.1996 &#8211; 11.2003, 1905 ccm, 92 cv<br \/>\n2.0, A\u00f1o 04.2000 &#8211; 12.2006, 1997 ccm, 136 cv<br \/>\n2.0 HDi 110, A\u00f1o 03.2000 &#8211; 10.2006, 1997 ccm, 109 cv<br \/>\n2.0 HDi 95, A\u00f1o 10.1999 &#8211; 10.2006, 1997 ccm, 94 cv<br \/>\n2.0 i 16V, A\u00f1o 03.2000 &#8211; 10.2006, 1997 ccm, 138 cv<br \/>\nCITRO\u00cbN Jumpy I Furgoneta<br \/>\n1.6 i, A\u00f1o 10.1995 &#8211; 08.2000, 1581 ccm, 79 cv<br \/>\n1.9 D 70, A\u00f1o 04.1998 &#8211; 10.2006, 1868 ccm, 69 cv<br \/>\n1.9 TD, A\u00f1o 10.1995 &#8211; 08.2000, 1905 ccm, 90 cv<br \/>\n2.0 HDi 110, A\u00f1o 10.2001 &#8211; 10.2006, 1997 ccm, 109 cv<br \/>\n2.0 HDi 95, A\u00f1o 10.1999 &#8211; 10.2006, 1997 ccm, 94 cv<br \/>\n2.0 i 16V, A\u00f1o 03.2000 &#8211; 10.2006, 1997 ccm, 138 cv<br \/>\nCITRO\u00cbN Jumpy I Caja \/ Chasis<br \/>\n1.9 TD, A\u00f1o 10.1999 &#8211; 10.2006, 1905 ccm, 92 cv<br \/>\n2.0 HDi 95, A\u00f1o 10.1999 &#8211; 10.2006, 1997 ccm, 94 cv<br \/>\nCITRO\u00cbN C8 II<br \/>\n2.0, A\u00f1o 07.2002 &#8211; &#8230;, 1997 ccm, 136 cv<br \/>\n2.0 16V, A\u00f1o 09.2005 &#8211; &#8230;, 1997 ccm, 140 cv<br \/>\n2.0 HDi, A\u00f1o 07.2002 &#8211; &#8230;, 1997 ccm, 107 cv<br \/>\n2.0 HDi, A\u00f1o 07.2002 &#8211; &#8230;, 1997 ccm, 109 cv<br \/>\n2.0 HDi, A\u00f1o 07.2006 &#8211; &#8230;, 1997 ccm, 120 cv<br \/>\n2.0 HDi 135, A\u00f1o 03.2006 &#8211; &#8230;, 1997 ccm, 136 cv<br \/>\n2.0 HDi 165, A\u00f1o 03.2006 &#8211; &#8230;, 1997 ccm, 163 cv<br \/>\n2.2, A\u00f1o 07.2002 &#8211; &#8230;, 2230 ccm, 158 cv<br \/>\n2.2 HDi, A\u00f1o 07.2002 &#8211; &#8230;, 2179 ccm, 128 cv<br \/>\n2.2 HDi, A\u00f1o 06.2006 &#8211; &#8230;, 2179 ccm, 170 cv<br \/>\n3.0 V6, A\u00f1o 07.2002 &#8211; &#8230;, 2946 ccm, 204 cv<br \/>\nCITRO\u00cbN Jumpy II MPV (VF7)<br \/>\n1.6 HDi 90 16V, A\u00f1o 01.2007 &#8211; &#8230;, 1560 ccm, 90 cv<br \/>\n1.6 HDi 90 8V, A\u00f1o 01.2007 &#8211; &#8230;, 1560 ccm, 90 cv<br \/>\n2.0 HDi 120, A\u00f1o 01.2007 &#8211; &#8230;, 1997 ccm, 120 cv<br \/>\n2.0 HDi 125, A\u00f1o 07.2011 &#8211; &#8230;, 1997 ccm, 128 cv<br \/>\n2.0 HDi 140, A\u00f1o 01.2007 &#8211; &#8230;, 1997 ccm, 136 cv<br \/>\n2.0 HDi 165, A\u00f1o 07.2010 &#8211; &#8230;, 1997 ccm, 163 cv<br \/>\n2.0 HDi 95, A\u00f1o 07.2011 &#8211; &#8230;, 1997 ccm, 98 cv<br \/>\n2.0 i, A\u00f1o 01.2007 &#8211; &#8230;, 1997 ccm, 140 cv<br \/>\nCITRO\u00cbN Jumpy II Furgoneta<br \/>\n1.6 HDi 90 16V, A\u00f1o 01.2007 &#8211; &#8230;, 1560 ccm, 90 cv<br \/>\n1.6 HDi 90 8V, A\u00f1o 01.2007 &#8211; &#8230;, 1560 ccm, 90 cv<br \/>\n2.0 HDi 120, A\u00f1o 01.2007 &#8211; &#8230;, 1997 ccm, 120 cv<br \/>\n2.0 HDi 125, A\u00f1o 07.2011 &#8211; &#8230;, 1997 ccm, 128 cv<br \/>\n2.0 HDi 140, A\u00f1o 01.2007 &#8211; &#8230;, 1997 ccm, 136 cv<br \/>\n2.0 HDi 165, A\u00f1o 07.2010 &#8211; &#8230;, 1997 ccm, 163 cv<br \/>\n2.0 HDi 95, A\u00f1o 07.2011 &#8211; &#8230;, 1997 ccm, 98 cv<br \/>\n2.0 i, A\u00f1o 01.2007 &#8211; &#8230;, 1997 ccm, 140 cv<br \/>\nCITRO\u00cbN Jumpy II Caja \/ Chasis<br \/>\n1.6 HDi 90 8V, A\u00f1o 06.2007 &#8211; 03.2016, 1560 ccm, 90 cv<\/p>\n<p>PEUGEOT 806 MPV<br \/>\n1.8, A\u00f1o 07.1995 &#8211; 08.2002, 1761 ccm, 99 cv<br \/>\n1.9 TD, A\u00f1o 07.1995 &#8211; 08.2002, 1905 ccm, 90 cv<br \/>\n1.9 TD, A\u00f1o 05.1997 &#8211; 08.2002, 1905 ccm, 92 cv<br \/>\n2.0, A\u00f1o 06.1994 &#8211; 08.2002, 1998 ccm, 121 cv<br \/>\n2.0 16V, A\u00f1o 05.1998 &#8211; 09.2000, 1998 ccm, 132 cv<br \/>\n2.0 16V, A\u00f1o 09.2000 &#8211; 08.2002, 1997 ccm, 136 cv<br \/>\n2.0 HDI, A\u00f1o 08.1999 &#8211; 08.2002, 1997 ccm, 109 cv<br \/>\n2.0 HDI 16V, A\u00f1o 08.1999 &#8211; 08.2002, 1997 ccm, 109 cv<br \/>\n2.0 Turbo, A\u00f1o 06.1994 &#8211; 08.2002, 1998 ccm, 147 cv<br \/>\n2.1 td 12V, A\u00f1o 06.1996 &#8211; 08.1999, 2088 ccm, 109 cv<br \/>\nPEUGEOT Expert I (224)<br \/>\n1.6, A\u00f1o 02.1996 &#8211; 09.2000, 1581 ccm, 79 cv<br \/>\n1.8, A\u00f1o 10.1996 &#8211; 09.2000, 1761 ccm, 101 cv<br \/>\n1.9 D, A\u00f1o 02.1996 &#8211; 12.1998, 1905 ccm, 70 cv<br \/>\n1.9 TD, A\u00f1o 02.1996 &#8211; 09.2000, 1905 ccm, 90 cv<br \/>\n1.9 TD, A\u00f1o 02.1996 &#8211; 05.1998, 1905 ccm, 92 cv<br \/>\n2.0, A\u00f1o 07.2000 &#8211; 12.2006, 1997 ccm, 136 cv<br \/>\n2.0 HDi, A\u00f1o 10.2000 &#8211; 10.2006, 1997 ccm, 94 cv<br \/>\n2.0 HDI, A\u00f1o 07.2000 &#8211; 12.2006, 1997 ccm, 109 cv<br \/>\n2.0 HDI 16V, A\u00f1o 07.2000 &#8211; 12.2006, 1997 ccm, 109 cv<br \/>\nPEUGEOT Expert I Furg\u00f3n<br \/>\n1.6, A\u00f1o 02.1996 &#8211; 09.2000, 1581 ccm, 79 cv<br \/>\n1.8, A\u00f1o 10.1996 &#8211; 09.2000, 1761 ccm, 101 cv<br \/>\n1.9 D, A\u00f1o 02.1996 &#8211; 12.1998, 1905 ccm, 70 cv<br \/>\n1.9 D 70, A\u00f1o 12.1998 &#8211; 12.2006, 1868 ccm, 69 cv<br \/>\n1.9 TD, A\u00f1o 02.1996 &#8211; 09.2000, 1905 ccm, 90 cv<br \/>\n1.9 TD, A\u00f1o 02.1996 &#8211; 05.1998, 1905 ccm, 92 cv<br \/>\n2.0, A\u00f1o 09.2002 &#8211; 12.2006, 1997 ccm, 136 cv<br \/>\n2.0 HDI, A\u00f1o 07.2000 &#8211; 12.2006, 1997 ccm, 94 cv<br \/>\n2.0 HDI, A\u00f1o 07.2000 &#8211; 12.2006, 1997 ccm, 109 cv<br \/>\n2.0 HDI 16V, A\u00f1o 07.2000 &#8211; 12.2006, 1997 ccm, 109 cv<br \/>\nPEUGEOT Expert I Cami\u00f3n de plataforma\/Chasis<br \/>\n1.6, A\u00f1o 02.1996 &#8211; 09.2000, 1581 ccm, 79 cv<br \/>\n1.9 D, A\u00f1o 02.1996 &#8211; 12.1998, 1905 ccm, 70 cv<br \/>\n1.9 TD, A\u00f1o 02.1996 &#8211; 09.2000, 1905 ccm, 90 cv<br \/>\n1.9 TD, A\u00f1o 02.1996 &#8211; 05.1998, 1905 ccm, 92 cv<br \/>\nPEUGEOT 807 MPV<br \/>\n2.0, A\u00f1o 06.2002 &#8211; &#8230;, 1997 ccm, 136 cv<br \/>\n2.0 16V, A\u00f1o 09.2005 &#8211; &#8230;, 1997 ccm, 140 cv<br \/>\n2.0 HDi, A\u00f1o 06.2002 &#8211; &#8230;, 1997 ccm, 107 cv<br \/>\n2.0 HDi, A\u00f1o 04.2004 &#8211; &#8230;, 1997 ccm, 109 cv<br \/>\n2.0 HDi, A\u00f1o 02.2006 &#8211; &#8230;, 1997 ccm, 120 cv<br \/>\n2.0 HDI, A\u00f1o 06.2006 &#8211; &#8230;, 1997 ccm, 136 cv<br \/>\n2.0 HDi, A\u00f1o 06.2009 &#8211; &#8230;, 1997 ccm, 163 cv<br \/>\n2.2, A\u00f1o 06.2002 &#8211; &#8230;, 2230 ccm, 158 cv<br \/>\n2.2 HDi, A\u00f1o 06.2002 &#8211; &#8230;, 2179 ccm, 128 cv<br \/>\n2.2 HDi, A\u00f1o 06.2006 &#8211; &#8230;, 2179 ccm, 170 cv<br \/>\n3.0 V6, A\u00f1o 06.2002 &#8211; &#8230;, 2946 ccm, 204 cv<br \/>\nPEUGEOT Expert II Tepee (VF3X)<br \/>\n1.6 HDi 90 16V, A\u00f1o 01.2007 &#8211; 03.2016, 1560 ccm, 90 cv<br \/>\n1.6 HDi 90 8V, A\u00f1o 01.2007 &#8211; 03.2016, 1560 ccm, 90 cv<br \/>\n2.0 16V, A\u00f1o 01.2007 &#8211; 03.2016, 1997 ccm, 140 cv<br \/>\n2.0 HDi 100, A\u00f1o 03.2011 &#8211; 03.2016, 1997 ccm, 98 cv<br \/>\n2.0 HDi 120, A\u00f1o 01.2007 &#8211; 03.2016, 1997 ccm, 120 cv<br \/>\n2.0 HDi 120 4&#215;4, A\u00f1o 01.2007 &#8211; &#8230;, 1997 ccm, 120 cv<br \/>\n2.0 HDi 130, A\u00f1o 03.2011 &#8211; &#8230;, 1997 ccm, 128 cv<br \/>\n2.0 HDi 140, A\u00f1o 01.2007 &#8211; &#8230;, 1997 ccm, 136 cv<br \/>\n2.0 HDi 165, A\u00f1o 09.2009 &#8211; &#8230;, 1997 ccm, 163 cv<br \/>\nPEUGEOT Expert II Furg\u00f3n<br \/>\n1.6 HDi 90 16V, A\u00f1o 01.2007 &#8211; &#8230;, 1560 ccm, 90 cv<br \/>\n1.6 HDi 90 8V, A\u00f1o 01.2007 &#8211; &#8230;, 1560 ccm, 90 cv<br \/>\n2.0 16V, A\u00f1o 01.2007 &#8211; &#8230;, 1997 ccm, 140 cv<br \/>\n2.0 HDi 100, A\u00f1o 03.2011 &#8211; &#8230;, 1997 ccm, 98 cv<br \/>\n2.0 HDi 120, A\u00f1o 01.2007 &#8211; &#8230;, 1997 ccm, 120 cv<br \/>\n2.0 HDi 130, A\u00f1o 03.2011 &#8211; &#8230;, 1997 ccm, 128 cv<br \/>\n2.0 HDi 130 4&#215;4, A\u00f1o 01.2012 &#8211; &#8230;, 1997 ccm, 128 cv<br \/>\n2.0 HDi 140, A\u00f1o 01.2007 &#8211; &#8230;, 1997 ccm, 136 cv<br \/>\n2.0 HDi 165, A\u00f1o 09.2009 &#8211; &#8230;, 1997 ccm, 163 cv<br \/>\nPEUGEOT Expert II Cami\u00f3n de plataforma\/Chasis (A\u00f1o 01.2007 &#8211; &#8230;)<br \/>\n1.6 HDi 90 16V, A\u00f1o 01.2007 &#8211; &#8230;, 1560 ccm, 90 cv<br \/>\n1.6 HDi 90 8V, A\u00f1o 01.2007 &#8211; &#8230;, 1560 ccm, 90 cv<br \/>\n2.0 HDi 120, A\u00f1o 01.2007 &#8211; &#8230;, 1997 ccm, 120 cv<br \/>\n2.0 HDi 130, A\u00f1o 03.2011 &#8211; &#8230;, 1997 ccm, 128 cv<br \/>\n2.0 HDi 140, A\u00f1o 01.2007 &#8211; &#8230;, 1997 ccm, 136 cv<br \/>\n2.0 HDi 165, A\u00f1o 09.2009 &#8211; &#8230;, 1997 ccm, 163 cv<\/p>\n<p>LA PIEZA ES NUEVA Y ORIGINAL.<\/p>\n","protected":false},"excerpt":{"rendered":"<p>Cojinete de la copela de los muelles de la suspensi\u00f3n delantera de: Di\u00e1metro interior: 78mm Di\u00e1metro: 128mm Espesor: 46mm FIAT Ulysse I (220) 1.8, A\u00f1o 05.1997 &#8211; 08.2002, 1761 ccm, 99 cv 1.9 TD, A\u00f1o 02.1995 &#8211; 08.2002, 1905 ccm, 90 cv 2.0, A\u00f1o 06.1994 &#8211; 08.2002, 1998 ccm, 121 cv 2.0 16V, A\u00f1o 05.1998 [&hellip;]<\/p>\n","protected":false},"featured_media":96320,"template":"","meta":{"_seopress_robots_primary_cat":"","_seopress_titles_title":"","_seopress_titles_desc":"","_seopress_robots_index":""},"product_cat":[189,182,181,23,188,156,20,138,21,120,96,24,122,104,113,128],"product_tag":[],"class_list":{"0":"post-96317","1":"product","2":"type-product","3":"status-publish","4":"has-post-thumbnail","6":"product_cat-recambios-peugeot-806","7":"product_cat-recambios-peugeot-807","8":"product_cat-recambios-citroen-c8","9":"product_cat-recambios-citroen","10":"product_cat-recambios-citroen-evasion","11":"product_cat-recambios-peugeot-expert","12":"product_cat-recambios-fiat","13":"product_cat-recambios-citroen-jumpy","14":"product_cat-recambios-lancia","15":"product_cat-recambios-lancia-lybra","16":"product_cat-recambios-fiat-multipla","17":"product_cat-recambios-peugeot","18":"product_cat-recambios-lancia-phedra","19":"product_cat-recambios-fiat-scudo","20":"product_cat-recambios-fiat-ulysse","21":"product_cat-recambios-lancia-z","23":"first","24":"instock","25":"taxable","26":"shipping-taxable","27":"purchasable","28":"product-type-simple"},"_links":{"self":[{"href":"https:\/\/galicianparts.com\/shop\/wp-json\/wp\/v2\/product\/96317"}],"collection":[{"href":"https:\/\/galicianparts.com\/shop\/wp-json\/wp\/v2\/product"}],"about":[{"href":"https:\/\/galicianparts.com\/shop\/wp-json\/wp\/v2\/types\/product"}],"wp:featuredmedia":[{"embeddable":true,"href":"https:\/\/galicianparts.com\/shop\/wp-json\/wp\/v2\/media\/96320"}],"wp:attachment":[{"href":"https:\/\/galicianparts.com\/shop\/wp-json\/wp\/v2\/media?parent=96317"}],"wp:term":[{"taxonomy":"product_cat","embeddable":true,"href":"https:\/\/galicianparts.com\/shop\/wp-json\/wp\/v2\/product_cat?post=96317"},{"taxonomy":"product_tag","embeddable":true,"href":"https:\/\/galicianparts.com\/shop\/wp-json\/wp\/v2\/product_tag?post=96317"}],"curies":[{"name":"wp","href":"https:\/\/api.w.org\/{rel}","templated":true}]}}