{"id":96391,"date":"2025-05-09T12:19:09","date_gmt":"2025-05-09T10:19:09","guid":{"rendered":"https:\/\/galicianparts.com\/shop\/producto\/7649393-tornillo-m8-rodillo-puerta-lateral-fiat-ducato-90-94-citroen-peugeot-original\/"},"modified":"2025-05-09T12:22:58","modified_gmt":"2025-05-09T10:22:58","slug":"7649393-tornillo-m8-rodillo-puerta-lateral-fiat-ducato-90-94-citroen-peugeot-original","status":"publish","type":"product","link":"https:\/\/galicianparts.com\/shop\/producto\/7649393-tornillo-m8-rodillo-puerta-lateral-fiat-ducato-90-94-citroen-peugeot-original\/","title":{"rendered":"7649393 Tornillo M8 rodillo puerta lateral Fiat Ducato (90-94) Citroen \/Peugeot ORIGINAL"},"content":{"rendered":"<p>Perno del rodillo de la gu\u00eda superior de la puerta de corredera de:<br \/>\nM\u00e9trica: 8<br \/>\nDi\u00e1metro: 9mm<br \/>\nLargo total: 32mm<\/p>\n<p>FIAT PROFESSIONAL &#8211; ND DUCATO 4X4 R.90 (1990-1994) FURGON \/ SUPERCOMBI<br \/>\nFIAT PROFESSIONAL &#8211; NB NUOVO DUCATO BZ R.90 (1990-1994)<br \/>\nFIAT PROFESSIONAL &#8211; NA NUOVO DUCATO DS.R.90 (1990-1994)<br \/>\nCITROEN &#8211; C25 SEGUNDA SERIE<br \/>\nPEUGEOT &#8211; J5<\/p>\n<p>LA PIEZA ES NUEVA Y ORIGINAL.<\/p>\n","protected":false},"excerpt":{"rendered":"<p>Perno del rodillo de la gu\u00eda superior de la puerta de corredera de: M\u00e9trica: 8 Di\u00e1metro: 9mm Largo total: 32mm FIAT PROFESSIONAL &#8211; ND DUCATO 4X4 R.90 (1990-1994) FURGON \/ SUPERCOMBI FIAT PROFESSIONAL &#8211; NB NUOVO DUCATO BZ R.90 (1990-1994) FIAT PROFESSIONAL &#8211; NA NUOVO DUCATO DS.R.90 (1990-1994) CITROEN &#8211; C25 SEGUNDA SERIE PEUGEOT &#8211; [&hellip;]<\/p>\n","protected":false},"featured_media":96394,"template":"","meta":{"_seopress_robots_primary_cat":"","_seopress_titles_title":"","_seopress_titles_desc":"","_seopress_robots_index":""},"product_cat":[132,23,88,20,157,24],"product_tag":[],"class_list":{"0":"post-96391","1":"product","2":"type-product","3":"status-publish","4":"has-post-thumbnail","6":"product_cat-recambios-citroen-c25","7":"product_cat-recambios-citroen","8":"product_cat-recambios-fiat-ducato","9":"product_cat-recambios-fiat","10":"product_cat-recambios-peugeot-j5","11":"product_cat-recambios-peugeot","13":"first","14":"instock","15":"taxable","16":"shipping-taxable","17":"purchasable","18":"product-type-simple"},"_links":{"self":[{"href":"https:\/\/galicianparts.com\/shop\/wp-json\/wp\/v2\/product\/96391"}],"collection":[{"href":"https:\/\/galicianparts.com\/shop\/wp-json\/wp\/v2\/product"}],"about":[{"href":"https:\/\/galicianparts.com\/shop\/wp-json\/wp\/v2\/types\/product"}],"wp:featuredmedia":[{"embeddable":true,"href":"https:\/\/galicianparts.com\/shop\/wp-json\/wp\/v2\/media\/96394"}],"wp:attachment":[{"href":"https:\/\/galicianparts.com\/shop\/wp-json\/wp\/v2\/media?parent=96391"}],"wp:term":[{"taxonomy":"product_cat","embeddable":true,"href":"https:\/\/galicianparts.com\/shop\/wp-json\/wp\/v2\/product_cat?post=96391"},{"taxonomy":"product_tag","embeddable":true,"href":"https:\/\/galicianparts.com\/shop\/wp-json\/wp\/v2\/product_tag?post=96391"}],"curies":[{"name":"wp","href":"https:\/\/api.w.org\/{rel}","templated":true}]}}