{"id":96397,"date":"2025-05-09T12:39:41","date_gmt":"2025-05-09T10:39:41","guid":{"rendered":"https:\/\/galicianparts.com\/shop\/producto\/11270350-arandela-racor-diferencial-lancia-delta-evo-integrale-fiat-alfa-original\/"},"modified":"2025-05-09T12:46:55","modified_gmt":"2025-05-09T10:46:55","slug":"11270350-arandela-racor-diferencial-lancia-delta-evo-integrale-fiat-alfa-original","status":"publish","type":"product","link":"https:\/\/galicianparts.com\/shop\/producto\/11270350-arandela-racor-diferencial-lancia-delta-evo-integrale-fiat-alfa-original\/","title":{"rendered":"11270350 Arandela racor diferencial Lancia Delta Evo \/Integrale \/Fiat \/Alfa ORIGINAL"},"content":{"rendered":"<p>11270360 Di\u00e1metro exterior: 20mm<br \/>\nDi\u00e1metro interior: 11.5mm<br \/>\nEspesor: 1.5mm<\/p>\n<p>Arandela de la boquilla de engrase del diferencial de la transmisi\u00f3n delantera de:<br \/>\nFIAT \u2013 MW TEMPRA 1750-2000 (1989-1993) S.W. 4X4<br \/>\nFIAT \u2013 NZ TEMPRA MAQ.93 1750-2000 (\u201993-\u201996) S.W.4X4 SX \/ S.W. 4X4 SLX<br \/>\nALFA ROMEO \u2013 U6 155 TURBO BZ-DS (1992-1996) 2000 TB\/BZ 4X4<br \/>\nALFA ROMEO \u2013 X1 156 M.Y.2002 BZ\/DS (2001-2005) 1910 JTD CF3 16V 150CV\/110KW 4X4 \/ 1910 JTD CF4 16V 150CV\/110KW 4X4<br \/>\nLANCIA \u2013 SM DEDRA FL.94 1750-2.0 (1994-1999) S.W. LS 4X4<br \/>\nLANCIA \u2013 RJ DEDRA IE.TB.INTEGRALE (1990-1994) 2000 4WD \/ 2000 4WD USA\u201983<br \/>\nLANCIA \u2013 RT DELTA 4WD (1986-1991)<br \/>\nLANCIA \u2013 SA DELTA EVOLUZIONE (1991-1994)<\/p>\n<p>Arandela del racor de los gases de escape de:<br \/>\nFIAT \u2013 NV PUNTO 55-60-75-90 (1993-1997) 1.6 MPI<br \/>\nFIAT \u2013 PF PUNTO CABRIO (1994-1997) 1580 MPI<br \/>\nFIAT \u2013 NY TEMPRA MAQ.93 1370-1580 (\u201993-\u201996) 1580 MPI \u00abGM\u00bb<br \/>\nLANCIA \u2013 SL DEDRA FL.94 1580-1750 8\/16V 2000 (1994-1999) 1580 MPI 8V<\/p>\n<p>Arandela del racor del latiguillo de la cremallera de direcci\u00f3n de:<br \/>\nFIAT PROFESSIONAL \u2013 PD DUCATO \u201994 BENZINA (1994-2002)<br \/>\nFIAT PROFESSIONAL \u2013 ND DUCATO 4X4 R.90 (1990-1994) 2500 DIESEL \/ 2500 TURBO DIESEL<br \/>\nFIAT PROFESSIONAL \u2013 ND DUCATO 4X4 R.90 (1990-1994) 2000 BENZINA<br \/>\nFIAT PROFESSIONAL \u2013 PE DUCATO\u201994 DIESEL (1994-2002) 1930 DS \/ 1930 TD \/ 1930 TD CAT \/ 1905 W3 \/ 1905 TD W3<br \/>\nFIAT PROFESSIONAL \u2013 PE DUCATO\u201994 DIESEL (1994-2002) CONDUCCION A DERECHA \/ 2500 DS \/ 2500 TD \/ 2500 TD EGR \/ 2500 TD ECO \/ 2800 TD \/ 2800 TD EGR \/ 2800 ASP.<br \/>\nFIAT PROFESSIONAL \u2013 PE DUCATO\u201994 DIESEL (1994-2002) CONDUCCION A IZQUIERDA \/ 2500 DS \/ 2500 TD \/ 2500 TD EGR \/ 2500 TD ECO \/ 2800 TD \/ 2800 TD EGR \/ 2800 ASP.<br \/>\nFIAT PROFESSIONAL \u2013 PE DUCATO\u201994 DIESEL (1994-2002) CONDUCCION A DERECHA \/ 2800 JTD \/ 2800 JTD EGR<br \/>\nFIAT PROFESSIONAL \u2013 NB NUOVO DUCATO BZ R.90 (1990-1994)<br \/>\nFIAT PROFESSIONAL \u2013 NA NUOVO DUCATO DS.R.90 (1990-1994) 2500 \/ 2500 TURBO<br \/>\nCITROEN \u2013 C25 SEGUNDA SERIE<br \/>\nCITROEN \u2013 JUMPER<br \/>\nPEUGEOT \u2013 J5<br \/>\nPEUGEOT \u2013 BOXER<\/p>\n<p>LA PIEZA ES NUEVA Y ORIGINAL.<\/p>\n","protected":false},"excerpt":{"rendered":"<p>11270360 Di\u00e1metro exterior: 20mm Di\u00e1metro interior: 11.5mm Espesor: 1.5mm Arandela de la boquilla de engrase del diferencial de la transmisi\u00f3n delantera de: FIAT \u2013 MW TEMPRA 1750-2000 (1989-1993) S.W. 4X4 FIAT \u2013 NZ TEMPRA MAQ.93 1750-2000 (\u201993-\u201996) S.W.4X4 SX \/ S.W. 4X4 SLX ALFA ROMEO \u2013 U6 155 TURBO BZ-DS (1992-1996) 2000 TB\/BZ 4X4 ALFA [&hellip;]<\/p>\n","protected":false},"featured_media":96398,"template":"","meta":{"_seopress_robots_primary_cat":"","_seopress_titles_title":"","_seopress_titles_desc":"","_seopress_robots_index":""},"product_cat":[49,16,155,132,23,117,118,88,20,157,137,21,24,101,111],"product_tag":[],"class_list":{"0":"post-96397","1":"product","2":"type-product","3":"status-publish","4":"has-post-thumbnail","6":"product_cat-recambios-alfa-romeo-156","7":"product_cat-recambios-alfa-romeo","8":"product_cat-recambios-peugeot-boxer","9":"product_cat-recambios-citroen-c25","10":"product_cat-recambios-citroen","11":"product_cat-recambios-lancia-dedra","12":"product_cat-recambios-lancia-delta","13":"product_cat-recambios-fiat-ducato","14":"product_cat-recambios-fiat","15":"product_cat-recambios-peugeot-j5","16":"product_cat-recambios-citroen-jumper","17":"product_cat-recambios-lancia","18":"product_cat-recambios-peugeot","19":"product_cat-recambios-fiat-punto","20":"product_cat-recambios-fiat-tempra","22":"first","23":"instock","24":"taxable","25":"shipping-taxable","26":"purchasable","27":"product-type-simple"},"_links":{"self":[{"href":"https:\/\/galicianparts.com\/shop\/wp-json\/wp\/v2\/product\/96397"}],"collection":[{"href":"https:\/\/galicianparts.com\/shop\/wp-json\/wp\/v2\/product"}],"about":[{"href":"https:\/\/galicianparts.com\/shop\/wp-json\/wp\/v2\/types\/product"}],"wp:featuredmedia":[{"embeddable":true,"href":"https:\/\/galicianparts.com\/shop\/wp-json\/wp\/v2\/media\/96398"}],"wp:attachment":[{"href":"https:\/\/galicianparts.com\/shop\/wp-json\/wp\/v2\/media?parent=96397"}],"wp:term":[{"taxonomy":"product_cat","embeddable":true,"href":"https:\/\/galicianparts.com\/shop\/wp-json\/wp\/v2\/product_cat?post=96397"},{"taxonomy":"product_tag","embeddable":true,"href":"https:\/\/galicianparts.com\/shop\/wp-json\/wp\/v2\/product_tag?post=96397"}],"curies":[{"name":"wp","href":"https:\/\/api.w.org\/{rel}","templated":true}]}}