{"id":96497,"date":"2025-05-15T13:03:00","date_gmt":"2025-05-15T11:03:00","guid":{"rendered":"https:\/\/galicianparts.com\/shop\/producto\/7642031-conector-porton-trasero-fiat-uno-turbo-1989-1995-nuevo-original\/"},"modified":"2026-03-23T12:15:10","modified_gmt":"2026-03-23T10:15:10","slug":"7642031-conector-porton-trasero-fiat-uno-turbo-1989-1995-nuevo-original","status":"publish","type":"product","link":"https:\/\/galicianparts.com\/shop\/producto\/7642031-conector-porton-trasero-fiat-uno-turbo-1989-1995-nuevo-original\/","title":{"rendered":"7642031 Conector port\u00f3n trasero Fiat Uno Turbo (1989-1995) NUEVO ORIGINAL"},"content":{"rendered":"<p>Conexi\u00f3n el\u00e9ctrica con la bombilla del port\u00f3n del maletero de:<br \/>\nFIAT &#8211; MU UNO DIESEL R\/89 (1989-1995) TURBO \/ VAN<br \/>\nFIAT &#8211; MS UNO R\/89 1.1-1370-1.5 (1989-1995) IZDA.<br \/>\nFIAT &#8211; MR UNO R\/89 900-1.0-1.1 (1989-1995) IZDA.<br \/>\nFIAT &#8211; MT UNO TURBO R\/89 (1989-1993)<\/p>\n<p>LA PIEZA ES NUEVA Y ORIGINAL.<\/p>\n","protected":false},"excerpt":{"rendered":"<p>Conexi\u00f3n el\u00e9ctrica con la bombilla del port\u00f3n del maletero de: FIAT &#8211; MU UNO DIESEL R\/89 (1989-1995) TURBO \/ VAN FIAT &#8211; MS UNO R\/89 1.1-1370-1.5 (1989-1995) IZDA. FIAT &#8211; MR UNO R\/89 900-1.0-1.1 (1989-1995) IZDA. FIAT &#8211; MT UNO TURBO R\/89 (1989-1993) LA PIEZA ES NUEVA Y ORIGINAL.<\/p>\n","protected":false},"featured_media":96498,"template":"","meta":{"_seopress_robots_primary_cat":"","_seopress_titles_title":"","_seopress_titles_desc":"","_seopress_robots_index":""},"product_cat":[20,114],"product_tag":[],"class_list":{"0":"post-96497","1":"product","2":"type-product","3":"status-publish","4":"has-post-thumbnail","6":"product_cat-recambios-fiat","7":"product_cat-recambios-fiat-uno","9":"first","10":"outofstock","11":"taxable","12":"shipping-taxable","13":"purchasable","14":"product-type-simple"},"_links":{"self":[{"href":"https:\/\/galicianparts.com\/shop\/wp-json\/wp\/v2\/product\/96497"}],"collection":[{"href":"https:\/\/galicianparts.com\/shop\/wp-json\/wp\/v2\/product"}],"about":[{"href":"https:\/\/galicianparts.com\/shop\/wp-json\/wp\/v2\/types\/product"}],"wp:featuredmedia":[{"embeddable":true,"href":"https:\/\/galicianparts.com\/shop\/wp-json\/wp\/v2\/media\/96498"}],"wp:attachment":[{"href":"https:\/\/galicianparts.com\/shop\/wp-json\/wp\/v2\/media?parent=96497"}],"wp:term":[{"taxonomy":"product_cat","embeddable":true,"href":"https:\/\/galicianparts.com\/shop\/wp-json\/wp\/v2\/product_cat?post=96497"},{"taxonomy":"product_tag","embeddable":true,"href":"https:\/\/galicianparts.com\/shop\/wp-json\/wp\/v2\/product_tag?post=96497"}],"curies":[{"name":"wp","href":"https:\/\/api.w.org\/{rel}","templated":true}]}}