{"id":9650,"date":"2020-12-03T15:13:56","date_gmt":"2020-12-03T13:13:56","guid":{"rendered":"https:\/\/galicianparts.com\/shop\/producto\/7633721-rotula-axial-direccion-fiat-ritmo-abarth-uno-turbo-lancia-delta-dedra-seat\/"},"modified":"2024-06-05T20:53:07","modified_gmt":"2024-06-05T18:53:07","slug":"7633721-rotula-axial-direccion-fiat-ritmo-abarth-uno-turbo-lancia-delta-dedra-seat","status":"publish","type":"product","link":"https:\/\/galicianparts.com\/shop\/producto\/7633721-rotula-axial-direccion-fiat-ritmo-abarth-uno-turbo-lancia-delta-dedra-seat\/","title":{"rendered":"7633721 R\u00f3tula axial direcci\u00f3n Lancia Delta Evo \/Fiat Uno TB \/Ritmo \/Seat ORIGINAL"},"content":{"rendered":"<p>Tirante de la cremallera de direcci\u00f3n de:<br \/>\nLargo total: 280 mm<br \/>\nM\u00e9trica macho: 12&#215;1,5<br \/>\nM\u00e9trica hembra: 14&#215;1,5<\/p>\n<p>FIAT Regata (138)<br \/>\n1.6 Super 100, A\u00f1o 10.1983 &#8211; 07.1989, 1585 ccm, 95 cv<br \/>\n1.6 Super 100, A\u00f1o 10.1983 &#8211; 12.1990, 1585 ccm, 101 cv<br \/>\n1.7 Di\u00e9sel 60, A\u00f1o 09.1983 &#8211; 12.1986, 1714 ccm, 58 cv<br \/>\n1.7 Di\u00e9sel 60, A\u00f1o 05.1985 &#8211; 03.1989, 1698 ccm, 60 cv<br \/>\n1.9 Di\u00e9sel 65, A\u00f1o 04.1984 &#8211; 07.1989, 1929 ccm, 65 cv<br \/>\n1.3 70, A\u00f1o 09.1983 &#8211; 07.1989, 1301 ccm, 65 cv<br \/>\n1.3 70, A\u00f1o 09.1983 &#8211; 07.1986, 1301 ccm, 68 cv<br \/>\n1.5 75, A\u00f1o 12.1983 &#8211; 07.1989, 1498 ccm, 75 cv<br \/>\n1.9 Turbodi\u00e9sel 80, A\u00f1o 05.1986 &#8211; 07.1989, 1929 ccm, 80 cv<br \/>\n1.5 85, A\u00f1o 05.1985 &#8211; 12.1987, 1498 ccm, 79 cv<br \/>\n1.6 85, A\u00f1o 10.1983 &#8211; 06.1990, 1585 ccm, 82 cv<br \/>\n1.5 Super 85, A\u00f1o 09.1983 &#8211; 04.1985, 1498 ccm, 82 cv<br \/>\n1.6 i.e. 90, A\u00f1o 01.1987 &#8211; 07.1989, 1595 ccm, 90 cv<br \/>\nFIAT Ritmo I Cabrio<br \/>\n1.6 100, A\u00f1o 10.1985 &#8211; 12.1987, 1585 ccm, 100 cv<br \/>\n1.6 100, A\u00f1o 10.1985 &#8211; 12.1987, 1585 ccm, 105 cv<br \/>\n50 1.3, A\u00f1o 10.1985 &#8211; 12.1987, 1302 ccm, 68 cv<br \/>\n1.5 80, A\u00f1o 03.1983 &#8211; 12.1986, 1498 ccm, 82 cv<br \/>\n1.5 80, A\u00f1o 01.1980 &#8211; 07.1989, 1498 ccm, 86 cv<br \/>\nFIAT Ritmo I Hatchback (138)<br \/>\n1.0, A\u00f1o 09.1978 &#8211; 09.1982, 1049 ccm, 60 cv<br \/>\n1.1, A\u00f1o 10.1982 &#8211; 12.1987, 1116 ccm, 55 cv<br \/>\n1.1, A\u00f1o 04.1985 &#8211; 12.1987, 1116 ccm, 58 cv<br \/>\n1.1, A\u00f1o 08.1980 &#8211; 08.1988, 1116 ccm, 60 cv<br \/>\n1.3, A\u00f1o 01.1978 &#8211; 08.1985, 1301 ccm, 65 cv<br \/>\n1.3, A\u00f1o 01.1983 &#8211; 04.1985, 1301 ccm, 68 cv<br \/>\n1.3, A\u00f1o 01.1981 &#8211; 09.1982, 1301 ccm, 75 cv<br \/>\n1.5, A\u00f1o 01.1978 &#8211; 12.1988, 1498 ccm, 75 cv<br \/>\n1.5, A\u00f1o 08.1985 &#8211; 05.1987, 1498 ccm, 79 cv<br \/>\n1.5, A\u00f1o 01.1983 &#8211; 12.1987, 1498 ccm, 82 cv<br \/>\n1.5, A\u00f1o 01.1981 &#8211; 05.1987, 1498 ccm, 85 cv<br \/>\n1.6, A\u00f1o 12.1985 &#8211; 12.1987, 1585 ccm, 90 cv<br \/>\n1.6, A\u00f1o 01.1983 &#8211; 12.1987, 1585 ccm, 100 cv<br \/>\n1.6, A\u00f1o 05.1981 &#8211; 12.1987, 1585 ccm, 105 cv<br \/>\n1.7 Diesel, A\u00f1o 10.1979 &#8211; 09.1982, 1714 ccm, 55 cv<br \/>\n1.7 Diesel, A\u00f1o 05.1985 &#8211; 12.1987, 1698 ccm, 60 cv<br \/>\n1.9 TD, A\u00f1o 12.1985 &#8211; 12.1987, 1929 ccm, 80 cv<br \/>\nABARTH Ritmo (138A_)<br \/>\n125 TC 2.0 (138.A_), A\u00f1o 11.1981 &#8211; 12.1987, 1995 ccm, 125 cv<br \/>\n130 TC 2.0 (138.A_), A\u00f1o 04.1983 &#8211; 12.1987, 1995 ccm, 130 cv<br \/>\nFIAT Tempra Berlina (159)<br \/>\n1.4 i.e. (159.AA), A\u00f1o 03.1991 &#8211; 08.1996, 1372 ccm, 78 cv<br \/>\n1.4 i.e., A\u00f1o 04.1990 &#8211; 08.1996, 1372 ccm, 69 cv<br \/>\n1.6 (159.AD), A\u00f1o 03.1990 &#8211; 04.1994, 1581 ccm, 86 cv<br \/>\n1.6 (159AS, 159AT), A\u00f1o 04.1990 &#8211; 07.1996, 1581 ccm, 69 cv<br \/>\n1.6 i.e., A\u00f1o 06.1990 &#8211; 07.1992, 1581 ccm, 78 cv<br \/>\n1.6 i.e., A\u00f1o 06.1994 &#8211; 08.1996, 1581 ccm, 87 cv<br \/>\n1.6 i.e., A\u00f1o 06.1994 &#8211; 08.1996, 1581 ccm, 90 cv<br \/>\n1.6 i.e., A\u00f1o 06.1992 &#8211; 08.1996, 1581 ccm, 75 cv<br \/>\n1.8 i.e., A\u00f1o 03.1992 &#8211; 08.1996, 1756 ccm, 105 cv<br \/>\n1.8 i.e., A\u00f1o 03.1990 &#8211; 08.1996, 1756 ccm, 110 cv<br \/>\n1.8 i.e., A\u00f1o 09.1993 &#8211; 08.1996, 1756 ccm, 103 cv<br \/>\n1.8 i.e., A\u00f1o 09.1993 &#8211; 08.1996, 1756 ccm, 90 cv<br \/>\n1.8 i.e., A\u00f1o 10.1994 &#8211; 08.1996, 1756 ccm, 101 cv<br \/>\n1.9 D, A\u00f1o 07.1991 &#8211; 08.1996, 1929 ccm, 65 cv<br \/>\n1.9 TD, A\u00f1o 07.1992 &#8211; 08.1996, 1929 ccm, 80 cv<br \/>\n1.9 TD, A\u00f1o 05.1990 &#8211; 08.1996, 1929 ccm, 90 cv<br \/>\n2.0, A\u00f1o 04.1990 &#8211; 06.1993, 1995 ccm, 109 cv<br \/>\n2.0, A\u00f1o 05.1994 &#8211; 12.1998, 1995 ccm, 110 cv<br \/>\n2.0 i.e. (159.AP), A\u00f1o 10.1990 &#8211; 09.1996, 1995 ccm, 113 cv<br \/>\nFIAT Tempra S.W. (159)<br \/>\n1.4 i.e., A\u00f1o 03.1991 &#8211; 08.1996, 1372 ccm, 78 cv<br \/>\n1.4 i.e., A\u00f1o 10.1992 &#8211; 08.1996, 1372 ccm, 69 cv<br \/>\n1.6, A\u00f1o 07.1993 &#8211; 07.1996, 1581 ccm, 69 cv<br \/>\n1.6, A\u00f1o 12.1990 &#8211; 04.1993, 1581 ccm, 86 cv<br \/>\n1.6 i.e., A\u00f1o 10.1990 &#8211; 08.1996, 1581 ccm, 78 cv<br \/>\n1.6 i.e., A\u00f1o 06.1994 &#8211; 08.1996, 1581 ccm, 90 cv<br \/>\n1.6 i.e., A\u00f1o 10.1992 &#8211; 08.1996, 1581 ccm, 75 cv<br \/>\n1.8 i.e. (159.AM), A\u00f1o 03.1990 &#8211; 08.1996, 1756 ccm, 110 cv<br \/>\n1.8 i.e., A\u00f1o 03.1992 &#8211; 12.1993, 1756 ccm, 105 cv<br \/>\n1.8 i.e., A\u00f1o 09.1993 &#8211; 08.1996, 1756 ccm, 103 cv<br \/>\n1.8 i.e., A\u00f1o 09.1993 &#8211; 08.1996, 1756 ccm, 90 cv<br \/>\n1.8 i.e., A\u00f1o 10.1994 &#8211; 08.1996, 1756 ccm, 101 cv<br \/>\n1.9 D, A\u00f1o 07.1991 &#8211; 08.1996, 1929 ccm, 65 cv<br \/>\n1.9 TD, A\u00f1o 07.1991 &#8211; 03.1995, 1929 ccm, 90 cv<br \/>\n1.9 TD, A\u00f1o 03.1992 &#8211; 06.1993, 1929 ccm, 80 cv<br \/>\n2.0, A\u00f1o 04.1991 &#8211; 06.1993, 1995 ccm, 109 cv<br \/>\n2.0 i.e., A\u00f1o 01.1991 &#8211; 03.1995, 1995 ccm, 113 cv<br \/>\n2.0 i.e. 4&#215;4, A\u00f1o 03.1992 &#8211; 03.1995, 1995 ccm, 113 cv<br \/>\nFIAT Tipo Hatchback (160)<br \/>\n1.1, A\u00f1o 01.1988 &#8211; 10.1991, 1108 ccm, 56 cv<br \/>\n1.4, A\u00f1o 07.1987 &#8211; 12.1989, 1372 ccm, 71 cv<br \/>\n1.4 i.e., A\u00f1o 05.1989 &#8211; 04.1995, 1372 ccm, 78 cv<br \/>\n1.4 i.e., A\u00f1o 05.1989 &#8211; 04.1995, 1372 ccm, 70 cv<br \/>\n1.6, A\u00f1o 03.1993 &#8211; 10.1995, 1581 ccm, 76 cv<br \/>\n1.6, A\u00f1o 03.1988 &#8211; 10.1992, 1581 ccm, 79 cv<br \/>\n1.6, A\u00f1o 01.1988 &#8211; 10.1991, 1581 ccm, 83 cv<br \/>\n1.6 i.e., A\u00f1o 02.1988 &#8211; 05.1991, 1595 ccm, 90 cv<br \/>\n1.6 i.e., A\u00f1o 10.1992 &#8211; 04.1995, 1581 ccm, 75 cv<br \/>\n1.6 i.e., A\u00f1o 07.1990 &#8211; 01.1993, 1581 ccm, 78 cv<br \/>\n1.6 SX DGT, A\u00f1o 05.1989 &#8211; 10.1995, 1581 ccm, 90 cv<br \/>\n1.7 D, A\u00f1o 01.1988 &#8211; 10.1994, 1697 ccm, 58 cv<br \/>\n1.7 D, A\u00f1o 01.1988 &#8211; 10.1995, 1697 ccm, 61 cv<br \/>\n1.8 i.e, A\u00f1o 03.1993 &#8211; 04.1995, 1756 ccm, 97 cv<br \/>\n1.8 i.e., A\u00f1o 09.1993 &#8211; 04.1995, 1756 ccm, 90 cv<br \/>\n1.8 i.e., A\u00f1o 10.1990 &#8211; 06.1993, 1756 ccm, 110 cv<br \/>\n1.8 i.e., A\u00f1o 10.1990 &#8211; 06.1993, 1756 ccm, 105 cv<br \/>\n1.8 i.e., A\u00f1o 04.1993 &#8211; 04.1995, 1756 ccm, 103 cv<br \/>\n1.8 i.e., A\u00f1o 10.1994 &#8211; 10.1995, 1756 ccm, 101 cv<br \/>\n1.8 i.e.16V Sport, A\u00f1o 11.1989 &#8211; 06.1992, 1756 ccm, 136 cv<br \/>\n1.9 D, A\u00f1o 07.1991 &#8211; 08.1995, 1929 ccm, 65 cv<br \/>\n1.9 TD, A\u00f1o 03.1992 &#8211; 06.1993, 1929 ccm, 80 cv<br \/>\n1.9 TD, A\u00f1o 09.1990 &#8211; 04.1995, 1929 ccm, 90 cv<br \/>\n1.9 TD (160AR), A\u00f1o 04.1990 &#8211; 10.1992, 1929 ccm, 94 cv<br \/>\n2.0, A\u00f1o 10.1990 &#8211; 10.1992, 1995 ccm, 116 cv<br \/>\n2.0 16V, A\u00f1o 07.1991 &#8211; 04.1995, 1995 ccm, 146 cv<br \/>\n2.0 i.e. (160.AJ, 1607571), A\u00f1o 06.1990 &#8211; 03.1992, 1995 ccm, 109 cv<br \/>\n2.0 i.e., A\u00f1o 03.1990 &#8211; 04.1995, 1995 ccm, 113 cv<br \/>\n2.0 i.e. 16V Sport, A\u00f1o 03.1993 &#8211; 04.1995, 1995 ccm, 139 cv<br \/>\nFIAT Uno Hatchback (146)<br \/>\n0.9, A\u00f1o 02.1984 &#8211; 08.1989, 903 ccm, 41 cv<br \/>\n1.0, A\u00f1o 08.1990 &#8211; 06.2001, 994 ccm, 48 cv<br \/>\n1.0, A\u00f1o 05.1993 &#8211; 06.2001, 994 ccm, 57 cv<br \/>\n1.0 (146E), A\u00f1o 06.1989 &#8211; 02.1992, 999 ccm, 42 cv<br \/>\n1.0 (146E), A\u00f1o 05.1993 &#8211; 08.2000, 994 ccm, 56 cv<br \/>\n1.0 iE, A\u00f1o 05.1998 &#8211; 08.2000, 999 ccm, 46 cv<br \/>\n1.0 Mille Fire MPI, A\u00f1o 06.2001 &#8211; 12.2003, 999 ccm, 54 cv<br \/>\n1.1, A\u00f1o 04.1986 &#8211; 06.2006, 1108 ccm, 56 cv<br \/>\n1.1, A\u00f1o 10.1988 &#8211; 06.2006, 1108 ccm, 58 cv<br \/>\n1.3 MPI, A\u00f1o 03.2002 &#8211; 10.2005, 1297 ccm, 71 cv<br \/>\n1.3 Super di\u00e9sel, A\u00f1o 06.1983 &#8211; 03.1992, 1302 ccm, 45 cv<br \/>\n1.3 Turbo i.e., A\u00f1o 01.1987 &#8211; 12.1987, 1301 ccm, 99 cv<br \/>\n1.3 Turbo i.e., A\u00f1o 09.1989 &#8211; 03.1991, 1301 ccm, 101 cv<br \/>\n1.3 Turbo i.e., A\u00f1o 04.1985 &#8211; 08.1989, 1301 ccm, 105 cv<br \/>\n1.4, A\u00f1o 01.1989 &#8211; 12.1991, 1372 ccm, 101 cv<br \/>\n1.4 Turbo, A\u00f1o 10.1988 &#8211; 08.2000, 1372 ccm, 105 cv<br \/>\n1.4 Turbo i.e., A\u00f1o 09.1989 &#8211; 09.1993, 1372 ccm, 112 cv<br \/>\n1.4 Turbo i.e., A\u00f1o 12.1989 &#8211; 12.1996, 1372 ccm, 118 cv<br \/>\n1.6, A\u00f1o 12.1989 &#8211; 04.1993, 1581 ccm, 88 cv<br \/>\n1.6 R, A\u00f1o 05.1993 &#8211; 12.1995, 1581 ccm, 90 cv<br \/>\n1.7 D, A\u00f1o 11.1994 &#8211; 08.2000, 1697 ccm, 58 cv<br \/>\n1.9 D, A\u00f1o 09.1989 &#8211; 03.1994, 1929 ccm, 60 cv<br \/>\n45 0.9, A\u00f1o 03.1983 &#8211; 09.1992, 903 ccm, 45 cv<br \/>\n0.9 45, A\u00f1o 02.1984 &#8211; 12.1988, 903 ccm, 46 cv<br \/>\n1.0 45, A\u00f1o 06.1986 &#8211; 12.1993, 999 ccm, 44 cv<br \/>\n45 i.e. 1.0 (146E, 146A), A\u00f1o 10.1984 &#8211; 10.1995, 999 ccm, 45 cv<br \/>\n1.1 50, A\u00f1o 01.1990 &#8211; 12.1993, 1108 ccm, 50 cv<br \/>\n1.1 50, A\u00f1o 01.1986 &#8211; 12.1989, 1116 ccm, 50 cv<br \/>\n1.1 i.e. 50, A\u00f1o 06.1992 &#8211; 12.1993, 1116 ccm, 49 cv<br \/>\n1.1 55, A\u00f1o 01.1983 &#8211; 08.1989, 1116 ccm, 54 cv<br \/>\n1.1 60, A\u00f1o 04.1989 &#8211; 12.1992, 1108 ccm, 57 cv<br \/>\n1.1 60, A\u00f1o 05.1985 &#8211; 08.1989, 1116 ccm, 58 cv<br \/>\n1.7 Di\u00e9sel 60, A\u00f1o 07.1986 &#8211; 08.1989, 1698 ccm, 60 cv<br \/>\n60 Diesel 1.7 (146E), A\u00f1o 09.1989 &#8211; 12.1993, 1698 ccm, 57 cv<br \/>\n1.3 70, A\u00f1o 05.1985 &#8211; 08.1989, 1302 ccm, 65 cv<br \/>\n1.3 70, A\u00f1o 01.1983 &#8211; 04.1985, 1302 ccm, 68 cv<br \/>\n1.4 i.e. 70, A\u00f1o 09.1989 &#8211; 07.1996, 1372 ccm, 70 cv<br \/>\n1.4 i.e. 70, A\u00f1o 09.1989 &#8211; 12.1993, 1372 ccm, 72 cv<br \/>\n1.4 S 70, A\u00f1o 10.1988 &#8211; 06.2006, 1372 ccm, 71 cv<br \/>\n1.4 TD 70, A\u00f1o 10.1986 &#8211; 10.1990, 1367 ccm, 71 cv<br \/>\n75 i.e. 1.5, A\u00f1o 10.1985 &#8211; 12.1993, 1498 ccm, 75 cv<br \/>\nFIAT Brava Hatchback (182)<br \/>\n1.2 16V 80, A\u00f1o 10.2000 &#8211; 10.2001, 1242 ccm, 80 cv<br \/>\n1.2 16V 80, A\u00f1o 12.1998 &#8211; 12.2002, 1242 ccm, 82 cv<br \/>\n1.4, A\u00f1o 10.1995 &#8211; 10.2001, 1370 ccm, 75 cv<br \/>\n1.4 12 V, A\u00f1o 10.1995 &#8211; 08.1998, 1370 ccm, 80 cv<br \/>\n1.6 16V, A\u00f1o 02.1996 &#8211; 10.2001, 1581 ccm, 103 cv<br \/>\n1.6 16V (182.BB), A\u00f1o 08.1999 &#8211; 03.2000, 1581 ccm, 106 cv<br \/>\n1.6 16V, A\u00f1o 10.1995 &#8211; 10.2001, 1581 ccm, 90 cv<br \/>\n1.6 16V, A\u00f1o 01.1999 &#8211; 12.2002, 1596 ccm, 103 cv<br \/>\n1.8 GT 16V (182.BC), A\u00f1o 10.1995 &#8211; 08.2001, 1747 ccm, 113 cv<br \/>\n1.9 D, A\u00f1o 10.1995 &#8211; 10.2001, 1929 ccm, 65 cv<br \/>\n1.9 JTD, A\u00f1o 09.2000 &#8211; 10.2001, 1910 ccm, 100 cv<br \/>\n1.9 JTD 105, A\u00f1o 12.1998 &#8211; 10.2001, 1910 ccm, 105 cv<br \/>\n1.9 TD 100 S, A\u00f1o 03.1996 &#8211; 10.2001, 1910 ccm, 100 cv<br \/>\n1.9 TD 75 S, A\u00f1o 03.1996 &#8211; 10.2001, 1910 ccm, 75 cv<br \/>\nFIAT Bravo I Hatchback (182)<br \/>\n1.2 16V 80, A\u00f1o 10.2000 &#8211; 10.2001, 1242 ccm, 80 cv<br \/>\n1.2 16V 80, A\u00f1o 12.1998 &#8211; 10.2000, 1242 ccm, 82 cv<br \/>\n1.4, A\u00f1o 10.1995 &#8211; 10.2001, 1370 ccm, 80 cv<br \/>\n1.4, A\u00f1o 10.1995 &#8211; 10.2001, 1370 ccm, 75 cv<br \/>\n1.6, A\u00f1o 09.2000 &#8211; 10.2001, 1596 ccm, 103 cv<br \/>\n1.6 16V, A\u00f1o 03.1996 &#8211; 10.2001, 1581 ccm, 103 cv<br \/>\n1.6 16V, A\u00f1o 10.1995 &#8211; 10.2001, 1581 ccm, 90 cv<br \/>\n1.8 GT, A\u00f1o 10.1995 &#8211; 10.2001, 1747 ccm, 113 cv<br \/>\n1.9 D, A\u00f1o 10.1995 &#8211; 10.2001, 1929 ccm, 65 cv<br \/>\n1.9 JTD, A\u00f1o 09.2000 &#8211; 10.2001, 1910 ccm, 100 cv<br \/>\n1.9 JTD 105, A\u00f1o 12.1998 &#8211; 10.2001, 1910 ccm, 105 cv<br \/>\n1.9 TD 100 S, A\u00f1o 03.1996 &#8211; 10.2001, 1910 ccm, 100 cv<br \/>\n1.9 TD 75 S, A\u00f1o 03.1996 &#8211; 10.2001, 1910 ccm, 75 cv<br \/>\nFIAT Duna (146)<br \/>\n60 1.1, A\u00f1o 01.1987 &#8211; 12.1991, 1116 ccm, 58 cv<br \/>\n70 1.3, A\u00f1o 01.1987 &#8211; 12.1991, 1301 ccm, 67 cv<br \/>\nFIAT Uno Furg\u00f3n (146)<br \/>\n1.7 D, A\u00f1o 02.1988 &#8211; 02.1992, 1697 ccm, 58 cv<br \/>\n0.9 45, A\u00f1o 02.1988 &#8211; 07.1996, 903 ccm, 45 cv<\/p>\n<p>LANCIA Dedra Berlina (835)<br \/>\n1.6 16V, A\u00f1o 01.1996 &#8211; 07.1999, 1581 ccm, 103 cv<br \/>\n1.6 i.e., A\u00f1o 08.1989 &#8211; 06.1994, 1581 ccm, 90 cv<br \/>\n1.6 i.e., A\u00f1o 08.1989 &#8211; 03.1993, 1581 ccm, 78 cv<br \/>\n1.6 i.e., A\u00f1o 04.1993 &#8211; 07.1999, 1581 ccm, 75 cv<br \/>\n1.6 LE Cat (835EB), A\u00f1o 07.1994 &#8211; 07.1999, 1581 ccm, 90 cv<br \/>\n1.8 16V LE, A\u00f1o 03.1996 &#8211; 07.1999, 1747 ccm, 113 cv<br \/>\n1.8 GT 16V, A\u00f1o 03.1996 &#8211; 07.1999, 1747 ccm, 131 cv<br \/>\n1.8 i.e., A\u00f1o 09.1989 &#8211; 06.1994, 1756 ccm, 109 cv<br \/>\n1.8 i.e., A\u00f1o 08.1993 &#8211; 07.1999, 1756 ccm, 90 cv<br \/>\n1.8 i.e., A\u00f1o 09.1989 &#8211; 07.1999, 1756 ccm, 105 cv<br \/>\n1.8 i.e., A\u00f1o 07.1994 &#8211; 07.1999, 1756 ccm, 101 cv<br \/>\n1.9 TDS, A\u00f1o 04.1989 &#8211; 07.1999, 1929 ccm, 90 cv<br \/>\n2.0 16V, A\u00f1o 07.1994 &#8211; 07.1999, 1995 ccm, 139 cv<br \/>\n2.0 HF Integrale, A\u00f1o 11.1990 &#8211; 07.1994, 1995 ccm, 169 cv<br \/>\n2.0 i.e., A\u00f1o 09.1989 &#8211; 07.1992, 1995 ccm, 117 cv<br \/>\n2.0 i.e., A\u00f1o 09.1989 &#8211; 07.1999, 1995 ccm, 113 cv<br \/>\n2.0 i.e. Turbo, A\u00f1o 04.1991 &#8211; 07.1999, 1995 ccm, 162 cv<br \/>\n2.0 i.e. Turbo Integrale (835AO), A\u00f1o 04.1990 &#8211; 08.1991, 1995 ccm, 165 cv<br \/>\n2.0 Turbo, A\u00f1o 11.1990 &#8211; 06.1994, 1995 ccm, 177 cv<br \/>\nLANCIA Delta I (831)<br \/>\n1.1, A\u00f1o 01.1986 &#8211; 12.1990, 1116 ccm, 64 cv<br \/>\n1.3 (831.AB), A\u00f1o 09.1983 &#8211; 08.1992, 1301 ccm, 79 cv<br \/>\n1.3, A\u00f1o 09.1979 &#8211; 08.1992, 1301 ccm, 75 cv<br \/>\n1.5, A\u00f1o 09.1979 &#8211; 12.1992, 1498 ccm, 86 cv<br \/>\n1.6 GT (831AB.06), A\u00f1o 11.1982 &#8211; 04.1986, 1585 ccm, 105 cv<br \/>\n1.6 GT i.e., A\u00f1o 05.1987 &#8211; 08.1992, 1585 ccm, 90 cv<br \/>\n1.6 GT i.e., A\u00f1o 08.1986 &#8211; 08.1988, 1585 ccm, 109 cv<br \/>\n1.6 HF Turbo, A\u00f1o 08.1986 &#8211; 05.1993, 1585 ccm, 166 cv<br \/>\n1.6 HF Turbo (831AB.0), A\u00f1o 10.1983 &#8211; 12.1986, 1585 ccm, 131 cv<br \/>\n1.6 HF Turbo, A\u00f1o 08.1986 &#8211; 08.1988, 1585 ccm, 140 cv<br \/>\n1.6 HF Turbo, A\u00f1o 04.1987 &#8211; 03.1989, 1585 ccm, 132 cv<br \/>\n1.9 Turbo DS, A\u00f1o 10.1986 &#8211; 12.1989, 1929 ccm, 80 cv<br \/>\n2.0 16V HF Evo I Integrale (831.AB), A\u00f1o 09.1991 &#8211; 12.1992, 1995 ccm, 209 cv<br \/>\n2.0 16V HF Evo II Integrale (831.AB), A\u00f1o 06.1993 &#8211; 01.1994, 1995 ccm, 215 cv<br \/>\n2.0 16V HF Evo Integrale (831AB.000), A\u00f1o 06.1991 &#8211; 01.1994, 1995 ccm, 205 cv<br \/>\n2.0 16V HF Evo Integrale, A\u00f1o 06.1993 &#8211; 01.1994, 1995 ccm, 211 cv<br \/>\n2.0 16V HF Integrale, A\u00f1o 03.1989 &#8211; 09.1991, 1995 ccm, 196 cv<br \/>\n2.0 HF Integrale, A\u00f1o 11.1986 &#8211; 08.1988, 1995 ccm, 166 cv<br \/>\n2.0 HF Integrale, A\u00f1o 10.1987 &#8211; 12.1991, 1995 ccm, 181 cv<br \/>\n2.0 HF Integrale, A\u00f1o 12.1986 &#8211; 12.1992, 1995 ccm, 177 cv<br \/>\nLANCIA Prisma (831)<br \/>\n1.3 (831AB), A\u00f1o 01.1983 &#8211; 12.1989, 1301 ccm, 79 cv<br \/>\n1.5 (831AB), A\u00f1o 09.1985 &#8211; 02.1992, 1498 ccm, 75 cv<br \/>\n1.5 (831AB), A\u00f1o 05.1986 &#8211; 07.1989, 1498 ccm, 80 cv<br \/>\n1.5 (831AB), A\u00f1o 01.1983 &#8211; 04.1986, 1498 ccm, 86 cv<br \/>\n1.6 (831AB), A\u00f1o 08.1986 &#8211; 02.1992, 1585 ccm, 99 cv<br \/>\n1.6 (831AB), A\u00f1o 01.1983 &#8211; 04.1986, 1585 ccm, 105 cv<br \/>\n1.6 i.e. (831AB), A\u00f1o 05.1986 &#8211; 12.1989, 1585 ccm, 109 cv<br \/>\n1.6 i.e. Super (831AB), A\u00f1o 05.1987 &#8211; 12.1989, 1585 ccm, 90 cv<br \/>\n1.9 Diesel (831AB), A\u00f1o 01.1983 &#8211; 02.1992, 1911 ccm, 65 cv<br \/>\n1.9 Turbo Diesel (831AB), A\u00f1o 05.1985 &#8211; 12.1989, 1928 ccm, 80 cv<br \/>\n2.0 i.e. A las 4 ruedas (831AB), A\u00f1o 04.1986 &#8211; 12.1989, 1995 ccm, 115 cv<br \/>\nLANCIA Dedra Familiar (835)<br \/>\n1.6, A\u00f1o 10.1994 &#8211; 07.1999, 1581 ccm, 90 cv<br \/>\n1.6 16V, A\u00f1o 01.1996 &#8211; 07.1999, 1581 ccm, 103 cv<br \/>\n1.8 16V LE, A\u00f1o 03.1996 &#8211; 07.1999, 1747 ccm, 113 cv<br \/>\n1.8 GT 16V, A\u00f1o 03.1996 &#8211; 07.1999, 1747 ccm, 131 cv<br \/>\n1.8 i.e., A\u00f1o 07.1994 &#8211; 07.1999, 1756 ccm, 101 cv<br \/>\n1.9 TDS, A\u00f1o 07.1994 &#8211; 07.1999, 1929 ccm, 90 cv<br \/>\n2.0 16V, A\u00f1o 07.1994 &#8211; 07.1999, 1995 ccm, 139 cv<br \/>\n2.0 Integrale, A\u00f1o 07.1994 &#8211; 07.1999, 1995 ccm, 139 cv<\/p>\n<p>SEAT Ronda (022A)<br \/>\n1.2, A\u00f1o 10.1984 &#8211; 12.1986, 1193 ccm, 60 cv<br \/>\n1.2, A\u00f1o 08.1983 &#8211; 05.1985, 1197 ccm, 64 cv<br \/>\n1.4, A\u00f1o 06.1982 &#8211; 11.1988, 1438 ccm, 73 cv<br \/>\n1.5, A\u00f1o 09.1984 &#8211; 12.1986, 1461 ccm, 85 cv<br \/>\n1.6, A\u00f1o 08.1983 &#8211; 09.1985, 1592 ccm, 92 cv<br \/>\n1.7 Di\u00e9sel, A\u00f1o 06.1982 &#8211; 12.1986, 1714 ccm, 54 cv<br \/>\n1.7 Di\u00e9sel, A\u00f1o 06.1982 &#8211; 12.1986, 1714 ccm, 56 cv<br \/>\nSEAT Malaga (023A)<br \/>\n1.2, A\u00f1o 05.1985 &#8211; 12.1993, 1193 ccm, 60 cv<br \/>\n1.2, A\u00f1o 11.1984 &#8211; 12.1993, 1193 ccm, 64 cv<br \/>\n1.2 i, A\u00f1o 12.1989 &#8211; 12.1993, 1193 ccm, 71 cv<br \/>\n1.5, A\u00f1o 05.1985 &#8211; 12.1993, 1461 ccm, 85 cv<br \/>\n1.5 i, A\u00f1o 01.1987 &#8211; 12.1993, 1461 ccm, 100 cv<br \/>\n1.5 i Cat, A\u00f1o 10.1986 &#8211; 12.1993, 1461 ccm, 90 cv<br \/>\n1.7 D, A\u00f1o 05.1985 &#8211; 12.1993, 1714 ccm, 54 cv<br \/>\n1.7 D, A\u00f1o 05.1990 &#8211; 12.1993, 1714 ccm, 57 cv<br \/>\nSEAT Ibiza I Hatchback (021A)<br \/>\n0.9, A\u00f1o 08.1990 &#8211; 05.1993, 903 ccm, 40 cv<br \/>\n0.9, A\u00f1o 08.1986 &#8211; 05.1993, 903 ccm, 44 cv<br \/>\n1.2, A\u00f1o 11.1984 &#8211; 12.1993, 1193 ccm, 60 cv<br \/>\n1.2, A\u00f1o 11.1984 &#8211; 12.1993, 1193 ccm, 63 cv<br \/>\n1.2 i, A\u00f1o 01.1989 &#8211; 05.1993, 1193 ccm, 71 cv<br \/>\n1.5, A\u00f1o 11.1984 &#8211; 05.1993, 1461 ccm, 85 cv<br \/>\n1.5, A\u00f1o 10.1986 &#8211; 05.1993, 1461 ccm, 87 cv<br \/>\n1.5 i, A\u00f1o 10.1986 &#8211; 05.1993, 1461 ccm, 89 cv<br \/>\n1.5 i, A\u00f1o 10.1986 &#8211; 05.1993, 1461 ccm, 100 cv<br \/>\n1.5 i Cat, A\u00f1o 10.1986 &#8211; 05.1993, 1461 ccm, 90 cv<br \/>\n1.7, A\u00f1o 01.1991 &#8211; 05.1993, 1675 ccm, 98 cv<br \/>\n1.7 D, A\u00f1o 06.1984 &#8211; 05.1993, 1714 ccm, 54 cv<br \/>\n1.7 D, A\u00f1o 08.1990 &#8211; 05.1993, 1714 ccm, 57 cv<br \/>\nSEAT Ritmo (138)<br \/>\n1.4, A\u00f1o 07.1978 &#8211; 09.1983, 1438 ccm, 78 cv<br \/>\n1.7 D, A\u00f1o 10.1979 &#8211; 09.1983, 1714 ccm, 56 cv<\/p>\n<p>LA PIEZA ES NUEVA Y ORIGINAL.<\/p>\n","protected":false},"excerpt":{"rendered":"<p>Tirante de la cremallera de direcci\u00f3n de: Largo total: 280 mm M\u00e9trica macho: 12&#215;1,5 M\u00e9trica hembra: 14&#215;1,5 FIAT Regata (138) 1.6 Super 100, A\u00f1o 10.1983 &#8211; 07.1989, 1585 ccm, 95 cv 1.6 Super 100, A\u00f1o 10.1983 &#8211; 12.1990, 1585 ccm, 101 cv 1.7 Di\u00e9sel 60, A\u00f1o 09.1983 &#8211; 12.1986, 1714 ccm, 58 cv 1.7 Di\u00e9sel [&hellip;]<\/p>\n","protected":false},"featured_media":81824,"template":"","meta":{"_seopress_robots_primary_cat":"","_seopress_titles_title":"","_seopress_titles_desc":"","_seopress_robots_index":""},"product_cat":[81,82,117,118,89,20,162,21,164,123,102,103,198,165,26,111,112,114],"product_tag":[],"class_list":{"0":"post-9650","1":"product","2":"type-product","3":"status-publish","4":"has-post-thumbnail","6":"product_cat-recambios-fiat-brava","7":"product_cat-recambios-fiat-bravo","8":"product_cat-recambios-lancia-dedra","9":"product_cat-recambios-lancia-delta","10":"product_cat-recambios-fiat-duna","11":"product_cat-recambios-fiat","12":"product_cat-recambios-seat-ibiza","13":"product_cat-recambios-lancia","14":"product_cat-recambios-seat-malaga","15":"product_cat-recambios-lancia-prisma","16":"product_cat-recambios-fiat-regata","17":"product_cat-recambios-fiat-ritmo","18":"product_cat-recambios-seat-ritmo","19":"product_cat-recambios-seat-ronda","20":"product_cat-recambios-seat","21":"product_cat-recambios-fiat-tempra","22":"product_cat-recambios-fiat-tipo","23":"product_cat-recambios-fiat-uno","25":"first","26":"outofstock","27":"taxable","28":"shipping-taxable","29":"purchasable","30":"product-type-simple"},"_links":{"self":[{"href":"https:\/\/galicianparts.com\/shop\/wp-json\/wp\/v2\/product\/9650"}],"collection":[{"href":"https:\/\/galicianparts.com\/shop\/wp-json\/wp\/v2\/product"}],"about":[{"href":"https:\/\/galicianparts.com\/shop\/wp-json\/wp\/v2\/types\/product"}],"wp:featuredmedia":[{"embeddable":true,"href":"https:\/\/galicianparts.com\/shop\/wp-json\/wp\/v2\/media\/81824"}],"wp:attachment":[{"href":"https:\/\/galicianparts.com\/shop\/wp-json\/wp\/v2\/media?parent=9650"}],"wp:term":[{"taxonomy":"product_cat","embeddable":true,"href":"https:\/\/galicianparts.com\/shop\/wp-json\/wp\/v2\/product_cat?post=9650"},{"taxonomy":"product_tag","embeddable":true,"href":"https:\/\/galicianparts.com\/shop\/wp-json\/wp\/v2\/product_tag?post=9650"}],"curies":[{"name":"wp","href":"https:\/\/api.w.org\/{rel}","templated":true}]}}