{"id":96629,"date":"2025-05-21T13:02:34","date_gmt":"2025-05-21T11:02:34","guid":{"rendered":"https:\/\/galicianparts.com\/shop\/producto\/82419636-goma-soporte-radiador-lancia-thema-fiat-croma-bravo-alfa-gt-147-original\/"},"modified":"2025-06-29T18:55:11","modified_gmt":"2025-06-29T16:55:11","slug":"82419636-goma-soporte-radiador-lancia-thema-fiat-croma-bravo-alfa-gt-147-original","status":"publish","type":"product","link":"https:\/\/galicianparts.com\/shop\/producto\/82419636-goma-soporte-radiador-lancia-thema-fiat-croma-bravo-alfa-gt-147-original\/","title":{"rendered":"82419636 Goma soporte radiador Lancia Thema \/Fiat Croma \/Bravo \/Alfa GT \/147 ORIGINAL"},"content":{"rendered":"<p>Silentblock del soporte inferior del radiador, goma del anclaje del filtro de aire o del soporte inferior del intercooler de:<br \/>\nDi\u00e1metro interior: 16mm<br \/>\nDi\u00e1metro: 35mm<br \/>\nDi\u00e1metro anclaje: 22mm<br \/>\nFIAT &#8211; 1V BRAVA (1995-1998) 1370 SPI 12V 80CV \/ 1370 SPI 12V 75CV \/ AIRE ACONDICIONADO<br \/>\nFIAT &#8211; 1V BRAVA (1995-1998) 1580 MPI 16V 103CV \/ 1580 MPI 16V 90CV \/ 1580 MPI 16V EM 04 \/ AIRE ACONDICIONADO<br \/>\nFIAT &#8211; 1U BRAVO (1995-1998) 1370 SPI 12V 80CV \/ 1370 SPI 12V 75CV \/ AIRE ACONDICIONADO \/ PREDISPOSICION PARA ACONDICIONADOR<br \/>\nFIAT &#8211; 1U BRAVO (1995-1998) 1580 MPI 16V 103CV \/ 1580 MPI 16V 90CV \/ AIRE ACONDICIONADO \/ PREDISPOSICION PARA ACONDICIONADOR<br \/>\nFIAT &#8211; MZ CROMA CHT FL.90 (1990-1992)<br \/>\nFIAT &#8211; MY CROMA IE-IE TB. FL.90 (1990-1996) 2000 8V EM.04 IE WEBER<br \/>\nFIAT &#8211; MY CROMA IE-IE TB. FL.90 (1990-1996) 2000 8V USA&#8217;83 (MOT.154C3) \/ 2000 8V TURBO EM.04 \/ 2000 8V TURBO USA&#8217;83 \/ 2000 8V EM.04 IE BOSCH (SA)<br \/>\nFIAT &#8211; MY CROMA IE-IE TB. FL.90 (1990-1996) 2000 8V TURBO USA&#8217;83 \/ 2000 16V USA&#8217;83 \/ 2000 8V USA&#8217;83 (MOT.834B) \/ 2000 16V 91 RON (CINA)<br \/>\nFIAT &#8211; MY CROMA IE-IE TB. FL.90 (1990-1996) 2000 8V TURBO EM.04 \/ 2000 8V TURBO USA&#8217;83<br \/>\nFIAT &#8211; MY CROMA IE-IE TB. FL.90 (1990-1996)<br \/>\nFIAT &#8211; NQ CROMA IE. 2500 V6 (1993-1996)<br \/>\nFIAT &#8211; MJ CROMA TURBO DS FL.90 (1990-1996) 1930 (154D1.000)<br \/>\nFIAT &#8211; MJ CROMA TURBO DS FL.90 (1990-1996) 2500 (8144.97) \/ 2500 (8144.97S)<br \/>\nFIAT &#8211; MJ CROMA TURBO DS FL.90 (1990-1996) 2500 (8144.97Y) \/ EM 08 VERS.154LL<br \/>\nFIAT &#8211; MJ CROMA TURBO DS FL.90 (1990-1996) 2500 (8144.97Y) \/ USA&#8217;87 VERS.154PL<br \/>\nFIAT &#8211; MJ CROMA TURBO DS FL.90 (1990-1996) 2500 (8144.97Y)<br \/>\nFIAT &#8211; PU MAREA DIESEL (1996-1999) 2400 TD<br \/>\nALFA ROMEO &#8211; W8 147 (2000-2010) 1910\u00a0JTD\u00a0CF3\u00a08V\u00a0100CV\/74\u00a0KW \/ 1910\u00a0JTD\u00a0CF3\u00a08V\u00a0115CV\/85\u00a0KW \/ 1910\u00a0JTD\u00a0CF3\u00a016V\u00a0120CV\/93\u00a0KW \/ 1910\u00a0JTD\u00a016V\u00a0CF3\u00a0140CV\/103\u00a0KW \/ 1.9\u00a0JTD\u00a016V\u00a0CF3\u00a0136CV\/100KW\u00a0MENOR POT.\u00a0BEL. \/ 1.9\u00a0JTD\u00a016V\u00a0CF3\u00a0150CV\/110KW<br \/>\nALFA ROMEO &#8211; W8 147 (2000-2010) 1910\u00a0JTD\u00a0CF4\u00a08V\u00a0115CV\/85KW\u00a0MENOR POT\u00a0BEL. \/ 1.9\u00a0JTD\u00a08V\u00a0CF4 \/ 1910\u00a0JTD\u00a0CF4\u00a016V\u00a0136CV\/100KW\u00a0MENOR POT.\u00a0BEL. \/ 1.9\u00a0JTD\u00a016V\u00a0CF4 \/ 1910\u00a0JTD\u00a0CF4\u00a016V\u00a0170CV\/125KW\u00a0POTENCIADO<br \/>\nALFA ROMEO &#8211; W8 147 (2000-2010) 3200 GTA<br \/>\nALFA ROMEO &#8211; T7 156 BENZINA (1997-2002) 1600 T.S.(AR67601) \/ 1800 T.S. CF2 \/ 1600 T.S. (AR32102) \/ 1600 T.S. (AR32104) \/ 1600 T.S. (AR32103) \/ 1800 T.S. CF3<br \/>\nALFA ROMEO &#8211; T7 156 BENZINA (1997-2002) 2000 T.S. CF2 \/ 2000 T.S. BRASIL \/ 2000 T.S. CF3<br \/>\nALFA ROMEO &#8211; T7 156 BENZINA (1997-2002) 2500 V6 \/ 2500 V6 BRASIL \/ 2500 V6 CF3<br \/>\nALFA ROMEO &#8211; X1 156 M.Y.2002 BZ\/DS (2001-2005) 1910\u00a0JTD\u00a08V\u00a0115CV\/85KW \/ 1910 JTD 16V CF3 93KW \/ 1.9\u00a0JTD\u00a016V\u00a0CF3 \/ 1910\u00a0JTD\u00a0CF3\u00a016V\u00a0150CV\/110KW\u00a04X4 \/ 1910\u00a0JTD\u00a0CF3\u00a0136CV\/100KW\u00a0MENOR POT. BELGICA \/ 1910\u00a0JTD\u00a016V\u00a0CF4\u00a0150CV\/110KW\u00a04X2 \/ 1910JTD\u00a0CF4\u00a016V\u00a0126CV\/93KW\u00a0MENOR POT.\u00a0FRANCIA \/ 1910\u00a0JTD\u00a0CF4\u00a016V\u00a0150CV\/110KW\u00a04X4<br \/>\nALFA ROMEO &#8211; X1 156 M.Y.2002 BZ\/DS (2001-2005) 2400\u00a0JTD\u00a010V\u00a0150CV\/110\u00a0KW \/ 2400\u00a0JTD\u00a020V\u00a0175CV\/129\u00a0KW\u00a0C.MEC. \/ 2400\u00a0JTD\u00a0CF3\u00a0163CV\/120KW\u00a0MENOR POT. BELGICA<br \/>\nALFA ROMEO &#8211; X1 156 M.Y.2002 BZ\/DS (2001-2005) 1600 T.S. (AR32104) \/ 1600 T.S. (AR32103) \/ 1800 TS 16V<br \/>\nALFA ROMEO &#8211; X1 156 M.Y.2002 BZ\/DS (2001-2005) 2000 JTS 16V \/ 2000 TS 16V \/ 2000 JTS 16V BELG.<br \/>\nALFA ROMEO &#8211; X1 156 M.Y.2002 BZ\/DS (2001-2005) 2500 V6 24V \/ 3200 GTA<br \/>\nALFA ROMEO &#8211; T8 156 TD.ID. (1997-2002)<br \/>\nALFA ROMEO &#8211; W9 166 (1998-2007) CONDUCCION A\u00a0IZQUIERDA \/ SEDAN 98<br \/>\nALFA ROMEO &#8211; W9 166 (1998-2007) CONDUCCION A\u00a0IZQUIERDA \/ SEDAN 98 \/ 2000 TB V6 12V<br \/>\nALFA ROMEO &#8211; W9 166 (1998-2007) CONDUCCION\u00a0A DERECHA \/ SEDAN 98<br \/>\nALFA ROMEO &#8211; W9 166 (1998-2007) SEDAN 98 \/ CAMBIO AUTOMATICO<br \/>\nALFA ROMEO &#8211; W9 166 (1998-2007) 2400 JTD CF2 140CV\/103KW \/ SEDAN 98<br \/>\nALFA ROMEO &#8211; W9 166 (1998-2007) SEDAN 98 \/ 2400\u00a0JTD\u00a0CF3\u00a0140\u00a0CV\/103KW \/ 2400\u00a0JTD\u00a0CF3\u00a0150\u00a0CV\/110KW<br \/>\nALFA ROMEO &#8211; W9 166 (1998-2007) CONDUCCION A\u00a0IZQUIERDA \/ FL 03 PROGRESSION \/ 2000 T.S. 16V CF3 \/ 2500 V6 24V CF3 \/ 3000 V6 24V CF3 \/ 3000 V6 24V CF3 C.A. (BRASIL) \/ 3200 V6 24V<br \/>\nALFA ROMEO &#8211; W9 166 (1998-2007) CONDUCCION A\u00a0IZQUIERDA \/ FL 03 DISTINCTIVE \/ 2000 T.S. 16V CF3 \/ 2500 V6 24V CF3 \/ 3000 V6 24V CF3 \/ 3000 V6 24V CF3 C.A. (BRASIL) \/ 3200 V6 24V<br \/>\nALFA ROMEO &#8211; W9 166 (1998-2007) CONDUCCION A\u00a0IZQUIERDA \/ FL 03 BASIS \/ 2000 T.S. 16V CF3<br \/>\nALFA ROMEO &#8211; W9 166 (1998-2007) CONDUCCION\u00a0A DERECHA \/ FL 03 PROGRESSION \/ 2000 T.S. 16V CF3 \/ 2500 V6 24V CF3 \/ 3000 V6 24V CF3 \/ 3000 V6 24V CF3 C.A. (BRASIL) \/ 3200 V6 24V<br \/>\nALFA ROMEO &#8211; W9 166 BZ-DS (1998-2007) CONDUCCION\u00a0A DERECHA \/ FL 03 DISTINCTIVE \/ 2000 T.S. 16V CF3 \/ 2500 V6 24V CF3 \/ 3000 V6 24V CF3 \/ 3000 V6 24V CF3 C.A. (BRASIL) \/ 3200 V6 24V<br \/>\nALFA ROMEO &#8211; W9 166 (1998-2007) CONDUCCION A\u00a0IZQUIERDA \/ EQUIPAMIENTO LUXURY \/ 2000 T.S. 16V CF3 \/ 3000 V6 24V CF3 \/ 3000 V6 24V CF3 C.A. (BRASIL) \/ 3200 V6 24V<br \/>\nALFA ROMEO &#8211; W9 166 (1998-2007) CAMBIO AUTOMATICO \/ FL 03 PROGRESSION \/ 3000 V6 24V CF3 \/ 3000 V6 24V CF3 C.A. (BRASIL)<br \/>\nALFA ROMEO &#8211; W9 166 (1998-2007) CAMBIO AUTOMATICO \/ FL 03 DISTINCTIVE \/ 3000 V6 24V CF3<br \/>\nALFA ROMEO &#8211; W9 166 (1998-2007) CAMBIO AUTOMATICO \/ EQUIPAMIENTO LUXURY \/ 3000 V6 24V CF3 \/ 3000 V6 24V CF3 C.A. (BRASIL) \/ 3200 V6 24V<br \/>\nALFA ROMEO &#8211; W9 166 (1998-2007) CONDUCCION A\u00a0IZQUIERDA \/ FL 03 PROGRESSION \/ 2400\u00a0JTD\u00a0CF3\u00a0150\u00a0CV\/110KW \/ 2400 JTD 20V 175CV\/129KW  C.MEC. \/ 2400 JTD 20V 175CV \/129KW C.AUTOM. \/ 2400 JTD CF3 20V CM 163CV\/122KW MENOR POT. BE \/ 2400 JTD CF3 20V C.A.163CV\/122W MENOR POT. BE<br \/>\nALFA ROMEO &#8211; W9 166 (1998-2007) CONDUCCION A\u00a0IZQUIERDA \/ FL 03 DISTINCTIVE \/ 2400\u00a0JTD\u00a0CF3\u00a0150\u00a0CV\/110KW \/ 2400 JTD 20V 175CV\/129KW  C.MEC. \/ 2400 JTD 20V 175CV \/129KW C.AUTOM. \/ 2400 JTD CF3 20V CM 163CV\/122KW MENOR POT. BE \/ 2400 JTD CF3 20V C.A.163CV\/122W MENOR POT. BE<br \/>\nALFA ROMEO &#8211; W9 166 (1998-2007) CONDUCCION A\u00a0IZQUIERDA \/ FL 03 BASIS \/ 2400\u00a0JTD\u00a0CF3\u00a0150\u00a0CV\/110KW<br \/>\nALFA ROMEO &#8211; W9 166 (1998-2007) EQUIPAMIENTO LUXURY \/ 2400 JTD 20V 175CV\/129KW  C.MEC. \/ 2400 JTD 20V 175CV \/129KW C.AUTOM. \/ 2400 JTD CF3 20V CM 163CV\/122KW MENOR POT. BE \/ 2400 JTD CF3 20V C.A.163CV\/122W MENOR POT. BE<br \/>\nALFA ROMEO &#8211; W9 166 (1998-2007) 2400 JTD CF4 20V 180CV\/132KW<br \/>\nALFA ROMEO &#8211; W9 166 (1998-2007) SEDAN 98<br \/>\nALFA ROMEO &#8211; W9 166 (1998-2007) SEDAN 98 \/ 2400 JTD CF2 140CV\/103KW \/ 2400\u00a0JTD\u00a0CF3\u00a0140\u00a0CV\/103KW \/ 2400\u00a0JTD\u00a0CF3\u00a0150\u00a0CV\/110KW<br \/>\nALFA ROMEO &#8211; W9 166 (1998-2007) FL 03 PROGRESSION \/ FL 03 DISTINCTIVE \/ FL 03 BASIS \/ EQUIPAMIENTO LUXURY<br \/>\nALFA ROMEO &#8211; W9 166 (1998-2007) SEDAN 98 \/ 2000 T.S. 16V CF2 \/ 2000 T.S. 16V CF3 \/ 2500 V6 24V \/ 2500 V6 24V CF3 \/ 3000 V6 24V \/ 3000 V6 24V CF3<br \/>\nALFA ROMEO &#8211; W9 166 (1998-2007) 2000 TB V6 12V \/ SEDAN 98<br \/>\nALFA ROMEO &#8211; W9 166 (1998-2007) SEDAN 98 \/ 3000 V6 24V C.A. (BRASIL) \/ 3000 V6 24V CF3 C.A. (BRASIL) \/ ARGENTINA \/ ISRAEL \/ CLIMAS TROPICALES<br \/>\nALFA ROMEO &#8211; W9 166 (1998-2007) 2000 T.S. 16V CF3 \/ FL 03 PROGRESSION \/ FL 03 DISTINCTIVE \/ FL 03 BASIS<br \/>\nALFA ROMEO &#8211; W9 166 (1998-2007) FL 03 PROGRESSION \/ 2500 V6 24V CF3 \/ 3000 V6 24V CF3 \/ 3000 V6 24V CF3 C.A. (BRASIL) \/ 3200 V6 24V<br \/>\nALFA ROMEO &#8211; W9 166 (1998-2007) FL 03 DISTINCTIVE \/ 2500 V6 24V CF3 \/ 3000 V6 24V CF3 \/ 3000 V6 24V CF3 C.A. (BRASIL) \/ 3200 V6 24V<br \/>\nALFA ROMEO &#8211; W9 166 (1998-2007) FL 03 PROGRESSION \/ 2400 JTD 20V 175CV\/129KW  C.MEC. \/ 2400 JTD 20V 175CV \/129KW C.AUTOM. \/ 2400 JTD CF3 20V CM 163CV\/122KW MENOR POT. BE \/ 2400 JTD CF3 20V C.A.163CV\/122W MENOR POT. BE \/ 2400 JTD CF4 20V 180CV\/132KW<br \/>\nALFA ROMEO &#8211; W9 166 (1998-2007) FL 03 DISTINCTIVE \/ 2400 JTD 20V 175CV\/129KW  C.MEC. \/ 2400 JTD 20V 175CV \/129KW C.AUTOM. \/ 2400 JTD CF3 20V CM 163CV\/122KW MENOR POT. BE \/ 2400 JTD CF3 20V C.A.163CV\/122W MENOR POT. BE \/ 2400 JTD CF4 20V 180CV\/132KW<br \/>\nALFA ROMEO &#8211; W9 166 (1998-2007) 2400\u00a0JTD\u00a0CF3\u00a0150\u00a0CV\/110KW \/ FL 03 PROGRESSION \/ FL 03 DISTINCTIVE \/ FL 03 BASIS<br \/>\nALFA ROMEO &#8211; X2 GT (2003-2010) 1910\u00a0JTD\u00a016V\u00a0CF3\u00a0150CV\/110KW \/ 1910 JTD 16V CF4 110 KW 150HP \/ 1910\u00a0JTD\u00a0CF4\u00a016V\u00a0170CV\/125KW\u00a0POT.<br \/>\nALFA ROMEO &#8211; X2 GT (2003-2010) 3200 6V<br \/>\nLANCIA &#8211; SS KAPPA  3.0 V6 (1994-2001)<br \/>\nLANCIA &#8211; SV KAPPA  COUPE&#8217; (1997-2001) 2400 I.E.(838A2.000) \/ 2400 IE.(838B2.000)<br \/>\nLANCIA &#8211; SV KAPPA  COUPE&#8217; (1997-2001) 3000 V6 24V C.AUTOM.<br \/>\nLANCIA &#8211; SV KAPPA  COUPE&#8217; (1997-2001) 2000 IE. TB 16V<br \/>\nLANCIA &#8211; SV KAPPA  COUPE&#8217; (1997-2001) 2000 IE TB 20V<br \/>\nLANCIA &#8211; SP KAPPA BZ 2000-2400 (1994-2001) 2000 IE.(838A1.000) \/ 2400 IE.(838A2.000) \/ 2000 IE.(838A6.000) \/ 2400 IE. EM. 04 \/ 2400 IE.(838B2.000)<br \/>\nLANCIA &#8211; SP KAPPA BZ 2000-2400 (1994-2001) 2000 IE. TB 16V<br \/>\nLANCIA &#8211; SP KAPPA BZ 2000-2400 (1994-2001) 2000 IE. TB 20V<br \/>\nLANCIA &#8211; SR KAPPA DIESEL (1994-2001) 2400 T.DS(838A3.000) \/ 2400 T.DS(838A7.000)<br \/>\nLANCIA &#8211; SR KAPPA DIESEL (1994-2001) 2400 T.DS(838A7.000) \/ 2400 JTD CF2<br \/>\nLANCIA &#8211; SR KAPPA DIESEL (1994-2001)<br \/>\nLANCIA &#8211; SR KAPPA DIESEL (1994-2001) 2400 JTD CF2<br \/>\nLANCIA &#8211; SY LYBRA DS (1999-2005)<br \/>\nLANCIA &#8211; SD THEMA 3.0 V6 FL.92 (1992-1994)<br \/>\nLANCIA &#8211; SZ THEMA R.88 (1988-1992) 2000 8V EM.04 \/ 2000 8V USA\/83 \/ 2000 TB 8V USA\/83 \/ 2000 16V EM.04 \/ 2000 16V USA\/83 \/ 2000 TB 16V EM.04 \/ 2000 TB 16V USA\/83<br \/>\nLANCIA &#8211; SZ THEMA R.88 (1988-1992) 2500 TB\/DS (8144.97) \/ 2500 TB\/DS (8144.97S)EM.08<br \/>\nLANCIA &#8211; SZ THEMA R.88 (1988-1992) 2850 6V<br \/>\nLANCIA &#8211; SZ THEMA R.88 (1988-1992) 3000 8.32 \/ 3000 8.32 USA\/83<br \/>\nLANCIA &#8211; SZ THEMA R.88 (1988-1992) 2000 TB 16V EM.04 \/ 2000 TB 16V USA\/83<br \/>\nLANCIA &#8211; SZ THEMA R.88 (1988-1992) 2000 TB 8V USA\/83<br \/>\nLANCIA &#8211; SE THEMA I.E. 8V FL.92 (1992-1994)<br \/>\nLANCIA &#8211; SB THEMA IE. 16V FL.92 (1992-1994) 2000 ASPIRADO 16V<br \/>\nLANCIA &#8211; SB THEMA IE. 16V FL.92 (1992-1994) 2000 TB.<br \/>\nLANCIA &#8211; SC THEMA TURBO DS FL.92 (1992-1994)<br \/>\nLANCIA &#8211; SJ THESIS (2001-2007) 2000 TB 5C BZ \/ 2400 5C BZ<br \/>\nLANCIA &#8211; SJ THESIS (2001-2007) 3000 V6 BZ \/ 3200 V6 24V<br \/>\nLANCIA &#8211; SJ THESIS (2001-2007) 2400\u00a0JTD\u00a010V\u00a0150CV\/110\u00a0KW \/ 2400\u00a0JTD\u00a020V\u00a0163CV\/120\u00a0KW\u00a0C.\u00a0MEC. \/ 2400\u00a0JTD\u00a020V\u00a0163CV\/120KW\u00a0C.AUTOM. \/ 2400\u00a0JTD\u00a020V\u00a0175CV\/129KW\u00a0\u00a0C.\u00a0MEC. \/ 2400\u00a0JTD\u00a020V\u00a0175CV\/129KW\u00a0C.AUTOM. \/ 2.4\u00a0JTD\u00a020V\u00a0CF4\u00a0175CV\/129KW<\/p>\n<p>LA PIEZA ES NUEVA Y ORIGINAL.<\/p>\n","protected":false},"excerpt":{"rendered":"<p>Silentblock del soporte inferior del radiador, goma del anclaje del filtro de aire o del soporte inferior del intercooler de: Di\u00e1metro interior: 16mm Di\u00e1metro: 35mm Di\u00e1metro anclaje: 22mm FIAT &#8211; 1V BRAVA (1995-1998) 1370 SPI 12V 80CV \/ 1370 SPI 12V 75CV \/ AIRE ACONDICIONADO FIAT &#8211; 1V BRAVA (1995-1998) 1580 MPI 16V 103CV \/ [&hellip;]<\/p>\n","protected":false},"featured_media":96633,"template":"","meta":{"_seopress_robots_primary_cat":"","_seopress_titles_title":"","_seopress_titles_desc":"","_seopress_robots_index":""},"product_cat":[44,49,57,16,81,82,86,20,50,119,21,120,95,124,125],"product_tag":[],"class_list":{"0":"post-96629","1":"product","2":"type-product","3":"status-publish","4":"has-post-thumbnail","6":"product_cat-recambios-alfa-romeo-147","7":"product_cat-recambios-alfa-romeo-156","8":"product_cat-recambios-alfa-romeo-166","9":"product_cat-recambios-alfa-romeo","10":"product_cat-recambios-fiat-brava","11":"product_cat-recambios-fiat-bravo","12":"product_cat-recambios-fiat-croma","13":"product_cat-recambios-fiat","14":"product_cat-recambios-alfa-romeo-gt","15":"product_cat-recambios-lancia-kappa","16":"product_cat-recambios-lancia","17":"product_cat-recambios-lancia-lybra","18":"product_cat-recambios-fiat-marea","19":"product_cat-recambios-lancia-thema","20":"product_cat-recambios-lancia-thesis","22":"first","23":"instock","24":"taxable","25":"shipping-taxable","26":"purchasable","27":"product-type-simple"},"_links":{"self":[{"href":"https:\/\/galicianparts.com\/shop\/wp-json\/wp\/v2\/product\/96629"}],"collection":[{"href":"https:\/\/galicianparts.com\/shop\/wp-json\/wp\/v2\/product"}],"about":[{"href":"https:\/\/galicianparts.com\/shop\/wp-json\/wp\/v2\/types\/product"}],"wp:featuredmedia":[{"embeddable":true,"href":"https:\/\/galicianparts.com\/shop\/wp-json\/wp\/v2\/media\/96633"}],"wp:attachment":[{"href":"https:\/\/galicianparts.com\/shop\/wp-json\/wp\/v2\/media?parent=96629"}],"wp:term":[{"taxonomy":"product_cat","embeddable":true,"href":"https:\/\/galicianparts.com\/shop\/wp-json\/wp\/v2\/product_cat?post=96629"},{"taxonomy":"product_tag","embeddable":true,"href":"https:\/\/galicianparts.com\/shop\/wp-json\/wp\/v2\/product_tag?post=96629"}],"curies":[{"name":"wp","href":"https:\/\/api.w.org\/{rel}","templated":true}]}}