{"id":96657,"date":"2025-05-22T11:20:22","date_gmt":"2025-05-22T09:20:22","guid":{"rendered":"https:\/\/galicianparts.com\/shop\/producto\/46723337-interruptor-mando-calefaccion-fiat-palio-strada-siena-nuevo-original\/"},"modified":"2025-07-15T16:12:59","modified_gmt":"2025-07-15T14:12:59","slug":"46723337-interruptor-mando-calefaccion-fiat-palio-strada-siena-nuevo-original","status":"publish","type":"product","link":"https:\/\/galicianparts.com\/shop\/producto\/46723337-interruptor-mando-calefaccion-fiat-palio-strada-siena-nuevo-original\/","title":{"rendered":"46723337 Interruptor mando calefacci\u00f3n Fiat Palio \/Strada \/Siena NUEVO ORIGINAL"},"content":{"rendered":"<p>Regulador, conexi\u00f3n el\u00e9ctrica de los controles de la calefacci\u00f3n de:<br \/>\nFIAT &#8211; 1X PALIO 2V EXTRA EUROPA (1997-2002)<br \/>\nFIAT &#8211; 2H PALIO 2V EXTRA EUROPA REST. 2002 (2002-2011)<br \/>\nFIAT &#8211; 3D PALIO 2V REST.2 (2005-2011)<br \/>\nFIAT &#8211; 1Y PALIO WE EXTRA EUROPA (1997-2002)<br \/>\nFIAT &#8211; 2K PALIO WE EXTRA EUROPA REST. 2002 (2002-2008)<br \/>\nFIAT &#8211; PY PALIO\/WEEKEND EUROPA (1997-2002)<br \/>\nFIAT &#8211; 2A SIENA EXTRA EUROPA (1997-2002)<br \/>\nFIAT &#8211; 2L SIENA EXTRA EUROPA REST.(2002-2012)<br \/>\nFIAT PROFESSIONAL &#8211; 1G STRADA (1999-2005)<br \/>\nFIAT PROFESSIONAL &#8211; 3G STRADA REST. 2 (2005-2011)<\/p>\n<p>LA PIEZA ES NUEVA Y ORIGINAL.<\/p>\n","protected":false},"excerpt":{"rendered":"<p>Regulador, conexi\u00f3n el\u00e9ctrica de los controles de la calefacci\u00f3n de: FIAT &#8211; 1X PALIO 2V EXTRA EUROPA (1997-2002) FIAT &#8211; 2H PALIO 2V EXTRA EUROPA REST. 2002 (2002-2011) FIAT &#8211; 3D PALIO 2V REST.2 (2005-2011) FIAT &#8211; 1Y PALIO WE EXTRA EUROPA (1997-2002) FIAT &#8211; 2K PALIO WE EXTRA EUROPA REST. 2002 (2002-2008) FIAT &#8211; [&hellip;]<\/p>\n","protected":false},"featured_media":96660,"template":"","meta":{"_seopress_robots_primary_cat":"","_seopress_titles_title":"","_seopress_titles_desc":"","_seopress_robots_index":""},"product_cat":[20,98,107,109],"product_tag":[],"class_list":{"0":"post-96657","1":"product","2":"type-product","3":"status-publish","4":"has-post-thumbnail","6":"product_cat-recambios-fiat","7":"product_cat-recambios-fiat-palio","8":"product_cat-recambios-fiat-siena","9":"product_cat-recambios-fiat-strada","11":"first","12":"outofstock","13":"taxable","14":"shipping-taxable","15":"purchasable","16":"product-type-simple"},"_links":{"self":[{"href":"https:\/\/galicianparts.com\/shop\/wp-json\/wp\/v2\/product\/96657"}],"collection":[{"href":"https:\/\/galicianparts.com\/shop\/wp-json\/wp\/v2\/product"}],"about":[{"href":"https:\/\/galicianparts.com\/shop\/wp-json\/wp\/v2\/types\/product"}],"wp:featuredmedia":[{"embeddable":true,"href":"https:\/\/galicianparts.com\/shop\/wp-json\/wp\/v2\/media\/96660"}],"wp:attachment":[{"href":"https:\/\/galicianparts.com\/shop\/wp-json\/wp\/v2\/media?parent=96657"}],"wp:term":[{"taxonomy":"product_cat","embeddable":true,"href":"https:\/\/galicianparts.com\/shop\/wp-json\/wp\/v2\/product_cat?post=96657"},{"taxonomy":"product_tag","embeddable":true,"href":"https:\/\/galicianparts.com\/shop\/wp-json\/wp\/v2\/product_tag?post=96657"}],"curies":[{"name":"wp","href":"https:\/\/api.w.org\/{rel}","templated":true}]}}