{"id":96722,"date":"2025-05-23T11:07:03","date_gmt":"2025-05-23T09:07:03","guid":{"rendered":"https:\/\/galicianparts.com\/shop\/producto\/7775235-sensor-temperatura-refrigerante-m-1-9td-alfa-145-155-lancia-delta-ii-original\/"},"modified":"2025-05-23T11:11:49","modified_gmt":"2025-05-23T09:11:49","slug":"7775235-sensor-temperatura-refrigerante-m-1-9td-alfa-145-155-lancia-delta-ii-original","status":"publish","type":"product","link":"https:\/\/galicianparts.com\/shop\/producto\/7775235-sensor-temperatura-refrigerante-m-1-9td-alfa-145-155-lancia-delta-ii-original\/","title":{"rendered":"7775235 Sensor temperatura refrigerante M 1.9TD Alfa 145 \/155 \/Lancia Delta II ORIGINAL"},"content":{"rendered":"<p>Electrov\u00e1lvula de temperatura del agua de refrigeraci\u00f3n de la culata del motor de:<br \/>\nM\u00e9trica: 16&#215;1.5<\/p>\n<p>ALFA ROMEO &#8211; U1 145 BZ\/DS (1994-1996) 1930 TB\/DS EM.08 \/ 1930 TB\/DS CEE FASE 2<br \/>\nALFA ROMEO &#8211; T5 145 GAMMA 97 (1997-1999) 1930 T.DS. CEE FASE 2 \/ 1930 T.DS. EM08 ARGENTINA<br \/>\nALFA ROMEO &#8211; U2 146 BZ\/DS (1995-1996) 1930 T.DS EM 08 \/ 1930 T.DS CEE FASE 2<br \/>\nALFA ROMEO &#8211; T6 146 GAMMA 97 (1997-1999) 1930 T.DS. CEE FASE 2 \/ 1930 T.DS. EM08 ARGENTINA<br \/>\nALFA ROMEO &#8211; T4 155 GAMMA 96 DS (1996-1997) 1930 TD<br \/>\nALFA ROMEO &#8211; U6 155 TURBO BZ-DS (1992-1996) 1930 TD<br \/>\nLANCIA &#8211; SN DEDRA FL.94 T.DS (1994-1999)<br \/>\nLANCIA &#8211; RZ DEDRA TURBO DIESEL (1989-1994) 1930 TURBO EM.08<br \/>\nLANCIA &#8211; RZ DEDRA TURBO DIESEL (1989-1994) 1930 TURBO USA&#8217;87<br \/>\nLANCIA &#8211; SQ N.DELTA TB\/DS (1994-1999)<\/p>\n<p>LA PIEZA ES NUEVA Y ORIGINAL.<\/p>\n","protected":false},"excerpt":{"rendered":"<p>Electrov\u00e1lvula de temperatura del agua de refrigeraci\u00f3n de la culata del motor de: M\u00e9trica: 16&#215;1.5 ALFA ROMEO &#8211; U1 145 BZ\/DS (1994-1996) 1930 TB\/DS EM.08 \/ 1930 TB\/DS CEE FASE 2 ALFA ROMEO &#8211; T5 145 GAMMA 97 (1997-1999) 1930 T.DS. CEE FASE 2 \/ 1930 T.DS. EM08 ARGENTINA ALFA ROMEO &#8211; U2 146 BZ\/DS [&hellip;]<\/p>\n","protected":false},"featured_media":96724,"template":"","meta":{"_seopress_robots_primary_cat":"","_seopress_titles_title":"","_seopress_titles_desc":"","_seopress_robots_index":""},"product_cat":[45,46,48,16,117,118,21],"product_tag":[],"class_list":{"0":"post-96722","1":"product","2":"type-product","3":"status-publish","4":"has-post-thumbnail","6":"product_cat-recambios-alfa-romeo-145","7":"product_cat-recambios-alfa-romeo-146","8":"product_cat-recambios-alfa-romeo-155","9":"product_cat-recambios-alfa-romeo","10":"product_cat-recambios-lancia-dedra","11":"product_cat-recambios-lancia-delta","12":"product_cat-recambios-lancia","14":"first","15":"instock","16":"taxable","17":"shipping-taxable","18":"purchasable","19":"product-type-simple"},"_links":{"self":[{"href":"https:\/\/galicianparts.com\/shop\/wp-json\/wp\/v2\/product\/96722"}],"collection":[{"href":"https:\/\/galicianparts.com\/shop\/wp-json\/wp\/v2\/product"}],"about":[{"href":"https:\/\/galicianparts.com\/shop\/wp-json\/wp\/v2\/types\/product"}],"wp:featuredmedia":[{"embeddable":true,"href":"https:\/\/galicianparts.com\/shop\/wp-json\/wp\/v2\/media\/96724"}],"wp:attachment":[{"href":"https:\/\/galicianparts.com\/shop\/wp-json\/wp\/v2\/media?parent=96722"}],"wp:term":[{"taxonomy":"product_cat","embeddable":true,"href":"https:\/\/galicianparts.com\/shop\/wp-json\/wp\/v2\/product_cat?post=96722"},{"taxonomy":"product_tag","embeddable":true,"href":"https:\/\/galicianparts.com\/shop\/wp-json\/wp\/v2\/product_tag?post=96722"}],"curies":[{"name":"wp","href":"https:\/\/api.w.org\/{rel}","templated":true}]}}