{"id":96741,"date":"2025-05-23T13:09:44","date_gmt":"2025-05-23T11:09:44","guid":{"rendered":"https:\/\/galicianparts.com\/shop\/producto\/16505-amortiguador-delantero-de-peugeot-205-309-citroen-visa-c15-nuevo-monroe\/"},"modified":"2025-05-23T13:12:57","modified_gmt":"2025-05-23T11:12:57","slug":"16505-amortiguador-delantero-de-peugeot-205-309-citroen-visa-c15-nuevo-monroe","status":"publish","type":"product","link":"https:\/\/galicianparts.com\/shop\/producto\/16505-amortiguador-delantero-de-peugeot-205-309-citroen-visa-c15-nuevo-monroe\/","title":{"rendered":"16505 Amortiguador delantero de Peugeot 205 \/309 \/Citroen Visa \/C15 NUEVO MONROE"},"content":{"rendered":"<p>Amortiguador MONROE de presi\u00f3n de gas de la suspensi\u00f3n delantera de:<br \/>\nCITRO\u00cbN LNA Hatchback<br \/>\n0.6, A\u00f1o 07.1982 &#8211; 04.1985, 652 ccm, 34 cv<br \/>\n0.6, A\u00f1o 11.1978 &#8211; 07.1986, 652 ccm, 35 cv<br \/>\n1.0, A\u00f1o 07.1984 &#8211; 10.1986, 954 ccm, 45 cv<br \/>\n1.1, A\u00f1o 07.1982 &#8211; 04.1985, 1124 ccm, 50 cv<br \/>\nCITRO\u00cbN C15 Furgoneta<br \/>\n1.0, A\u00f1o 10.1984 &#8211; 12.1997, 954 ccm, 45 cv<br \/>\n1.0 E, A\u00f1o 11.1992 &#8211; 07.1996, 954 ccm, 50 cv<br \/>\n1.1, A\u00f1o 10.1984 &#8211; 12.1996, 1124 ccm, 48 cv<br \/>\n1.1, A\u00f1o 11.1988 &#8211; 07.1996, 1124 ccm, 54 cv<br \/>\n1.1, A\u00f1o 10.1984 &#8211; 07.1987, 1118 ccm, 54 cv<br \/>\n1.1 i, A\u00f1o 07.1988 &#8211; 12.1996, 1124 ccm, 60 cv<br \/>\n1.4, A\u00f1o 07.1987 &#8211; 12.1996, 1360 ccm, 67 cv<br \/>\n1.4 E, A\u00f1o 07.1987 &#8211; 12.1996, 1360 ccm, 55 cv<br \/>\n1.4 E, A\u00f1o 05.1987 &#8211; 12.1996, 1360 ccm, 60 cv<br \/>\n1.4 i, A\u00f1o 05.1991 &#8211; 12.1996, 1360 ccm, 75 cv<br \/>\n1.8 D, A\u00f1o 07.1986 &#8211; 12.2000, 1769 ccm, 60 cv<br \/>\n1.9 D, A\u00f1o 12.2000 &#8211; 12.2005, 1868 ccm, 60 cv<br \/>\n1.9 D, A\u00f1o 01.2000 &#8211; 07.2005, 1868 ccm, 69 cv<br \/>\nCITRO\u00cbN Visa Hatchback<br \/>\n0.6, A\u00f1o 09.1978 &#8211; 06.1988, 652 ccm, 34 cv<br \/>\n11 E, A\u00f1o 09.1978 &#8211; 06.1988, 1124 ccm, 48 cv<br \/>\n11 E, A\u00f1o 07.1982 &#8211; 03.1991, 1124 ccm, 50 cv<br \/>\n11 E, A\u00f1o 09.1978 &#8211; 03.1991, 1124 ccm, 57 cv<br \/>\n14, A\u00f1o 07.1984 &#8211; 03.1991, 1360 ccm, 60 cv<br \/>\n14 GT, A\u00f1o 03.1982 &#8211; 03.1991, 1360 ccm, 79 cv<br \/>\n16 GTI, A\u00f1o 01.1985 &#8211; 06.1986, 1580 ccm, 103 cv<br \/>\n16 GTI, A\u00f1o 06.1986 &#8211; 03.1991, 1580 ccm, 113 cv<br \/>\n17 D, A\u00f1o 04.1984 &#8211; 03.1991, 1769 ccm, 60 cv<br \/>\nCITRO\u00cbN C15 Familiar<br \/>\n1.1, A\u00f1o 10.1988 &#8211; 10.1992, 1124 ccm, 54 cv<br \/>\n1.1, A\u00f1o 08.1988 &#8211; 07.1996, 1124 ccm, 60 cv<br \/>\n1.4, A\u00f1o 05.1987 &#8211; 10.1992, 1360 ccm, 60 cv<br \/>\n1.4, A\u00f1o 05.1987 &#8211; 09.1992, 1360 ccm, 67 cv<br \/>\n1.4, A\u00f1o 05.1991 &#8211; 07.1996, 1360 ccm, 75 cv<br \/>\n1.8 D, A\u00f1o 04.1987 &#8211; 08.2000, 1769 ccm, 60 cv<\/p>\n<p>PEUGEOT 104 Hatchback<br \/>\n0.9, A\u00f1o 10.1979 &#8211; 10.1983, 954 ccm, 45 cv<br \/>\n0.9, A\u00f1o 10.1972 &#8211; 10.1979, 954 ccm, 46 cv<br \/>\n1.1, A\u00f1o 07.1976 &#8211; 08.1982, 1124 ccm, 57 cv<br \/>\n1.1, A\u00f1o 09.1978 &#8211; 09.1979, 1124 ccm, 66 cv<br \/>\n1.2, A\u00f1o 08.1979 &#8211; 06.1983, 1219 ccm, 57 cv<br \/>\n1.4, A\u00f1o 08.1979 &#8211; 06.1983, 1360 ccm, 72 cv<br \/>\nPEUGEOT 104 Coup\u00e9<br \/>\n1.1, A\u00f1o 08.1979 &#8211; 06.1988, 1124 ccm, 50 cv<br \/>\n1.1, A\u00f1o 08.1979 &#8211; 06.1983, 1124 ccm, 57 cv<br \/>\n1.1, A\u00f1o 09.1973 &#8211; 09.1979, 1124 ccm, 66 cv<br \/>\n1.1, A\u00f1o 08.1975 &#8211; 06.1980, 1124 ccm, 67 cv<br \/>\n1.4, A\u00f1o 08.1979 &#8211; 06.1984, 1360 ccm, 72 cv<br \/>\nPEUGEOT 205 I Hatchback<br \/>\n1.0, A\u00f1o 02.1983 &#8211; 10.1987, 954 ccm, 45 cv<br \/>\n1.1, A\u00f1o 02.1983 &#8211; 10.1987, 1124 ccm, 49 cv<br \/>\n1.1, A\u00f1o 02.1983 &#8211; 10.1987, 1124 ccm, 50 cv<br \/>\n1.3, A\u00f1o 02.1984 &#8211; 10.1987, 1294 ccm, 62 cv<br \/>\n1.4, A\u00f1o 02.1983 &#8211; 10.1987, 1360 ccm, 60 cv<br \/>\n1.4, A\u00f1o 02.1983 &#8211; 10.1987, 1360 ccm, 72 cv<br \/>\n1.4, A\u00f1o 10.1985 &#8211; 10.1987, 1360 ccm, 79 cv<br \/>\n1.4, A\u00f1o 02.1983 &#8211; 10.1987, 1360 ccm, 80 cv<br \/>\n1.5, A\u00f1o 02.1984 &#8211; 10.1987, 1442 ccm, 86 cv<br \/>\n1.6, A\u00f1o 03.1987 &#8211; 10.1987, 1580 ccm, 72 cv<br \/>\n1,6 (B1A (XU51C)), A\u00f1o 08.1986 &#8211; 10.1987, 1580 ccm, 75 cv<br \/>\n1.6, A\u00f1o 08.1986 &#8211; 10.1987, 1580 ccm, 75 cv<br \/>\n1.7 Di\u00e9sel, A\u00f1o 08.1983 &#8211; 10.1987, 1769 ccm, 60 cv<br \/>\n1.8 Rally, A\u00f1o 07.1984 &#8211; 02.1986, 1775 ccm, 200 cv<br \/>\nPEUGEOT 205 Cabrio<br \/>\n1.1, A\u00f1o 08.1987 &#8211; 12.1994, 1124 ccm, 54 cv<br \/>\n1.1 CJ, A\u00f1o 10.1989 &#8211; 12.1994, 1124 ccm, 60 cv<br \/>\n1.4, A\u00f1o 08.1987 &#8211; 07.1990, 1360 ccm, 68 cv<br \/>\n1.4, A\u00f1o 08.1987 &#8211; 06.1994, 1360 ccm, 84 cv<br \/>\n1.4 CJ, A\u00f1o 03.1988 &#8211; 05.1989, 1360 ccm, 60 cv<br \/>\n1.4 CJ, A\u00f1o 03.1989 &#8211; 12.1994, 1360 ccm, 67 cv<br \/>\n1.4 CJ, A\u00f1o 05.1991 &#8211; 12.1994, 1360 ccm, 75 cv<br \/>\n1.4 CJ Cat, A\u00f1o 01.1989 &#8211; 09.1993, 1361 ccm, 60 cv<br \/>\n1.4 CT, A\u00f1o 04.1986 &#8211; 12.1988, 1360 ccm, 79 cv<br \/>\n1.6, A\u00f1o 08.1987 &#8211; 07.1992, 1580 ccm, 116 cv<br \/>\n1.6 CJ, A\u00f1o 08.1992 &#8211; 12.1994, 1580 ccm, 88 cv<br \/>\n1.6 CTI, A\u00f1o 03.1986 &#8211; 10.1990, 1580 ccm, 103 cv<br \/>\n1.9, A\u00f1o 05.1986 &#8211; 07.1987, 1905 ccm, 105 cv<br \/>\n1.9 CTI, A\u00f1o 10.1987 &#8211; 12.1994, 1905 ccm, 102 cv<br \/>\n1.9 CTi, A\u00f1o 08.1990 &#8211; 07.1992, 1905 ccm, 125 cv<br \/>\nPEUGEOT 205 II Hatchback<br \/>\n1.0, A\u00f1o 08.1987 &#8211; 07.1990, 954 ccm, 44 cv<br \/>\n1.0, A\u00f1o 10.1987 &#8211; 09.1998, 954 ccm, 45 cv<br \/>\n1.0, A\u00f1o 08.1992 &#8211; 05.1997, 954 ccm, 50 cv<br \/>\n1.1, A\u00f1o 10.1987 &#8211; 10.1990, 1124 ccm, 49 cv<br \/>\n1.1, A\u00f1o 10.1987 &#8211; 07.1992, 1124 ccm, 54 cv<br \/>\n1.1, A\u00f1o 07.1989 &#8211; 09.1998, 1124 ccm, 60 cv<br \/>\n1.1 XA, A\u00f1o 07.1987 &#8211; 10.1988, 1118 ccm, 54 cv<br \/>\n1.2, A\u00f1o 01.1987 &#8211; 12.1990, 1204 ccm, 64 cv<br \/>\n1.3, A\u00f1o 08.1990 &#8211; 07.1992, 1294 ccm, 64 cv<br \/>\n1.4, A\u00f1o 10.1987 &#8211; 05.1989, 1360 ccm, 60 cv<br \/>\n1.4, A\u00f1o 10.1987 &#8211; 10.1990, 1360 ccm, 67 cv<br \/>\n1.4, A\u00f1o 08.1990 &#8211; 07.1992, 1360 ccm, 68 cv<br \/>\n1.4, A\u00f1o 01.1987 &#8211; 07.1988, 1360 ccm, 72 cv<br \/>\n1.4, A\u00f1o 07.1988 &#8211; 09.1998, 1360 ccm, 75 cv<br \/>\n1.4, A\u00f1o 07.1988 &#8211; 09.1998, 1360 ccm, 75 cv<br \/>\n1.4, A\u00f1o 07.1988 &#8211; 05.1989, 1360 ccm, 79 cv<br \/>\n1.4, A\u00f1o 06.1987 &#8211; 12.1989, 1360 ccm, 84 cv<br \/>\n1.4, A\u00f1o 06.1987 &#8211; 12.1989, 1442 ccm, 86 cv<br \/>\n1.4 Cat, A\u00f1o 08.1987 &#8211; 09.1993, 1360 ccm, 60 cv<br \/>\n1.6, A\u00f1o 10.1987 &#8211; 09.1998, 1580 ccm, 72 cv<br \/>\n1.6, A\u00f1o 10.1987 &#8211; 09.1998, 1580 ccm, 75 cv<br \/>\n1.6, A\u00f1o 08.1990 &#8211; 07.1992, 1580 ccm, 90 cv<br \/>\n1.6 Aut., A\u00f1o 10.1987 &#8211; 09.1998, 1580 ccm, 79 cv<br \/>\n1.6 Aut., A\u00f1o 05.1990 &#8211; 09.1998, 1580 ccm, 88 cv<br \/>\n1.6 GTX, A\u00f1o 01.1987 &#8211; 10.1991, 1592 ccm, 94 cv<br \/>\n1.7 Di\u00e9sel, A\u00f1o 07.1987 &#8211; 09.1998, 1769 ccm, 60 cv<br \/>\n1.8 TD, A\u00f1o 01.1990 &#8211; 09.1998, 1769 ccm, 78 cv<br \/>\n1.8 XDT, A\u00f1o 08.1990 &#8211; 05.1997, 1769 ccm, 79 cv<br \/>\n1.9, A\u00f1o 08.1992 &#8211; 05.1997, 1905 ccm, 105 cv<br \/>\n1.9, A\u00f1o 08.1990 &#8211; 05.1997, 1905 ccm, 121 cv<br \/>\n1.9 Di\u00e9sel, A\u00f1o 10.1987 &#8211; 09.1998, 1905 ccm, 64 cv<br \/>\n1.9 Di\u00e9sel, A\u00f1o 08.1987 &#8211; 06.1994, 1905 ccm, 69 cv<br \/>\n1.9 GTI, A\u00f1o 08.1990 &#8211; 07.1992, 1905 ccm, 131 cv<br \/>\nPEUGEOT 309 I Hatchback<br \/>\n1.1, A\u00f1o 10.1985 &#8211; 07.1989, 1118 ccm, 54 cv<br \/>\n1.3, A\u00f1o 10.1985 &#8211; 07.1989, 1294 ccm, 64 cv<br \/>\n1.3 XL, A\u00f1o 09.1986 &#8211; 08.1989, 1294 ccm, 71 cv<br \/>\n1.4, A\u00f1o 10.1985 &#8211; 08.1988, 1442 ccm, 65 cv<br \/>\n1.4, A\u00f1o 03.1989 &#8211; 07.1989, 1360 ccm, 67 cv<br \/>\n1.4, A\u00f1o 03.1989 &#8211; 07.1989, 1360 ccm, 75 cv<br \/>\n1.4, A\u00f1o 10.1985 &#8211; 08.1989, 1442 ccm, 83 cv<br \/>\n1.4, A\u00f1o 08.1988 &#8211; 08.1989, 1360 ccm, 84 cv<br \/>\n1.5, A\u00f1o 06.1987 &#8211; 12.1989, 1442 ccm, 86 cv<br \/>\n1.6, A\u00f1o 08.1987 &#8211; 07.1989, 1580 ccm, 72 cv<br \/>\n1.6, A\u00f1o 10.1985 &#8211; 07.1989, 1580 ccm, 75 cv<br \/>\n1.6, A\u00f1o 10.1985 &#8211; 07.1989, 1580 ccm, 80 cv<br \/>\n1.6, A\u00f1o 01.1986 &#8211; 07.1989, 1592 ccm, 94 cv<br \/>\n1.6, A\u00f1o 11.1985 &#8211; 09.1988, 1580 ccm, 103 cv<br \/>\n1.6, A\u00f1o 07.1986 &#8211; 06.1989, 1580 ccm, 113 cv<br \/>\n1.6 Cat, A\u00f1o 09.1986 &#8211; 12.1989, 1580 ccm, 75 cv<br \/>\n1.9, A\u00f1o 03.1986 &#8211; 07.1989, 1905 ccm, 98 cv<br \/>\n1.9, A\u00f1o 10.1985 &#8211; 07.1989, 1905 ccm, 102 cv<br \/>\n1.9, A\u00f1o 07.1988 &#8211; 07.1989, 1905 ccm, 109 cv<br \/>\n1.9 D, A\u00f1o 06.1986 &#8211; 07.1989, 1905 ccm, 64 cv<br \/>\nPEUGEOT 309 II Hatchback<br \/>\n1.1, A\u00f1o 09.1989 &#8211; 10.1993, 1124 ccm, 54 cv<br \/>\n1.1, A\u00f1o 08.1990 &#8211; 12.1993, 1124 ccm, 60 cv<br \/>\n1.4, A\u00f1o 07.1990 &#8211; 12.1993, 1360 ccm, 67 cv<br \/>\n1.4, A\u00f1o 07.1989 &#8211; 12.1993, 1360 ccm, 75 cv<br \/>\n1.6, A\u00f1o 07.1989 &#8211; 12.1993, 1580 ccm, 88 cv<br \/>\n1.6, A\u00f1o 07.1989 &#8211; 12.1993, 1580 ccm, 92 cv<br \/>\n1.6, A\u00f1o 07.1989 &#8211; 12.1993, 1580 ccm, 94 cv<br \/>\n1.6, A\u00f1o 09.1989 &#8211; 10.1993, 1580 ccm, 101 cv<br \/>\n1.8 Di\u00e9sel, A\u00f1o 07.1989 &#8211; 12.1993, 1769 ccm, 60 cv<br \/>\n1.9, A\u00f1o 08.1989 &#8211; 12.1993, 1905 ccm, 98 cv<br \/>\n1.9, A\u00f1o 10.1990 &#8211; 12.1993, 1905 ccm, 109 cv<br \/>\n1.9 Di\u00e9sel, A\u00f1o 07.1989 &#8211; 12.1993, 1905 ccm, 64 cv<br \/>\nPEUGEOT 205 F Furgoneta<br \/>\n1.7 Di\u00e9sel, A\u00f1o 03.1994 &#8211; 05.1997, 1769 ccm, 60 cv<br \/>\nPEUGEOT 205 XA\/XAD Furgoneta<br \/>\n1.1, A\u00f1o 02.1983 &#8211; 07.1987, 1124 ccm, 49 cv<br \/>\n1.1, A\u00f1o 08.1987 &#8211; 07.1990, 1124 ccm, 54 cv<br \/>\n1.4, A\u00f1o 02.1983 &#8211; 07.1987, 1360 ccm, 60 cv<br \/>\n1.8 D, A\u00f1o 02.1983 &#8211; 07.1990, 1769 ccm, 60 cv<br \/>\nPEUGEOT 309 Furgoneta \/ Hatchback (10S, 3S)<br \/>\n1.1, A\u00f1o 09.1989 &#8211; 10.1991, 1118 ccm, 54 cv<br \/>\n1.3, A\u00f1o 10.1985 &#8211; 10.1991, 1294 ccm, 64 cv<br \/>\n1.4, A\u00f1o 09.1989 &#8211; 10.1993, 1360 ccm, 75 cv<\/p>\n<p> LA PIEZA ES NUEVA Y ORIGINAL.<\/p>\n","protected":false},"excerpt":{"rendered":"<p>Amortiguador MONROE de presi\u00f3n de gas de la suspensi\u00f3n delantera de: CITRO\u00cbN LNA Hatchback 0.6, A\u00f1o 07.1982 &#8211; 04.1985, 652 ccm, 34 cv 0.6, A\u00f1o 11.1978 &#8211; 07.1986, 652 ccm, 35 cv 1.0, A\u00f1o 07.1984 &#8211; 10.1986, 954 ccm, 45 cv 1.1, A\u00f1o 07.1982 &#8211; 04.1985, 1124 ccm, 50 cv CITRO\u00cbN C15 Furgoneta 1.0, A\u00f1o [&hellip;]<\/p>\n","protected":false},"featured_media":96745,"template":"","meta":{"_seopress_robots_primary_cat":"","_seopress_titles_title":"","_seopress_titles_desc":"","_seopress_robots_index":""},"product_cat":[261,235,149,131,23,260,24,140],"product_tag":[],"class_list":{"0":"post-96741","1":"product","2":"type-product","3":"status-publish","4":"has-post-thumbnail","6":"product_cat-recambios-peugeot-104","7":"product_cat-recambios-peugeot-205","8":"product_cat-recambios-peugeot-309","9":"product_cat-recambios-citroen-c15","10":"product_cat-recambios-citroen","11":"product_cat-recambios-citroen-lna","12":"product_cat-recambios-peugeot","13":"product_cat-recambios-citroen-visa","15":"first","16":"instock","17":"taxable","18":"shipping-taxable","19":"purchasable","20":"product-type-simple"},"_links":{"self":[{"href":"https:\/\/galicianparts.com\/shop\/wp-json\/wp\/v2\/product\/96741"}],"collection":[{"href":"https:\/\/galicianparts.com\/shop\/wp-json\/wp\/v2\/product"}],"about":[{"href":"https:\/\/galicianparts.com\/shop\/wp-json\/wp\/v2\/types\/product"}],"wp:featuredmedia":[{"embeddable":true,"href":"https:\/\/galicianparts.com\/shop\/wp-json\/wp\/v2\/media\/96745"}],"wp:attachment":[{"href":"https:\/\/galicianparts.com\/shop\/wp-json\/wp\/v2\/media?parent=96741"}],"wp:term":[{"taxonomy":"product_cat","embeddable":true,"href":"https:\/\/galicianparts.com\/shop\/wp-json\/wp\/v2\/product_cat?post=96741"},{"taxonomy":"product_tag","embeddable":true,"href":"https:\/\/galicianparts.com\/shop\/wp-json\/wp\/v2\/product_tag?post=96741"}],"curies":[{"name":"wp","href":"https:\/\/api.w.org\/{rel}","templated":true}]}}