{"id":96812,"date":"2025-05-27T11:13:54","date_gmt":"2025-05-27T09:13:54","guid":{"rendered":"https:\/\/galicianparts.com\/shop\/producto\/4414599-sensor-presion-aceite-lancia-delta-integrale-fiat-uno-tb-panda-original\/"},"modified":"2026-01-23T14:42:42","modified_gmt":"2026-01-23T12:42:42","slug":"4414599-sensor-presion-aceite-lancia-delta-integrale-fiat-uno-tb-panda-original","status":"publish","type":"product","link":"https:\/\/galicianparts.com\/shop\/producto\/4414599-sensor-presion-aceite-lancia-delta-integrale-fiat-uno-tb-panda-original\/","title":{"rendered":"4414599 Sensor presi\u00f3n aceite Lancia Delta Integrale \/Fiat Uno TB \/Panda ORIGINAL"},"content":{"rendered":"<p>Electrov\u00e1lvula de presi\u00f3n del aceite de:<br \/>\nM\u00e9trica: 14&#215;1.5<\/p>\n<p>FIAT &#8211; MD 126 BIS (1987-1999)<br \/>\nFIAT &#8211; 2B DUNA DIESEL (1986-1990) 1700 DS<br \/>\nFIAT &#8211; XR MILLE (1994-1995) 1000 SPI<br \/>\nFIAT &#8211; XS MILLE CLIP (1995-1997) 994 SPI<br \/>\nFIAT &#8211; LV PANDA 4X2 RL\/86(1985-1991) 750 ACT \/ 750 ACT DAV 15 \/ 1000 ACT \/ 1000 ACT DAV-15 \/ 1000 ACT USA&#8217;77 (CH) \/ 1000 ACT B.N.O. (D)<br \/>\nFIAT &#8211; LV PANDA 4X2 RL\/86(1985-1991) 1000 SPI USA&#8217;83 \/ 1100 SPI USA&#8217;83 C.A.<br \/>\nFIAT &#8211; 2R PANDA 4X4 R\/86 (1985-1991) 1000 ACT CARB DAV 15 \/ 1000 ACT CARB<br \/>\nFIAT &#8211; 2R PANDA 4X4 R\/86 (1985-1991) 1000 SPI USA 83<br \/>\nFIAT &#8211; ME TIPO 1100 (1987-1993) 1100 CARB.<br \/>\nFIAT &#8211; MP TIPO SPORT 16V IE. (1988-1993) 1750<br \/>\nFIAT &#8211; MR UNO R\/89 900-1.0-1.1 (1989-1995) 994 CARB. \/ 994 SPI<br \/>\nFIAT &#8211; MT UNO TURBO R\/89 (1989-1993) 1300 USA&#8217;83<br \/>\nLANCIA &#8211; RT DELTA 4WD (1986-1991) 2000 8V \/ 2000 8V COMP.MIGLIORATA<br \/>\nLANCIA &#8211; RT DELTA 4WD (1986-1991) 2000 8V USA 83<br \/>\nLANCIA &#8211; RT DELTA 4WD (1986-1991) 2000 16V<br \/>\nLANCIA &#8211; TB DELTA R.86 (1986-1992) 1100 CARB \/ 1300 CARB<br \/>\nLANCIA &#8211; TB DELTA R.86 (1986-1992) 1930 TB\/DS<br \/>\nFIAT PROFESSIONAL &#8211; ND DUCATO 4X4 R.90 (1990-1994) 2500 DIESEL<br \/>\nFIAT PROFESSIONAL &#8211; NA NUOVO DUCATO DS.R.90 (1990-1994) 1930 \/ 1930 TURBO<\/p>\n<p>LA PIEZA ES NUEVA Y ORIGINAL.<\/p>\n","protected":false},"excerpt":{"rendered":"<p>Electrov\u00e1lvula de presi\u00f3n del aceite de: M\u00e9trica: 14&#215;1.5 FIAT &#8211; MD 126 BIS (1987-1999) FIAT &#8211; 2B DUNA DIESEL (1986-1990) 1700 DS FIAT &#8211; XR MILLE (1994-1995) 1000 SPI FIAT &#8211; XS MILLE CLIP (1995-1997) 994 SPI FIAT &#8211; LV PANDA 4X2 RL\/86(1985-1991) 750 ACT \/ 750 ACT DAV 15 \/ 1000 ACT \/ 1000 [&hellip;]<\/p>\n","protected":false},"featured_media":96816,"template":"","meta":{"_seopress_robots_primary_cat":"","_seopress_titles_title":"","_seopress_titles_desc":"","_seopress_robots_index":""},"product_cat":[67,118,88,89,20,21,99,112,114],"product_tag":[],"class_list":{"0":"post-96812","1":"product","2":"type-product","3":"status-publish","4":"has-post-thumbnail","6":"product_cat-recambios-fiat-126","7":"product_cat-recambios-lancia-delta","8":"product_cat-recambios-fiat-ducato","9":"product_cat-recambios-fiat-duna","10":"product_cat-recambios-fiat","11":"product_cat-recambios-lancia","12":"product_cat-recambios-fiat-panda","13":"product_cat-recambios-fiat-tipo","14":"product_cat-recambios-fiat-uno","16":"first","17":"outofstock","18":"taxable","19":"shipping-taxable","20":"purchasable","21":"product-type-simple"},"_links":{"self":[{"href":"https:\/\/galicianparts.com\/shop\/wp-json\/wp\/v2\/product\/96812"}],"collection":[{"href":"https:\/\/galicianparts.com\/shop\/wp-json\/wp\/v2\/product"}],"about":[{"href":"https:\/\/galicianparts.com\/shop\/wp-json\/wp\/v2\/types\/product"}],"wp:featuredmedia":[{"embeddable":true,"href":"https:\/\/galicianparts.com\/shop\/wp-json\/wp\/v2\/media\/96816"}],"wp:attachment":[{"href":"https:\/\/galicianparts.com\/shop\/wp-json\/wp\/v2\/media?parent=96812"}],"wp:term":[{"taxonomy":"product_cat","embeddable":true,"href":"https:\/\/galicianparts.com\/shop\/wp-json\/wp\/v2\/product_cat?post=96812"},{"taxonomy":"product_tag","embeddable":true,"href":"https:\/\/galicianparts.com\/shop\/wp-json\/wp\/v2\/product_tag?post=96812"}],"curies":[{"name":"wp","href":"https:\/\/api.w.org\/{rel}","templated":true}]}}