{"id":96879,"date":"2025-05-28T10:34:21","date_gmt":"2025-05-28T08:34:21","guid":{"rendered":"https:\/\/galicianparts.com\/shop\/producto\/60507536-reten-110x130x12-ciguenal-lado-cambio-alfa-33-164-155-nuevo-original\/"},"modified":"2025-05-28T10:37:47","modified_gmt":"2025-05-28T08:37:47","slug":"60507536-reten-110x130x12-ciguenal-lado-cambio-alfa-33-164-155-nuevo-original","status":"publish","type":"product","link":"https:\/\/galicianparts.com\/shop\/producto\/60507536-reten-110x130x12-ciguenal-lado-cambio-alfa-33-164-155-nuevo-original\/","title":{"rendered":"60507536 Ret\u00e9n 110x130x12 cig\u00fce\u00f1al lado cambio Alfa 33 \/164 \/155 NUEVO ORIGINAL"},"content":{"rendered":"<p>71712728 Ret\u00e9n de la tapa del c\u00e1rter, apoyo del cig\u00fce\u00f1al del lado del volante de motor de:<br \/>\nMedidas: 110x130x12 mm<\/p>\n<p>ALFA ROMEO &#8211; T4 155 GAMMA 96 DS (1996-1997) 2500 TD<br \/>\nALFA ROMEO &#8211; U6 155 TURBO (1992-1996) 2500 TD \/ 2.5 T.DS. CEE F2<br \/>\nALFA ROMEO &#8211; K0 164 (1987-1992) 2.5 T.D.<br \/>\nALFA ROMEO &#8211; W1 164 FL\/92 (1992-1997) 2500 TB\/DS \/ 2500 TB\/DS CEE F2<br \/>\nALFA ROMEO &#8211; W2 164 SUPER (1992-1997) 2500 TB\/DS \/ 2500 TB\/DS(CEE-F2)<br \/>\nALFA ROMEO &#8211; W5 33 DS (1990-1994) 1.8 TB\/DS<br \/>\nALFA ROMEO &#8211; W7 33 ED.88(1988-1990) 1.9 TB\/DS<\/p>\n<p>LA PIEZA ES NUEVA Y ORIGINAL.<\/p>\n","protected":false},"excerpt":{"rendered":"<p>71712728 Ret\u00e9n de la tapa del c\u00e1rter, apoyo del cig\u00fce\u00f1al del lado del volante de motor de: Medidas: 110x130x12 mm ALFA ROMEO &#8211; T4 155 GAMMA 96 DS (1996-1997) 2500 TD ALFA ROMEO &#8211; U6 155 TURBO (1992-1996) 2500 TD \/ 2.5 T.DS. CEE F2 ALFA ROMEO &#8211; K0 164 (1987-1992) 2.5 T.D. ALFA ROMEO [&hellip;]<\/p>\n","protected":false},"featured_media":96880,"template":"","meta":{"_seopress_robots_primary_cat":"","_seopress_titles_title":"","_seopress_titles_desc":"","_seopress_robots_index":""},"product_cat":[48,54,43,16],"product_tag":[],"class_list":{"0":"post-96879","1":"product","2":"type-product","3":"status-publish","4":"has-post-thumbnail","6":"product_cat-recambios-alfa-romeo-155","7":"product_cat-recambios-alfa-romeo-164","8":"product_cat-recambios-alfa-romeo-33","9":"product_cat-recambios-alfa-romeo","11":"first","12":"instock","13":"taxable","14":"shipping-taxable","15":"purchasable","16":"product-type-simple"},"_links":{"self":[{"href":"https:\/\/galicianparts.com\/shop\/wp-json\/wp\/v2\/product\/96879"}],"collection":[{"href":"https:\/\/galicianparts.com\/shop\/wp-json\/wp\/v2\/product"}],"about":[{"href":"https:\/\/galicianparts.com\/shop\/wp-json\/wp\/v2\/types\/product"}],"wp:featuredmedia":[{"embeddable":true,"href":"https:\/\/galicianparts.com\/shop\/wp-json\/wp\/v2\/media\/96880"}],"wp:attachment":[{"href":"https:\/\/galicianparts.com\/shop\/wp-json\/wp\/v2\/media?parent=96879"}],"wp:term":[{"taxonomy":"product_cat","embeddable":true,"href":"https:\/\/galicianparts.com\/shop\/wp-json\/wp\/v2\/product_cat?post=96879"},{"taxonomy":"product_tag","embeddable":true,"href":"https:\/\/galicianparts.com\/shop\/wp-json\/wp\/v2\/product_tag?post=96879"}],"curies":[{"name":"wp","href":"https:\/\/api.w.org\/{rel}","templated":true}]}}