{"id":96919,"date":"2025-05-29T11:04:24","date_gmt":"2025-05-29T09:04:24","guid":{"rendered":"https:\/\/galicianparts.com\/shop\/producto\/9502573380-casquillo-palier-der-fiat-ducato-94-02-ulysse-nuevo-original\/"},"modified":"2025-05-29T11:08:56","modified_gmt":"2025-05-29T09:08:56","slug":"9502573380-casquillo-palier-der-fiat-ducato-94-02-ulysse-nuevo-original","status":"publish","type":"product","link":"https:\/\/galicianparts.com\/shop\/producto\/9502573380-casquillo-palier-der-fiat-ducato-94-02-ulysse-nuevo-original\/","title":{"rendered":"9502573380 Casquillo palier der. Fiat Ducato (94-02) Ulysse NUEVO ORIGINAL"},"content":{"rendered":"<p>Casquillo del rodamiento del eje de transmisi\u00f3n derecho de:<br \/>\nDi\u00e1metro interior: 35mm<br \/>\nDi\u00e1metro exterior: 45mm<br \/>\nAltura: 15.5mm<\/p>\n<p>FIAT &#8211; PG ULYSSE (1994-2002) 2000 IE TB \/ 1905 T.D.EM.08 \/ 1905 T.D.USA 87 \/ 2100 T.D. CEE FASE 2 \/ 1905 T.D. CEE FASE 2 \/ 2000 I.E. CF2 16V<br \/>\nFIAT PROFESSIONAL &#8211; PD DUCATO &#8217;94 BENZINA (1994-2002) CON CAPACIDAD 10Q \/ CON CAPACIDAD 14Q<br \/>\nFIAT PROFESSIONAL &#8211; PD DUCATO &#8217;94 BENZINA (1994-2002) CON CAPACIDAD 18Q<br \/>\nFIAT PROFESSIONAL &#8211; PE DUCATO&#8217;94 DIESEL (1994-2002) CON CAPACIDAD 10Q \/ CON CAPACIDAD 14Q<br \/>\nFIAT PROFESSIONAL &#8211; PE DUCATO&#8217;94 DIESEL (1994-2002) CON CAPACIDAD 18Q<\/p>\n<p>LA PIEZA ES NUEVA Y ORIGINAL.<\/p>\n","protected":false},"excerpt":{"rendered":"<p>Casquillo del rodamiento del eje de transmisi\u00f3n derecho de: Di\u00e1metro interior: 35mm Di\u00e1metro exterior: 45mm Altura: 15.5mm FIAT &#8211; PG ULYSSE (1994-2002) 2000 IE TB \/ 1905 T.D.EM.08 \/ 1905 T.D.USA 87 \/ 2100 T.D. CEE FASE 2 \/ 1905 T.D. CEE FASE 2 \/ 2000 I.E. CF2 16V FIAT PROFESSIONAL &#8211; PD DUCATO &#8217;94 [&hellip;]<\/p>\n","protected":false},"featured_media":96923,"template":"","meta":{"_seopress_robots_primary_cat":"","_seopress_titles_title":"","_seopress_titles_desc":"","_seopress_robots_index":""},"product_cat":[88,20,113],"product_tag":[],"class_list":{"0":"post-96919","1":"product","2":"type-product","3":"status-publish","4":"has-post-thumbnail","6":"product_cat-recambios-fiat-ducato","7":"product_cat-recambios-fiat","8":"product_cat-recambios-fiat-ulysse","10":"first","11":"instock","12":"taxable","13":"shipping-taxable","14":"purchasable","15":"product-type-simple"},"_links":{"self":[{"href":"https:\/\/galicianparts.com\/shop\/wp-json\/wp\/v2\/product\/96919"}],"collection":[{"href":"https:\/\/galicianparts.com\/shop\/wp-json\/wp\/v2\/product"}],"about":[{"href":"https:\/\/galicianparts.com\/shop\/wp-json\/wp\/v2\/types\/product"}],"wp:featuredmedia":[{"embeddable":true,"href":"https:\/\/galicianparts.com\/shop\/wp-json\/wp\/v2\/media\/96923"}],"wp:attachment":[{"href":"https:\/\/galicianparts.com\/shop\/wp-json\/wp\/v2\/media?parent=96919"}],"wp:term":[{"taxonomy":"product_cat","embeddable":true,"href":"https:\/\/galicianparts.com\/shop\/wp-json\/wp\/v2\/product_cat?post=96919"},{"taxonomy":"product_tag","embeddable":true,"href":"https:\/\/galicianparts.com\/shop\/wp-json\/wp\/v2\/product_tag?post=96919"}],"curies":[{"name":"wp","href":"https:\/\/api.w.org\/{rel}","templated":true}]}}