{"id":97053,"date":"2025-06-02T09:54:00","date_gmt":"2025-06-02T07:54:00","guid":{"rendered":"https:\/\/galicianparts.com\/shop\/producto\/182053080-embellecedor-mando-calefaccion-fiat-uno-turbo-fiorino-elba-original\/"},"modified":"2025-06-02T10:17:40","modified_gmt":"2025-06-02T08:17:40","slug":"182053080-embellecedor-mando-calefaccion-fiat-uno-turbo-fiorino-elba-original","status":"publish","type":"product","link":"https:\/\/galicianparts.com\/shop\/producto\/182053080-embellecedor-mando-calefaccion-fiat-uno-turbo-fiorino-elba-original\/","title":{"rendered":"182053080 Embellecedor mando calefacci\u00f3n Fiat Uno Turbo \/Fiorino \/Elba ORIGINAL"},"content":{"rendered":"<p>Empu\u00f1adura de color negro de los controles del m\u00f3dulo de la calefacci\u00f3n de:<br \/>\nFIAT &#8211; XP ELBA CSL (1991-1996)<br \/>\nFIAT &#8211; XR MILLE (1994-1995)<br \/>\nFIAT &#8211; XS MILLE CLIP (1995-1997) 994 SPI \/ 1697 DS<br \/>\nFIAT &#8211; MU UNO DIESEL R\/89 (1989-1995)<br \/>\nFIAT &#8211; MU UNO DIESEL R\/89 (1989-1995) AUTOMATIC HEATER<br \/>\nFIAT &#8211; 1D UNO MONDO (1995-2010) 1242\u00a08V\u00a0MPI\u00a0CF3<br \/>\nFIAT &#8211; 1D UNO MONDO (1995-2010) 1697 ASPIRATED DIESEL<br \/>\nFIAT &#8211; 1D UNO MONDO (1995-2010) 1000 CARB. \/ 1000 USA 83 \/ 1000 CF2 \/ 1370 CARB. \/ 1242 SPI CF2 \/ 1100 CARB. \/ 1697 DS EM08<br \/>\nFIAT &#8211; MS UNO R\/89 1.1-1370-1.5 (1989-1995)<br \/>\nFIAT &#8211; MS UNO R\/89 1.1-1370-1.5 (1989-1995) AUTOMATIC HEATER<br \/>\nFIAT &#8211; MR UNO R\/89 900-1.0-1.1 (1989-1995)<br \/>\nFIAT &#8211; MR UNO R\/89 900-1.0-1.1 (1989-1995) AUTOMATIC HEATER<br \/>\nFIAT &#8211; MT UNO TURBO R\/89 (1989-1993)<br \/>\nFIAT PROFESSIONAL &#8211; 3A FIORINO EXPORT (2004-2008) 1697 ASPIRATED DIESEL<br \/>\nFIAT PROFESSIONAL &#8211; 3A FIORINO EXPORT (2004-2008) 1.2\u00a0MPI\u00a08V\u00a0U83<br \/>\nFIAT PROFESSIONAL &#8211; 2N FIORINO RL (1993-2000)<\/p>\n<p>LA PIEZA ES NUEVA Y ORIGINAL.<\/p>\n","protected":false},"excerpt":{"rendered":"<p>Empu\u00f1adura de color negro de los controles del m\u00f3dulo de la calefacci\u00f3n de: FIAT &#8211; XP ELBA CSL (1991-1996) FIAT &#8211; XR MILLE (1994-1995) FIAT &#8211; XS MILLE CLIP (1995-1997) 994 SPI \/ 1697 DS FIAT &#8211; MU UNO DIESEL R\/89 (1989-1995) FIAT &#8211; MU UNO DIESEL R\/89 (1989-1995) AUTOMATIC HEATER FIAT &#8211; 1D UNO [&hellip;]<\/p>\n","protected":false},"featured_media":97059,"template":"","meta":{"_seopress_robots_primary_cat":"","_seopress_titles_title":"","_seopress_titles_desc":"","_seopress_robots_index":""},"product_cat":[90,20,91,114],"product_tag":[],"class_list":{"0":"post-97053","1":"product","2":"type-product","3":"status-publish","4":"has-post-thumbnail","6":"product_cat-recambios-fiat-elba","7":"product_cat-recambios-fiat","8":"product_cat-recambios-fiat-fiorino","9":"product_cat-recambios-fiat-uno","11":"first","12":"instock","13":"taxable","14":"shipping-taxable","15":"purchasable","16":"product-type-simple"},"_links":{"self":[{"href":"https:\/\/galicianparts.com\/shop\/wp-json\/wp\/v2\/product\/97053"}],"collection":[{"href":"https:\/\/galicianparts.com\/shop\/wp-json\/wp\/v2\/product"}],"about":[{"href":"https:\/\/galicianparts.com\/shop\/wp-json\/wp\/v2\/types\/product"}],"wp:featuredmedia":[{"embeddable":true,"href":"https:\/\/galicianparts.com\/shop\/wp-json\/wp\/v2\/media\/97059"}],"wp:attachment":[{"href":"https:\/\/galicianparts.com\/shop\/wp-json\/wp\/v2\/media?parent=97053"}],"wp:term":[{"taxonomy":"product_cat","embeddable":true,"href":"https:\/\/galicianparts.com\/shop\/wp-json\/wp\/v2\/product_cat?post=97053"},{"taxonomy":"product_tag","embeddable":true,"href":"https:\/\/galicianparts.com\/shop\/wp-json\/wp\/v2\/product_tag?post=97053"}],"curies":[{"name":"wp","href":"https:\/\/api.w.org\/{rel}","templated":true}]}}