{"id":97109,"date":"2025-06-03T12:16:48","date_gmt":"2025-06-03T10:16:48","guid":{"rendered":"https:\/\/galicianparts.com\/shop\/producto\/7713201-junta-tapon-llenado-aceite-fiat-punto-gt-lancia-dedra-1-6-8v-original\/"},"modified":"2026-02-20T13:19:10","modified_gmt":"2026-02-20T11:19:10","slug":"7713201-junta-tapon-llenado-aceite-fiat-punto-gt-lancia-dedra-1-6-8v-original","status":"publish","type":"product","link":"https:\/\/galicianparts.com\/shop\/producto\/7713201-junta-tapon-llenado-aceite-fiat-punto-gt-lancia-dedra-1-6-8v-original\/","title":{"rendered":"7713201 Junta tap\u00f3n llenado aceite Fiat Punto GT \/Lancia Dedra 1.6 8V ORIGINAL"},"content":{"rendered":"<p>Junta de goma del tap\u00f3n de llenado del aceite de:<br \/>\nDi\u00e1metro interior: 35mm<br \/>\nDi\u00e1metro exterior: 47mm<\/p>\n<p>FIAT &#8211; NV PUNTO (1993-1997) 1.6 MPI<br \/>\nFIAT &#8211; 1A PUNTO GT GAMMA &#8217;97 (1997-1999) 1372 MPI TURBO<br \/>\nFIAT &#8211; PF PUNTO CABRIO (1994-1997) 1580 MPI<br \/>\nFIAT &#8211; NW PUNTO GT (1993-1997)<br \/>\nFIAT &#8211; NY TEMPRA MAQ.93 1580 (&#8217;93-&#8217;96) 1580 MPI \u00abGM\u00bb<br \/>\nLANCIA &#8211; SL DEDRA FL.94 1580 (1994-1999) 1580 MPI 8V<\/p>\n<p>LA PIEZA ES NUEVA Y ORIGINAL.<\/p>\n","protected":false},"excerpt":{"rendered":"<p>Junta de goma del tap\u00f3n de llenado del aceite de: Di\u00e1metro interior: 35mm Di\u00e1metro exterior: 47mm FIAT &#8211; NV PUNTO (1993-1997) 1.6 MPI FIAT &#8211; 1A PUNTO GT GAMMA &#8217;97 (1997-1999) 1372 MPI TURBO FIAT &#8211; PF PUNTO CABRIO (1994-1997) 1580 MPI FIAT &#8211; NW PUNTO GT (1993-1997) FIAT &#8211; NY TEMPRA MAQ.93 1580 (&#8217;93-&#8217;96) [&hellip;]<\/p>\n","protected":false},"featured_media":97112,"template":"","meta":{"_seopress_robots_primary_cat":"","_seopress_titles_title":"","_seopress_titles_desc":"","_seopress_robots_index":""},"product_cat":[117,20,21,101,111],"product_tag":[],"class_list":{"0":"post-97109","1":"product","2":"type-product","3":"status-publish","4":"has-post-thumbnail","6":"product_cat-recambios-lancia-dedra","7":"product_cat-recambios-fiat","8":"product_cat-recambios-lancia","9":"product_cat-recambios-fiat-punto","10":"product_cat-recambios-fiat-tempra","12":"first","13":"outofstock","14":"taxable","15":"shipping-taxable","16":"purchasable","17":"product-type-simple"},"_links":{"self":[{"href":"https:\/\/galicianparts.com\/shop\/wp-json\/wp\/v2\/product\/97109"}],"collection":[{"href":"https:\/\/galicianparts.com\/shop\/wp-json\/wp\/v2\/product"}],"about":[{"href":"https:\/\/galicianparts.com\/shop\/wp-json\/wp\/v2\/types\/product"}],"wp:featuredmedia":[{"embeddable":true,"href":"https:\/\/galicianparts.com\/shop\/wp-json\/wp\/v2\/media\/97112"}],"wp:attachment":[{"href":"https:\/\/galicianparts.com\/shop\/wp-json\/wp\/v2\/media?parent=97109"}],"wp:term":[{"taxonomy":"product_cat","embeddable":true,"href":"https:\/\/galicianparts.com\/shop\/wp-json\/wp\/v2\/product_cat?post=97109"},{"taxonomy":"product_tag","embeddable":true,"href":"https:\/\/galicianparts.com\/shop\/wp-json\/wp\/v2\/product_tag?post=97109"}],"curies":[{"name":"wp","href":"https:\/\/api.w.org\/{rel}","templated":true}]}}