{"id":97134,"date":"2025-06-04T10:00:01","date_gmt":"2025-06-04T08:00:01","guid":{"rendered":"https:\/\/galicianparts.com\/shop\/producto\/46748018-tornillo-m12x1-25-suspension-fiat-panda-punto-500-stilo-lancia-original\/"},"modified":"2026-01-26T01:14:21","modified_gmt":"2026-01-25T23:14:21","slug":"46748018-tornillo-m12x1-25-suspension-fiat-panda-punto-500-stilo-lancia-original","status":"publish","type":"product","link":"https:\/\/galicianparts.com\/shop\/producto\/46748018-tornillo-m12x1-25-suspension-fiat-panda-punto-500-stilo-lancia-original\/","title":{"rendered":"46748018 Tornillo M12x1.25 suspensi\u00f3n Fiat Panda \/Punto \/500 \/Stilo \/Lancia ORIGINAL"},"content":{"rendered":"<p>Perno de los trapecios y cuna de la suspensi\u00f3n delantera, taco de motor, amortiguador de la suspensi\u00f3n trasera, etc de:<br \/>\nM\u00e9trica: 12&#215;1.25<br \/>\nLargo total: 93mm<\/p>\n<p>FIAT &#8211; 83 500 MY2012 (2012-&#8230;.)<br \/>\nFIAT &#8211; 73 500L (2012-&#8230;.)<br \/>\nFIAT &#8211; 3S GRANDE PUNTO INTERN. INDIA (2008-2014)<br \/>\nFIAT &#8211; 0D GRANDE PUNTO INTERN. INDIA FL2014 (2014-&#8230;.)<br \/>\nFIAT &#8211; 2S IDEA (2003-2008)<br \/>\nFIAT &#8211; 4D IDEA (2008-2012)<br \/>\nFIAT &#8211; 3M LINEA (2007-&#8230;.)<br \/>\nFIAT &#8211; 0C LINEA INDIA FL2014 (2014-&#8230;.)<br \/>\nFIAT &#8211; 3P NUOVA 500 (2007-2012)<br \/>\nFIAT &#8211; 3L NUOVA BRAVO (2007-2009)<br \/>\nFIAT &#8211; 3Y NUOVA BRAVO MY 2010 (2010-2014)<br \/>\nFIAT &#8211; 2Q NUOVA PANDA (2003-2009)<br \/>\nFIAT &#8211; 71 PANDA CLASSIC (2012-2012)<br \/>\nFIAT &#8211; 3U PANDA MY 2009 (2009-2010)<br \/>\nFIAT &#8211; 0X PANDA MY 2011 (2010-2011)<br \/>\nFIAT &#8211; 1N PUNTO BZ (1999-2003)<br \/>\nFIAT &#8211; 1P PUNTO DS (1999-2003)<br \/>\nFIAT &#8211; 2U PUNTO FL.&#8217;03 (2003-2010)<br \/>\nFIAT &#8211; 2C STILO BZ\/DS (2001-2003)<br \/>\nFIAT &#8211; 2V STILO F.L.L. 2003 (2003-2007)<br \/>\nLANCIA &#8211; TN LANCIA DELTA MY 2011 (2011-2014)<br \/>\nLANCIA &#8211; TG MUSA (2004-2007)<br \/>\nLANCIA &#8211; TJ MUSA (2007-2011)<br \/>\nLANCIA &#8211; 43 MUSA FLL (2011-2012)<br \/>\nLANCIA &#8211; TK NEW YPSILON (2011-&#8230;.)<br \/>\nLANCIA &#8211; TH NUOVA DELTA 844 (2008-2011)<br \/>\nLANCIA &#8211; TE YPSILON (2003-2009)<br \/>\nLANCIA &#8211; TI YPSILON (2009-2011)<br \/>\nABARTH &#8211; 85 500 ABARTH MY2012 (2012-&#8230;.)<br \/>\nABARTH &#8211; 3R NUOVA 500 ABARTH (2008-2012)<\/p>\n<p>LA PIEZA ES NUEVA Y ORIGINAL.<\/p>\n","protected":false},"excerpt":{"rendered":"<p>Perno de los trapecios y cuna de la suspensi\u00f3n delantera, taco de motor, amortiguador de la suspensi\u00f3n trasera, etc de: M\u00e9trica: 12&#215;1.25 Largo total: 93mm FIAT &#8211; 83 500 MY2012 (2012-&#8230;.) FIAT &#8211; 73 500L (2012-&#8230;.) FIAT &#8211; 3S GRANDE PUNTO INTERN. INDIA (2008-2014) FIAT &#8211; 0D GRANDE PUNTO INTERN. INDIA FL2014 (2014-&#8230;.) FIAT &#8211; [&hellip;]<\/p>\n","protected":false},"featured_media":97137,"template":"","meta":{"_seopress_robots_primary_cat":"","_seopress_titles_title":"","_seopress_titles_desc":"","_seopress_robots_index":""},"product_cat":[74,82,118,20,92,93,21,94,121,99,101,108,127],"product_tag":[],"class_list":{"0":"post-97134","1":"product","2":"type-product","3":"status-publish","4":"has-post-thumbnail","6":"product_cat-recambios-fiat-500","7":"product_cat-recambios-fiat-bravo","8":"product_cat-recambios-lancia-delta","9":"product_cat-recambios-fiat","10":"product_cat-recambios-fiat-grande-punto","11":"product_cat-recambios-fiat-idea","12":"product_cat-recambios-lancia","13":"product_cat-recambios-fiat-linea","14":"product_cat-recambios-lancia-musa","15":"product_cat-recambios-fiat-panda","16":"product_cat-recambios-fiat-punto","17":"product_cat-recambios-fiat-stilo","18":"product_cat-recambios-lancia-ypsilon","20":"first","21":"outofstock","22":"taxable","23":"shipping-taxable","24":"purchasable","25":"product-type-simple"},"_links":{"self":[{"href":"https:\/\/galicianparts.com\/shop\/wp-json\/wp\/v2\/product\/97134"}],"collection":[{"href":"https:\/\/galicianparts.com\/shop\/wp-json\/wp\/v2\/product"}],"about":[{"href":"https:\/\/galicianparts.com\/shop\/wp-json\/wp\/v2\/types\/product"}],"wp:featuredmedia":[{"embeddable":true,"href":"https:\/\/galicianparts.com\/shop\/wp-json\/wp\/v2\/media\/97137"}],"wp:attachment":[{"href":"https:\/\/galicianparts.com\/shop\/wp-json\/wp\/v2\/media?parent=97134"}],"wp:term":[{"taxonomy":"product_cat","embeddable":true,"href":"https:\/\/galicianparts.com\/shop\/wp-json\/wp\/v2\/product_cat?post=97134"},{"taxonomy":"product_tag","embeddable":true,"href":"https:\/\/galicianparts.com\/shop\/wp-json\/wp\/v2\/product_tag?post=97134"}],"curies":[{"name":"wp","href":"https:\/\/api.w.org\/{rel}","templated":true}]}}