{"id":97165,"date":"2025-06-04T11:26:40","date_gmt":"2025-06-04T09:26:40","guid":{"rendered":"https:\/\/galicianparts.com\/shop\/producto\/14458680-junta-torica-262x3777-bomba-agua-lancia-thema-fiat-croma-alfa-164-original\/"},"modified":"2025-06-04T11:32:36","modified_gmt":"2025-06-04T09:32:36","slug":"14458680-junta-torica-262x3777-bomba-agua-lancia-thema-fiat-croma-alfa-164-original","status":"publish","type":"product","link":"https:\/\/galicianparts.com\/shop\/producto\/14458680-junta-torica-262x3777-bomba-agua-lancia-thema-fiat-croma-alfa-164-original\/","title":{"rendered":"14458680 Junta t\u00f3rica 2,62X37,77 bomba agua Lancia Thema \/Fiat Croma \/Alfa 164 ORIGINAL"},"content":{"rendered":"<p>Espesor: 2,62mm<br \/>\nDi\u00e1metro: 37,77mm<br \/>\nJunta t\u00f3rica inferior de la mariposa de inyecci\u00f3n de:<br \/>\nFIAT &#8211; NM CINQUECENTO (1992-1998) 903 SPI\u00bbW\u00bb USA&#8217;83 \/ 899 SPI\u00bbW\u00bb<br \/>\nFIAT &#8211; 1S PANDA 4X2 MAQ 91 (1991-2003) 900 SPI USA 83<br \/>\nFIAT &#8211; 1E SEICENTO (1998-2010) 899 SPI<\/p>\n<p>Junta t\u00f3rica de la bomba de agua de:<br \/>\nALFA ROMEO &#8211; W1 164 FL\/92 (1992-1997) 3000 6V 12VAL \/ 3000 6V 12VAL BR<br \/>\nALFA ROMEO &#8211; W1 164 FL\/92 (1992-1997) 3000 6V Q.V. 24VAL \/ 3000 6V Q.V. 24VAL GD \/ 3000 6V Q4 24VAL \/ 3000 6V Q4 24VAL CEE F2<br \/>\nALFA ROMEO &#8211; W2 164 SUPER (1992-1997) 3000 V6 24V \/ 3000 V6 24V(CEE-F2) \/ 3000 V6 24V BR \/ 3000 V6 24V 4X4(CEE-F2)<br \/>\nALFA ROMEO &#8211; W2 164 SUPER (1992-1997) 3000 V6 12V \/ 3000 V6 12V(CEE-F2)<br \/>\nALFA ROMEO &#8211; R4 164 USA MY.94-95 (1993-1995)<br \/>\nLANCIA &#8211; SS KAPPA  3.0 V6 (1994-2001)<br \/>\nLANCIA &#8211; SD THEMA 3.0 V6 FL.92 (1992-1994)<br \/>\nFIAT &#8211; NQ CROMA IE. 2500 V6 (1993-1996)<\/p>\n<p>Junta t\u00f3rica del sistema de engrase de:<br \/>\nLANCIA &#8211; SZ THEMA BZ\/DS R.88 (1988-1992) 2500 TB\/DS (8144.97) \/ 2500 TB\/DS (8144.97S)EM.08<br \/>\nLANCIA &#8211; SC THEMA TURBO DS FL.92 (1992-1994)<br \/>\nFIAT &#8211; MJ CROMA TURBO DS FL.90 (1990-1996) 2500 (8144.97) \/ 2500 (8144.97S)<br \/>\nFIAT &#8211; MJ CROMA TURBO DS FL.90 (1990-1996) 2500 (8144.97Y)<\/p>\n<p>LA PIEZA ES NUEVA Y ORIGINAL.<\/p>\n","protected":false},"excerpt":{"rendered":"<p>Espesor: 2,62mm Di\u00e1metro: 37,77mm Junta t\u00f3rica inferior de la mariposa de inyecci\u00f3n de: FIAT &#8211; NM CINQUECENTO (1992-1998) 903 SPI\u00bbW\u00bb USA&#8217;83 \/ 899 SPI\u00bbW\u00bb FIAT &#8211; 1S PANDA 4X2 MAQ 91 (1991-2003) 900 SPI USA 83 FIAT &#8211; 1E SEICENTO (1998-2010) 899 SPI Junta t\u00f3rica de la bomba de agua de: ALFA ROMEO &#8211; W1 [&hellip;]<\/p>\n","protected":false},"featured_media":97167,"template":"","meta":{"_seopress_robots_primary_cat":"","_seopress_titles_title":"","_seopress_titles_desc":"","_seopress_robots_index":""},"product_cat":[54,16,84,86,20,119,21,99,106,124],"product_tag":[],"class_list":{"0":"post-97165","1":"product","2":"type-product","3":"status-publish","4":"has-post-thumbnail","6":"product_cat-recambios-alfa-romeo-164","7":"product_cat-recambios-alfa-romeo","8":"product_cat-recambios-fiat-cinquecento","9":"product_cat-recambios-fiat-croma","10":"product_cat-recambios-fiat","11":"product_cat-recambios-lancia-kappa","12":"product_cat-recambios-lancia","13":"product_cat-recambios-fiat-panda","14":"product_cat-recambios-fiat-seicento","15":"product_cat-recambios-lancia-thema","17":"first","18":"instock","19":"taxable","20":"shipping-taxable","21":"purchasable","22":"product-type-simple"},"_links":{"self":[{"href":"https:\/\/galicianparts.com\/shop\/wp-json\/wp\/v2\/product\/97165"}],"collection":[{"href":"https:\/\/galicianparts.com\/shop\/wp-json\/wp\/v2\/product"}],"about":[{"href":"https:\/\/galicianparts.com\/shop\/wp-json\/wp\/v2\/types\/product"}],"wp:featuredmedia":[{"embeddable":true,"href":"https:\/\/galicianparts.com\/shop\/wp-json\/wp\/v2\/media\/97167"}],"wp:attachment":[{"href":"https:\/\/galicianparts.com\/shop\/wp-json\/wp\/v2\/media?parent=97165"}],"wp:term":[{"taxonomy":"product_cat","embeddable":true,"href":"https:\/\/galicianparts.com\/shop\/wp-json\/wp\/v2\/product_cat?post=97165"},{"taxonomy":"product_tag","embeddable":true,"href":"https:\/\/galicianparts.com\/shop\/wp-json\/wp\/v2\/product_tag?post=97165"}],"curies":[{"name":"wp","href":"https:\/\/api.w.org\/{rel}","templated":true}]}}