{"id":9720,"date":"2020-12-04T12:09:03","date_gmt":"2020-12-04T10:09:03","guid":{"rendered":"https:\/\/galicianparts.com\/shop\/producto\/7635125-rotula-axial-direccion-seat-131-ritmo-ronda-ibiza-fiat-lancia-original\/"},"modified":"2022-02-08T20:17:38","modified_gmt":"2022-02-08T18:17:38","slug":"7635125-rotula-axial-direccion-seat-131-ritmo-ronda-ibiza-fiat-lancia-original","status":"publish","type":"product","link":"https:\/\/galicianparts.com\/shop\/producto\/7635125-rotula-axial-direccion-seat-131-ritmo-ronda-ibiza-fiat-lancia-original\/","title":{"rendered":"7635125 R\u00f3tula axial direcci\u00f3n Seat 131 \/ Ritmo \/ Ronda \/ Ibiza \/ Fiat \/ Lancia ORIGINAL"},"content":{"rendered":"<p>R\u00f3tula, tirante axial de la direcci\u00f3n de:<br \/>\nABARTH Ritmo (138A_) (A\u00f1o 11.1981 &#8211; 12.1987, 125 &#8211; 130 CV, Gasolina)<br \/>\nFIAT 131 Berlina (131) (A\u00f1o 10.1974 &#8211; 03.1987, 54 &#8211; 140 CV, Gas\u00f3leo, Gasolina)<br \/>\nFIAT 131 Familiare \/ Panorama (131) (A\u00f1o 03.1975 &#8211; 12.1984, 54 &#8211; 113 CV, Gas\u00f3leo, Gasolina)<br \/>\nFIAT Brava Hatchback (182) (A\u00f1o 10.1995 &#8211; 12.2002, 65 &#8211; 154 CV, Gas\u00f3leo, Gasolina)<br \/>\nFIAT Bravo I Hatchback (182) (A\u00f1o 10.1995 &#8211; 10.2001, 65 &#8211; 154 CV, Gas\u00f3leo, Gasolina)<br \/>\nFIAT Regata Berlina (138) (A\u00f1o 09.1983 &#8211; 12.1990, 58 &#8211; 101 CV, Gas\u00f3leo, Gasolina)<br \/>\nFIAT Regata Weekend (A\u00f1o 01.1984 &#8211; 12.1990, 60 &#8211; 101 CV, Gas\u00f3leo, Gasolina)<br \/>\nFIAT Ritmo I Hatchback (138) (A\u00f1o 01.1978 &#8211; 12.1988, 55 &#8211; 105 CV, Gas\u00f3leo, Gasolina)<br \/>\nFIAT Tempra Berlina (159) (A\u00f1o 03.1990 &#8211; 08.1996, 65 &#8211; 113 CV, Gas\u00f3leo, Gasolina)<br \/>\nFIAT Tempra S.W. (159) (A\u00f1o 03.1990 &#8211; 08.1996, 65 &#8211; 113 CV, Gas\u00f3leo, Gasolina)<br \/>\nFIAT Tipo Hatchback (160) (A\u00f1o 07.1987 &#8211; 10.1995, 56 &#8211; 146 CV, Gas\u00f3leo, Gasolina)<br \/>\nFIAT Uno Furg\u00f3n (146) (A\u00f1o 02.1988 &#8211; 07.1996, 45 CV, Gasolina)<br \/>\nFIAT Uno Turbo Hatchback (146) (A\u00f1o 01.1983 &#8211; 06.2006, 41 &#8211; 118 CV, Gas\u00f3leo, Gasolina)<br \/>\nLANCIA Dedra Berlina (835) (A\u00f1o 04.1989 &#8211; 07.1999, 75 &#8211; 177 CV, Gas\u00f3leo, Gasolina)<br \/>\nLANCIA Dedra Familiar (835) (A\u00f1o 07.1994 &#8211; 07.1999, 90 &#8211; 139 CV, Gas\u00f3leo, Gasolina)<br \/>\nLANCIA Delta I (831) (A\u00f1o 09.1979 &#8211; 01.1994, 64 &#8211; 211 CV, Gas\u00f3leo, Gasolina)<br \/>\nLANCIA Prisma (831) (A\u00f1o 01.1983 &#8211; 02.1992, 65 &#8211; 115 CV, Gas\u00f3leo, Gasolina)<br \/>\nSEAT 131 (A\u00f1o 06.1978 &#8211; 12.1986, 72 &#8211; 116 CV, Gas\u00f3leo, Gasolina)<br \/>\nSEAT Ibiza I Hatchback (021A) (A\u00f1o 06.1984 &#8211; 12.1993, 40 &#8211; 103 CV, Gas\u00f3leo, Gasolina)<br \/>\nSEAT Malaga (023A) (A\u00f1o 11.1984 &#8211; 12.1993, 54 &#8211; 100 CV, Gas\u00f3leo, Gasolina)<br \/>\nSEAT Ritmo (138) (A\u00f1o 07.1978 &#8211; 09.1983, 56 &#8211; 77 CV, Gas\u00f3leo, Gasolina)<br \/>\nSEAT Ronda (022A) (A\u00f1o 06.1982 &#8211; 11.1988, 54 &#8211; 92 CV, Gas\u00f3leo, Gasolina)<\/p>\n<p>LA PIEZA ES NUEVA Y ORIGINAL.<\/p>\n","protected":false},"excerpt":{"rendered":"<p>R\u00f3tula, tirante axial de la direcci\u00f3n de: ABARTH Ritmo (138A_) (A\u00f1o 11.1981 &#8211; 12.1987, 125 &#8211; 130 CV, Gasolina) FIAT 131 Berlina (131) (A\u00f1o 10.1974 &#8211; 03.1987, 54 &#8211; 140 CV, Gas\u00f3leo, Gasolina) FIAT 131 Familiare \/ Panorama (131) (A\u00f1o 03.1975 &#8211; 12.1984, 54 &#8211; 113 CV, Gas\u00f3leo, Gasolina) FIAT Brava Hatchback (182) (A\u00f1o 10.1995 [&hellip;]<\/p>\n","protected":false},"featured_media":9721,"template":"","meta":{"_seopress_robots_primary_cat":"","_seopress_titles_title":"","_seopress_titles_desc":"","_seopress_robots_index":""},"product_cat":[70,81,82,20,102,103,111,112,114],"product_tag":[],"class_list":{"0":"post-9720","1":"product","2":"type-product","3":"status-publish","4":"has-post-thumbnail","6":"product_cat-recambios-fiat-131","7":"product_cat-recambios-fiat-brava","8":"product_cat-recambios-fiat-bravo","9":"product_cat-recambios-fiat","10":"product_cat-recambios-fiat-regata","11":"product_cat-recambios-fiat-ritmo","12":"product_cat-recambios-fiat-tempra","13":"product_cat-recambios-fiat-tipo","14":"product_cat-recambios-fiat-uno","16":"first","17":"outofstock","18":"taxable","19":"shipping-taxable","20":"purchasable","21":"product-type-simple"},"_links":{"self":[{"href":"https:\/\/galicianparts.com\/shop\/wp-json\/wp\/v2\/product\/9720"}],"collection":[{"href":"https:\/\/galicianparts.com\/shop\/wp-json\/wp\/v2\/product"}],"about":[{"href":"https:\/\/galicianparts.com\/shop\/wp-json\/wp\/v2\/types\/product"}],"wp:featuredmedia":[{"embeddable":true,"href":"https:\/\/galicianparts.com\/shop\/wp-json\/wp\/v2\/media\/9721"}],"wp:attachment":[{"href":"https:\/\/galicianparts.com\/shop\/wp-json\/wp\/v2\/media?parent=9720"}],"wp:term":[{"taxonomy":"product_cat","embeddable":true,"href":"https:\/\/galicianparts.com\/shop\/wp-json\/wp\/v2\/product_cat?post=9720"},{"taxonomy":"product_tag","embeddable":true,"href":"https:\/\/galicianparts.com\/shop\/wp-json\/wp\/v2\/product_tag?post=9720"}],"curies":[{"name":"wp","href":"https:\/\/api.w.org\/{rel}","templated":true}]}}