{"id":97236,"date":"2025-06-05T13:18:38","date_gmt":"2025-06-05T11:18:38","guid":{"rendered":"https:\/\/galicianparts.com\/shop\/producto\/4394109-junta-tapa-valvulas-fiat-uno-ducato-124-alfa-lancia-citroen-seat-original\/"},"modified":"2025-06-05T13:26:55","modified_gmt":"2025-06-05T11:26:55","slug":"4394109-junta-tapa-valvulas-fiat-uno-ducato-124-alfa-lancia-citroen-seat-original","status":"publish","type":"product","link":"https:\/\/galicianparts.com\/shop\/producto\/4394109-junta-tapa-valvulas-fiat-uno-ducato-124-alfa-lancia-citroen-seat-original\/","title":{"rendered":"4394109 Junta tapa v\u00e1lvulas Fiat Uno \/Ducato \/124 \/Alfa \/Lancia \/Citroen \/Seat ORIGINAL"},"content":{"rendered":"<p>4130541 Junta de la tapa superior de la culata del motor de:<br \/>\nEspesor: 1mm<br \/>\nLongitud: 418mm<br \/>\nAncho: 144mm<\/p>\n<p>FIAT Regata Berlina (138)<br \/>\n1.7 Di\u00e9sel 60, A\u00f1o 05.1985 &#8211; 03.1989, 1698 ccm, 60 cv<br \/>\n1.9 Di\u00e9sel 65, A\u00f1o 04.1984 &#8211; 07.1989, 1929 ccm, 65 cv<br \/>\nFIAT Regata Weekend<br \/>\n1.7 Di\u00e9sel 60, A\u00f1o 01.1984 &#8211; 12.1989, 1698 ccm, 60 cv<br \/>\n1.9 Di\u00e9sel 65, A\u00f1o 04.1984 &#8211; 07.1989, 1929 ccm, 65 cv<br \/>\nFIAT Ritmo I Hatchback (138)<br \/>\n1.7 Diesel, A\u00f1o 05.1985 &#8211; 12.1987, 1698 ccm, 60 cv<br \/>\nFIAT Ducato II Furg\u00f3n (230L)<br \/>\n1.9 D, A\u00f1o 03.1994 &#8211; 04.2002, 1929 ccm, 69 cv<br \/>\n1.9 TD, A\u00f1o 03.1994 &#8211; 04.2002, 1929 ccm, 82 cv<br \/>\n1.9 TD CAT, A\u00f1o 08.1994 &#8211; 04.2002, 1929 ccm, 80 cv<br \/>\nFIAT Tempra Berlina (159)<br \/>\n1.9 D, A\u00f1o 07.1991 &#8211; 08.1996, 1929 ccm, 65 cv<br \/>\n1.9 TD, A\u00f1o 07.1992 &#8211; 08.1996, 1929 ccm, 80 cv<br \/>\n1.9 TD, A\u00f1o 05.1990 &#8211; 08.1996, 1929 ccm, 90 cv<br \/>\nFIAT Tempra S.W. (159)<br \/>\n1.9 D, A\u00f1o 07.1991 &#8211; 08.1996, 1929 ccm, 65 cv<br \/>\n1.9 TD, A\u00f1o 07.1991 &#8211; 02.1995, 1929 ccm, 90 cv<br \/>\n1.9 TD, A\u00f1o 03.1992 &#8211; 06.1993, 1929 ccm, 80 cv<br \/>\nFIAT Tipo Hatchback (160)<br \/>\n1.7 D, A\u00f1o 01.1988 &#8211; 10.1994, 1697 ccm, 58 cv<br \/>\n1.7 D, A\u00f1o 01.1988 &#8211; 10.1995, 1697 ccm, 61 cv<br \/>\n1.9 D, A\u00f1o 07.1991 &#8211; 08.1995, 1929 ccm, 65 cv<br \/>\n1.9 TD, A\u00f1o 03.1992 &#8211; 06.1993, 1929 ccm, 80 cv<br \/>\n1.9 TD, A\u00f1o 09.1990 &#8211; 04.1995, 1929 ccm, 90 cv<br \/>\n1.9 TD (160AR), A\u00f1o 04.1990 &#8211; 10.1992, 1929 ccm, 94 cv<br \/>\nFIAT Fiorino II Furg\u00f3n (146)<br \/>\n1.7 D, A\u00f1o 01.1988 &#8211; 10.1999, 1697 ccm, 60 cv<br \/>\n1.7 TD, A\u00f1o 11.1996 &#8211; 05.2000, 1697 ccm, 63 cv<br \/>\n60 1.7 D, A\u00f1o 05.1988 &#8211; 10.1996, 1697 ccm, 57 cv<br \/>\n60 1.7 D, A\u00f1o 05.1988 &#8211; 05.2000, 1698 ccm, 60 cv<br \/>\n65 1.7 TD, A\u00f1o 01.1997 &#8211; 05.2001, 1698 ccm, 63 cv<br \/>\nFIAT Punto I Hatchback (176)<br \/>\n1.7 D, A\u00f1o 04.1994 &#8211; 09.1997, 1698 ccm, 57 cv<br \/>\n1.7 TD, A\u00f1o 01.1994 &#8211; 09.1999, 1698 ccm, 69 cv<br \/>\n1.7 TD, A\u00f1o 01.1994 &#8211; 09.1999, 1698 ccm, 71 cv<br \/>\n1.7 TD (176AT), A\u00f1o 09.1996 &#8211; 09.1999, 1698 ccm, 63 cv<br \/>\nFIAT Uno Hatchback (146)<br \/>\n1.7 D, A\u00f1o 11.1994 &#8211; 08.2000, 1697 ccm, 58 cv<br \/>\n1.9 D, A\u00f1o 09.1989 &#8211; 03.1994, 1929 ccm, 60 cv<br \/>\n1.7 Di\u00e9sel 60, A\u00f1o 07.1986 &#8211; 08.1989, 1698 ccm, 60 cv<br \/>\n60 Diesel 1.7 (146E), A\u00f1o 09.1989 &#8211; 12.1993, 1698 ccm, 57 cv<br \/>\n1.4 TD 70, A\u00f1o 10.1986 &#8211; 10.1990, 1367 ccm, 71 cv<br \/>\nFIAT Brava Hatchback (182)<br \/>\n1.9 D, A\u00f1o 10.1995 &#8211; 10.2001, 1929 ccm, 65 cv<br \/>\nFIAT Bravo I Hatchback (182)<br \/>\n1.9 D, A\u00f1o 10.1995 &#8211; 10.2001, 1929 ccm, 65 cv<br \/>\nFIAT Ducato I Furg\u00f3n (290)<br \/>\n1.9 D, A\u00f1o 07.1990 &#8211; 03.1994, 1929 ccm, 71 cv<br \/>\n1.9 TD, A\u00f1o 03.1989 &#8211; 03.1994, 1929 ccm, 82 cv<br \/>\nFIAT Ducato I Panorama (290)<br \/>\n1.9 D, A\u00f1o 07.1990 &#8211; 03.1994, 1929 ccm, 71 cv<br \/>\n1.9 TD, A\u00f1o 07.1990 &#8211; 03.1994, 1929 ccm, 82 cv<br \/>\nFIAT Ducato II Bus (230)<br \/>\n1.9 D Combinato, A\u00f1o 06.1995 &#8211; 04.2002, 1929 ccm, 69 cv<br \/>\n1.9 TD Combinato, A\u00f1o 08.1994 &#8211; 04.2002, 1929 ccm, 80 cv<br \/>\n1.9 TD Panorama\/Combinato, A\u00f1o 03.1994 &#8211; 04.2002, 1929 ccm, 82 cv<br \/>\nFIAT Ducato I Furg\u00f3n (280)<br \/>\n1.9 D, A\u00f1o 01.1988 &#8211; 08.1990, 1929 ccm, 71 cv<br \/>\n1.9 TD, A\u00f1o 03.1989 &#8211; 08.1990, 1929 ccm, 82 cv<br \/>\nFIAT Palio I Hatchback (178)<br \/>\n1.7 D, A\u00f1o 04.1996 &#8211; 09.2002, 1698 ccm, 57 cv<br \/>\n1.7 TD, A\u00f1o 10.2002 &#8211; 01.2012, 1698 ccm, 69 cv<br \/>\n1.7 TD, A\u00f1o 02.1997 &#8211; 10.2003, 1698 ccm, 71 cv<br \/>\n1.7 TD, A\u00f1o 09.2001 &#8211; &#8230;, 1698 ccm, 72 cv<br \/>\nFIAT Palio I Weekend (178)<br \/>\n1.7 TD, A\u00f1o 04.1996 &#8211; 03.2001, 1698 ccm, 70 cv<br \/>\nFIAT Duna Berlina (146)<br \/>\n1.7 DS, A\u00f1o 01.1987 &#8211; 12.1991, 1698 ccm, 60 cv<br \/>\nFIAT Duna Weekend (146)<br \/>\n1.7 DS, A\u00f1o 01.1987 &#8211; 12.1991, 1698 ccm, 60 cv<br \/>\nFIAT Ducato I Cami\u00f3n de plataforma\/Chasis (290)<br \/>\n1.9 D, A\u00f1o 06.1990 &#8211; 05.1994, 1929 ccm, 69 cv<br \/>\n1.9 TD, A\u00f1o 03.1989 &#8211; 03.1994, 1929 ccm, 82 cv<br \/>\nFIAT Ducato I Panorama (280)<br \/>\n1.9 D, A\u00f1o 02.1987 &#8211; 08.1990, 1929 ccm, 71 cv<br \/>\n1.9 TD, A\u00f1o 03.1989 &#8211; 08.1990, 1929 ccm, 82 cv<br \/>\nFIAT Ducato II Cami\u00f3n de plataforma\/Chasis (230)<br \/>\n1.9 D, A\u00f1o 03.1994 &#8211; 04.2002, 1929 ccm, 69 cv<br \/>\n1.9 TD, A\u00f1o 03.1994 &#8211; 04.2002, 1929 ccm, 82 cv<br \/>\n1.9 TD CAT, A\u00f1o 08.1994 &#8211; 04.2002, 1929 ccm, 80 cv<br \/>\nFIAT Strada Pick-up (178)<br \/>\n1.7 TD, A\u00f1o 06.1999 &#8211; 12.2006, 1698 ccm, 69 cv<br \/>\nFIAT Fiorino II Pick-up (146)<br \/>\n1.7 D, A\u00f1o 10.1993 &#8211; 10.1999, 1697 ccm, 57 cv<br \/>\n1.7 D, A\u00f1o 05.1988 &#8211; 10.1999, 1698 ccm, 60 cv<br \/>\n1.7 TD, A\u00f1o 01.1997 &#8211; 05.2001, 1698 ccm, 63 cv<br \/>\nFIAT Ducato I Cami\u00f3n de plataforma\/Chasis (280)<br \/>\n1.9 D, A\u00f1o 01.1988 &#8211; 08.1990, 1929 ccm, 71 cv<br \/>\n1.9 TD, A\u00f1o 03.1989 &#8211; 08.1990, 1929 ccm, 82 cv<br \/>\nFIAT Elba Familiar<br \/>\n1.7 D, A\u00f1o 04.1991 &#8211; 10.1997, 1698 ccm, 57 cv<br \/>\n1.7 D, A\u00f1o 04.1989 &#8211; 12.1996, 1698 ccm, 58 cv<br \/>\nFIAT Siena (178, 172)<br \/>\n1.7 TD, A\u00f1o 02.2006 &#8211; 12.2009, 1698 ccm, 69 cv<br \/>\nFIAT Talento Furg\u00f3n (290)<br \/>\n1.9 D, A\u00f1o 03.1989 &#8211; 03.1994, 1929 ccm, 71 cv<br \/>\nFIAT Talento Cami\u00f3n de plataforma\/Chasis (290)<br \/>\n1.9 D, A\u00f1o 03.1989 &#8211; 03.1994, 1929 ccm, 71 cv<br \/>\nFIAT Talento Bus (290)<br \/>\n1.9 D, A\u00f1o 03.1989 &#8211; 03.1994, 1929 ccm, 71 cv<br \/>\nFIAT Uno Furg\u00f3n (146)<br \/>\n1.7 D, A\u00f1o 02.1988 &#8211; 02.1992, 1697 ccm, 58 cv<br \/>\nFIAT Fiorino II MPV (146)<br \/>\n1.7 (146CI), A\u00f1o 01.1988 &#8211; 10.1992, 1698 ccm, 60 cv<br \/>\nFIAT 131 Berlina (131)<br \/>\n1.3 Mirafiori, A\u00f1o 10.1974 &#8211; 09.1981, 1297 ccm, 54 cv<br \/>\n1.3 Mirafiori (131A), A\u00f1o 10.1974 &#8211; 12.1982, 1297 ccm, 65 cv<br \/>\n1.3 Super Mirafiori, A\u00f1o 03.1978 &#8211; 12.1980, 1297 ccm, 78 cv<br \/>\n1.6 (131A1), A\u00f1o 10.1974 &#8211; 09.1981, 1585 ccm, 75 cv<br \/>\nFIAT 131 Familiare \/ Panorama (131)<br \/>\n1.3 Mirafiori (131AF), A\u00f1o 03.1975 &#8211; 12.1978, 1297 ccm, 54 cv<br \/>\n1.3 Mirafiori, A\u00f1o 03.1975 &#8211; 03.1982, 1297 ccm, 65 cv<br \/>\n1.6 CL, A\u00f1o 03.1975 &#8211; 12.1978, 1585 ccm, 75 cv<br \/>\nFIAT 242-Serie Furg\u00f3n<br \/>\n1.6, A\u00f1o 10.1975 &#8211; 07.1982, 1585 ccm, 63 cv<br \/>\nFIAT 124 Berlina (124)<br \/>\n1200 (124A), A\u00f1o 09.1967 &#8211; 07.1975, 1197 ccm, 65 cv<br \/>\n1.2, A\u00f1o 07.1966 &#8211; 10.1973, 1197 ccm, 60 cv<br \/>\n1400 Special, A\u00f1o 12.1968 &#8211; 12.1972, 1438 ccm, 70 cv<br \/>\n1400 Special (124A), A\u00f1o 01.1971 &#8211; 07.1975, 1438 ccm, 75 cv<br \/>\nFIAT 124 Familiare (124)<br \/>\n1.2, A\u00f1o 04.1967 &#8211; 05.1973, 1197 ccm, 60 cv<br \/>\n1.2, A\u00f1o 05.1973 &#8211; 03.1975, 1197 ccm, 65 cv<br \/>\nFIAT 242 Bus (242_)<br \/>\n1.6, A\u00f1o 10.1975 &#8211; 07.1982, 1585 ccm, 63 cv<\/p>\n<p>ALFA ROMEO 145 (930)<br \/>\n1.9 TD (930.A4), A\u00f1o 10.1994 &#8211; 02.1999, 1929 ccm, 90 cv<br \/>\nALFA ROMEO 155 (167)<br \/>\n1.9 TD (167.A3B, 167.A3), A\u00f1o 04.1993 &#8211; 12.1997, 1929 ccm, 90 cv<br \/>\nALFA ROMEO 146 (930)<br \/>\n1.9 TD (930.B4A), A\u00f1o 12.1994 &#8211; 02.1999, 1929 ccm, 90 cv<br \/>\nALFA ROMEO AR6 Bus (280)<br \/>\n1.9 D (280), A\u00f1o 04.1985 &#8211; 12.1989, 1929 ccm, 69 cv<\/p>\n<p>LANCIA Dedra Berlina (835)<br \/>\n1.9 TDS, A\u00f1o 04.1989 &#8211; 07.1999, 1929 ccm, 90 cv<br \/>\nLANCIA Delta II (836)<br \/>\n1.9 TD, A\u00f1o 10.1994 &#8211; 08.1999, 1929 ccm, 90 cv<br \/>\nLANCIA Prisma (831)<br \/>\n1.9 Diesel (831AB), A\u00f1o 01.1983 &#8211; 02.1992, 1911 ccm, 65 cv<br \/>\nLANCIA Dedra Familiar (835)<br \/>\n1.9 TDS, A\u00f1o 07.1994 &#8211; 07.1999, 1929 ccm, 90 cv<\/p>\n<p>CITRO\u00cbN C25 Bus<br \/>\n1.9 TD, A\u00f1o 04.1992 &#8211; 02.1994, 1930 ccm, 82 cv<br \/>\nCITRO\u00cbN C25 Cami\u00f3n de plataforma\/Chasis<br \/>\n1.9 DT, A\u00f1o 10.1991 &#8211; 01.1994, 1929 ccm, 82 cv<\/p>\n<p>SEAT Ronda (022A)<br \/>\n1.2, A\u00f1o 08.1983 &#8211; 05.1985, 1197 ccm, 64 cv<br \/>\n1.4, A\u00f1o 06.1982 &#8211; 11.1988, 1438 ccm, 73 cv<br \/>\nSEAT Fura (025A)<br \/>\n1.4 Crono, A\u00f1o 01.1982 &#8211; 06.1986, 1438 ccm, 75 cv<br \/>\nSEAT 131 Sed\u00e1n<br \/>\n1.5, A\u00f1o 03.1982 &#8211; 01.1985, 1438 ccm, 75 cv<br \/>\nSEAT 124 Berlina<br \/>\n1.4 1430, A\u00f1o 01.1970 &#8211; 12.1976, 1438 ccm, 75 cv<br \/>\n1.2 D, A\u00f1o 01.1968 &#8211; 12.1976, 1197 ccm, 60 cv<br \/>\n1.2 LS, A\u00f1o 01.1968 &#8211; 10.1980, 1197 ccm, 65 cv<br \/>\nSEAT 124 Familiar<br \/>\n1.2 D, A\u00f1o 01.1970 &#8211; 12.1974, 1197 ccm, 60 cv<br \/>\n1.2 LS, A\u00f1o 01.1970 &#8211; 12.1976, 1197 ccm, 65 cv<br \/>\nSEAT 128 Sed\u00e1n<br \/>\n1.2, A\u00f1o 01.1976 &#8211; 12.1980, 1197 ccm, 67 cv<br \/>\n1.4, A\u00f1o 01.1976 &#8211; 12.1980, 1438 ccm, 78 cv<\/p>\n<p> LA PIEZA ES NUEVA Y ORIGINAL.<\/p>\n","protected":false},"excerpt":{"rendered":"<p>4130541 Junta de la tapa superior de la culata del motor de: Espesor: 1mm Longitud: 418mm Ancho: 144mm FIAT Regata Berlina (138) 1.7 Di\u00e9sel 60, A\u00f1o 05.1985 &#8211; 03.1989, 1698 ccm, 60 cv 1.9 Di\u00e9sel 65, A\u00f1o 04.1984 &#8211; 07.1989, 1929 ccm, 65 cv FIAT Regata Weekend 1.7 Di\u00e9sel 60, A\u00f1o 01.1984 &#8211; 12.1989, 1698 [&hellip;]<\/p>\n","protected":false},"featured_media":97239,"template":"","meta":{"_seopress_robots_primary_cat":"","_seopress_titles_title":"","_seopress_titles_desc":"","_seopress_robots_index":""},"product_cat":[65,159,234,70,199,45,46,48,73,16,184,81,82,132,23,117,118,88,89,90,20,91,208,21,98,123,101,102,103,165,26,107,109,110,111,112,114],"product_tag":[],"class_list":{"0":"post-97236","1":"product","2":"type-product","3":"status-publish","4":"has-post-thumbnail","6":"product_cat-recambios-fiat-124","7":"product_cat-recambios-seat-124","8":"product_cat-recambios-seat-128","9":"product_cat-recambios-fiat-131","10":"product_cat-recambios-seat-131","11":"product_cat-recambios-alfa-romeo-145","12":"product_cat-recambios-alfa-romeo-146","13":"product_cat-recambios-alfa-romeo-155","14":"product_cat-recambios-fiat-242","15":"product_cat-recambios-alfa-romeo","16":"product_cat-recambios-alfa-romeo-ar6","17":"product_cat-recambios-fiat-brava","18":"product_cat-recambios-fiat-bravo","19":"product_cat-recambios-citroen-c25","20":"product_cat-recambios-citroen","21":"product_cat-recambios-lancia-dedra","22":"product_cat-recambios-lancia-delta","23":"product_cat-recambios-fiat-ducato","24":"product_cat-recambios-fiat-duna","25":"product_cat-recambios-fiat-elba","26":"product_cat-recambios-fiat","27":"product_cat-recambios-fiat-fiorino","28":"product_cat-recambios-seat-fura","29":"product_cat-recambios-lancia","30":"product_cat-recambios-fiat-palio","31":"product_cat-recambios-lancia-prisma","32":"product_cat-recambios-fiat-punto","33":"product_cat-recambios-fiat-regata","34":"product_cat-recambios-fiat-ritmo","35":"product_cat-recambios-seat-ronda","36":"product_cat-recambios-seat","37":"product_cat-recambios-fiat-siena","38":"product_cat-recambios-fiat-strada","39":"product_cat-recambios-fiat-talento","40":"product_cat-recambios-fiat-tempra","41":"product_cat-recambios-fiat-tipo","42":"product_cat-recambios-fiat-uno","44":"first","45":"instock","46":"taxable","47":"shipping-taxable","48":"purchasable","49":"product-type-simple"},"_links":{"self":[{"href":"https:\/\/galicianparts.com\/shop\/wp-json\/wp\/v2\/product\/97236"}],"collection":[{"href":"https:\/\/galicianparts.com\/shop\/wp-json\/wp\/v2\/product"}],"about":[{"href":"https:\/\/galicianparts.com\/shop\/wp-json\/wp\/v2\/types\/product"}],"wp:featuredmedia":[{"embeddable":true,"href":"https:\/\/galicianparts.com\/shop\/wp-json\/wp\/v2\/media\/97239"}],"wp:attachment":[{"href":"https:\/\/galicianparts.com\/shop\/wp-json\/wp\/v2\/media?parent=97236"}],"wp:term":[{"taxonomy":"product_cat","embeddable":true,"href":"https:\/\/galicianparts.com\/shop\/wp-json\/wp\/v2\/product_cat?post=97236"},{"taxonomy":"product_tag","embeddable":true,"href":"https:\/\/galicianparts.com\/shop\/wp-json\/wp\/v2\/product_tag?post=97236"}],"curies":[{"name":"wp","href":"https:\/\/api.w.org\/{rel}","templated":true}]}}