{"id":97251,"date":"2025-06-06T10:31:30","date_gmt":"2025-06-06T08:31:30","guid":{"rendered":"https:\/\/galicianparts.com\/shop\/producto\/46431174-cableado-electrico-reles-a-c-fiat-bravo-marea-brava-nuevo-original-cavis\/"},"modified":"2025-06-06T10:38:20","modified_gmt":"2025-06-06T08:38:20","slug":"46431174-cableado-electrico-reles-a-c-fiat-bravo-marea-brava-nuevo-original-cavis","status":"publish","type":"product","link":"https:\/\/galicianparts.com\/shop\/producto\/46431174-cableado-electrico-reles-a-c-fiat-bravo-marea-brava-nuevo-original-cavis\/","title":{"rendered":"46431174 Cableado el\u00e9ctrico rel\u00e9s A\/C Fiat Bravo \/Marea \/Brava NUEVO ORIGINAL CAVIS"},"content":{"rendered":"<p>Instalaci\u00f3n el\u00e9ctrica de los rel\u00e9s del aire acondicionado de:<br \/>\nFIAT &#8211; 1V BRAVA (1995-1998) 1370 SPI 12V 80CV \/ 1370 SPI 12V 75CV<br \/>\nFIAT &#8211; 1V BRAVA (1995-1998) 1580 MPI 16V 103CV \/ 1580 MPI 16V 90CV<br \/>\nFIAT &#8211; 1V BRAVA (1995-1998) 1930 DS EM 08<br \/>\nFIAT &#8211; 1U BRAVO (1995-1998) 1370 SPI 12V 80CV \/ 1370 SPI 12V 75CV<br \/>\nFIAT &#8211; 1U BRAVO (1995-1998) 1580 MPI 16V 103CV \/ 1580 MPI 16V 90CV<br \/>\nFIAT &#8211; 1U BRAVO (1995-1998) 2000 20V<br \/>\nFIAT &#8211; 1U BRAVO (1995-1998) 1930 DS EM 08-65CV<br \/>\nFIAT &#8211; PT MAREA BENZINA (1996-1999) 1370 12V 80CV (59 KW)<br \/>\nFIAT &#8211; PT MAREA BENZINA (1996-1999) 1580 16V 103CV (75 KW)<br \/>\nFIAT &#8211; PT MAREA BENZINA (1996-1999) MOTOR 1580 BIPOWER<br \/>\nFIAT &#8211; PT MAREA BENZINA (1996-1999) 1800<br \/>\nFIAT &#8211; PT MAREA BENZINA (1996-1999) 2000 \/ 2000 BRASIL (182A1.011)<\/p>\n<p>LA PIEZA ES NUEVA Y ORIGINAL.<\/p>\n","protected":false},"excerpt":{"rendered":"<p>Instalaci\u00f3n el\u00e9ctrica de los rel\u00e9s del aire acondicionado de: FIAT &#8211; 1V BRAVA (1995-1998) 1370 SPI 12V 80CV \/ 1370 SPI 12V 75CV FIAT &#8211; 1V BRAVA (1995-1998) 1580 MPI 16V 103CV \/ 1580 MPI 16V 90CV FIAT &#8211; 1V BRAVA (1995-1998) 1930 DS EM 08 FIAT &#8211; 1U BRAVO (1995-1998) 1370 SPI 12V 80CV [&hellip;]<\/p>\n","protected":false},"featured_media":97252,"template":"","meta":{"_seopress_robots_primary_cat":"","_seopress_titles_title":"","_seopress_titles_desc":"","_seopress_robots_index":""},"product_cat":[81,82,20,95],"product_tag":[],"class_list":{"0":"post-97251","1":"product","2":"type-product","3":"status-publish","4":"has-post-thumbnail","6":"product_cat-recambios-fiat-brava","7":"product_cat-recambios-fiat-bravo","8":"product_cat-recambios-fiat","9":"product_cat-recambios-fiat-marea","11":"first","12":"instock","13":"taxable","14":"shipping-taxable","15":"purchasable","16":"product-type-simple"},"_links":{"self":[{"href":"https:\/\/galicianparts.com\/shop\/wp-json\/wp\/v2\/product\/97251"}],"collection":[{"href":"https:\/\/galicianparts.com\/shop\/wp-json\/wp\/v2\/product"}],"about":[{"href":"https:\/\/galicianparts.com\/shop\/wp-json\/wp\/v2\/types\/product"}],"wp:featuredmedia":[{"embeddable":true,"href":"https:\/\/galicianparts.com\/shop\/wp-json\/wp\/v2\/media\/97252"}],"wp:attachment":[{"href":"https:\/\/galicianparts.com\/shop\/wp-json\/wp\/v2\/media?parent=97251"}],"wp:term":[{"taxonomy":"product_cat","embeddable":true,"href":"https:\/\/galicianparts.com\/shop\/wp-json\/wp\/v2\/product_cat?post=97251"},{"taxonomy":"product_tag","embeddable":true,"href":"https:\/\/galicianparts.com\/shop\/wp-json\/wp\/v2\/product_tag?post=97251"}],"curies":[{"name":"wp","href":"https:\/\/api.w.org\/{rel}","templated":true}]}}