{"id":97316,"date":"2025-06-09T09:49:32","date_gmt":"2025-06-09T07:49:32","guid":{"rendered":"https:\/\/galicianparts.com\/shop\/producto\/82359627-engranaje-trampilla-calefaccion-lancia-delta-evo-integrale-nuevo-original\/"},"modified":"2025-09-27T14:58:28","modified_gmt":"2025-09-27T12:58:28","slug":"82359627-engranaje-trampilla-calefaccion-lancia-delta-evo-integrale-nuevo-original","status":"publish","type":"product","link":"https:\/\/galicianparts.com\/shop\/producto\/82359627-engranaje-trampilla-calefaccion-lancia-delta-evo-integrale-nuevo-original\/","title":{"rendered":"82359627 Engranaje trampilla calefacci\u00f3n Lancia Delta Evo \/Integrale NUEVO ORIGINAL"},"content":{"rendered":"<p>Pi\u00f1\u00f3n de la compuerta del m\u00f3dulo de la calefacci\u00f3n de:<br \/>\nLANCIA &#8211; RT DELTA 4WD (1986-1991)<br \/>\nLANCIA &#8211; SA DELTA EVOLUZIONE (1991-1994)<br \/>\nLANCIA &#8211; TB DELTA R.86 BZ\/DS (1986-1992)<br \/>\nLANCIA &#8211; TB DELTA R.86 HF TURBO (1986-1992) 1600 MPI TB \/ 1600 MPI TB USA 83<br \/>\nLANCIA &#8211; TB DELTA R.86 BZ\/DS (1986-1992) 1600 MPI \/ 1600 SPI USA 83<\/p>\n<p>LA PIEZA ES NUEVA Y ORIGINAL.<\/p>\n","protected":false},"excerpt":{"rendered":"<p>Pi\u00f1\u00f3n de la compuerta del m\u00f3dulo de la calefacci\u00f3n de: LANCIA &#8211; RT DELTA 4WD (1986-1991) LANCIA &#8211; SA DELTA EVOLUZIONE (1991-1994) LANCIA &#8211; TB DELTA R.86 BZ\/DS (1986-1992) LANCIA &#8211; TB DELTA R.86 HF TURBO (1986-1992) 1600 MPI TB \/ 1600 MPI TB USA 83 LANCIA &#8211; TB DELTA R.86 BZ\/DS (1986-1992) 1600 MPI [&hellip;]<\/p>\n","protected":false},"featured_media":97319,"template":"","meta":{"_seopress_robots_primary_cat":"","_seopress_titles_title":"","_seopress_titles_desc":"","_seopress_robots_index":""},"product_cat":[118,21],"product_tag":[],"class_list":{"0":"post-97316","1":"product","2":"type-product","3":"status-publish","4":"has-post-thumbnail","6":"product_cat-recambios-lancia-delta","7":"product_cat-recambios-lancia","9":"first","10":"outofstock","11":"taxable","12":"shipping-taxable","13":"purchasable","14":"product-type-simple"},"_links":{"self":[{"href":"https:\/\/galicianparts.com\/shop\/wp-json\/wp\/v2\/product\/97316"}],"collection":[{"href":"https:\/\/galicianparts.com\/shop\/wp-json\/wp\/v2\/product"}],"about":[{"href":"https:\/\/galicianparts.com\/shop\/wp-json\/wp\/v2\/types\/product"}],"wp:featuredmedia":[{"embeddable":true,"href":"https:\/\/galicianparts.com\/shop\/wp-json\/wp\/v2\/media\/97319"}],"wp:attachment":[{"href":"https:\/\/galicianparts.com\/shop\/wp-json\/wp\/v2\/media?parent=97316"}],"wp:term":[{"taxonomy":"product_cat","embeddable":true,"href":"https:\/\/galicianparts.com\/shop\/wp-json\/wp\/v2\/product_cat?post=97316"},{"taxonomy":"product_tag","embeddable":true,"href":"https:\/\/galicianparts.com\/shop\/wp-json\/wp\/v2\/product_tag?post=97316"}],"curies":[{"name":"wp","href":"https:\/\/api.w.org\/{rel}","templated":true}]}}