{"id":97467,"date":"2025-06-12T10:45:46","date_gmt":"2025-06-12T08:45:46","guid":{"rendered":"https:\/\/galicianparts.com\/shop\/producto\/46457753-conector-porton-trasero-fiat-punto-1993-1999-nuevo-original\/"},"modified":"2025-09-12T13:10:41","modified_gmt":"2025-09-12T11:10:41","slug":"46457753-conector-porton-trasero-fiat-punto-1993-1999-nuevo-original","status":"publish","type":"product","link":"https:\/\/galicianparts.com\/shop\/producto\/46457753-conector-porton-trasero-fiat-punto-1993-1999-nuevo-original\/","title":{"rendered":"46457753 Conector port\u00f3n trasero Fiat Punto (1993-1999) NUEVO ORIGINAL"},"content":{"rendered":"<p>Conexi\u00f3n del port\u00f3n del maletero para el limpiaparabrisas de:<br \/>\nFIAT &#8211; NV PUNTO 55-60-75-90 (1993-1997) \u00abS\u00bb \/ \u00abED\u00bb \/ \u00abS\u00bb2 \/ L\u00bbS\u00bb3 \/ L\u00bbS\u00bb4 \/ L\u00bbS\u00bb5 \/ L\u00bbS\u00bb6<br \/>\nFIAT &#8211; NV PUNTO 55-60-75-90 (1993-1997) POLICIA FISCAL<br \/>\nFIAT &#8211; 1A PUNTO BZ. GAMMA &#8217;97 (1997-1999) \u00abS\u00bb \/ VAN<br \/>\nFIAT &#8211; NX PUNTO D-TD (1993-1997) \u00abS\u00bb<br \/>\nFIAT &#8211; 1B PUNTO TB.DS. GAMMA&#8217;97 (1997-1999) \u00abS\u00bb \/ \u00abVAN\u00bb<\/p>\n<p>LA PIEZA ES NUEVA Y ORIGINAL.<\/p>\n","protected":false},"excerpt":{"rendered":"<p>Conexi\u00f3n del port\u00f3n del maletero para el limpiaparabrisas de: FIAT &#8211; NV PUNTO 55-60-75-90 (1993-1997) \u00abS\u00bb \/ \u00abED\u00bb \/ \u00abS\u00bb2 \/ L\u00bbS\u00bb3 \/ L\u00bbS\u00bb4 \/ L\u00bbS\u00bb5 \/ L\u00bbS\u00bb6 FIAT &#8211; NV PUNTO 55-60-75-90 (1993-1997) POLICIA FISCAL FIAT &#8211; 1A PUNTO BZ. GAMMA &#8217;97 (1997-1999) \u00abS\u00bb \/ VAN FIAT &#8211; NX PUNTO D-TD (1993-1997) \u00abS\u00bb FIAT [&hellip;]<\/p>\n","protected":false},"featured_media":97469,"template":"","meta":{"_seopress_robots_primary_cat":"","_seopress_titles_title":"","_seopress_titles_desc":"","_seopress_robots_index":""},"product_cat":[20,101],"product_tag":[],"class_list":{"0":"post-97467","1":"product","2":"type-product","3":"status-publish","4":"has-post-thumbnail","6":"product_cat-recambios-fiat","7":"product_cat-recambios-fiat-punto","9":"first","10":"outofstock","11":"taxable","12":"shipping-taxable","13":"purchasable","14":"product-type-simple"},"_links":{"self":[{"href":"https:\/\/galicianparts.com\/shop\/wp-json\/wp\/v2\/product\/97467"}],"collection":[{"href":"https:\/\/galicianparts.com\/shop\/wp-json\/wp\/v2\/product"}],"about":[{"href":"https:\/\/galicianparts.com\/shop\/wp-json\/wp\/v2\/types\/product"}],"wp:featuredmedia":[{"embeddable":true,"href":"https:\/\/galicianparts.com\/shop\/wp-json\/wp\/v2\/media\/97469"}],"wp:attachment":[{"href":"https:\/\/galicianparts.com\/shop\/wp-json\/wp\/v2\/media?parent=97467"}],"wp:term":[{"taxonomy":"product_cat","embeddable":true,"href":"https:\/\/galicianparts.com\/shop\/wp-json\/wp\/v2\/product_cat?post=97467"},{"taxonomy":"product_tag","embeddable":true,"href":"https:\/\/galicianparts.com\/shop\/wp-json\/wp\/v2\/product_tag?post=97467"}],"curies":[{"name":"wp","href":"https:\/\/api.w.org\/{rel}","templated":true}]}}