{"id":9757,"date":"2020-12-07T12:48:37","date_gmt":"2020-12-07T10:48:37","guid":{"rendered":"https:\/\/galicianparts.com\/shop\/producto\/46402811-boton-tapon-moldura-techo-lancia-dedra-sw-1994-1999\/"},"modified":"2025-02-05T12:22:18","modified_gmt":"2025-02-05T10:22:18","slug":"46402811-boton-tapon-moldura-techo-lancia-dedra-sw-1994-1999","status":"publish","type":"product","link":"https:\/\/galicianparts.com\/shop\/producto\/46402811-boton-tapon-moldura-techo-lancia-dedra-sw-1994-1999\/","title":{"rendered":"46402811 Bot\u00f3n tap\u00f3n moldura techo Lancia Dedra SW (1994-1999)"},"content":{"rendered":"<p>Tap\u00f3n, bot\u00f3n de la moldura izquierda del techo de:<br \/>\nLANCIA &#8211; SL DEDRA FL.94 1580-1750 8\/16V 2000 (1994-1999)<br \/>\nLANCIA &#8211; SM DEDRA FL.94 1750-2.0 (1994-1999)<br \/>\nLANCIA &#8211; SN DEDRA FL.94 T.DS (1994-1999)<\/p>\n<p>LA PIEZA ES NUEVA Y ORIGINAL.<\/p>\n","protected":false},"excerpt":{"rendered":"<p>Tap\u00f3n, bot\u00f3n de la moldura izquierda del techo de: LANCIA &#8211; SL DEDRA FL.94 1580-1750 8\/16V 2000 (1994-1999) LANCIA &#8211; SM DEDRA FL.94 1750-2.0 (1994-1999) LANCIA &#8211; SN DEDRA FL.94 T.DS (1994-1999) LA PIEZA ES NUEVA Y ORIGINAL.<\/p>\n","protected":false},"featured_media":9758,"template":"","meta":{"_seopress_robots_primary_cat":"","_seopress_titles_title":"","_seopress_titles_desc":"","_seopress_robots_index":""},"product_cat":[117,21],"product_tag":[],"class_list":{"0":"post-9757","1":"product","2":"type-product","3":"status-publish","4":"has-post-thumbnail","6":"product_cat-recambios-lancia-dedra","7":"product_cat-recambios-lancia","9":"first","10":"outofstock","11":"taxable","12":"shipping-taxable","13":"purchasable","14":"product-type-simple"},"_links":{"self":[{"href":"https:\/\/galicianparts.com\/shop\/wp-json\/wp\/v2\/product\/9757"}],"collection":[{"href":"https:\/\/galicianparts.com\/shop\/wp-json\/wp\/v2\/product"}],"about":[{"href":"https:\/\/galicianparts.com\/shop\/wp-json\/wp\/v2\/types\/product"}],"wp:featuredmedia":[{"embeddable":true,"href":"https:\/\/galicianparts.com\/shop\/wp-json\/wp\/v2\/media\/9758"}],"wp:attachment":[{"href":"https:\/\/galicianparts.com\/shop\/wp-json\/wp\/v2\/media?parent=9757"}],"wp:term":[{"taxonomy":"product_cat","embeddable":true,"href":"https:\/\/galicianparts.com\/shop\/wp-json\/wp\/v2\/product_cat?post=9757"},{"taxonomy":"product_tag","embeddable":true,"href":"https:\/\/galicianparts.com\/shop\/wp-json\/wp\/v2\/product_tag?post=9757"}],"curies":[{"name":"wp","href":"https:\/\/api.w.org\/{rel}","templated":true}]}}