{"id":97586,"date":"2025-06-13T13:24:40","date_gmt":"2025-06-13T11:24:40","guid":{"rendered":"https:\/\/galicianparts.com\/shop\/producto\/82477920-sensor-temperatura-calefaccion-lancia-delta-ii-thema-alfa-155-fiat-original\/"},"modified":"2025-10-15T10:56:09","modified_gmt":"2025-10-15T08:56:09","slug":"82477920-sensor-temperatura-calefaccion-lancia-delta-ii-thema-alfa-155-fiat-original","status":"publish","type":"product","link":"https:\/\/galicianparts.com\/shop\/producto\/82477920-sensor-temperatura-calefaccion-lancia-delta-ii-thema-alfa-155-fiat-original\/","title":{"rendered":"82477920 Sensor temperatura calefacci\u00f3n Lancia Delta II \/Thema \/Alfa 155 \/Fiat ORIGINAL"},"content":{"rendered":"<p>Sensor de temperatura autom\u00e1tico del m\u00f3dulo de la calefacci\u00f3n de:<br \/>\nFIAT &#8211; MZ CROMA CHT FL.90 (1990-1992) AUTOMATIC HEATER<br \/>\nFIAT &#8211; MY CROMA IE-IE TB. FL.90 (1990-1996)<br \/>\nFIAT &#8211; NQ CROMA IE. 2500 V6 (1993-1996)<br \/>\nFIAT &#8211; MJ CROMA TURBO DS FL.90 (1990-1996)<br \/>\nALFA ROMEO &#8211; U5 155 ASPIRATO (1992-1996) AUTOMATIC HEATER \/ (MEDIA \/ SUPER) \/ 1.7 T.S. \/ 1.8 T.S. \/ 2.0 T.S. 8 VAL. \/ 2.5 V6 \/ 2.5 V6 (MY.95)<br \/>\nALFA ROMEO &#8211; U5 155 ASPIRATO (1992-1996) AUTOMATIC HEATER \/ (MEDIA \/ SUPER) \/ 2.0 T.S. 16V (MY 95) \/ 2.0 T.S. 16V MY 95 (BRASIL)<br \/>\nALFA ROMEO &#8211; U5 155 ASPIRATO (1992-1996) AUTOMATIC HEATER \/ 1.7 T.S. \/ 1.8 T.S. \/ 2.0 T.S. 8 VAL.<br \/>\nALFA ROMEO &#8211; U5 155 ASPIRATO (1992-1996) AUTOMATIC HEATER \/ 2.5 V6 \/ 2.5 V6 (MY.95)<br \/>\nALFA ROMEO &#8211; U5 155 ASPIRATO (1992-1996) AUTOMATIC HEATER \/ 2.0 T.S. 16V (MY 95) \/ 2.0 T.S. 16V MY 95 (BRASIL)<br \/>\nALFA ROMEO &#8211; T3 155 GAMMA 96 BZ (1996-1997) 1600 T.S. 16V \/ 1800 T.S. 16V \/ 2000 T.S. 16V \/ 2000 T.S. 16V BRASIL<br \/>\nALFA ROMEO &#8211; T3 155 GAMMA 96 BZ (1996-1997) 2500 V6<br \/>\nALFA ROMEO &#8211; T4 155 GAMMA 96 DS (1996-1997) 1930 TD<br \/>\nALFA ROMEO &#8211; T4 155 GAMMA 96 DS (1996-1997) 2500 TD<br \/>\nALFA ROMEO &#8211; U6 155 TURBO BZ-DS (1992-1996) AUTOMATIC HEATER \/ MEDIA \/ SUPER \/ DEPORTIVA<br \/>\nALFA ROMEO &#8211; U6 155 TURBO (1992-1996) AUTOMATIC HEATER \/ 1930 TD<br \/>\nALFA ROMEO &#8211; U6 155 TURBO (1992-1996) AUTOMATIC HEATER \/ 2500 TD \/ 2.5 T.DS. CEE F2<br \/>\nALFA ROMEO &#8211; U6 155 TURBO (1992-1996) 2000 TB\/BZ 4X4<br \/>\nLANCIA &#8211; RY DEDRA BENZINA (1989-1994) AUTOMATIC HEATER<br \/>\nLANCIA &#8211; RY DEDRA BENZINA (1989-1994) 1600 \/ 1600 USA&#8217;83 MONOJETRONIC \/ 1600 USA&#8217;83 MONOJMORONIC<br \/>\nLANCIA &#8211; RY DEDRA BENZINA (1989-1994) 1800 \/ 1800 USA&#8217;83 105CV (77KW) \/ 2000 \/ 2000 USA&#8217;83 \/ 1800 CC.(USA 83) 90CV (66KW)<br \/>\nLANCIA &#8211; SL DEDRA FL.94 1580-1750 8\/16V 2000 (1994-1999) AUTOMATIC HEATER<br \/>\nLANCIA &#8211; SL DEDRA FL.94 1580 (1994-1999) 1580 MPI 8V \/ 1580 SPI \/ 1580 MPI 16V<br \/>\nLANCIA &#8211; SL DEDRA FL.94 1750 8\/16V 2000 (1994-1999) 1750 MPI \/ 2000 MPI C. AUT.<br \/>\nLANCIA &#8211; SL DEDRA FL.94 1750 8\/16V(1994-1999) 1750 16V CEE F2 115CV<br \/>\nLANCIA &#8211; SM DEDRA FL.94 1750-2.0 (1994-1999) AUTOMATIC HEATER<br \/>\nLANCIA &#8211; SM DEDRA FL.94 2.0 (1994-1999) 2000 16V<br \/>\nLANCIA &#8211; SM DEDRA FL.94 1750 (1994-1999) 1750 16V 132CV<br \/>\nLANCIA &#8211; SN DEDRA FL.94 T.DS (1994-1999) AUTOMATIC HEATER<br \/>\nLANCIA &#8211; RJ DEDRA IE.TB.INTEGRALE (1990-1994)  AUTOMATIC HEATER<br \/>\nLANCIA &#8211; RJ DEDRA IE.TB.INTEGRALE (1990-1994)<br \/>\nLANCIA &#8211; RZ DEDRA TURBO DIESEL (1989-1994) AUTOMATIC HEATER<br \/>\nLANCIA &#8211; RZ DEDRA TURBO DIESEL (1989-1994)<br \/>\nLANCIA &#8211; SF N.DELTA 1400-1600-1800(1993-1999)<br \/>\nLANCIA &#8211; SF N.DELTA 1400 (1993-1999) 1372 SPI\u00bbMJ\u00bb \/ 1580 8V \/ 1372 SPI\u00bbMM\u00bb CEE F2<br \/>\nLANCIA &#8211; SF N.DELTA 1800 (1993-1999) 1750 105CV (77KW) \/ 1750 90CV (66KW) \/ 1750 CEE F2 97CV (71KW) \/ 1750 CEE F2 90CV (66KW)<br \/>\nLANCIA &#8211; SF N.DELTA 1600 (1993-1999) 1580 CEE F2 16V 103CV \/ 1580 CEE F2 16V 90CV<br \/>\nLANCIA &#8211; SF N.DELTA 1800 (1993-1999) 1750 CEE F2 16V 115CV<br \/>\nLANCIA &#8211; SG N.DELTA 1750 132CV (&#8217;93-&#8217;99) 1750 16V 132CV<br \/>\nLANCIA &#8211; SD THEMA 3.0 V6 FL.92 (1992-1994)<br \/>\nLANCIA &#8211; SZ THEMA R.88 (1988-1992) AUTOMATIC HEATER \/ BN 8V \/ BN 16V \/ SW 16V \/ BN TB LX 16V \/ BN TB\/DS \/ SW TB\/DS \/ BN 6V<br \/>\nLANCIA &#8211; SZ THEMA R.88 (1988-1992) BN 8V \/ BN 16V \/ SW 16V \/ BN TB LX 16V<br \/>\nLANCIA &#8211; SZ THEMA R.88 (1988-1992) BN TB\/DS \/ SW TB\/DS<br \/>\nLANCIA &#8211; SZ THEMA R.88 (1988-1992) BN 6V<br \/>\nLANCIA &#8211; SZ THEMA FERRARI R.88 (1988-1992) BN 8.32<br \/>\nLANCIA &#8211; SE THEMA I.E. 8V FL.92 (1992-1994)<br \/>\nLANCIA &#8211; SB THEMA IE. 16V FL.92 (1992-1994)<br \/>\nLANCIA &#8211; SC THEMA TURBO DS FL.92 (1992-1994)<\/p>\n<p>LA PIEZA ES NUEVA Y ORIGINAL.<\/p>\n","protected":false},"excerpt":{"rendered":"<p>Sensor de temperatura autom\u00e1tico del m\u00f3dulo de la calefacci\u00f3n de: FIAT &#8211; MZ CROMA CHT FL.90 (1990-1992) AUTOMATIC HEATER FIAT &#8211; MY CROMA IE-IE TB. FL.90 (1990-1996) FIAT &#8211; NQ CROMA IE. 2500 V6 (1993-1996) FIAT &#8211; MJ CROMA TURBO DS FL.90 (1990-1996) ALFA ROMEO &#8211; U5 155 ASPIRATO (1992-1996) AUTOMATIC HEATER \/ (MEDIA \/ [&hellip;]<\/p>\n","protected":false},"featured_media":97589,"template":"","meta":{"_seopress_robots_primary_cat":"","_seopress_titles_title":"","_seopress_titles_desc":"","_seopress_robots_index":""},"product_cat":[48,16,86,117,118,20,21,124],"product_tag":[],"class_list":{"0":"post-97586","1":"product","2":"type-product","3":"status-publish","4":"has-post-thumbnail","6":"product_cat-recambios-alfa-romeo-155","7":"product_cat-recambios-alfa-romeo","8":"product_cat-recambios-fiat-croma","9":"product_cat-recambios-lancia-dedra","10":"product_cat-recambios-lancia-delta","11":"product_cat-recambios-fiat","12":"product_cat-recambios-lancia","13":"product_cat-recambios-lancia-thema","15":"first","16":"outofstock","17":"taxable","18":"shipping-taxable","19":"purchasable","20":"product-type-simple"},"_links":{"self":[{"href":"https:\/\/galicianparts.com\/shop\/wp-json\/wp\/v2\/product\/97586"}],"collection":[{"href":"https:\/\/galicianparts.com\/shop\/wp-json\/wp\/v2\/product"}],"about":[{"href":"https:\/\/galicianparts.com\/shop\/wp-json\/wp\/v2\/types\/product"}],"wp:featuredmedia":[{"embeddable":true,"href":"https:\/\/galicianparts.com\/shop\/wp-json\/wp\/v2\/media\/97589"}],"wp:attachment":[{"href":"https:\/\/galicianparts.com\/shop\/wp-json\/wp\/v2\/media?parent=97586"}],"wp:term":[{"taxonomy":"product_cat","embeddable":true,"href":"https:\/\/galicianparts.com\/shop\/wp-json\/wp\/v2\/product_cat?post=97586"},{"taxonomy":"product_tag","embeddable":true,"href":"https:\/\/galicianparts.com\/shop\/wp-json\/wp\/v2\/product_tag?post=97586"}],"curies":[{"name":"wp","href":"https:\/\/api.w.org\/{rel}","templated":true}]}}