{"id":97688,"date":"2025-06-19T09:52:28","date_gmt":"2025-06-19T07:52:28","guid":{"rendered":"https:\/\/galicianparts.com\/shop\/producto\/9941665-tapon-deposito-servofreno-lancia-thema-fiat-croma-original\/"},"modified":"2025-06-19T09:56:12","modified_gmt":"2025-06-19T07:56:12","slug":"9941665-tapon-deposito-servofreno-lancia-thema-fiat-croma-original","status":"publish","type":"product","link":"https:\/\/galicianparts.com\/shop\/producto\/9941665-tapon-deposito-servofreno-lancia-thema-fiat-croma-original\/","title":{"rendered":"9941665 Tap\u00f3n dep\u00f3sito servofreno Lancia Thema \/Fiat Croma ORIGINAL"},"content":{"rendered":"<p>Tap\u00f3n con bolla, sensor de nivel del dep\u00f3sito del l\u00edquido de frenos de:<br \/>\nLANCIA &#8211; THEMA<br \/>\nFIAT- CROMA<\/p>\n<p>LA PIEZA ES ORIGINAL.<\/p>\n","protected":false},"excerpt":{"rendered":"<p>Tap\u00f3n con bolla, sensor de nivel del dep\u00f3sito del l\u00edquido de frenos de: LANCIA &#8211; THEMA FIAT- CROMA LA PIEZA ES ORIGINAL.<\/p>\n","protected":false},"featured_media":97690,"template":"","meta":{"_seopress_robots_primary_cat":"","_seopress_titles_title":"","_seopress_titles_desc":"","_seopress_robots_index":""},"product_cat":[86,20,21,124],"product_tag":[],"class_list":{"0":"post-97688","1":"product","2":"type-product","3":"status-publish","4":"has-post-thumbnail","6":"product_cat-recambios-fiat-croma","7":"product_cat-recambios-fiat","8":"product_cat-recambios-lancia","9":"product_cat-recambios-lancia-thema","11":"first","12":"instock","13":"taxable","14":"shipping-taxable","15":"purchasable","16":"product-type-simple"},"_links":{"self":[{"href":"https:\/\/galicianparts.com\/shop\/wp-json\/wp\/v2\/product\/97688"}],"collection":[{"href":"https:\/\/galicianparts.com\/shop\/wp-json\/wp\/v2\/product"}],"about":[{"href":"https:\/\/galicianparts.com\/shop\/wp-json\/wp\/v2\/types\/product"}],"wp:featuredmedia":[{"embeddable":true,"href":"https:\/\/galicianparts.com\/shop\/wp-json\/wp\/v2\/media\/97690"}],"wp:attachment":[{"href":"https:\/\/galicianparts.com\/shop\/wp-json\/wp\/v2\/media?parent=97688"}],"wp:term":[{"taxonomy":"product_cat","embeddable":true,"href":"https:\/\/galicianparts.com\/shop\/wp-json\/wp\/v2\/product_cat?post=97688"},{"taxonomy":"product_tag","embeddable":true,"href":"https:\/\/galicianparts.com\/shop\/wp-json\/wp\/v2\/product_tag?post=97688"}],"curies":[{"name":"wp","href":"https:\/\/api.w.org\/{rel}","templated":true}]}}