{"id":97711,"date":"2025-06-19T10:51:00","date_gmt":"2025-06-19T08:51:00","guid":{"rendered":"https:\/\/galicianparts.com\/shop\/producto\/0280130023-sensor-temperatura-refrigerante-lancia-beta-fiat-124-sport-alfa-citroen-original\/"},"modified":"2025-08-18T12:40:45","modified_gmt":"2025-08-18T10:40:45","slug":"0280130023-sensor-temperatura-refrigerante-lancia-beta-fiat-124-sport-alfa-citroen-original","status":"publish","type":"product","link":"https:\/\/galicianparts.com\/shop\/producto\/0280130023-sensor-temperatura-refrigerante-lancia-beta-fiat-124-sport-alfa-citroen-original\/","title":{"rendered":"0280130023 Sensor temperatura refrigerante Lancia Beta \/Fiat 124 Sport \/Alfa \/Citroen ORIGINAL"},"content":{"rendered":"<p>Electrov\u00e1lvula de temperatura del refrigerante del motor de:<br \/>\nDi\u00e1metro rosca: 12<br \/>\nAncho de llave: 19 mm<\/p>\n<p>FIAT 124 Sport Spider<br \/>\n2.0, A\u00f1o 04.1972 &#8211; 11.1985, 1995 ccm, 105 cv<br \/>\nFIAT Argenta (132)<br \/>\n2.0 i.e., A\u00f1o 06.1981 &#8211; 07.1986, 1995 ccm, 122 cv<br \/>\nFIAT Uno Hatchback (146)<br \/>\n75 i.e. 1.5, A\u00f1o 10.1985 &#8211; 12.1993, 1498 ccm, 75 cv<br \/>\nFIAT 132 (132_)<br \/>\n2.0 i.e., A\u00f1o 01.1980 &#8211; 12.1982, 1995 ccm, 122 cv<br \/>\nFIAT- 124 Spider (DS)<br \/>\n2000 (132 C3.031), A\u00f1o 11.1984 &#8211; 11.1985, 1995 ccm, 103 cv<br \/>\n2000 (132 C3.031), A\u00f1o 03.1982 &#8211; 09.1985, 1995 ccm, 105 cv<\/p>\n<p>LANCIA Beta H.P.E. (828)<br \/>\n2000 i.e. (828BF), A\u00f1o 05.1981 &#8211; 09.1984, 1995 ccm, 122 cv<br \/>\nLANCIA Trevi (828)<br \/>\n2000 i.e. (828DB13), A\u00f1o 05.1980 &#8211; 01.1987, 1995 ccm, 122 cv<br \/>\nLANCIA Prisma (831)<br \/>\n1.5 (831AB), A\u00f1o 09.1985 &#8211; 02.1992, 1498 ccm, 75 cv<br \/>\nLANCIA Beta Coup\u00e9 (828)<br \/>\n2000 i.e. (828.BC), A\u00f1o 12.1981 &#8211; 12.1984, 1995 ccm, 122 cv<br \/>\nLANCIA Gamma Coup\u00e9 (830)<br \/>\n2500 (830AC_), A\u00f1o 09.1977 &#8211; 10.1986, 2484 ccm, 140 cv<br \/>\nLANCIA Beta Berlina (828_)<br \/>\n2.0 (828DB1), A\u00f1o 06.1978 &#8211; 10.1982, 1995 ccm, 122 cv<\/p>\n<p>ALFA ROMEO Spider (115)<br \/>\n2000 (115680, 115681), A\u00f1o 08.1986 &#8211; 12.1990, 1962 ccm, 116 cv<br \/>\nALFA ROMEO 6 (119)<br \/>\n2.5 i.e., A\u00f1o 10.1983 &#8211; 12.1986, 2492 ccm, 150 cv<br \/>\nALFA ROMEO 90 (162)<br \/>\n2.0 i.e., A\u00f1o 10.1984 &#8211; 07.1987, 1962 ccm, 128 cv<br \/>\n2.5 i.e. V6, A\u00f1o 10.1984 &#8211; 07.1987, 2492 ccm, 150 cv<br \/>\n2.5 i.e. V6 (162A), A\u00f1o 09.1984 &#8211; 11.1987, 2492 ccm, 155 cv<br \/>\nALFA ROMEO Alfetta Berlina (116)<br \/>\n2.0, A\u00f1o 07.1978 &#8211; 12.1984, 1962 ccm, 132 cv<br \/>\nALFA ROMEO GTV (116)<br \/>\n2.5 6, A\u00f1o 11.1980 &#8211; 02.1987, 2492 ccm, 158 cv<\/p>\n<p>CITRO\u00cbN CX I Familiar<br \/>\n2400 GTi, A\u00f1o 07.1982 &#8211; 06.1983, 2347 ccm, 128 cv<br \/>\nCITRO\u00cbN CX I Hatchback<br \/>\n2400 GTi, A\u00f1o 06.1977 &#8211; 06.1982, 2347 ccm, 128 cv<br \/>\n2400 GTi, A\u00f1o 06.1977 &#8211; 06.1982, 2347 ccm, 131 cv<\/p>\n<p>LA PIEZA ES NUEVA Y ORIGINAL BOSCH.<\/p>\n","protected":false},"excerpt":{"rendered":"<p>Electrov\u00e1lvula de temperatura del refrigerante del motor de: Di\u00e1metro rosca: 12 Ancho de llave: 19 mm FIAT 124 Sport Spider 2.0, A\u00f1o 04.1972 &#8211; 11.1985, 1995 ccm, 105 cv FIAT Argenta (132) 2.0 i.e., A\u00f1o 06.1981 &#8211; 07.1986, 1995 ccm, 122 cv FIAT Uno Hatchback (146) 75 i.e. 1.5, A\u00f1o 10.1985 &#8211; 12.1993, 1498 ccm, [&hellip;]<\/p>\n","protected":false},"featured_media":97713,"template":"","meta":{"_seopress_robots_primary_cat":"","_seopress_titles_title":"","_seopress_titles_desc":"","_seopress_robots_index":""},"product_cat":[65,71,352,342,16,180,79,116,23,136,20,231,55,21,123,56,225,114],"product_tag":[],"class_list":{"0":"post-97711","1":"product","2":"type-product","3":"status-publish","4":"has-post-thumbnail","6":"product_cat-recambios-fiat-124","7":"product_cat-recambios-fiat-132","8":"product_cat-recambios-alfa-romeo-6","9":"product_cat-recambios-alfa-romeo-90","10":"product_cat-recambios-alfa-romeo","11":"product_cat-recambios-alfa-romeo-alfetta","12":"product_cat-recambios-fiat-argenta","13":"product_cat-recambios-lancia-beta","14":"product_cat-recambios-citroen","15":"product_cat-recambios-citroen-cx","16":"product_cat-recambios-fiat","17":"product_cat-recambios-lancia-gamma","18":"product_cat-recambios-alfa-romeo-gtv","19":"product_cat-recambios-lancia","20":"product_cat-recambios-lancia-prisma","21":"product_cat-recambios-alfa-romeo-spider","22":"product_cat-recambios-lancia-trevi","23":"product_cat-recambios-fiat-uno","25":"first","26":"outofstock","27":"taxable","28":"shipping-taxable","29":"purchasable","30":"product-type-simple"},"_links":{"self":[{"href":"https:\/\/galicianparts.com\/shop\/wp-json\/wp\/v2\/product\/97711"}],"collection":[{"href":"https:\/\/galicianparts.com\/shop\/wp-json\/wp\/v2\/product"}],"about":[{"href":"https:\/\/galicianparts.com\/shop\/wp-json\/wp\/v2\/types\/product"}],"wp:featuredmedia":[{"embeddable":true,"href":"https:\/\/galicianparts.com\/shop\/wp-json\/wp\/v2\/media\/97713"}],"wp:attachment":[{"href":"https:\/\/galicianparts.com\/shop\/wp-json\/wp\/v2\/media?parent=97711"}],"wp:term":[{"taxonomy":"product_cat","embeddable":true,"href":"https:\/\/galicianparts.com\/shop\/wp-json\/wp\/v2\/product_cat?post=97711"},{"taxonomy":"product_tag","embeddable":true,"href":"https:\/\/galicianparts.com\/shop\/wp-json\/wp\/v2\/product_tag?post=97711"}],"curies":[{"name":"wp","href":"https:\/\/api.w.org\/{rel}","templated":true}]}}