{"id":97960,"date":"2025-06-26T12:50:06","date_gmt":"2025-06-26T10:50:06","guid":{"rendered":"https:\/\/galicianparts.com\/shop\/producto\/60711956-kit-reparacion-pinzas-freno-delantero-alfa-75-spider-alfetta-original-ate\/"},"modified":"2026-01-15T14:28:42","modified_gmt":"2026-01-15T12:28:42","slug":"60711956-kit-reparacion-pinzas-freno-delantero-alfa-75-spider-alfetta-original-ate","status":"publish","type":"product","link":"https:\/\/galicianparts.com\/shop\/producto\/60711956-kit-reparacion-pinzas-freno-delantero-alfa-75-spider-alfetta-original-ate\/","title":{"rendered":"60711956 Kit reparaci\u00f3n pinzas freno delantero Alfa 75 \/Spider \/Alfetta ORIGINAL ATE"},"content":{"rendered":"<p>Set, juego de los capuchones del pist\u00f3n de las pinzas de freno delanteras de:<br \/>\nDi\u00e1metro pist\u00f3n: 48mm<\/p>\n<p>ALFA ROMEO &#8211; U3 75 BZ 4 CILINDRI (1988-1992) 1600 CARB. \/ 1800 CARB. \/ 1600 IE.ML4.1 \/ 1600 IE.ML4.1 USA&#8217;83 \/ 1800 IE \/ 1800 IE.ML4.1 \/ 1800 IE.ML4.1 USA 83<br \/>\nALFA ROMEO &#8211; U3 75 BZ 4 CILINDRI (1988-1992) 1800 TB \/ 1800 TB.REFORZADO \/ 2000 TWIN SPARK \/ 2000 TWIN SPARK USA 83<br \/>\nALFA ROMEO &#8211; U4 75 BZ 6 CILINDRI E TD (1988-1992) 2.0 TD<br \/>\nALFA ROMEO &#8211; U4 75 BZ 6 CILINDRI E TD (1988-1992) 2.5 V6 C.A. \/ 2.4 TD<br \/>\nALFA ROMEO &#8211; U4 75 BZ 6 CILINDRI E TD (1988-1992) 3.0 V6 \/ 3.0 V6 USA&#8217;83 \/ 3.0 V6 &#8216;POTENZIATO&#8217; USA 83<br \/>\nALFA ROMEO Spider (105)<br \/>\n1300 (10591), A\u00f1o 01.1968 &#8211; 12.1977, 1290 ccm, 87 cv<br \/>\n2000 (10512, 10524), A\u00f1o 01.1971 &#8211; 12.1977, 1962 ccm, 131 cv<br \/>\nALFA ROMEO Spider (115)<br \/>\n1600 (11507), A\u00f1o 03.1971 &#8211; 12.1979, 1570 ccm, 109 cv<br \/>\n1600 (11535), A\u00f1o 03.1976 &#8211; 12.1990, 1570 ccm, 103 cv<br \/>\n1600 (115A2), A\u00f1o 01.1990 &#8211; 12.1993, 1570 ccm, 107 cv<br \/>\n2.0 (115A1A), A\u00f1o 01.1974 &#8211; 12.1984, 1962 ccm, 110 cv<br \/>\n2000, A\u00f1o 01.1971 &#8211; 12.1977, 1962 ccm, 131 cv<br \/>\n2000 (11538, 115661), A\u00f1o 08.1986 &#8211; 12.1990, 1962 ccm, 125 cv<br \/>\n2000 (11538, 115A1), A\u00f1o 01.1977 &#8211; 12.1993, 1962 ccm, 126 cv<br \/>\n2000 (115680, 115681), A\u00f1o 08.1986 &#8211; 12.1990, 1962 ccm, 116 cv<br \/>\n2000 (115A1A), A\u00f1o 01.1990 &#8211; 12.1993, 1962 ccm, 120 cv<br \/>\nALFA ROMEO 90 (162)<br \/>\n1.8, A\u00f1o 10.1984 &#8211; 07.1987, 1779 ccm, 116 cv<br \/>\n1.8 (162A1), A\u00f1o 10.1984 &#8211; 07.1987, 1779 ccm, 121 cv<br \/>\n2.0 i.e., A\u00f1o 10.1984 &#8211; 07.1987, 1962 ccm, 128 cv<br \/>\n2.0 i.e. (162A2B), A\u00f1o 10.1984 &#8211; 07.1987, 1997 ccm, 132 cv<br \/>\n2.4 TD, A\u00f1o 10.1984 &#8211; 07.1987, 2393 ccm, 110 cv<br \/>\nALFA ROMEO Alfetta GT (116)<br \/>\n1.6 (11604), A\u00f1o 01.1976 &#8211; 09.1982, 1570 ccm, 107 cv<br \/>\n1.8 (11610), A\u00f1o 01.1974 &#8211; 12.1976, 1779 ccm, 116 cv<br \/>\n1.8 (11610, 11654), A\u00f1o 06.1974 &#8211; 12.1976, 1779 ccm, 121 cv<br \/>\n2.0 (11610), A\u00f1o 07.1978 &#8211; 01.1986, 1962 ccm, 121 cv<br \/>\n2.0 (11636, 11610), A\u00f1o 06.1977 &#8211; 12.1984, 1962 ccm, 131 cv<br \/>\nALFA ROMEO Alfetta Berlina (116)<br \/>\n1.6, A\u00f1o 01.1975 &#8211; 12.1984, 1570 ccm, 107 cv<br \/>\n1.8, A\u00f1o 10.1979 &#8211; 12.1984, 1779 ccm, 122 cv<br \/>\n1.8 (11608), A\u00f1o 10.1979 &#8211; 12.1984, 1779 ccm, 121 cv<br \/>\n1.8 (11608, 11642), A\u00f1o 07.1974 &#8211; 04.1982, 1779 ccm, 116 cv<br \/>\n2.0, A\u00f1o 07.1978 &#8211; 12.1984, 1962 ccm, 132 cv<br \/>\n2.0, A\u00f1o 03.1977 &#8211; 02.1980, 1962 ccm, 121 cv<br \/>\n2.0 TD, A\u00f1o 10.1979 &#8211; 03.1983, 1995 ccm, 82 cv<br \/>\n2.4 TD, A\u00f1o 04.1983 &#8211; 12.1984, 2393 ccm, 95 cv<br \/>\nALFA ROMEO Giulietta Berlina (116)<br \/>\n1.3, A\u00f1o 10.1977 &#8211; 06.1983, 1357 ccm, 90 cv<br \/>\n1.6, A\u00f1o 10.1977 &#8211; 04.1985, 1570 ccm, 107 cv<br \/>\n1.8, A\u00f1o 04.1979 &#8211; 04.1985, 1779 ccm, 122 cv<br \/>\n1.8 Turbo (116), A\u00f1o 01.1984 &#8211; 12.1985, 1779 ccm, 150 cv<br \/>\n2.0, A\u00f1o 06.1980 &#8211; 04.1985, 1962 ccm, 131 cv<br \/>\n2.0 Turbo (116), A\u00f1o 04.1983 &#8211; 06.1985, 1962 ccm, 170 cv<br \/>\nALFA ROMEO GT (105\/115)<br \/>\n1300 Junior (105), A\u00f1o 01.1966 &#8211; 12.1977, 1290 ccm, 87 cv<br \/>\n1.9 V 2000, A\u00f1o 01.1971 &#8211; 12.1977, 1962 ccm, 131 cv<br \/>\nALFA ROMEO 1750 (105)<br \/>\n1750, A\u00f1o 03.1968 &#8211; 10.1972, 1779 ccm, 113 cv<br \/>\nALFA ROMEO GTV (116)<br \/>\n2.0, A\u00f1o 01.1985 &#8211; 12.1985, 1962 ccm, 128 cv<br \/>\n2.0 (11636), A\u00f1o 07.1978 &#8211; 01.1986, 1962 ccm, 131 cv<br \/>\n2.0 Turbodelta (11636), A\u00f1o 01.1978 &#8211; 12.1980, 1962 ccm, 150 cv<br \/>\nALFA ROMEO GTA Coup\u00e9<br \/>\n1.3 Junior, A\u00f1o 05.1968 &#8211; 12.1976, 1290 ccm, 110 cv<br \/>\n1.3 Junior, A\u00f1o 05.1968 &#8211; 12.1976, 1290 ccm, 160 cv<\/p>\n<p>LA PIEZA ES NUEVA Y ORIGINAL ATE.<\/p>\n","protected":false},"excerpt":{"rendered":"<p>Set, juego de los capuchones del pist\u00f3n de las pinzas de freno delanteras de: Di\u00e1metro pist\u00f3n: 48mm ALFA ROMEO &#8211; U3 75 BZ 4 CILINDRI (1988-1992) 1600 CARB. \/ 1800 CARB. \/ 1600 IE.ML4.1 \/ 1600 IE.ML4.1 USA&#8217;83 \/ 1800 IE \/ 1800 IE.ML4.1 \/ 1800 IE.ML4.1 USA 83 ALFA ROMEO &#8211; U3 75 BZ [&hellip;]<\/p>\n","protected":false},"featured_media":97961,"template":"","meta":{"_seopress_robots_primary_cat":"","_seopress_titles_title":"","_seopress_titles_desc":"","_seopress_robots_index":""},"product_cat":[324,58,342,16,180,53,50,371,55,56],"product_tag":[],"class_list":{"0":"post-97960","1":"product","2":"type-product","3":"status-publish","4":"has-post-thumbnail","6":"product_cat-recambios-alfa-romeo-1750","7":"product_cat-recambios-alfa-romeo-75","8":"product_cat-recambios-alfa-romeo-90","9":"product_cat-recambios-alfa-romeo","10":"product_cat-recambios-alfa-romeo-alfetta","11":"product_cat-recambios-alfa-romeo-giulietta","12":"product_cat-recambios-alfa-romeo-gt","13":"product_cat-recambios-alfa-romeo-gta","14":"product_cat-recambios-alfa-romeo-gtv","15":"product_cat-recambios-alfa-romeo-spider","17":"first","18":"outofstock","19":"taxable","20":"shipping-taxable","21":"purchasable","22":"product-type-simple"},"_links":{"self":[{"href":"https:\/\/galicianparts.com\/shop\/wp-json\/wp\/v2\/product\/97960"}],"collection":[{"href":"https:\/\/galicianparts.com\/shop\/wp-json\/wp\/v2\/product"}],"about":[{"href":"https:\/\/galicianparts.com\/shop\/wp-json\/wp\/v2\/types\/product"}],"wp:featuredmedia":[{"embeddable":true,"href":"https:\/\/galicianparts.com\/shop\/wp-json\/wp\/v2\/media\/97961"}],"wp:attachment":[{"href":"https:\/\/galicianparts.com\/shop\/wp-json\/wp\/v2\/media?parent=97960"}],"wp:term":[{"taxonomy":"product_cat","embeddable":true,"href":"https:\/\/galicianparts.com\/shop\/wp-json\/wp\/v2\/product_cat?post=97960"},{"taxonomy":"product_tag","embeddable":true,"href":"https:\/\/galicianparts.com\/shop\/wp-json\/wp\/v2\/product_tag?post=97960"}],"curies":[{"name":"wp","href":"https:\/\/api.w.org\/{rel}","templated":true}]}}