{"id":97965,"date":"2025-06-26T13:10:58","date_gmt":"2025-06-26T11:10:58","guid":{"rendered":"https:\/\/galicianparts.com\/shop\/producto\/60579924-caja-fusibles-y-reles-alfa-romeo-164-1992-1997-original\/"},"modified":"2026-02-18T14:32:14","modified_gmt":"2026-02-18T12:32:14","slug":"60579924-caja-fusibles-y-reles-alfa-romeo-164-1992-1997-original","status":"publish","type":"product","link":"https:\/\/galicianparts.com\/shop\/producto\/60579924-caja-fusibles-y-reles-alfa-romeo-164-1992-1997-original\/","title":{"rendered":"60579924 Caja fusibles y rel\u00e9s Alfa Romeo 164 (1992-1997) ORIGINAL"},"content":{"rendered":"<p>60565533 Centralita de interconexi\u00f3n, portafusibles y rel\u00e9s de:<br \/>\nALFA ROMEO &#8211; W1 164 FL\/92 (1992-1997) CONDUCCION A\u00a0IZQUIERDA \/ 2000 T.S. \/ 3000 6V 12VAL \/ 3000 6V Q.V. 24VAL \/ 3000 6V Q.V. 24VAL GD \/ 3000 6V 12VAL BR \/ 3000 6V Q4 24VAL \/ 3000 6V Q4 24VAL CEE F2<br \/>\nALFA ROMEO &#8211; W1 164 FL\/92 (1992-1997) 2500 TB\/DS \/ 2500 TB\/DS CEE F2<br \/>\nALFA ROMEO &#8211; W2 164 SUPER (1992-1997) CONDUCCION A\u00a0IZQUIERDA \/ 2000 T.SPARK \/ 2000 TB V6 \/ 3000 V6 24V \/ 3000 V6 12V \/ 3000 V6 12V(CEE-F2) \/ 3000 V6 24V(CEE-F2) \/ 3000 V6 24V BR<br \/>\nALFA ROMEO &#8211; W2 164 SUPER (1992-1997) 3000 V6 24V 4X4(CEE-F2)<br \/>\nALFA ROMEO &#8211; W2 164 SUPER (1992-1997) 2500 TB\/DS \/ 2500 TB\/DS(CEE-F2)<\/p>\n<p>LA PIEZA ES ORIGINAL.<\/p>\n","protected":false},"excerpt":{"rendered":"<p>60565533 Centralita de interconexi\u00f3n, portafusibles y rel\u00e9s de: ALFA ROMEO &#8211; W1 164 FL\/92 (1992-1997) CONDUCCION A\u00a0IZQUIERDA \/ 2000 T.S. \/ 3000 6V 12VAL \/ 3000 6V Q.V. 24VAL \/ 3000 6V Q.V. 24VAL GD \/ 3000 6V 12VAL BR \/ 3000 6V Q4 24VAL \/ 3000 6V Q4 24VAL CEE F2 ALFA ROMEO &#8211; [&hellip;]<\/p>\n","protected":false},"featured_media":97967,"template":"","meta":{"_seopress_robots_primary_cat":"","_seopress_titles_title":"","_seopress_titles_desc":"","_seopress_robots_index":""},"product_cat":[54,16],"product_tag":[],"class_list":{"0":"post-97965","1":"product","2":"type-product","3":"status-publish","4":"has-post-thumbnail","6":"product_cat-recambios-alfa-romeo-164","7":"product_cat-recambios-alfa-romeo","9":"first","10":"outofstock","11":"taxable","12":"shipping-taxable","13":"purchasable","14":"product-type-simple"},"_links":{"self":[{"href":"https:\/\/galicianparts.com\/shop\/wp-json\/wp\/v2\/product\/97965"}],"collection":[{"href":"https:\/\/galicianparts.com\/shop\/wp-json\/wp\/v2\/product"}],"about":[{"href":"https:\/\/galicianparts.com\/shop\/wp-json\/wp\/v2\/types\/product"}],"wp:featuredmedia":[{"embeddable":true,"href":"https:\/\/galicianparts.com\/shop\/wp-json\/wp\/v2\/media\/97967"}],"wp:attachment":[{"href":"https:\/\/galicianparts.com\/shop\/wp-json\/wp\/v2\/media?parent=97965"}],"wp:term":[{"taxonomy":"product_cat","embeddable":true,"href":"https:\/\/galicianparts.com\/shop\/wp-json\/wp\/v2\/product_cat?post=97965"},{"taxonomy":"product_tag","embeddable":true,"href":"https:\/\/galicianparts.com\/shop\/wp-json\/wp\/v2\/product_tag?post=97965"}],"curies":[{"name":"wp","href":"https:\/\/api.w.org\/{rel}","templated":true}]}}