{"id":98086,"date":"2025-07-02T10:23:45","date_gmt":"2025-07-02T08:23:45","guid":{"rendered":"https:\/\/galicianparts.com\/shop\/producto\/60701554-tapon-deposito-combustible-alfa-romeo-sprint-nuevo-original\/"},"modified":"2025-07-02T10:29:42","modified_gmt":"2025-07-02T08:29:42","slug":"60701554-tapon-deposito-combustible-alfa-romeo-sprint-nuevo-original","status":"publish","type":"product","link":"https:\/\/galicianparts.com\/shop\/producto\/60701554-tapon-deposito-combustible-alfa-romeo-sprint-nuevo-original\/","title":{"rendered":"60701554 Tap\u00f3n dep\u00f3sito combustible Alfa Romeo Sprint NUEVO ORIGINAL"},"content":{"rendered":"<p>Tap\u00f3n de la toma del dep\u00f3sito de carburante de:<br \/>\nALFA ROMEO &#8211; SPRINT<\/p>\n<p>LA PIEZA ES NUEVA Y ORIGINAL.<\/p>\n","protected":false},"excerpt":{"rendered":"<p>Tap\u00f3n de la toma del dep\u00f3sito de carburante de: ALFA ROMEO &#8211; SPRINT LA PIEZA ES NUEVA Y ORIGINAL.<\/p>\n","protected":false},"featured_media":98088,"template":"","meta":{"_seopress_robots_primary_cat":"","_seopress_titles_title":"","_seopress_titles_desc":"","_seopress_robots_index":""},"product_cat":[16,219],"product_tag":[],"class_list":{"0":"post-98086","1":"product","2":"type-product","3":"status-publish","4":"has-post-thumbnail","6":"product_cat-recambios-alfa-romeo","7":"product_cat-recambios-alfa-romeo-sprint","9":"first","10":"instock","11":"taxable","12":"shipping-taxable","13":"purchasable","14":"product-type-simple"},"_links":{"self":[{"href":"https:\/\/galicianparts.com\/shop\/wp-json\/wp\/v2\/product\/98086"}],"collection":[{"href":"https:\/\/galicianparts.com\/shop\/wp-json\/wp\/v2\/product"}],"about":[{"href":"https:\/\/galicianparts.com\/shop\/wp-json\/wp\/v2\/types\/product"}],"wp:featuredmedia":[{"embeddable":true,"href":"https:\/\/galicianparts.com\/shop\/wp-json\/wp\/v2\/media\/98088"}],"wp:attachment":[{"href":"https:\/\/galicianparts.com\/shop\/wp-json\/wp\/v2\/media?parent=98086"}],"wp:term":[{"taxonomy":"product_cat","embeddable":true,"href":"https:\/\/galicianparts.com\/shop\/wp-json\/wp\/v2\/product_cat?post=98086"},{"taxonomy":"product_tag","embeddable":true,"href":"https:\/\/galicianparts.com\/shop\/wp-json\/wp\/v2\/product_tag?post=98086"}],"curies":[{"name":"wp","href":"https:\/\/api.w.org\/{rel}","templated":true}]}}