{"id":98129,"date":"2025-07-02T13:00:02","date_gmt":"2025-07-02T11:00:02","guid":{"rendered":"https:\/\/galicianparts.com\/shop\/producto\/60810083-sensor-pedal-freno-fiat-uno-tb-punto-gt-ducato-alfa-lancia-citroen-peugeot-original\/"},"modified":"2025-07-02T13:06:30","modified_gmt":"2025-07-02T11:06:30","slug":"60810083-sensor-pedal-freno-fiat-uno-tb-punto-gt-ducato-alfa-lancia-citroen-peugeot-original","status":"publish","type":"product","link":"https:\/\/galicianparts.com\/shop\/producto\/60810083-sensor-pedal-freno-fiat-uno-tb-punto-gt-ducato-alfa-lancia-citroen-peugeot-original\/","title":{"rendered":"60810083 Sensor pedal freno Fiat Uno TB \/Punto GT \/Ducato \/Alfa \/Lancia \/Citroen \/Peugeot ORIGINAL"},"content":{"rendered":"<p>Interruptor de la luz de freno de:<\/p>\n<p>FIAT Ducato II Furg\u00f3n (230L)<br \/>\n1.9 D, A\u00f1o 04.1998 &#8211; 04.2002, 1905 ccm, 68 cv<br \/>\n1.9 D, A\u00f1o 03.1994 &#8211; 04.2002, 1929 ccm, 69 cv<br \/>\n2.0, A\u00f1o 03.1994 &#8211; 04.2002, 1998 ccm, 109 cv<br \/>\n2.0 4&#215;4, A\u00f1o 11.1994 &#8211; 04.2002, 1998 ccm, 109 cv<br \/>\n2.8 D, A\u00f1o 05.1998 &#8211; 04.2002, 2800 ccm, 87 cv<br \/>\n2.8 D 4&#215;4, A\u00f1o 08.1998 &#8211; 04.2002, 2800 ccm, 87 cv<br \/>\n2.8 JTD, A\u00f1o 11.2000 &#8211; 04.2002, 2798 ccm, 128 cv<br \/>\n2.8 JTD 4&#215;4, A\u00f1o 11.2000 &#8211; 04.2002, 2798 ccm, 128 cv<br \/>\n2.8 TDI, A\u00f1o 10.1997 &#8211; 04.2002, 2800 ccm, 122 cv<br \/>\n2.8 TDI 4&#215;4, A\u00f1o 06.1999 &#8211; 04.2002, 2800 ccm, 122 cv<br \/>\nFIAT Panda I Hatchback (141)<br \/>\n1.1, A\u00f1o 02.1995 &#8211; 09.2003, 1108 ccm, 54 cv<br \/>\nFIAT Punto I Hatchback (176)<br \/>\n1.2 16V, A\u00f1o 04.1997 &#8211; 09.1999, 1242 ccm, 86 cv<br \/>\n1.4 GT Turbo (176AD_), A\u00f1o 10.1993 &#8211; 03.1997, 1372 ccm, 133 cv<br \/>\n1.4 GT Turbo (176AS_), A\u00f1o 09.1996 &#8211; 07.1999, 1372 ccm, 131 cv<br \/>\n1.6, A\u00f1o 01.1994 &#8211; 04.1997, 1581 ccm, 88 cv<br \/>\n1.7 D, A\u00f1o 04.1994 &#8211; 09.1997, 1698 ccm, 57 cv<br \/>\n1.7 TD, A\u00f1o 01.1994 &#8211; 09.1999, 1698 ccm, 69 cv<br \/>\n1.7 TD, A\u00f1o 01.1994 &#8211; 09.1999, 1698 ccm, 71 cv<br \/>\n1.7 TD (176AT), A\u00f1o 09.1996 &#8211; 09.1999, 1698 ccm, 63 cv<br \/>\n1.1 55, A\u00f1o 09.1993 &#8211; 09.1999, 1108 ccm, 54 cv<br \/>\n1.2 60, A\u00f1o 01.1994 &#8211; 09.1999, 1242 ccm, 58 cv<br \/>\n60 1.2 (176AP, 176AR, 176AQ, 176BB), A\u00f1o 09.1993 &#8211; 09.1999, 1242 ccm, 60 cv<br \/>\n1.2 75, A\u00f1o 10.1993 &#8211; 09.1999, 1242 ccm, 73 cv<br \/>\nFIAT Punto I Cabrio (176)<br \/>\n1.2 60, A\u00f1o 04.1994 &#8211; 06.2000, 1242 ccm, 58 cv<br \/>\n60 1.2 (176AR_, 176BR_), A\u00f1o 05.1995 &#8211; 06.2000, 1242 ccm, 60 cv<br \/>\n1.2 16V 85, A\u00f1o 04.1997 &#8211; 06.2000, 1242 ccm, 86 cv<br \/>\n1.6 90, A\u00f1o 04.1994 &#8211; 04.1997, 1581 ccm, 88 cv<br \/>\nFIAT Barchetta (183)<br \/>\n1.8 16V, A\u00f1o 04.1995 &#8211; 05.2005, 1747 ccm, 130 cv<br \/>\nFIAT Brava Hatchback (182)<br \/>\n1.2 16V 80, A\u00f1o 10.2000 &#8211; 10.2001, 1242 ccm, 80 cv<br \/>\n1.2 16V 80, A\u00f1o 12.1998 &#8211; 12.2002, 1242 ccm, 82 cv<br \/>\n1.4, A\u00f1o 10.1995 &#8211; 10.2001, 1370 ccm, 75 cv<br \/>\n1.4 12 V, A\u00f1o 10.1995 &#8211; 08.1998, 1370 ccm, 80 cv<br \/>\n1.6 16V, A\u00f1o 02.1996 &#8211; 10.2001, 1581 ccm, 103 cv<br \/>\n1.6 16V, A\u00f1o 10.1995 &#8211; 10.2001, 1581 ccm, 90 cv<br \/>\n1.8 GT 16V (182.BC), A\u00f1o 10.1995 &#8211; 08.2001, 1747 ccm, 113 cv<br \/>\n1.9 D, A\u00f1o 10.1995 &#8211; 10.2001, 1929 ccm, 65 cv<br \/>\n1.9 JTD, A\u00f1o 09.2000 &#8211; 10.2001, 1910 ccm, 100 cv<br \/>\n1.9 JTD 105, A\u00f1o 12.1998 &#8211; 10.2001, 1910 ccm, 105 cv<br \/>\n1.9 TD 100 S, A\u00f1o 03.1996 &#8211; 10.2001, 1910 ccm, 100 cv<br \/>\n1.9 TD 75 S, A\u00f1o 03.1996 &#8211; 10.2001, 1910 ccm, 75 cv<br \/>\nFIAT Bravo I Hatchback (182)<br \/>\n1.2 16V 80, A\u00f1o 10.2000 &#8211; 10.2001, 1242 ccm, 80 cv<br \/>\n1.2 16V 80, A\u00f1o 12.1998 &#8211; 10.2000, 1242 ccm, 82 cv<br \/>\n1.4, A\u00f1o 10.1995 &#8211; 10.2001, 1370 ccm, 80 cv<br \/>\n1.4, A\u00f1o 10.1995 &#8211; 10.2001, 1370 ccm, 75 cv<br \/>\n1.6 16V, A\u00f1o 03.1996 &#8211; 10.2001, 1581 ccm, 103 cv<br \/>\n1.6 16V, A\u00f1o 10.1995 &#8211; 10.2001, 1581 ccm, 90 cv<br \/>\n1.8 GT, A\u00f1o 10.1995 &#8211; 10.2001, 1747 ccm, 113 cv<br \/>\n1.9 D, A\u00f1o 10.1995 &#8211; 10.2001, 1929 ccm, 65 cv<br \/>\n1.9 JTD, A\u00f1o 09.2000 &#8211; 10.2001, 1910 ccm, 100 cv<br \/>\n1.9 JTD 105, A\u00f1o 12.1998 &#8211; 10.2001, 1910 ccm, 105 cv<br \/>\n1.9 TD 100 S, A\u00f1o 03.1996 &#8211; 10.2001, 1910 ccm, 100 cv<br \/>\n1.9 TD 75 S, A\u00f1o 03.1996 &#8211; 10.2001, 1910 ccm, 75 cv<br \/>\n2.0 HGT 20V, A\u00f1o 07.1998 &#8211; 10.2001, 1998 ccm, 154 cv<br \/>\nFIAT Ducato II Bus (230)<br \/>\n1.9 D, A\u00f1o 04.1998 &#8211; 04.2002, 1905 ccm, 68 cv<br \/>\n1.9 D Combinato, A\u00f1o 06.1995 &#8211; 04.2002, 1929 ccm, 69 cv<br \/>\n2.0 4&#215;4, A\u00f1o 11.1994 &#8211; 11.2001, 1998 ccm, 109 cv<br \/>\n2.0 Panorama\/Combinato, A\u00f1o 03.1994 &#8211; 04.2002, 1998 ccm, 109 cv<br \/>\n2.8 D, A\u00f1o 02.1998 &#8211; 04.2002, 2800 ccm, 87 cv<br \/>\n2.8 JTD, A\u00f1o 11.2000 &#8211; 04.2002, 2798 ccm, 128 cv<br \/>\n2.8 JTD 4&#215;4, A\u00f1o 11.2000 &#8211; 04.2002, 2798 ccm, 128 cv<br \/>\n2.8 TDI, A\u00f1o 10.1997 &#8211; 04.2002, 2800 ccm, 122 cv<br \/>\n2.8 TDI 4&#215;4, A\u00f1o 07.1999 &#8211; 04.2002, 2800 ccm, 122 cv<br \/>\nFIAT Palio I Hatchback (178)<br \/>\n1.2, A\u00f1o 07.1997 &#8211; 08.2002, 1242 ccm, 60 cv<br \/>\n1.2, A\u00f1o 06.1999 &#8211; 10.2000, 1242 ccm, 68 cv<br \/>\n1.4, A\u00f1o 04.1996 &#8211; 10.2002, 1372 ccm, 69 cv<br \/>\n1.4 Cat, A\u00f1o 04.1996 &#8211; 08.2001, 1372 ccm, 69 cv<br \/>\nFIAT Palio I Weekend (178)<br \/>\n1.2 (178DYE1A, 178DYE1AAP, 178DYE1AAT), A\u00f1o 09.2001 &#8211; 10.2004, 1242 ccm, 80 cv<br \/>\n1.7 TD, A\u00f1o 04.1996 &#8211; 03.2001, 1698 ccm, 70 cv<br \/>\n1.9 D, A\u00f1o 03.2001 &#8211; &#8230;, 1910 ccm, 63 cv<br \/>\n1.9 JTD, A\u00f1o 09.2001 &#8211; &#8230;, 1910 ccm, 80 cv<br \/>\nFIAT Seicento \/ 600 Hatchback (187)<br \/>\n0.9 (187AXA, 187AXA1A), A\u00f1o 11.1997 &#8211; 12.2008, 899 ccm, 39 cv<br \/>\n1.1 (187AXB, 187AXB1A, 187AXC1A02), A\u00f1o 01.1998 &#8211; 01.2010, 1108 ccm, 54 cv<br \/>\nEl\u00e9ctrico, A\u00f1o 01.1999 &#8211; 01.2005, ccm, 41 cv<br \/>\nElettrica (187BEA1A), A\u00f1o 03.2000 &#8211; 04.2004, ccm, 30 cv<br \/>\nFIAT Coupe (175)<br \/>\n1.8 16V, A\u00f1o 03.1996 &#8211; 08.2000, 1747 ccm, 131 cv<br \/>\n2.0 20V, A\u00f1o 04.1998 &#8211; 08.2000, 1998 ccm, 154 cv<br \/>\n2.0 20V (175AXC1A), A\u00f1o 08.1996 &#8211; 09.1998, 1998 ccm, 147 cv<br \/>\n2.0 20V Turbo, A\u00f1o 08.1996 &#8211; 08.2000, 1998 ccm, 220 cv<br \/>\nFIAT Multipla (186)<br \/>\n1.6 (186AXC1A, 186BMC1A, 186BXC1A), A\u00f1o 09.2000 &#8211; 06.2010, 1596 ccm, 103 cv<br \/>\n1.6 100 16V, A\u00f1o 04.1999 &#8211; 06.2010, 1581 ccm, 103 cv<br \/>\n1.6 16V, A\u00f1o 04.2002 &#8211; 06.2010, 1596 ccm, 95 cv<br \/>\n1.6 16V Bipower, A\u00f1o 04.1999 &#8211; 06.2010, 1581 ccm, 103 cv<br \/>\n1.6 16V Bipower, A\u00f1o 10.2001 &#8211; 06.2010, 1596 ccm, 103 cv<br \/>\n1.6 16V Blupower, A\u00f1o 04.1999 &#8211; 06.2010, 1581 ccm, 95 cv<br \/>\n1.9 JTD, A\u00f1o 04.2002 &#8211; 06.2010, 1910 ccm, 120 cv<br \/>\n1.9 JTD 105 (186AXB1A), A\u00f1o 04.1999 &#8211; 06.2010, 1910 ccm, 105 cv<br \/>\n1.9 JTD 110, A\u00f1o 03.2001 &#8211; 07.2002, 1910 ccm, 110 cv<br \/>\n1.9 JTD 115, A\u00f1o 07.2002 &#8211; 06.2010, 1910 ccm, 115 cv<br \/>\nFIAT Ducato II Cami\u00f3n de plataforma\/Chasis (230)<br \/>\n1.9 D, A\u00f1o 04.1998 &#8211; 04.2002, 1905 ccm, 68 cv<br \/>\n1.9 D, A\u00f1o 03.1994 &#8211; 04.2002, 1929 ccm, 69 cv<br \/>\n2.0, A\u00f1o 03.1994 &#8211; 04.2002, 1998 ccm, 109 cv<br \/>\n2.8 D, A\u00f1o 02.1998 &#8211; 04.2002, 2800 ccm, 87 cv<br \/>\n2.8 iDTD 4&#215;4, A\u00f1o 05.1998 &#8211; 09.2001, 2799 ccm, 122 cv<br \/>\n2.8 JTD, A\u00f1o 11.2000 &#8211; 04.2002, 2798 ccm, 128 cv<br \/>\n2.8 TDI, A\u00f1o 12.1998 &#8211; 04.2002, 2800 ccm, 122 cv<br \/>\nFIAT Strada Pick-up (178)<br \/>\n1.2, A\u00f1o 04.2003 &#8211; &#8230;, 1242 ccm, 60 cv<br \/>\n1.2, A\u00f1o 06.1999 &#8211; 12.2006, 1242 ccm, 73 cv<br \/>\n1.3 D Multijet, A\u00f1o 05.2006 &#8211; &#8230;, 1248 ccm, 85 cv<br \/>\n1.7 TD, A\u00f1o 06.1999 &#8211; 12.2006, 1698 ccm, 69 cv<br \/>\n1.9 D, A\u00f1o 12.2000 &#8211; &#8230;, 1910 ccm, 63 cv<br \/>\n1.9 JTD, A\u00f1o 04.2003 &#8211; &#8230;, 1910 ccm, 80 cv<br \/>\nFIAT Punto II Hatchback (188)<br \/>\n1.2 16V 80 (188.233, .235, .253, .255, .333, .353, .639,&#8230;, A\u00f1o 09.1999 &#8211; 04.2006, 1242 ccm, 80 cv<br \/>\n1.2 60, A\u00f1o 09.1999 &#8211; 12.2010, 1242 ccm, 60 cv<br \/>\n1.8 130 HGT, A\u00f1o 09.1999 &#8211; 03.2012, 1747 ccm, 130 cv<br \/>\n1.9 DS 60, A\u00f1o 09.1999 &#8211; 03.2012, 1910 ccm, 60 cv<br \/>\n1.9 JTD, A\u00f1o 10.2001 &#8211; 03.2012, 1910 ccm, 86 cv<br \/>\n1.9 JTD 80, A\u00f1o 09.1999 &#8211; 03.2012, 1910 ccm, 80 cv<br \/>\nFIAT Siena (178, 172)<br \/>\n1.3 (178CXG1AAM, 178CXG1AAP, 178CXG1AAT), A\u00f1o 09.1998 &#8211; 12.2002, 1242 ccm, 73 cv<br \/>\n1.4, A\u00f1o 04.1996 &#8211; 12.2009, 1372 ccm, 69 cv<br \/>\n1.4 Cat, A\u00f1o 04.1996 &#8211; 12.2009, 1372 ccm, 69 cv<br \/>\n1.6 16V, A\u00f1o 09.1998 &#8211; 12.2009, 1581 ccm, 101 cv<br \/>\nFIAT Doblo I Familiar (119, 223)<br \/>\n1.2, A\u00f1o 03.2001 &#8211; &#8230;, 1242 ccm, 65 cv<br \/>\n1.4, A\u00f1o 10.2005 &#8211; &#8230;, 1368 ccm, 77 cv<br \/>\n1.9 D, A\u00f1o 03.2001 &#8211; &#8230;, 1910 ccm, 63 cv<br \/>\nFIAT Doblo I Cargo (223)<br \/>\n1.2, A\u00f1o 03.2001 &#8211; 01.2004, 1242 ccm, 65 cv<br \/>\n1.4, A\u00f1o 10.2005 &#8211; &#8230;, 1368 ccm, 77 cv<br \/>\n1.9 D, A\u00f1o 03.2001 &#8211; &#8230;, 1910 ccm, 63 cv<br \/>\nFIAT Ducato II Bus (244)<br \/>\n2.8 JTD, A\u00f1o 12.2001 &#8211; &#8230;, 2798 ccm, 128 cv<br \/>\n2.8 JTD 4&#215;4, A\u00f1o 12.2001 &#8211; 07.2006, 2798 ccm, 128 cv<br \/>\nFIAT Ducato II Furg\u00f3n (244)<br \/>\n2.8 JTD, A\u00f1o 12.2001 &#8211; 12.2011, 2798 ccm, 128 cv<br \/>\n2.8 JTD 4&#215;4, A\u00f1o 12.2001 &#8211; 07.2006, 2798 ccm, 128 cv<br \/>\nFIAT Ducato II Cami\u00f3n de plataforma\/Chasis (244)<br \/>\n2.8 JTD, A\u00f1o 12.2001 &#8211; 07.2006, 2798 ccm, 128 cv<br \/>\n2.8 JTD 4&#215;4, A\u00f1o 12.2001 &#8211; 07.2006, 2798 ccm, 128 cv<br \/>\nFIAT Strada Pick-up (278)<br \/>\n1.3 D Multijet (278AYR1A), A\u00f1o 10.2010 &#8211; &#8230;, 1248 ccm, 95 cv<\/p>\n<p>ALFA ROMEO 155 (167)<br \/>\n1.6 16V T.S. (167.A6A), A\u00f1o 05.1996 &#8211; 12.1997, 1598 ccm, 120 cv<br \/>\n1.8 T.S. (167.A4C, 167.A), A\u00f1o 02.1992 &#8211; 12.1997, 1756 ccm, 105 cv<br \/>\n1.8 T.S. Sport (167.A4A, 167.A4C, 167.A4E), A\u00f1o 03.1992 &#8211; 12.1996, 1773 ccm, 127 cv<br \/>\n1.9 TD (167.A3B, 167.A3), A\u00f1o 04.1993 &#8211; 12.1997, 1929 ccm, 90 cv<br \/>\n2.0 T.S. 16V, A\u00f1o 03.1995 &#8211; 12.1997, 1970 ccm, 150 cv<br \/>\n2.5 V6 (167.A1C, 167.A1E), A\u00f1o 09.1992 &#8211; 12.1997, 2492 ccm, 163 cv<br \/>\nALFA ROMEO GTV (916, 916C)<br \/>\n2.0 JTS (916CXA00), A\u00f1o 04.2003 &#8211; 10.2005, 1970 ccm, 165 cv<br \/>\n2.0 T.SPARK 16V, A\u00f1o 06.1995 &#8211; 10.2005, 1970 ccm, 150 cv<br \/>\n2.0 T.SPARK 16V (916C2C), A\u00f1o 09.1997 &#8211; 03.2003, 1970 ccm, 155 cv<br \/>\n3.0 V6 24V, A\u00f1o 10.1996 &#8211; 10.2000, 2959 ccm, 220 cv<br \/>\n3.0 V6 24V, A\u00f1o 10.2000 &#8211; 10.2005, 2959 ccm, 218 cv<br \/>\n3.2 V6 24V (916CXB00), A\u00f1o 04.2003 &#8211; 10.2005, 3179 ccm, 240 cv<br \/>\nALFA ROMEO Spider (916, 916S)<br \/>\n2.0 JTS (916SXA00), A\u00f1o 04.2003 &#8211; 04.2005, 1970 ccm, 165 cv<br \/>\n2.0 T.SPARK 16V, A\u00f1o 05.1998 &#8211; 08.2000, 1970 ccm, 155 cv<br \/>\n2.0 T.SPARK 16V, A\u00f1o 06.1995 &#8211; 04.2005, 1970 ccm, 150 cv<br \/>\n3.0 V6, A\u00f1o 09.1994 &#8211; 04.2005, 2959 ccm, 218 cv<br \/>\n3.2 V6 24V (916SXB00), A\u00f1o 04.2003 &#8211; 04.2005, 3179 ccm, 240 cv<br \/>\nALFA ROMEO 156 Berlina (932)<br \/>\n1.6 16V T.SPARK (932.A4, 932.A4100), A\u00f1o 09.1997 &#8211; 09.2005, 1598 ccm, 120 cv<br \/>\n1.8 16V T.SPARK (932.A3), A\u00f1o 09.1997 &#8211; 10.2000, 1747 ccm, 144 cv<br \/>\n1.8 16V T.SPARK (932.A3100), A\u00f1o 09.1997 &#8211; 09.2005, 1747 ccm, 140 cv<br \/>\n1.9 JTD (932.A2B00), A\u00f1o 10.2000 &#8211; 05.2001, 1910 ccm, 110 cv<br \/>\n1.9 JTD (932.A2B00, 932.A2C00), A\u00f1o 05.2001 &#8211; 09.2005, 1910 ccm, 115 cv<br \/>\n1.9 JTD, A\u00f1o 09.1997 &#8211; 10.2000, 1910 ccm, 105 cv<br \/>\n2.0 16V T.SPARK, A\u00f1o 09.1997 &#8211; 06.2002, 1970 ccm, 155 cv<br \/>\n2.0 16V T.SPARK, A\u00f1o 10.2000 &#8211; 03.2002, 1970 ccm, 150 cv<br \/>\n2.4 JTD, A\u00f1o 09.1997 &#8211; 09.2003, 2387 ccm, 136 cv<br \/>\n2.5 V6 24V (932A1), A\u00f1o 09.1997 &#8211; 09.2002, 2492 ccm, 190 cv<br \/>\n2.5 V6 24V, A\u00f1o 10.2000 &#8211; 09.2005, 2492 ccm, 192 cv<br \/>\nALFA ROMEO 166 (936)<br \/>\n2.4 JTD, A\u00f1o 09.1998 &#8211; 10.2000, 2387 ccm, 136 cv<br \/>\n2.4 JTD (936AXD01, 936AXC00), A\u00f1o 10.2003 &#8211; 06.2007, 2387 ccm, 163 cv<br \/>\nALFA ROMEO 156 Sportwagon (932)<br \/>\n1.6 16V T.SPARK. (932B4100), A\u00f1o 05.2000 &#8211; 05.2006, 1598 ccm, 120 cv<br \/>\n1.8 16V T.SPARK, A\u00f1o 05.2000 &#8211; 10.2000, 1747 ccm, 144 cv<br \/>\n1.9 JTD, A\u00f1o 05.2001 &#8211; 05.2006, 1910 ccm, 115 cv<br \/>\n2.0 16V T.SPARK, A\u00f1o 05.2000 &#8211; 06.2002, 1970 ccm, 155 cv<br \/>\n2.5 V6 24V (932A1), A\u00f1o 02.1997 &#8211; 08.2003, 2492 ccm, 190 cv<\/p>\n<p>LANCIA Kappa Berlina (838)<br \/>\n2.0 16V Turbo, A\u00f1o 02.1995 &#8211; 10.2001, 1995 ccm, 205 cv<br \/>\n2.0 20V, A\u00f1o 10.1994 &#8211; 10.2001, 1998 ccm, 146 cv<br \/>\n2.0 20V, A\u00f1o 07.1996 &#8211; 10.2001, 1998 ccm, 155 cv<br \/>\n2.0 20V Turbo, A\u00f1o 06.1998 &#8211; 10.2001, 1998 ccm, 220 cv<br \/>\n2.4 20V, A\u00f1o 08.1994 &#8211; 10.2001, 2446 ccm, 175 cv<br \/>\n2.4 JTD, A\u00f1o 06.1998 &#8211; 10.2001, 2387 ccm, 136 cv<br \/>\n2.4 T.DS, A\u00f1o 08.1994 &#8211; 10.2001, 2387 ccm, 124 cv<br \/>\n3.0 24V (838AD1AA, 838AD11A, 838XD1AA, 838ZD1AA), A\u00f1o 10.1994 &#8211; 10.2001, 2959 ccm, 204 cv<br \/>\nLANCIA Thema Berlina (834)<br \/>\n2.5 Turbo DS, A\u00f1o 05.1992 &#8211; 07.1994, 2500 ccm, 116 cv<br \/>\nLANCIA Thema Familiar (834)<br \/>\n2.5 Turbo DS, A\u00f1o 09.1992 &#8211; 07.1994, 2500 ccm, 116 cv<br \/>\nLANCIA Kappa Familiar (838)<br \/>\n2.0 16V Turbo, A\u00f1o 07.1996 &#8211; 10.2001, 1995 ccm, 205 cv<br \/>\n2.0 20V, A\u00f1o 07.1996 &#8211; 10.2001, 1998 ccm, 155 cv<br \/>\n2.0 20V Turbo, A\u00f1o 06.1998 &#8211; 10.2001, 1998 ccm, 220 cv<br \/>\n2.4 20V, A\u00f1o 07.1996 &#8211; 10.2001, 2446 ccm, 175 cv<br \/>\n2.4 JTD, A\u00f1o 06.1998 &#8211; 10.2001, 2387 ccm, 136 cv<br \/>\n2.4 T.DS, A\u00f1o 07.1996 &#8211; 10.2001, 2387 ccm, 124 cv<br \/>\n3.0 24V, A\u00f1o 07.1996 &#8211; 10.2001, 2959 ccm, 204 cv<br \/>\nLANCIA Kappa Coup\u00e9 (838)<br \/>\n2.0 20V Turbo, A\u00f1o 06.1998 &#8211; 03.2001, 1998 ccm, 220 cv<br \/>\n2.4 20V, A\u00f1o 11.1996 &#8211; 03.2001, 2446 ccm, 175 cv<br \/>\nLANCIA YPSILON (840)<br \/>\n1.1, A\u00f1o 11.1995 &#8211; 09.2003, 1108 ccm, 54 cv<br \/>\n1.2, A\u00f1o 03.1996 &#8211; 09.2003, 1242 ccm, 60 cv<br \/>\n1.2 16V, A\u00f1o 04.1997 &#8211; 09.2003, 1242 ccm, 86 cv<br \/>\n1.2 16V, A\u00f1o 10.2000 &#8211; 09.2003, 1242 ccm, 80 cv<br \/>\n1.4 12V, A\u00f1o 10.1996 &#8211; 09.2003, 1370 ccm, 80 cv<br \/>\n1.4 12V, A\u00f1o 03.1996 &#8211; 09.2003, 1370 ccm, 75 cv<\/p>\n<p>CITRO\u00cbN Jumper I Bus (230)<br \/>\n1.9 D, A\u00f1o 01.1999 &#8211; 04.2002, 1905 ccm, 69 cv<br \/>\n1.9 TD, A\u00f1o 08.1994 &#8211; 04.2002, 1905 ccm, 90 cv<br \/>\n1.9 TD, A\u00f1o 02.1994 &#8211; 04.2002, 1905 ccm, 92 cv<br \/>\n1.9 TD 4&#215;4, A\u00f1o 08.1996 &#8211; 04.2002, 1905 ccm, 92 cv<br \/>\n2.0, A\u00f1o 02.1994 &#8211; 04.2002, 1998 ccm, 109 cv<br \/>\n2.0 4&#215;4, A\u00f1o 08.1996 &#8211; 04.2002, 1998 ccm, 109 cv<br \/>\n2.5 D, A\u00f1o 08.1994 &#8211; 04.2002, 2446 ccm, 86 cv<br \/>\n2.5 D 4&#215;4, A\u00f1o 08.1996 &#8211; 04.2002, 2446 ccm, 86 cv<br \/>\n2.5 TD, A\u00f1o 08.1994 &#8211; 04.2002, 2446 ccm, 103 cv<br \/>\n2.5 TD 4&#215;4, A\u00f1o 08.1996 &#8211; 04.2002, 2446 ccm, 103 cv<br \/>\n2.5 TDi, A\u00f1o 12.1996 &#8211; 11.2000, 2446 ccm, 107 cv<br \/>\n2.5 TDI 4&#215;4, A\u00f1o 12.1996 &#8211; 11.2000, 2446 ccm, 107 cv<br \/>\n2.8 D, A\u00f1o 01.1999 &#8211; 02.2002, 2798 ccm, 87 cv<br \/>\n2.8 HDi, A\u00f1o 09.2000 &#8211; 04.2002, 2798 ccm, 128 cv<br \/>\n2.8 HDi 4&#215;4, A\u00f1o 09.2000 &#8211; 04.2002, 2798 ccm, 128 cv<br \/>\nCITRO\u00cbN Jumper I Furgoneta (230)<br \/>\n1.9 D, A\u00f1o 07.1999 &#8211; 04.2002, 1905 ccm, 68 cv<br \/>\n1.9 D, A\u00f1o 02.1994 &#8211; 04.2002, 1905 ccm, 69 cv<br \/>\n1.9 TD, A\u00f1o 03.1994 &#8211; 04.2002, 1905 ccm, 90 cv<br \/>\n1.9 TD, A\u00f1o 03.1994 &#8211; 04.2002, 1905 ccm, 92 cv<br \/>\n2.0, A\u00f1o 03.1994 &#8211; 04.2002, 1998 ccm, 109 cv<br \/>\n2.0 HDI, A\u00f1o 11.2001 &#8211; 04.2002, 1997 ccm, 84 cv<br \/>\n2.5 D, A\u00f1o 03.1994 &#8211; 04.2002, 2446 ccm, 86 cv<br \/>\n2.5 D 4&#215;4, A\u00f1o 03.2000 &#8211; 04.2002, 2446 ccm, 86 cv<br \/>\n2.5 TD, A\u00f1o 03.1994 &#8211; 04.2002, 2446 ccm, 103 cv<br \/>\n2.5 TDi, A\u00f1o 12.1996 &#8211; 11.2000, 2446 ccm, 107 cv<br \/>\n2.5 TDi 4&#215;4, A\u00f1o 03.2000 &#8211; 11.2000, 2446 ccm, 107 cv<br \/>\n2.8 HDi, A\u00f1o 09.2000 &#8211; 04.2002, 2798 ccm, 128 cv<br \/>\n2.8 HDi 4&#215;4, A\u00f1o 09.2000 &#8211; 04.2002, 2798 ccm, 128 cv<br \/>\nCITRO\u00cbN Jumper I Caja \/ Chasis (230)<br \/>\n1.9 TD, A\u00f1o 03.1994 &#8211; 04.2002, 1905 ccm, 90 cv<br \/>\n1.9 TD, A\u00f1o 03.1994 &#8211; 04.2002, 1905 ccm, 92 cv<br \/>\n2.0, A\u00f1o 03.1994 &#8211; 04.2002, 1998 ccm, 109 cv<br \/>\n2.5 D, A\u00f1o 03.1994 &#8211; 04.2002, 2446 ccm, 86 cv<br \/>\n2.5 D 4&#215;4, A\u00f1o 03.2000 &#8211; 04.2002, 2446 ccm, 86 cv<br \/>\n2.5 TD, A\u00f1o 03.1994 &#8211; 04.2002, 2446 ccm, 103 cv<br \/>\n2.5 TDi, A\u00f1o 12.1996 &#8211; 04.2002, 2446 ccm, 107 cv<br \/>\n2.5 TDi 4&#215;4, A\u00f1o 03.2000 &#8211; 04.2002, 2446 ccm, 107 cv<br \/>\n2.8 D, A\u00f1o 01.1999 &#8211; 02.2002, 2798 ccm, 87 cv<br \/>\n2.8 HDi, A\u00f1o 09.2000 &#8211; 04.2002, 2798 ccm, 128 cv<\/p>\n<p>PEUGEOT Boxer Bus (230)<br \/>\n1.9 D, A\u00f1o 03.1994 &#8211; 04.2002, 1905 ccm, 69 cv<br \/>\n1.9 TD, A\u00f1o 08.1994 &#8211; 04.2002, 1905 ccm, 90 cv<br \/>\n1.9 TD, A\u00f1o 03.1994 &#8211; 04.2002, 1905 ccm, 92 cv<br \/>\n1.9 TD 4&#215;4, A\u00f1o 07.1996 &#8211; 04.2002, 1905 ccm, 92 cv<br \/>\n2.0 i, A\u00f1o 03.1994 &#8211; 04.2002, 1998 ccm, 109 cv<br \/>\n2.0 i 4&#215;4, A\u00f1o 08.1996 &#8211; 04.2002, 1998 ccm, 109 cv<br \/>\n2.5 D, A\u00f1o 08.1994 &#8211; 04.2002, 2446 ccm, 86 cv<br \/>\n2.5 D 4&#215;4, A\u00f1o 07.1996 &#8211; 04.2002, 2446 ccm, 86 cv<br \/>\n2.5 TD, A\u00f1o 07.1994 &#8211; 12.1997, 2446 ccm, 103 cv<br \/>\n2.5 TD 4&#215;4, A\u00f1o 07.1996 &#8211; 04.2002, 2446 ccm, 103 cv<br \/>\n2.5 TDI, A\u00f1o 01.1997 &#8211; 04.2002, 2446 ccm, 107 cv<br \/>\n2.5 TDI 4&#215;4, A\u00f1o 01.1997 &#8211; 04.2002, 2446 ccm, 107 cv<br \/>\n2.8 D, A\u00f1o 01.1999 &#8211; 02.2002, 2798 ccm, 87 cv<br \/>\n2.8 HDi, A\u00f1o 10.2000 &#8211; 11.2001, 2798 ccm, 126 cv<br \/>\n2.8 HDI, A\u00f1o 11.2000 &#8211; 04.2002, 2798 ccm, 128 cv<br \/>\n2.8 HDi 4&#215;4, A\u00f1o 10.2000 &#8211; 04.2002, 2798 ccm, 128 cv<br \/>\nPEUGEOT Boxer Furg\u00f3n (230)<br \/>\n1.9 D, A\u00f1o 07.1999 &#8211; 04.2002, 1905 ccm, 68 cv<br \/>\n1.9 D, A\u00f1o 03.1994 &#8211; 04.2002, 1905 ccm, 69 cv<br \/>\n1.9 TD, A\u00f1o 07.1999 &#8211; 04.2002, 1905 ccm, 90 cv<br \/>\n1.9 TD, A\u00f1o 03.1994 &#8211; 04.2002, 1905 ccm, 92 cv<br \/>\n2.0 i, A\u00f1o 06.1994 &#8211; 04.2002, 1998 ccm, 109 cv<br \/>\n2.5 D, A\u00f1o 03.1994 &#8211; 04.2002, 2446 ccm, 86 cv<br \/>\n2.5 D 4&#215;4, A\u00f1o 07.1999 &#8211; 04.2002, 2446 ccm, 86 cv<br \/>\n2.5 TD, A\u00f1o 03.1994 &#8211; 12.1997, 2446 ccm, 103 cv<br \/>\n2.5 TDI, A\u00f1o 01.1997 &#8211; 04.2002, 2446 ccm, 107 cv<br \/>\n2.5 TDI 4&#215;4, A\u00f1o 07.1999 &#8211; 04.2002, 2446 ccm, 107 cv<br \/>\n2.8 D, A\u00f1o 01.1999 &#8211; 02.2002, 2798 ccm, 87 cv<br \/>\n2.8 HDi, A\u00f1o 10.2000 &#8211; 11.2001, 2798 ccm, 126 cv<br \/>\n2.8 HDI, A\u00f1o 11.2000 &#8211; 04.2002, 2798 ccm, 128 cv<br \/>\n2.8 HDi 4&#215;4, A\u00f1o 10.2000 &#8211; 04.2002, 2798 ccm, 128 cv<br \/>\nPEUGEOT Boxer Cami\u00f3n de plataforma\/Chasis (230)<br \/>\n1.9 TD, A\u00f1o 06.1994 &#8211; 04.2002, 1905 ccm, 90 cv<br \/>\n1.9 TD, A\u00f1o 07.1994 &#8211; 04.2002, 1905 ccm, 92 cv<br \/>\n2.0 i, A\u00f1o 06.1994 &#8211; 04.2002, 1998 ccm, 109 cv<br \/>\n2.5 D, A\u00f1o 03.1994 &#8211; 04.2002, 2446 ccm, 86 cv<br \/>\n2.5 D 4&#215;4, A\u00f1o 07.1999 &#8211; 04.2002, 2446 ccm, 86 cv<br \/>\n2.5 TD, A\u00f1o 03.1994 &#8211; 12.1997, 2446 ccm, 103 cv<br \/>\n2.5 TDI, A\u00f1o 01.1997 &#8211; 04.2002, 2446 ccm, 107 cv<br \/>\n2.5 TDI 4&#215;4, A\u00f1o 07.1999 &#8211; 04.2002, 2446 ccm, 107 cv<br \/>\n2.8 D, A\u00f1o 01.1999 &#8211; 02.2002, 2798 ccm, 87 cv<br \/>\n2.8 HDi, A\u00f1o 10.2000 &#8211; 11.2001, 2798 ccm, 126 cv<br \/>\n2.8 HDI, A\u00f1o 11.2000 &#8211; 04.2002, 2798 ccm, 128 cv<\/p>\n<p>LA PIEZA ES NUEVA Y ORIGINAL.<\/p>\n","protected":false},"excerpt":{"rendered":"<p>Interruptor de la luz de freno de: FIAT Ducato II Furg\u00f3n (230L) 1.9 D, A\u00f1o 04.1998 &#8211; 04.2002, 1905 ccm, 68 cv 1.9 D, A\u00f1o 03.1994 &#8211; 04.2002, 1929 ccm, 69 cv 2.0, A\u00f1o 03.1994 &#8211; 04.2002, 1998 ccm, 109 cv 2.0 4&#215;4, A\u00f1o 11.1994 &#8211; 04.2002, 1998 ccm, 109 cv 2.8 D, A\u00f1o 05.1998 [&hellip;]<\/p>\n","protected":false},"featured_media":98130,"template":"","meta":{"_seopress_robots_primary_cat":"","_seopress_titles_title":"","_seopress_titles_desc":"","_seopress_robots_index":""},"product_cat":[48,49,57,16,80,155,81,82,23,85,87,88,20,55,137,119,21,96,98,99,24,101,106,107,56,109,124,127],"product_tag":[],"class_list":{"0":"post-98129","1":"product","2":"type-product","3":"status-publish","4":"has-post-thumbnail","6":"product_cat-recambios-alfa-romeo-155","7":"product_cat-recambios-alfa-romeo-156","8":"product_cat-recambios-alfa-romeo-166","9":"product_cat-recambios-alfa-romeo","10":"product_cat-recambios-fiat-barchetta","11":"product_cat-recambios-peugeot-boxer","12":"product_cat-recambios-fiat-brava","13":"product_cat-recambios-fiat-bravo","14":"product_cat-recambios-citroen","15":"product_cat-recambios-fiat-coupe","16":"product_cat-recambios-fiat-doblo","17":"product_cat-recambios-fiat-ducato","18":"product_cat-recambios-fiat","19":"product_cat-recambios-alfa-romeo-gtv","20":"product_cat-recambios-citroen-jumper","21":"product_cat-recambios-lancia-kappa","22":"product_cat-recambios-lancia","23":"product_cat-recambios-fiat-multipla","24":"product_cat-recambios-fiat-palio","25":"product_cat-recambios-fiat-panda","26":"product_cat-recambios-peugeot","27":"product_cat-recambios-fiat-punto","28":"product_cat-recambios-fiat-seicento","29":"product_cat-recambios-fiat-siena","30":"product_cat-recambios-alfa-romeo-spider","31":"product_cat-recambios-fiat-strada","32":"product_cat-recambios-lancia-thema","33":"product_cat-recambios-lancia-ypsilon","35":"first","36":"instock","37":"taxable","38":"shipping-taxable","39":"purchasable","40":"product-type-simple"},"_links":{"self":[{"href":"https:\/\/galicianparts.com\/shop\/wp-json\/wp\/v2\/product\/98129"}],"collection":[{"href":"https:\/\/galicianparts.com\/shop\/wp-json\/wp\/v2\/product"}],"about":[{"href":"https:\/\/galicianparts.com\/shop\/wp-json\/wp\/v2\/types\/product"}],"wp:featuredmedia":[{"embeddable":true,"href":"https:\/\/galicianparts.com\/shop\/wp-json\/wp\/v2\/media\/98130"}],"wp:attachment":[{"href":"https:\/\/galicianparts.com\/shop\/wp-json\/wp\/v2\/media?parent=98129"}],"wp:term":[{"taxonomy":"product_cat","embeddable":true,"href":"https:\/\/galicianparts.com\/shop\/wp-json\/wp\/v2\/product_cat?post=98129"},{"taxonomy":"product_tag","embeddable":true,"href":"https:\/\/galicianparts.com\/shop\/wp-json\/wp\/v2\/product_tag?post=98129"}],"curies":[{"name":"wp","href":"https:\/\/api.w.org\/{rel}","templated":true}]}}