{"id":9815,"date":"2020-12-07T18:58:56","date_gmt":"2020-12-07T16:58:56","guid":{"rendered":"https:\/\/galicianparts.com\/shop\/producto\/9946948-rotula-axial-direccion-fiat-barchetta-punto-lancia-ypsilon-nuevo-original\/"},"modified":"2022-09-20T10:04:54","modified_gmt":"2022-09-20T08:04:54","slug":"9946948-rotula-axial-direccion-fiat-barchetta-punto-lancia-ypsilon-nuevo-original","status":"publish","type":"product","link":"https:\/\/galicianparts.com\/shop\/producto\/9946948-rotula-axial-direccion-fiat-barchetta-punto-lancia-ypsilon-nuevo-original\/","title":{"rendered":"9946948 R\u00f3tula axial direcci\u00f3n Fiat Barchetta \/Punto \/Lancia Ypsilon NUEVO ORIGINAL"},"content":{"rendered":"<p>Tirante de la direcci\u00f3n de:<br \/>\nLongitud: 280 mm<br \/>\nRosca 1: M14x1,5<br \/>\nRosca 2: M12x1,5<\/p>\n<p>FIAT Punto I (176)<br \/>\n1.2 16V, A\u00f1o 04.1997 &#8211; 09.1999, 1242 , 86<br \/>\n1.4 GT Turbo, A\u00f1o 09.1996 &#8211; 09.1999, 1372 , 131<br \/>\n1.4 GT Turbo, A\u00f1o 01.1994 &#8211; 09.1996, 1372 , 133<br \/>\n1.6, A\u00f1o 01.1994 &#8211; 04.1997, 1581 , 88<br \/>\n1.7 D, A\u00f1o 04.1994 &#8211; 09.1997, 1698 , 57<br \/>\n1.7 TD, A\u00f1o 09.1996 &#8211; 09.1999, 1698 , 63<br \/>\n1.7 TD, A\u00f1o 01.1994 &#8211; 09.1999, 1698 , 69<br \/>\n1.7 TD, A\u00f1o 01.1994 &#8211; 09.1999, 1698 , 71<br \/>\n1.1 55, A\u00f1o 09.1993 &#8211; 09.1999, 1108 , 54<br \/>\n1.2 60, A\u00f1o 01.1994 &#8211; 09.1999, 1242 , 58<br \/>\n1.2 60, A\u00f1o 09.1993 &#8211; 09.1999, 1242 , 60<br \/>\n1.2 75, A\u00f1o 10.1993 &#8211; 09.1999, 1242 , 73<br \/>\n1.6 90, A\u00f1o 04.1994 &#8211; 04.1997, 1581 , 88<br \/>\nFIAT Barchetta (183)<br \/>\n1.8 16V, A\u00f1o 04.1995 &#8211; 05.2005, 1747 , 130<\/p>\n<p>LANCIA Y (840)<br \/>\n1.1, A\u00f1o 11.1995 &#8211; 09.2003, 1108 , 54<br \/>\n1.2, A\u00f1o 03.1996 &#8211; 09.2003, 1242 , 60<br \/>\n1.2 16V, A\u00f1o 04.1997 &#8211; 09.2003, 1242 , 86<br \/>\n1.2 16V, A\u00f1o 10.2000 &#8211; 09.2003, 1242 , 80<br \/>\n1.4 12V, A\u00f1o 10.1996 &#8211; 09.2003, 1370 , 80<br \/>\n1.4 12V, A\u00f1o 03.1996 &#8211; 09.2003, 1370 , 75<\/p>\n<p>LA PIEZA ES NUEVA Y ORIGINAL.<\/p>\n","protected":false},"excerpt":{"rendered":"<p>Tirante de la direcci\u00f3n de: Longitud: 280 mm Rosca 1: M14x1,5 Rosca 2: M12x1,5 FIAT Punto I (176) 1.2 16V, A\u00f1o 04.1997 &#8211; 09.1999, 1242 , 86 1.4 GT Turbo, A\u00f1o 09.1996 &#8211; 09.1999, 1372 , 131 1.4 GT Turbo, A\u00f1o 01.1994 &#8211; 09.1996, 1372 , 133 1.6, A\u00f1o 01.1994 &#8211; 04.1997, 1581 , 88 [&hellip;]<\/p>\n","protected":false},"featured_media":58444,"template":"","meta":{"_seopress_robots_primary_cat":"","_seopress_titles_title":"","_seopress_titles_desc":"","_seopress_robots_index":""},"product_cat":[80,20,21,101,127],"product_tag":[],"class_list":{"0":"post-9815","1":"product","2":"type-product","3":"status-publish","4":"has-post-thumbnail","6":"product_cat-recambios-fiat-barchetta","7":"product_cat-recambios-fiat","8":"product_cat-recambios-lancia","9":"product_cat-recambios-fiat-punto","10":"product_cat-recambios-lancia-ypsilon","12":"first","13":"instock","14":"taxable","15":"shipping-taxable","16":"purchasable","17":"product-type-simple"},"_links":{"self":[{"href":"https:\/\/galicianparts.com\/shop\/wp-json\/wp\/v2\/product\/9815"}],"collection":[{"href":"https:\/\/galicianparts.com\/shop\/wp-json\/wp\/v2\/product"}],"about":[{"href":"https:\/\/galicianparts.com\/shop\/wp-json\/wp\/v2\/types\/product"}],"wp:featuredmedia":[{"embeddable":true,"href":"https:\/\/galicianparts.com\/shop\/wp-json\/wp\/v2\/media\/58444"}],"wp:attachment":[{"href":"https:\/\/galicianparts.com\/shop\/wp-json\/wp\/v2\/media?parent=9815"}],"wp:term":[{"taxonomy":"product_cat","embeddable":true,"href":"https:\/\/galicianparts.com\/shop\/wp-json\/wp\/v2\/product_cat?post=9815"},{"taxonomy":"product_tag","embeddable":true,"href":"https:\/\/galicianparts.com\/shop\/wp-json\/wp\/v2\/product_tag?post=9815"}],"curies":[{"name":"wp","href":"https:\/\/api.w.org\/{rel}","templated":true}]}}