{"id":98152,"date":"2025-07-03T11:07:45","date_gmt":"2025-07-03T09:07:45","guid":{"rendered":"https:\/\/galicianparts.com\/shop\/producto\/60521595-sensor-temperatura-alfa-romeo-75-spider-nuevo-original\/"},"modified":"2025-10-02T12:21:28","modified_gmt":"2025-10-02T10:21:28","slug":"60521595-sensor-temperatura-alfa-romeo-75-spider-nuevo-original","status":"publish","type":"product","link":"https:\/\/galicianparts.com\/shop\/producto\/60521595-sensor-temperatura-alfa-romeo-75-spider-nuevo-original\/","title":{"rendered":"60521595 Sensor temperatura Alfa Romeo 75 \/Spider NUEVO ORIGINAL"},"content":{"rendered":"<p>Electrov\u00e1lvula de temperatura del aceite y de la bomba de agua de refrigeraci\u00f3n del motor de:<br \/>\nM\u00e9trica: 22<\/p>\n<p>ALFA ROMEO &#8211; U3 75 BZ 4 CILINDRI (1988-1992) 1800 IE<br \/>\nALFA ROMEO &#8211; U3 75 BZ 4 CILINDRI (1988-1992) 1800 TB \/ 1800 TB.REFORZADO<br \/>\nALFA ROMEO &#8211; U3 75 BZ 4 CILINDRI (1988-1992) 1600 CARB. \/ 1800 CARB.<br \/>\nALFA ROMEO &#8211; U3 75 BZ 4 CILINDRI (1988-1992) 1600 IE.ML4.1 \/ 1600 IE.ML4.1 USA&#8217;83 \/ 1800 IE \/ 1800 IE.ML4.1 \/ 1800 IE.ML4.1 USA 83<br \/>\nALFA ROMEO &#8211; P6 SPIDER EUROPA FL.90 (1990-1993)<br \/>\nALFA ROMEO &#8211; P8 SPIDER FL.USA MY.91-93(1990-1993)<\/p>\n<p>LA PIEZA ES NUEVA Y ORIGINAL.<\/p>\n","protected":false},"excerpt":{"rendered":"<p>Electrov\u00e1lvula de temperatura del aceite y de la bomba de agua de refrigeraci\u00f3n del motor de: M\u00e9trica: 22 ALFA ROMEO &#8211; U3 75 BZ 4 CILINDRI (1988-1992) 1800 IE ALFA ROMEO &#8211; U3 75 BZ 4 CILINDRI (1988-1992) 1800 TB \/ 1800 TB.REFORZADO ALFA ROMEO &#8211; U3 75 BZ 4 CILINDRI (1988-1992) 1600 CARB. \/ [&hellip;]<\/p>\n","protected":false},"featured_media":98156,"template":"","meta":{"_seopress_robots_primary_cat":"","_seopress_titles_title":"","_seopress_titles_desc":"","_seopress_robots_index":""},"product_cat":[58,16,56],"product_tag":[],"class_list":{"0":"post-98152","1":"product","2":"type-product","3":"status-publish","4":"has-post-thumbnail","6":"product_cat-recambios-alfa-romeo-75","7":"product_cat-recambios-alfa-romeo","8":"product_cat-recambios-alfa-romeo-spider","10":"first","11":"outofstock","12":"taxable","13":"shipping-taxable","14":"purchasable","15":"product-type-simple"},"_links":{"self":[{"href":"https:\/\/galicianparts.com\/shop\/wp-json\/wp\/v2\/product\/98152"}],"collection":[{"href":"https:\/\/galicianparts.com\/shop\/wp-json\/wp\/v2\/product"}],"about":[{"href":"https:\/\/galicianparts.com\/shop\/wp-json\/wp\/v2\/types\/product"}],"wp:featuredmedia":[{"embeddable":true,"href":"https:\/\/galicianparts.com\/shop\/wp-json\/wp\/v2\/media\/98156"}],"wp:attachment":[{"href":"https:\/\/galicianparts.com\/shop\/wp-json\/wp\/v2\/media?parent=98152"}],"wp:term":[{"taxonomy":"product_cat","embeddable":true,"href":"https:\/\/galicianparts.com\/shop\/wp-json\/wp\/v2\/product_cat?post=98152"},{"taxonomy":"product_tag","embeddable":true,"href":"https:\/\/galicianparts.com\/shop\/wp-json\/wp\/v2\/product_tag?post=98152"}],"curies":[{"name":"wp","href":"https:\/\/api.w.org\/{rel}","templated":true}]}}