{"id":98186,"date":"2025-07-03T13:08:15","date_gmt":"2025-07-03T11:08:15","guid":{"rendered":"https:\/\/galicianparts.com\/shop\/producto\/60800552-rele-multifuncion-alfa-romeo-75-145-164-146-nuevo-original-mafer\/"},"modified":"2026-01-23T17:45:34","modified_gmt":"2026-01-23T15:45:34","slug":"60800552-rele-multifuncion-alfa-romeo-75-145-164-146-nuevo-original-mafer","status":"publish","type":"product","link":"https:\/\/galicianparts.com\/shop\/producto\/60800552-rele-multifuncion-alfa-romeo-75-145-164-146-nuevo-original-mafer\/","title":{"rendered":"60800552 Rel\u00e9 multifunci\u00f3n Alfa Romeo 75 \/145 \/164 \/146 NUEVO ORIGINAL MAFER"},"content":{"rendered":"<p>Rel\u00e9 de la inyecci\u00f3n, antinieblas, admisi\u00f3n, luneta t\u00e9rmica trasera, etc de:<br \/>\nALFA ROMEO &#8211; U1 145 (1994-1996) 1.6 8V<br \/>\nALFA ROMEO &#8211; U1 145 (1994-1996) 1930 TB\/DS EM.08 \/ 1930 TB\/DS CEE FASE 2<br \/>\nALFA ROMEO &#8211; U2 146 (1995-1996) 1.6 8V<br \/>\nALFA ROMEO &#8211; U2 146 (1995-1996) 1.3 8V \/ 1.6 8V \/ 1.7 16V<br \/>\nALFA ROMEO &#8211; K0 164 (1987-1992) 2.5 T.D.<br \/>\nALFA ROMEO &#8211; U3 75 BZ 4 CILINDRI (1988-1992)<br \/>\nALFA ROMEO &#8211; U4 75 BZ 6 CILINDRI E TD (1988-1992)<\/p>\n<p>LA PIEZA ES NUEVA Y ORIGINAL.<\/p>\n","protected":false},"excerpt":{"rendered":"<p>Rel\u00e9 de la inyecci\u00f3n, antinieblas, admisi\u00f3n, luneta t\u00e9rmica trasera, etc de: ALFA ROMEO &#8211; U1 145 (1994-1996) 1.6 8V ALFA ROMEO &#8211; U1 145 (1994-1996) 1930 TB\/DS EM.08 \/ 1930 TB\/DS CEE FASE 2 ALFA ROMEO &#8211; U2 146 (1995-1996) 1.6 8V ALFA ROMEO &#8211; U2 146 (1995-1996) 1.3 8V \/ 1.6 8V \/ 1.7 [&hellip;]<\/p>\n","protected":false},"featured_media":98188,"template":"","meta":{"_seopress_robots_primary_cat":"","_seopress_titles_title":"","_seopress_titles_desc":"","_seopress_robots_index":""},"product_cat":[45,46,54,58,16],"product_tag":[],"class_list":{"0":"post-98186","1":"product","2":"type-product","3":"status-publish","4":"has-post-thumbnail","6":"product_cat-recambios-alfa-romeo-145","7":"product_cat-recambios-alfa-romeo-146","8":"product_cat-recambios-alfa-romeo-164","9":"product_cat-recambios-alfa-romeo-75","10":"product_cat-recambios-alfa-romeo","12":"first","13":"instock","14":"taxable","15":"shipping-taxable","16":"purchasable","17":"product-type-simple"},"_links":{"self":[{"href":"https:\/\/galicianparts.com\/shop\/wp-json\/wp\/v2\/product\/98186"}],"collection":[{"href":"https:\/\/galicianparts.com\/shop\/wp-json\/wp\/v2\/product"}],"about":[{"href":"https:\/\/galicianparts.com\/shop\/wp-json\/wp\/v2\/types\/product"}],"wp:featuredmedia":[{"embeddable":true,"href":"https:\/\/galicianparts.com\/shop\/wp-json\/wp\/v2\/media\/98188"}],"wp:attachment":[{"href":"https:\/\/galicianparts.com\/shop\/wp-json\/wp\/v2\/media?parent=98186"}],"wp:term":[{"taxonomy":"product_cat","embeddable":true,"href":"https:\/\/galicianparts.com\/shop\/wp-json\/wp\/v2\/product_cat?post=98186"},{"taxonomy":"product_tag","embeddable":true,"href":"https:\/\/galicianparts.com\/shop\/wp-json\/wp\/v2\/product_tag?post=98186"}],"curies":[{"name":"wp","href":"https:\/\/api.w.org\/{rel}","templated":true}]}}