{"id":98202,"date":"2025-07-04T10:27:29","date_gmt":"2025-07-04T08:27:29","guid":{"rendered":"https:\/\/galicianparts.com\/shop\/producto\/60701223-sensor-nivel-deposito-limpiaparabrisas-alfa-75-td-1989-1992-nuevo-original\/"},"modified":"2026-03-03T14:36:37","modified_gmt":"2026-03-03T12:36:37","slug":"60701223-sensor-nivel-deposito-limpiaparabrisas-alfa-75-td-1989-1992-nuevo-original","status":"publish","type":"product","link":"https:\/\/galicianparts.com\/shop\/producto\/60701223-sensor-nivel-deposito-limpiaparabrisas-alfa-75-td-1989-1992-nuevo-original\/","title":{"rendered":"60701223 Sensor nivel dep\u00f3sito limpiaparabrisas Alfa 75 TD (1989-1992) NUEVO ORIGINAL"},"content":{"rendered":"<p>Indicador de nivel del dep\u00f3sito del l\u00edquido del limpiaparabrisas de:<br \/>\nALFA ROMEO &#8211; U4 75 TD (1989-1992) 2.0 TD<\/p>\n<p>LA PIEZA ES NUEVA Y ORIGINAL.<\/p>\n","protected":false},"excerpt":{"rendered":"<p>Indicador de nivel del dep\u00f3sito del l\u00edquido del limpiaparabrisas de: ALFA ROMEO &#8211; U4 75 TD (1989-1992) 2.0 TD LA PIEZA ES NUEVA Y ORIGINAL.<\/p>\n","protected":false},"featured_media":98204,"template":"","meta":{"_seopress_robots_primary_cat":"","_seopress_titles_title":"","_seopress_titles_desc":"","_seopress_robots_index":""},"product_cat":[58,16],"product_tag":[],"class_list":{"0":"post-98202","1":"product","2":"type-product","3":"status-publish","4":"has-post-thumbnail","6":"product_cat-recambios-alfa-romeo-75","7":"product_cat-recambios-alfa-romeo","9":"first","10":"outofstock","11":"taxable","12":"shipping-taxable","13":"purchasable","14":"product-type-simple"},"_links":{"self":[{"href":"https:\/\/galicianparts.com\/shop\/wp-json\/wp\/v2\/product\/98202"}],"collection":[{"href":"https:\/\/galicianparts.com\/shop\/wp-json\/wp\/v2\/product"}],"about":[{"href":"https:\/\/galicianparts.com\/shop\/wp-json\/wp\/v2\/types\/product"}],"wp:featuredmedia":[{"embeddable":true,"href":"https:\/\/galicianparts.com\/shop\/wp-json\/wp\/v2\/media\/98204"}],"wp:attachment":[{"href":"https:\/\/galicianparts.com\/shop\/wp-json\/wp\/v2\/media?parent=98202"}],"wp:term":[{"taxonomy":"product_cat","embeddable":true,"href":"https:\/\/galicianparts.com\/shop\/wp-json\/wp\/v2\/product_cat?post=98202"},{"taxonomy":"product_tag","embeddable":true,"href":"https:\/\/galicianparts.com\/shop\/wp-json\/wp\/v2\/product_tag?post=98202"}],"curies":[{"name":"wp","href":"https:\/\/api.w.org\/{rel}","templated":true}]}}