{"id":98296,"date":"2025-07-09T10:19:15","date_gmt":"2025-07-09T08:19:15","guid":{"rendered":"https:\/\/galicianparts.com\/shop\/producto\/7641834-mando-ventilador-calefaccion-fiat-cinquecento-1992-1998-nuevo-original\/"},"modified":"2025-12-15T20:27:42","modified_gmt":"2025-12-15T18:27:42","slug":"7641834-mando-ventilador-calefaccion-fiat-cinquecento-1992-1998-nuevo-original","status":"publish","type":"product","link":"https:\/\/galicianparts.com\/shop\/producto\/7641834-mando-ventilador-calefaccion-fiat-cinquecento-1992-1998-nuevo-original\/","title":{"rendered":"7641834 Mando ventilador calefacci\u00f3n Fiat Cinquecento (1992-1998) NUEVO ORIGINAL"},"content":{"rendered":"<p>Interruptor, bot\u00f3n, conmutador de tres posiciones de regulaci\u00f3n de las velocidades del motor del ventilador del m\u00f3dulo de la calefacci\u00f3n de:<\/p>\n<p>FIAT &#8211; NM CINQUECENTO (1992-1998)<\/p>\n<p>LA PIEZA ES NUEVA Y ORIGINAL.<\/p>\n","protected":false},"excerpt":{"rendered":"<p>Interruptor, bot\u00f3n, conmutador de tres posiciones de regulaci\u00f3n de las velocidades del motor del ventilador del m\u00f3dulo de la calefacci\u00f3n de: FIAT &#8211; NM CINQUECENTO (1992-1998) LA PIEZA ES NUEVA Y ORIGINAL.<\/p>\n","protected":false},"featured_media":98300,"template":"","meta":{"_seopress_robots_primary_cat":"","_seopress_titles_title":"","_seopress_titles_desc":"","_seopress_robots_index":""},"product_cat":[84,20],"product_tag":[],"class_list":{"0":"post-98296","1":"product","2":"type-product","3":"status-publish","4":"has-post-thumbnail","6":"product_cat-recambios-fiat-cinquecento","7":"product_cat-recambios-fiat","9":"first","10":"outofstock","11":"taxable","12":"shipping-taxable","13":"purchasable","14":"product-type-simple"},"_links":{"self":[{"href":"https:\/\/galicianparts.com\/shop\/wp-json\/wp\/v2\/product\/98296"}],"collection":[{"href":"https:\/\/galicianparts.com\/shop\/wp-json\/wp\/v2\/product"}],"about":[{"href":"https:\/\/galicianparts.com\/shop\/wp-json\/wp\/v2\/types\/product"}],"wp:featuredmedia":[{"embeddable":true,"href":"https:\/\/galicianparts.com\/shop\/wp-json\/wp\/v2\/media\/98300"}],"wp:attachment":[{"href":"https:\/\/galicianparts.com\/shop\/wp-json\/wp\/v2\/media?parent=98296"}],"wp:term":[{"taxonomy":"product_cat","embeddable":true,"href":"https:\/\/galicianparts.com\/shop\/wp-json\/wp\/v2\/product_cat?post=98296"},{"taxonomy":"product_tag","embeddable":true,"href":"https:\/\/galicianparts.com\/shop\/wp-json\/wp\/v2\/product_tag?post=98296"}],"curies":[{"name":"wp","href":"https:\/\/api.w.org\/{rel}","templated":true}]}}