{"id":98355,"date":"2025-07-10T10:00:37","date_gmt":"2025-07-10T08:00:37","guid":{"rendered":"https:\/\/galicianparts.com\/shop\/producto\/7655215-racor-colector-admision-fiat-uno-1-4-1989-1995-nuevo-original\/"},"modified":"2025-12-15T21:06:23","modified_gmt":"2025-12-15T19:06:23","slug":"7655215-racor-colector-admision-fiat-uno-1-4-1989-1995-nuevo-original","status":"publish","type":"product","link":"https:\/\/galicianparts.com\/shop\/producto\/7655215-racor-colector-admision-fiat-uno-1-4-1989-1995-nuevo-original\/","title":{"rendered":"7655215 Racor colector admisi\u00f3n Fiat Uno 1.4 (1989-1995) NUEVO ORIGINAL"},"content":{"rendered":"<p>Boquilla del colector de admisi\u00f3n de:<br \/>\nDi\u00e1metro interior: 10mm<br \/>\nDi\u00e1metro exterior boquilla: 12mm<br \/>\nDi\u00e1metro anclaje: 18mm<\/p>\n<p>FIAT &#8211; MS UNO R\/89 1370(1989-1995) 1370 DAV-15<br \/>\nFIAT &#8211; MS UNO R\/89 1370 (1989-1995) 1370 SPI \/ 1370 SPI USA&#8217;83 \/ 1370 CARB.<\/p>\n<p>LA PIEZA ES NUEVA Y ORIGINAL.<\/p>\n","protected":false},"excerpt":{"rendered":"<p>Boquilla del colector de admisi\u00f3n de: Di\u00e1metro interior: 10mm Di\u00e1metro exterior boquilla: 12mm Di\u00e1metro anclaje: 18mm FIAT &#8211; MS UNO R\/89 1370(1989-1995) 1370 DAV-15 FIAT &#8211; MS UNO R\/89 1370 (1989-1995) 1370 SPI \/ 1370 SPI USA&#8217;83 \/ 1370 CARB. LA PIEZA ES NUEVA Y ORIGINAL.<\/p>\n","protected":false},"featured_media":98359,"template":"","meta":{"_seopress_robots_primary_cat":"","_seopress_titles_title":"","_seopress_titles_desc":"","_seopress_robots_index":""},"product_cat":[20,114],"product_tag":[],"class_list":{"0":"post-98355","1":"product","2":"type-product","3":"status-publish","4":"has-post-thumbnail","6":"product_cat-recambios-fiat","7":"product_cat-recambios-fiat-uno","9":"first","10":"outofstock","11":"taxable","12":"shipping-taxable","13":"purchasable","14":"product-type-simple"},"_links":{"self":[{"href":"https:\/\/galicianparts.com\/shop\/wp-json\/wp\/v2\/product\/98355"}],"collection":[{"href":"https:\/\/galicianparts.com\/shop\/wp-json\/wp\/v2\/product"}],"about":[{"href":"https:\/\/galicianparts.com\/shop\/wp-json\/wp\/v2\/types\/product"}],"wp:featuredmedia":[{"embeddable":true,"href":"https:\/\/galicianparts.com\/shop\/wp-json\/wp\/v2\/media\/98359"}],"wp:attachment":[{"href":"https:\/\/galicianparts.com\/shop\/wp-json\/wp\/v2\/media?parent=98355"}],"wp:term":[{"taxonomy":"product_cat","embeddable":true,"href":"https:\/\/galicianparts.com\/shop\/wp-json\/wp\/v2\/product_cat?post=98355"},{"taxonomy":"product_tag","embeddable":true,"href":"https:\/\/galicianparts.com\/shop\/wp-json\/wp\/v2\/product_tag?post=98355"}],"curies":[{"name":"wp","href":"https:\/\/api.w.org\/{rel}","templated":true}]}}