{"id":98362,"date":"2025-07-10T10:32:17","date_gmt":"2025-07-10T08:32:17","guid":{"rendered":"https:\/\/galicianparts.com\/shop\/producto\/82416969-sensor-pedal-freno-fiat-panda-124-131-lancia-delta-alfa-seat-citroen-original\/"},"modified":"2025-07-10T10:39:51","modified_gmt":"2025-07-10T08:39:51","slug":"82416969-sensor-pedal-freno-fiat-panda-124-131-lancia-delta-alfa-seat-citroen-original","status":"publish","type":"product","link":"https:\/\/galicianparts.com\/shop\/producto\/82416969-sensor-pedal-freno-fiat-panda-124-131-lancia-delta-alfa-seat-citroen-original\/","title":{"rendered":"82416969 Sensor pedal freno Fiat Panda \/124 \/131 \/Lancia Delta \/Alfa \/Seat \/Citroen ORIGINAL"},"content":{"rendered":"<p>Interruptor de la luz de freno de:<br \/>\nM\u00e9trica: 12&#215;1.5<br \/>\nAncho llave: 19mm<\/p>\n<p>FIAT Cinquecento (170)<br \/>\n0.7, A\u00f1o 12.1991 &#8211; 01.1996, 704 ccm, 31 cv<br \/>\n0.7 i, A\u00f1o 07.1994 &#8211; 01.1998, 704 ccm, 30 cv<br \/>\n0.9, A\u00f1o 07.1991 &#8211; 12.1993, 903 ccm, 41 cv<br \/>\n0.9 i.e. (170AC), A\u00f1o 07.1991 &#8211; 09.1994, 903 ccm, 41 cv<br \/>\n0.9 i.e. S, A\u00f1o 07.1991 &#8211; 07.1999, 899 ccm, 40 cv<br \/>\n1.1 Sporting, A\u00f1o 10.1994 &#8211; 01.1998, 1108 ccm, 54 cv<br \/>\nFIAT Regata Berlina (138)<br \/>\n1.6 Super 100, A\u00f1o 10.1983 &#8211; 07.1989, 1585 ccm, 95 cv<br \/>\n1.6 Super 100, A\u00f1o 10.1983 &#8211; 12.1990, 1585 ccm, 101 cv<br \/>\n1.7 Di\u00e9sel 60, A\u00f1o 09.1983 &#8211; 12.1986, 1714 ccm, 58 cv<br \/>\n1.7 Di\u00e9sel 60, A\u00f1o 05.1985 &#8211; 03.1989, 1698 ccm, 60 cv<br \/>\n1.9 Di\u00e9sel 65, A\u00f1o 04.1984 &#8211; 07.1989, 1929 ccm, 65 cv<br \/>\n1.3 70, A\u00f1o 09.1983 &#8211; 07.1989, 1301 ccm, 65 cv<br \/>\n1.3 70, A\u00f1o 09.1983 &#8211; 07.1986, 1301 ccm, 68 cv<br \/>\n1.5 75, A\u00f1o 12.1983 &#8211; 07.1989, 1498 ccm, 75 cv<br \/>\n1.9 Turbodi\u00e9sel 80, A\u00f1o 05.1986 &#8211; 07.1989, 1929 ccm, 80 cv<br \/>\n1.5 85, A\u00f1o 05.1985 &#8211; 12.1987, 1498 ccm, 79 cv<br \/>\n1.6 85, A\u00f1o 10.1983 &#8211; 06.1990, 1585 ccm, 82 cv<br \/>\n1.5 Super 85, A\u00f1o 09.1983 &#8211; 04.1985, 1498 ccm, 82 cv<br \/>\n1.6 i.e. 90, A\u00f1o 01.1987 &#8211; 07.1989, 1595 ccm, 90 cv<br \/>\nFIAT Regata Weekend<br \/>\n100 1.6 (RF), A\u00f1o 09.1984 &#8211; 12.1990, 1585 ccm, 101 cv<br \/>\n1.7 Di\u00e9sel 60, A\u00f1o 01.1984 &#8211; 12.1989, 1698 ccm, 60 cv<br \/>\n1.9 Di\u00e9sel 65, A\u00f1o 04.1984 &#8211; 07.1989, 1929 ccm, 65 cv<br \/>\n1.3 70, A\u00f1o 01.1984 &#8211; 07.1989, 1301 ccm, 68 cv<br \/>\n75 1.5(138 B3.048, 138 C2.048, 138 C3.048, 149 C1.000), A\u00f1o 09.1984 &#8211; 07.1989, 1498 ccm, 75 cv<br \/>\n80 Turbo Diesel 1.9 (831 D1.000), A\u00f1o 05.1986 &#8211; 07.1989, 1929 ccm, 80 cv<br \/>\n85 1.5, A\u00f1o 01.1984 &#8211; 04.1989, 1498 ccm, 82 cv<br \/>\n1.6 i.e. 90, A\u00f1o 01.1987 &#8211; 07.1989, 1595 ccm, 90 cv<br \/>\nFIAT X 1\/9 (128)<br \/>\n1.3, A\u00f1o 10.1975 &#8211; 06.1978, 1290 ccm, 73 cv<br \/>\nFIAT Ritmo I Cabrio<br \/>\n1.6 100, A\u00f1o 10.1985 &#8211; 12.1987, 1585 ccm, 100 cv<br \/>\n1.6 100, A\u00f1o 10.1985 &#8211; 12.1987, 1585 ccm, 105 cv<br \/>\n50 1.3, A\u00f1o 10.1985 &#8211; 12.1987, 1302 ccm, 68 cv<br \/>\n1.5 80, A\u00f1o 03.1983 &#8211; 12.1986, 1498 ccm, 82 cv<br \/>\n1.5 80, A\u00f1o 01.1980 &#8211; 07.1989, 1498 ccm, 86 cv<br \/>\nFIAT Ritmo I Hatchback (138)<br \/>\n1.0, A\u00f1o 09.1978 &#8211; 09.1982, 1049 ccm, 60 cv<br \/>\n1.1, A\u00f1o 10.1982 &#8211; 12.1987, 1116 ccm, 55 cv<br \/>\n1.1, A\u00f1o 04.1985 &#8211; 12.1987, 1116 ccm, 58 cv<br \/>\n1.3, A\u00f1o 01.1978 &#8211; 08.1985, 1301 ccm, 65 cv<br \/>\n1.3, A\u00f1o 01.1983 &#8211; 04.1985, 1301 ccm, 68 cv<br \/>\n1.3, A\u00f1o 01.1981 &#8211; 09.1982, 1301 ccm, 75 cv<br \/>\n1.5, A\u00f1o 01.1978 &#8211; 12.1988, 1498 ccm, 75 cv<br \/>\n1.5, A\u00f1o 08.1985 &#8211; 05.1987, 1498 ccm, 79 cv<br \/>\n1.5, A\u00f1o 01.1983 &#8211; 12.1987, 1498 ccm, 82 cv<br \/>\n1.5, A\u00f1o 01.1981 &#8211; 05.1987, 1498 ccm, 85 cv<br \/>\n1.6, A\u00f1o 12.1985 &#8211; 12.1987, 1585 ccm, 90 cv<br \/>\n1.6, A\u00f1o 01.1983 &#8211; 12.1987, 1585 ccm, 100 cv<br \/>\n1.6, A\u00f1o 05.1981 &#8211; 12.1987, 1585 ccm, 105 cv<br \/>\n1.7 Diesel, A\u00f1o 10.1979 &#8211; 09.1982, 1714 ccm, 55 cv<br \/>\n1.7 Diesel, A\u00f1o 05.1985 &#8211; 12.1987, 1698 ccm, 60 cv<br \/>\n1.9 TD, A\u00f1o 12.1985 &#8211; 12.1987, 1929 ccm, 80 cv<br \/>\nABARTH Ritmo (138A_)<br \/>\n125 TC 2.0 (138.A_), A\u00f1o 11.1981 &#8211; 12.1987, 1995 ccm, 125 cv<br \/>\n130 TC 2.0 (138.A_), A\u00f1o 04.1983 &#8211; 12.1987, 1995 ccm, 130 cv<br \/>\nFIAT 126 (126)<br \/>\n0.65, A\u00f1o 07.1977 &#8211; 09.1987, 652 ccm, 23 cv<br \/>\n0.65, A\u00f1o 07.1981 &#8211; 09.2000, 652 ccm, 24 cv<br \/>\n0.7, A\u00f1o 09.1987 &#8211; 06.1996, 704 ccm, 26 cv<br \/>\nFIAT 127 Hatchback (127)<br \/>\n0.9 (127A), A\u00f1o 09.1971 &#8211; 12.1984, 903 ccm, 45 cv<br \/>\n1.0, A\u00f1o 04.1977 &#8211; 12.1986, 1049 ccm, 50 cv<br \/>\n1.3 Di\u00e9sel, A\u00f1o 04.1981 &#8211; 12.1986, 1301 ccm, 45 cv<br \/>\nFIAT 128 Berlina (128)<br \/>\n1.1 (128A), A\u00f1o 03.1969 &#8211; 12.1984, 1116 ccm, 55 cv<br \/>\nFIAT 131 Berlina (131)<br \/>\n1.3 Mirafiori, A\u00f1o 10.1974 &#8211; 09.1981, 1297 ccm, 54 cv<br \/>\nFIAT 131 Familiare \/ Panorama (131)<br \/>\n1.3 Mirafiori (131AF), A\u00f1o 03.1975 &#8211; 12.1978, 1297 ccm, 54 cv<br \/>\nFIAT Argenta (132)<br \/>\n1.6, A\u00f1o 04.1981 &#8211; 12.1985, 1585 ccm, 98 cv<br \/>\n1.6 i.e, A\u00f1o 04.1981 &#8211; 12.1985, 1585 ccm, 90 cv<br \/>\n2, A\u00f1o 06.1978 &#8211; 12.1985, 1995 ccm, 113 cv<br \/>\n2.0 i.e., A\u00f1o 06.1981 &#8211; 07.1986, 1995 ccm, 122 cv<br \/>\n2.0 Volumex, A\u00f1o 06.1984 &#8211; 07.1985, 1995 ccm, 135 cv<br \/>\n2.5 Di\u00e9sel, A\u00f1o 06.1981 &#8211; 11.1985, 2445 ccm, 72 cv<br \/>\n2.5 Turbodiesel, A\u00f1o 07.1983 &#8211; 08.1985, 2445 ccm, 90 cv<br \/>\nFIAT Panda I Hatchback (141)<br \/>\n1.0, A\u00f1o 01.1986 &#8211; 04.1992, 999 ccm, 44 cv<br \/>\n1.0, A\u00f1o 01.1985 &#8211; 12.1992, 999 ccm, 50 cv<br \/>\n1.0 4&#215;4, A\u00f1o 01.1986 &#8211; 07.1989, 999 ccm, 44 cv<br \/>\n1.0 4&#215;4, A\u00f1o 05.1986 &#8211; 12.1994, 999 ccm, 45 cv<br \/>\n1000 4&#215;4, A\u00f1o 01.1986 &#8211; 12.1992, 999 ccm, 50 cv<br \/>\n1000 i.e. Cat, A\u00f1o 10.1987 &#8211; 08.1998, 999 ccm, 45 cv<br \/>\n1.1, A\u00f1o 05.1991 &#8211; 12.1999, 1108 ccm, 50 cv<br \/>\n1.1, A\u00f1o 02.1995 &#8211; 09.2003, 1108 ccm, 54 cv<br \/>\n1.1 4&#215;4, A\u00f1o 02.1995 &#8211; 07.2004, 1108 ccm, 54 cv<br \/>\n1.1 Trekking 4&#215;4, A\u00f1o 10.1991 &#8211; 07.2004, 1108 ccm, 50 cv<br \/>\n1.3 D, A\u00f1o 04.1986 &#8211; 12.1992, 1302 ccm, 37 cv<br \/>\n0.65 , A\u00f1o 01.1982 &#8211; 07.2004, 652 ccm, 30 cv<br \/>\n750, A\u00f1o 01.1986 &#8211; 10.2003, 770 ccm, 34 cv<br \/>\n800, A\u00f1o 02.1981 &#8211; 12.1985, 843 ccm, 34 cv<br \/>\n0.9, A\u00f1o 04.1992 &#8211; 12.1996, 899 ccm, 40 cv<br \/>\n0.9, A\u00f1o 10.1980 &#8211; 06.1994, 903 ccm, 45 cv<br \/>\n1.0, A\u00f1o 09.1982 &#8211; 08.1983, 965 ccm, 48 cv<br \/>\n1.0 4&#215;4, A\u00f1o 09.1983 &#8211; 12.1986, 965 ccm, 48 cv<br \/>\nFIAT Fiorino Furg\u00f3n (127)<br \/>\n1.0, A\u00f1o 01.1980 &#8211; 12.1987, 1049 ccm, 50 cv<br \/>\n0.9, A\u00f1o 10.1977 &#8211; 10.1986, 903 ccm, 45 cv<br \/>\nFIAT Fiorino II Furg\u00f3n (146) (A\u00f1o 01.1988 &#8211; &#8230;)<br \/>\n60 1.1, A\u00f1o 05.1988 &#8211; 12.1993, 1116 ccm, 54 cv<br \/>\n60 1.7 D, A\u00f1o 05.1988 &#8211; 10.1996, 1697 ccm, 57 cv<br \/>\n60 1.7 D, A\u00f1o 05.1988 &#8211; 05.2000, 1698 ccm, 60 cv<br \/>\n65 1.7 TD, A\u00f1o 01.1997 &#8211; 05.2001, 1698 ccm, 63 cv<br \/>\n70 i.e. 1.4, A\u00f1o 05.1994 &#8211; 05.2001, 1372 ccm, 67 cv<br \/>\n75 i.e. 1.5, A\u00f1o 05.1988 &#8211; 12.1993, 1498 ccm, 75 cv<br \/>\n75 i.e. 1.6, A\u00f1o 10.1993 &#8211; 05.2001, 1581 ccm, 75 cv<br \/>\nFIAT Fiorino I Furg\u00f3n (147)<br \/>\n1.0, A\u00f1o 01.1980 &#8211; 12.1987, 1049 ccm, 50 cv<br \/>\n1.1 60, A\u00f1o 11.1986 &#8211; 04.1988, 1116 ccm, 55 cv<br \/>\n1.3, A\u00f1o 12.1987 &#8211; 08.1993, 1301 ccm, 67 cv<br \/>\n1.3 D, A\u00f1o 03.1982 &#8211; 01.1988, 1288 ccm, 45 cv<br \/>\nFIAT Uno Hatchback (146)<br \/>\n1.3 Super di\u00e9sel, A\u00f1o 06.1983 &#8211; 03.1992, 1302 ccm, 45 cv<br \/>\n1.3 Turbo i.e., A\u00f1o 04.1985 &#8211; 08.1989, 1301 ccm, 105 cv<br \/>\n45 0.9, A\u00f1o 03.1983 &#8211; 09.1992, 903 ccm, 45 cv<br \/>\n1.1 55, A\u00f1o 01.1983 &#8211; 08.1989, 1116 ccm, 54 cv<br \/>\n1.1 60, A\u00f1o 05.1985 &#8211; 08.1989, 1116 ccm, 58 cv<br \/>\n1.7 Di\u00e9sel 60, A\u00f1o 07.1986 &#8211; 08.1989, 1698 ccm, 60 cv<br \/>\n1.3 70, A\u00f1o 05.1985 &#8211; 08.1989, 1302 ccm, 65 cv<br \/>\n1.3 70, A\u00f1o 01.1983 &#8211; 04.1985, 1302 ccm, 68 cv<br \/>\n1.4 TD 70, A\u00f1o 10.1986 &#8211; 10.1990, 1367 ccm, 71 cv<br \/>\n75 i.e. 1.5, A\u00f1o 10.1985 &#8211; 12.1993, 1498 ccm, 75 cv<br \/>\nFIAT Ducato I Furg\u00f3n (290)<br \/>\n1.9 D, A\u00f1o 07.1990 &#8211; 03.1994, 1929 ccm, 71 cv<br \/>\n1.9 TD, A\u00f1o 03.1989 &#8211; 03.1994, 1929 ccm, 82 cv<br \/>\n2.5 D 4&#215;4, A\u00f1o 07.1990 &#8211; 03.1994, 2500 ccm, 75 cv<br \/>\n2.5 TD, A\u00f1o 07.1990 &#8211; 03.1994, 2500 ccm, 95 cv<br \/>\n2.5 TD 4&#215;4, A\u00f1o 07.1990 &#8211; 03.1994, 2500 ccm, 95 cv<br \/>\nFIAT 124 Berlina (124)<br \/>\n1.2, A\u00f1o 07.1966 &#8211; 10.1973, 1197 ccm, 60 cv<br \/>\n1400 Special, A\u00f1o 12.1968 &#8211; 12.1972, 1438 ccm, 70 cv<br \/>\n1600 Special T (124A), A\u00f1o 01.1973 &#8211; 07.1975, 1592 ccm, 95 cv<br \/>\nFIAT 124 Familiare (124)<br \/>\n1.2, A\u00f1o 04.1967 &#8211; 05.1973, 1197 ccm, 60 cv<br \/>\nFIAT 128 Familiare (128)<br \/>\n1.1, A\u00f1o 10.1969 &#8211; 10.1982, 1116 ccm, 55 cv<br \/>\nFIAT 127 Panorama (127)<br \/>\n1.0, A\u00f1o 01.1977 &#8211; 12.1986, 1049 ccm, 50 cv<br \/>\n1.3 D, A\u00f1o 06.1981 &#8211; 12.1986, 1301 ccm, 45 cv<br \/>\nFIAT 850 Berlina<br \/>\n0.8, A\u00f1o 07.1964 &#8211; 10.1972, 843 ccm, 34 cv<br \/>\nFIAT Ducato I Panorama (290)<br \/>\n1.9 D, A\u00f1o 07.1990 &#8211; 03.1994, 1929 ccm, 71 cv<br \/>\n1.9 TD, A\u00f1o 07.1990 &#8211; 03.1994, 1929 ccm, 82 cv<br \/>\n2.0, A\u00f1o 07.1990 &#8211; 03.1994, 1971 ccm, 84 cv<br \/>\n2.5 D, A\u00f1o 07.1990 &#8211; 03.1994, 2500 ccm, 75 cv<br \/>\n2.5 D 4&#215;4, A\u00f1o 07.1990 &#8211; 03.1994, 2500 ccm, 75 cv<br \/>\n2.5 TD, A\u00f1o 06.1990 &#8211; 05.1994, 2499 ccm, 95 cv<br \/>\n2.5 TD 4&#215;4, A\u00f1o 01.1991 &#8211; 03.1994, 2500 ccm, 95 cv<br \/>\nFIAT Ducato I Furg\u00f3n (280)<br \/>\n1.8, A\u00f1o 01.1982 &#8211; 10.1988, 1783 ccm, 67 cv<br \/>\n1.9 D, A\u00f1o 01.1988 &#8211; 08.1990, 1929 ccm, 71 cv<br \/>\n1.9 TD, A\u00f1o 03.1989 &#8211; 08.1990, 1929 ccm, 82 cv<br \/>\n2.0, A\u00f1o 01.1982 &#8211; 08.1990, 1971 ccm, 79 cv<br \/>\n2.5 D, A\u00f1o 01.1982 &#8211; 08.1990, 2500 ccm, 75 cv<br \/>\n2.5 D 4&#215;4, A\u00f1o 03.1989 &#8211; 08.1990, 2500 ccm, 75 cv<br \/>\nFIAT Duna Berlina (146)<br \/>\n1.7 DS, A\u00f1o 01.1987 &#8211; 12.1991, 1698 ccm, 60 cv<br \/>\n60 1.1, A\u00f1o 01.1987 &#8211; 12.1991, 1116 ccm, 58 cv<br \/>\n70 1.3, A\u00f1o 01.1987 &#8211; 12.1991, 1301 ccm, 67 cv<br \/>\nFIAT Duna Weekend (146) (A\u00f1o 01.1987 &#8211; 10.2001)<br \/>\n1.7 DS, A\u00f1o 01.1987 &#8211; 12.1991, 1698 ccm, 60 cv<br \/>\n60 1.1, A\u00f1o 01.1987 &#8211; 12.1991, 1116 ccm, 58 cv<br \/>\n70 1.3, A\u00f1o 01.1987 &#8211; 12.1991, 1301 ccm, 67 cv<br \/>\nFIAT Ducato I Cami\u00f3n de plataforma\/Chasis (290)<br \/>\n1.9 TD, A\u00f1o 03.1989 &#8211; 03.1994, 1929 ccm, 82 cv<br \/>\n2.5 D, A\u00f1o 03.1989 &#8211; 03.1994, 2500 ccm, 75 cv<br \/>\n2.5 TD, A\u00f1o 07.1990 &#8211; 03.1994, 2500 ccm, 95 cv<br \/>\nFIAT 132 (132_)<br \/>\n1.6, A\u00f1o 05.1977 &#8211; 09.1982, 1585 ccm, 88 cv<br \/>\n2.0, A\u00f1o 01.1976 &#8211; 06.1981, 1995 ccm, 113 cv<br \/>\nFIAT Ducato I Panorama (280)<br \/>\n1.8, A\u00f1o 07.1982 &#8211; 12.1988, 1796 ccm, 69 cv<br \/>\n1.9 D, A\u00f1o 02.1987 &#8211; 08.1990, 1929 ccm, 71 cv<br \/>\n1.9 TD, A\u00f1o 03.1989 &#8211; 08.1990, 1929 ccm, 82 cv<br \/>\n2.0, A\u00f1o 07.1982 &#8211; 05.1985, 1971 ccm, 79 cv<br \/>\n2.5 D, A\u00f1o 01.1986 &#8211; 08.1990, 2500 ccm, 75 cv<br \/>\n2.5 D 4&#215;4, A\u00f1o 01.1987 &#8211; 08.1990, 2500 ccm, 75 cv<br \/>\nFIAT Fiorino II Pick-up (146)<br \/>\n1.4, A\u00f1o 05.1994 &#8211; 05.2001, 1372 ccm, 67 cv<br \/>\n1.6, A\u00f1o 01.1994 &#8211; 05.2001, 1581 ccm, 75 cv<br \/>\n1.7 D, A\u00f1o 10.1993 &#8211; 10.1999, 1697 ccm, 57 cv<br \/>\n1.7 D, A\u00f1o 05.1988 &#8211; 10.1999, 1698 ccm, 60 cv<br \/>\n1.7 TD, A\u00f1o 01.1997 &#8211; 05.2001, 1698 ccm, 63 cv<br \/>\nFIAT Fiorino Pick-up (147)<br \/>\n1.3 D, A\u00f1o 05.1984 &#8211; 12.1988, 1302 ccm, 45 cv<br \/>\nFIAT Ducato I Cami\u00f3n de plataforma\/Chasis (280)<br \/>\n1.9 D, A\u00f1o 01.1988 &#8211; 08.1990, 1929 ccm, 71 cv<br \/>\n1.9 TD, A\u00f1o 03.1989 &#8211; 08.1990, 1929 ccm, 82 cv<br \/>\n2.0, A\u00f1o 07.1985 &#8211; 08.1990, 1971 ccm, 75 cv<br \/>\n2.5 D, A\u00f1o 07.1982 &#8211; 08.1990, 2500 ccm, 75 cv<br \/>\n2.5 D 4&#215;4, A\u00f1o 03.1989 &#8211; 08.1990, 2500 ccm, 75 cv<br \/>\nFIAT Talento Furg\u00f3n (290)<br \/>\n1.9 D, A\u00f1o 03.1989 &#8211; 03.1994, 1929 ccm, 71 cv<\/p>\n<p>ALFA ROMEO Spider (115)<br \/>\n1600 (11507), A\u00f1o 03.1971 &#8211; 12.1979, 1570 ccm, 109 cv<br \/>\n1600 (11535), A\u00f1o 03.1976 &#8211; 12.1990, 1570 ccm, 103 cv<br \/>\n2000 (11538, 115661), A\u00f1o 08.1986 &#8211; 12.1990, 1962 ccm, 125 cv<br \/>\n2000 (115680, 115681), A\u00f1o 08.1986 &#8211; 12.1990, 1962 ccm, 116 cv<br \/>\nALFA ROMEO 6 (119)<br \/>\n2.0 (119AA), A\u00f1o 07.1981 &#8211; 12.1986, 1997 ccm, 135 cv<br \/>\n2.5 i.e., A\u00f1o 10.1983 &#8211; 12.1986, 2492 ccm, 150 cv<br \/>\n2.5 i.e. (119AA, 119AB), A\u00f1o 08.1979 &#8211; 06.1984, 2492 ccm, 158 cv<br \/>\nALFA ROMEO Alfetta GT (116)<br \/>\n1.6 (11604), A\u00f1o 01.1976 &#8211; 09.1982, 1570 ccm, 107 cv<br \/>\n1.8 (11610), A\u00f1o 01.1974 &#8211; 12.1976, 1779 ccm, 116 cv<br \/>\n1.8 (11610, 11654), A\u00f1o 06.1974 &#8211; 12.1976, 1779 ccm, 121 cv<br \/>\nALFA ROMEO Alfetta Berlina (116)<br \/>\n1.6, A\u00f1o 01.1975 &#8211; 12.1984, 1570 ccm, 107 cv<br \/>\n1.8, A\u00f1o 10.1979 &#8211; 12.1984, 1779 ccm, 122 cv<br \/>\n1.8 (11608), A\u00f1o 10.1979 &#8211; 12.1984, 1779 ccm, 121 cv<br \/>\n1.8 (11608, 11642), A\u00f1o 07.1974 &#8211; 04.1982, 1779 ccm, 116 cv<br \/>\n2.0, A\u00f1o 07.1978 &#8211; 12.1984, 1962 ccm, 132 cv<br \/>\n2.0 TD, A\u00f1o 10.1979 &#8211; 03.1983, 1995 ccm, 82 cv<br \/>\n2.4 TD, A\u00f1o 04.1983 &#8211; 12.1984, 2393 ccm, 95 cv<br \/>\nALFA ROMEO Giulietta Berlina (116)<br \/>\n1.3, A\u00f1o 10.1977 &#8211; 06.1983, 1357 ccm, 90 cv<br \/>\n1.6, A\u00f1o 10.1977 &#8211; 04.1985, 1570 ccm, 107 cv<br \/>\n1.8, A\u00f1o 04.1979 &#8211; 04.1985, 1779 ccm, 122 cv<br \/>\n2.0, A\u00f1o 06.1980 &#8211; 04.1985, 1962 ccm, 131 cv<\/p>\n<p>LANCIA A 112 Hatchback<br \/>\n0.9 Junior (A112B\/2), A\u00f1o 03.1981 &#8211; 06.1986, 903 ccm, 40 cv<br \/>\n1.0 Abarth (A112B2\/5), A\u00f1o 03.1978 &#8211; 02.1984, 1050 ccm, 69 cv<br \/>\n1.0 LX (A112), A\u00f1o 03.1984 &#8211; 12.1986, 965 ccm, 48 cv<br \/>\nLANCIA Beta H.P.E. (828)<br \/>\n1.6, A\u00f1o 08.1980 &#8211; 09.1984, 1585 ccm, 101 cv<br \/>\n2000 (828.BF), A\u00f1o 04.1979 &#8211; 09.1984, 1995 ccm, 116 cv<br \/>\n2000 (828.BF), A\u00f1o 05.1976 &#8211; 05.1978, 1995 ccm, 120 cv<br \/>\n2000 i.e. (828BF), A\u00f1o 05.1981 &#8211; 09.1984, 1995 ccm, 122 cv<br \/>\n2000 Volumex (828.BF), A\u00f1o 07.1983 &#8211; 09.1984, 1995 ccm, 135 cv<br \/>\nLANCIA Prisma (831)<br \/>\n1.5 (831AB), A\u00f1o 01.1983 &#8211; 04.1986, 1498 ccm, 86 cv<br \/>\nLANCIA Beta Coup\u00e9 (828)<br \/>\n1.4 1300, A\u00f1o 12.1981 &#8211; 12.1984, 1367 ccm, 84 cv<br \/>\n1.6, A\u00f1o 04.1976 &#8211; 12.1984, 1585 ccm, 101 cv<br \/>\n2000 (828.BC), A\u00f1o 04.1976 &#8211; 12.1984, 1995 ccm, 120 cv<br \/>\n2000 (828BC_), A\u00f1o 01.1981 &#8211; 12.1984, 1991 ccm, 116 cv<br \/>\n2000 i.e. (828.BC), A\u00f1o 12.1981 &#8211; 12.1984, 1995 ccm, 122 cv<br \/>\n2000 VX (828.BC), A\u00f1o 07.1983 &#8211; 12.1984, 1995 ccm, 135 cv<br \/>\nLANCIA Beta Montecarlo (137)<br \/>\n2.0 (137AS_), A\u00f1o 09.1975 &#8211; 05.1981, 1995 ccm, 120 cv<br \/>\nLANCIA Beta Spider (828)<br \/>\n1.6, A\u00f1o 05.1976 &#8211; 10.1986, 1585 ccm, 100 cv<br \/>\n2.0, A\u00f1o 04.1979 &#8211; 10.1986, 1995 ccm, 116 cv<br \/>\n2.0, A\u00f1o 05.1976 &#8211; 11.1979, 1995 ccm, 120 cv<br \/>\nLANCIA Beta Hatchback (828)<br \/>\n1.3, A\u00f1o 04.1976 &#8211; 07.1982, 1297 ccm, 83 cv<br \/>\n1.4, A\u00f1o 08.1973 &#8211; 07.1976, 1438 ccm, 90 cv<br \/>\n1.6, A\u00f1o 08.1973 &#8211; 07.1982, 1585 ccm, 101 cv<br \/>\n1.8, A\u00f1o 08.1973 &#8211; 07.1976, 1756 ccm, 110 cv<br \/>\n2.0, A\u00f1o 07.1978 &#8211; 07.1982, 1995 ccm, 115 cv<br \/>\n2.0, A\u00f1o 04.1976 &#8211; 07.1978, 1995 ccm, 120 cv<\/p>\n<p>CITRO\u00cbN C25 Bus<br \/>\n1.8 E, A\u00f1o 07.1987 &#8211; 02.1994, 1796 ccm, 69 cv<br \/>\n1.9 D, A\u00f1o 07.1987 &#8211; 02.1994, 1905 ccm, 69 cv<br \/>\n1.9 TD, A\u00f1o 04.1992 &#8211; 02.1994, 1930 ccm, 82 cv<br \/>\n2.0, A\u00f1o 02.1991 &#8211; 02.1994, 1971 ccm, 84 cv<br \/>\n2.0 E, A\u00f1o 09.1981 &#8211; 02.1994, 1971 ccm, 79 cv<br \/>\n2.5 D, A\u00f1o 10.1985 &#8211; 02.1994, 2498 ccm, 73 cv<br \/>\n2.5 D 4&#215;4, A\u00f1o 01.1987 &#8211; 02.1994, 2498 ccm, 73 cv<br \/>\n2.5 D Turbo, A\u00f1o 08.1987 &#8211; 02.1994, 2500 ccm, 95 cv<br \/>\n2.5 D Turbo 4&#215;4, A\u00f1o 08.1987 &#8211; 02.1994, 2500 ccm, 95 cv<br \/>\nCITRO\u00cbN C25 Furg\u00f3n<br \/>\n2.0, A\u00f1o 02.1991 &#8211; 03.1994, 1971 ccm, 84 cv<br \/>\n2.0 E, A\u00f1o 09.1981 &#8211; 03.1994, 1971 ccm, 79 cv<br \/>\nCITRO\u00cbN C25 Cami\u00f3n de plataforma\/Chasis<br \/>\n2.0, A\u00f1o 01.1987 &#8211; 03.1994, 1971 ccm, 84 cv<\/p>\n<p>SEAT Ronda (022A)<br \/>\n1.2, A\u00f1o 10.1984 &#8211; 12.1986, 1193 ccm, 60 cv<br \/>\n1.2, A\u00f1o 08.1983 &#8211; 05.1985, 1197 ccm, 64 cv<br \/>\n1.4, A\u00f1o 06.1982 &#8211; 11.1988, 1438 ccm, 73 cv<br \/>\n1.5, A\u00f1o 09.1984 &#8211; 12.1986, 1461 ccm, 85 cv<br \/>\nSEAT Marbella Hatchback (28)<br \/>\n0.8, A\u00f1o 08.1986 &#8211; 12.1993, 843 ccm, 34 cv<br \/>\n0.9, A\u00f1o 01.1987 &#8211; 12.1993, 903 ccm, 40 cv<br \/>\n0.9, A\u00f1o 07.1997 &#8211; 10.1998, 899 ccm, 44 cv<br \/>\n0.9 Cat, A\u00f1o 01.1990 &#8211; 11.1996, 903 ccm, 40 cv<br \/>\n0.9 Cat, A\u00f1o 11.1996 &#8211; 10.1998, 899 ccm, 41 cv<br \/>\nSEAT Terra Familiar (24)<br \/>\n0.9, A\u00f1o 02.1987 &#8211; 12.1996, 903 ccm, 40 cv<br \/>\n0.9 Cat, A\u00f1o 02.1992 &#8211; 12.1994, 903 ccm, 40 cv<br \/>\n1.3 D, A\u00f1o 03.1990 &#8211; 12.1994, 1272 ccm, 45 cv<br \/>\n1.4 D, A\u00f1o 10.1990 &#8211; 12.1995, 1398 ccm, 48 cv<br \/>\nSEAT Terra Furgoneta (024A)<br \/>\n0.9, A\u00f1o 01.1987 &#8211; 12.1995, 903 ccm, 40 cv<br \/>\n0.9 Cat, A\u00f1o 01.1990 &#8211; 12.1995, 903 ccm, 40 cv<br \/>\n1.3 D, A\u00f1o 03.1990 &#8211; 02.1992, 1272 ccm, 45 cv<br \/>\n1.4 D, A\u00f1o 10.1990 &#8211; 02.1992, 1398 ccm, 48 cv<br \/>\nSEAT Fura (025A)<br \/>\n0.9, A\u00f1o 03.1984 &#8211; 12.1986, 903 ccm, 40 cv<br \/>\n0.9, A\u00f1o 01.1982 &#8211; 06.1986, 903 ccm, 43 cv<br \/>\n0.9, A\u00f1o 01.1982 &#8211; 06.1986, 903 ccm, 45 cv<br \/>\n1.4 Crono, A\u00f1o 01.1982 &#8211; 06.1986, 1438 ccm, 75 cv<br \/>\nSEAT Marbella Furgoneta (028A)<br \/>\n0.8, A\u00f1o 01.1987 &#8211; 12.1993, 843 ccm, 34 cv<br \/>\n0.9, A\u00f1o 01.1987 &#8211; 12.1993, 903 ccm, 40 cv<br \/>\n0.9 Cat, A\u00f1o 01.1987 &#8211; 12.1993, 903 ccm, 40 cv<br \/>\nSEAT Panda (141A)<br \/>\n0.9, A\u00f1o 10.1980 &#8211; 12.1986, 903 ccm, 42 cv<br \/>\nSEAT 127 Hatchback<br \/>\n0.9, A\u00f1o 04.1972 &#8211; 12.1982, 903 ccm, 45 cv<br \/>\n1.0, A\u00f1o 04.1972 &#8211; 12.1982, 1010 ccm, 52 cv<br \/>\nSEAT 132 Sed\u00e1n (132A)<br \/>\n1.8, A\u00f1o 05.1973 &#8211; 12.1980, 1756 ccm, 105 cv<br \/>\nSEAT 128 Sed\u00e1n (128A)<br \/>\n1.2, A\u00f1o 01.1976 &#8211; 12.1980, 1197 ccm, 67 cv<br \/>\n1.4, A\u00f1o 01.1976 &#8211; 12.1980, 1438 ccm, 78 cv<\/p>\n<p>LA PIEZA ES NUEVA Y ORIGINAL.<\/p>\n","protected":false},"excerpt":{"rendered":"<p>Interruptor de la luz de freno de: M\u00e9trica: 12&#215;1.5 Ancho llave: 19mm FIAT Cinquecento (170) 0.7, A\u00f1o 12.1991 &#8211; 01.1996, 704 ccm, 31 cv 0.7 i, A\u00f1o 07.1994 &#8211; 01.1998, 704 ccm, 30 cv 0.9, A\u00f1o 07.1991 &#8211; 12.1993, 903 ccm, 41 cv 0.9 i.e. (170AC), A\u00f1o 07.1991 &#8211; 09.1994, 903 ccm, 41 cv 0.9 [&hellip;]<\/p>\n","protected":false},"featured_media":98366,"template":"","meta":{"_seopress_robots_primary_cat":"","_seopress_titles_title":"","_seopress_titles_desc":"","_seopress_robots_index":""},"product_cat":[65,67,68,179,69,70,232,71,352,76,369,16,180,79,116,132,84,23,88,89,20,91,208,53,21,207,99,237,123,102,103,165,26,56,110,233,114,206],"product_tag":[],"class_list":{"0":"post-98362","1":"product","2":"type-product","3":"status-publish","4":"has-post-thumbnail","6":"product_cat-recambios-fiat-124","7":"product_cat-recambios-fiat-126","8":"product_cat-recambios-fiat-127","9":"product_cat-recambios-seat-127","10":"product_cat-recambios-fiat-128","11":"product_cat-recambios-fiat-131","12":"product_cat-recambios-seat-132","13":"product_cat-recambios-fiat-132","14":"product_cat-recambios-alfa-romeo-6","15":"product_cat-recambios-fiat-850","16":"product_cat-recambios-lancia-a112","17":"product_cat-recambios-alfa-romeo","18":"product_cat-recambios-alfa-romeo-alfetta","19":"product_cat-recambios-fiat-argenta","20":"product_cat-recambios-lancia-beta","21":"product_cat-recambios-citroen-c25","22":"product_cat-recambios-fiat-cinquecento","23":"product_cat-recambios-citroen","24":"product_cat-recambios-fiat-ducato","25":"product_cat-recambios-fiat-duna","26":"product_cat-recambios-fiat","27":"product_cat-recambios-fiat-fiorino","28":"product_cat-recambios-seat-fura","29":"product_cat-recambios-alfa-romeo-giulietta","30":"product_cat-recambios-lancia","31":"product_cat-recambios-seat-marbella","32":"product_cat-recambios-fiat-panda","33":"product_cat-recambios-seat-panda","34":"product_cat-recambios-lancia-prisma","35":"product_cat-recambios-fiat-regata","36":"product_cat-recambios-fiat-ritmo","37":"product_cat-recambios-seat-ronda","38":"product_cat-recambios-seat","39":"product_cat-recambios-alfa-romeo-spider","40":"product_cat-recambios-fiat-talento","41":"product_cat-recambios-seat-terra","42":"product_cat-recambios-fiat-uno","43":"product_cat-recambios-fiat-x1-9","45":"first","46":"instock","47":"taxable","48":"shipping-taxable","49":"purchasable","50":"product-type-simple"},"_links":{"self":[{"href":"https:\/\/galicianparts.com\/shop\/wp-json\/wp\/v2\/product\/98362"}],"collection":[{"href":"https:\/\/galicianparts.com\/shop\/wp-json\/wp\/v2\/product"}],"about":[{"href":"https:\/\/galicianparts.com\/shop\/wp-json\/wp\/v2\/types\/product"}],"wp:featuredmedia":[{"embeddable":true,"href":"https:\/\/galicianparts.com\/shop\/wp-json\/wp\/v2\/media\/98366"}],"wp:attachment":[{"href":"https:\/\/galicianparts.com\/shop\/wp-json\/wp\/v2\/media?parent=98362"}],"wp:term":[{"taxonomy":"product_cat","embeddable":true,"href":"https:\/\/galicianparts.com\/shop\/wp-json\/wp\/v2\/product_cat?post=98362"},{"taxonomy":"product_tag","embeddable":true,"href":"https:\/\/galicianparts.com\/shop\/wp-json\/wp\/v2\/product_tag?post=98362"}],"curies":[{"name":"wp","href":"https:\/\/api.w.org\/{rel}","templated":true}]}}