{"id":98631,"date":"2025-07-18T10:43:08","date_gmt":"2025-07-18T08:43:08","guid":{"rendered":"https:\/\/galicianparts.com\/shop\/producto\/82388433-silentblock-trapecio-delantero-lancia-thema-fiat-croma-alfa-164-original\/"},"modified":"2026-03-04T13:08:23","modified_gmt":"2026-03-04T11:08:23","slug":"82388433-silentblock-trapecio-delantero-lancia-thema-fiat-croma-alfa-164-original","status":"publish","type":"product","link":"https:\/\/galicianparts.com\/shop\/producto\/82388433-silentblock-trapecio-delantero-lancia-thema-fiat-croma-alfa-164-original\/","title":{"rendered":"82388433 Silentblock trapecio delantero Lancia Thema \/Fiat Croma \/Alfa 164 ORIGINAL"},"content":{"rendered":"<p>Silentblock del brazo oscilante, plaqueta de la suspensi\u00f3n delantera de:<br \/>\nDi\u00e1metro interior: 19mm<br \/>\nDi\u00e1metro exterior: 65mm<br \/>\nLargo: 157mm<\/p>\n<p>FIAT &#8211; MZ CROMA CHT FL.90 (1990-1992)<br \/>\nFIAT &#8211; MY CROMA IE-IE TB. FL.90 (1990-1996)<br \/>\nFIAT &#8211; NQ CROMA IE. 2500 V6 (1993-1996) ARMOURED VEHICLE<br \/>\nFIAT &#8211; MJ CROMA TURBO DS FL.90 (1990-1996)<br \/>\nALFA ROMEO &#8211; K0 164 (1987-1992) 2.0 T.SPARK \/ 2.0 T.SPARK USA&#8217;83<br \/>\nALFA ROMEO &#8211; K0 164 (1987-1992) 2.5 T.D.<br \/>\nALFA ROMEO &#8211; W1 164 FL\/92 (1992-1997) 2000 T.S. \/ 2500 TB\/DS \/ 2500 TB\/DS CEE F2<br \/>\nALFA ROMEO &#8211; W2 164 SUPER (1992-1997) 2000 T.SPARK \/ 2500 TB\/DS \/ 2000 T.SPARK0<br \/>\nLANCIA &#8211; SZ THEMA BZ\/DS R.88 (1988-1992) BN 8V \/ BN 16V \/ SW 16V \/ BN TB LX 16V \/ BN TB\/DS \/ SW TB\/DS \/ BN 6V<\/p>\n<p>LA PIEZA ES NUEVA Y ORIGINAL.<\/p>\n","protected":false},"excerpt":{"rendered":"<p>Silentblock del brazo oscilante, plaqueta de la suspensi\u00f3n delantera de: Di\u00e1metro interior: 19mm Di\u00e1metro exterior: 65mm Largo: 157mm FIAT &#8211; MZ CROMA CHT FL.90 (1990-1992) FIAT &#8211; MY CROMA IE-IE TB. FL.90 (1990-1996) FIAT &#8211; NQ CROMA IE. 2500 V6 (1993-1996) ARMOURED VEHICLE FIAT &#8211; MJ CROMA TURBO DS FL.90 (1990-1996) ALFA ROMEO &#8211; K0 [&hellip;]<\/p>\n","protected":false},"featured_media":98635,"template":"","meta":{"_seopress_robots_primary_cat":"","_seopress_titles_title":"","_seopress_titles_desc":"","_seopress_robots_index":""},"product_cat":[54,16,86,20,21,124],"product_tag":[],"class_list":{"0":"post-98631","1":"product","2":"type-product","3":"status-publish","4":"has-post-thumbnail","6":"product_cat-recambios-alfa-romeo-164","7":"product_cat-recambios-alfa-romeo","8":"product_cat-recambios-fiat-croma","9":"product_cat-recambios-fiat","10":"product_cat-recambios-lancia","11":"product_cat-recambios-lancia-thema","13":"first","14":"outofstock","15":"taxable","16":"shipping-taxable","17":"purchasable","18":"product-type-simple"},"_links":{"self":[{"href":"https:\/\/galicianparts.com\/shop\/wp-json\/wp\/v2\/product\/98631"}],"collection":[{"href":"https:\/\/galicianparts.com\/shop\/wp-json\/wp\/v2\/product"}],"about":[{"href":"https:\/\/galicianparts.com\/shop\/wp-json\/wp\/v2\/types\/product"}],"wp:featuredmedia":[{"embeddable":true,"href":"https:\/\/galicianparts.com\/shop\/wp-json\/wp\/v2\/media\/98635"}],"wp:attachment":[{"href":"https:\/\/galicianparts.com\/shop\/wp-json\/wp\/v2\/media?parent=98631"}],"wp:term":[{"taxonomy":"product_cat","embeddable":true,"href":"https:\/\/galicianparts.com\/shop\/wp-json\/wp\/v2\/product_cat?post=98631"},{"taxonomy":"product_tag","embeddable":true,"href":"https:\/\/galicianparts.com\/shop\/wp-json\/wp\/v2\/product_tag?post=98631"}],"curies":[{"name":"wp","href":"https:\/\/api.w.org\/{rel}","templated":true}]}}