{"id":98651,"date":"2025-07-18T11:40:21","date_gmt":"2025-07-18T09:40:21","guid":{"rendered":"https:\/\/galicianparts.com\/shop\/producto\/7588577-valvula-escape-m-1-7-1-9td-fiat-punto-ritmo-ducato-lancia-delta-alfa-original\/"},"modified":"2025-09-19T13:00:17","modified_gmt":"2025-09-19T11:00:17","slug":"7588577-valvula-escape-m-1-7-1-9td-fiat-punto-ritmo-ducato-lancia-delta-alfa-original","status":"publish","type":"product","link":"https:\/\/galicianparts.com\/shop\/producto\/7588577-valvula-escape-m-1-7-1-9td-fiat-punto-ritmo-ducato-lancia-delta-alfa-original\/","title":{"rendered":"7588577 V\u00e1lvula escape M 1.7-1.9TD Fiat Punto \/Ritmo \/Ducato \/Lancia Delta \/Alfa ORIGINAL"},"content":{"rendered":"<p>V\u00e1lvula de escape del motor de:<br \/>\nDi\u00e1metro plato: 36.5mm<br \/>\nDi\u00e1metro v\u00e1stago: 8mm<br \/>\nLongitud: 116.5mm<\/p>\n<p>FIAT Regata Berlina (138)<br \/>\n1.9 Turbodi\u00e9sel 80, A\u00f1o 05.1986 &#8211; 07.1989, 1929 ccm, 80 cv<br \/>\nFIAT Regata Weekend<br \/>\n80 Turbo Diesel 1.9 (831 D1.000), A\u00f1o 05.1986 &#8211; 07.1989, 1929 ccm, 80 cv<br \/>\nFIAT Ritmo I Hatchback (138)<br \/>\n1.9 TD, A\u00f1o 12.1985 &#8211; 12.1987, 1929 ccm, 80 cv<br \/>\nFIAT Ducato II Furg\u00f3n (230L)<br \/>\n1.9 TD, A\u00f1o 03.1994 &#8211; 04.2002, 1929 ccm, 82 cv<br \/>\n1.9 TD CAT, A\u00f1o 08.1994 &#8211; 04.2002, 1929 ccm, 80 cv<br \/>\nFIAT Tempra Berlina (159)<br \/>\n1.9 TD, A\u00f1o 07.1992 &#8211; 08.1996, 1929 ccm, 80 cv<br \/>\n1.9 TD, A\u00f1o 05.1990 &#8211; 08.1996, 1929 ccm, 90 cv<br \/>\nFIAT Tempra S.W. (159)<br \/>\n1.9 TD, A\u00f1o 07.1991 &#8211; 02.1995, 1929 ccm, 90 cv<br \/>\n1.9 TD, A\u00f1o 03.1992 &#8211; 06.1993, 1929 ccm, 80 cv<br \/>\nFIAT Tipo Hatchback (160)<br \/>\n1.9 TD, A\u00f1o 03.1992 &#8211; 06.1993, 1929 ccm, 80 cv<br \/>\n1.9 TD, A\u00f1o 09.1990 &#8211; 04.1995, 1929 ccm, 90 cv<br \/>\nFIAT Fiorino II Furg\u00f3n (146)<br \/>\n1.7 TD, A\u00f1o 11.1996 &#8211; 05.2000, 1697 ccm, 63 cv<br \/>\n65 1.7 TD, A\u00f1o 01.1997 &#8211; 05.2001, 1698 ccm, 63 cv<br \/>\nFIAT Punto I Hatchback (176)<br \/>\n1.7 TD, A\u00f1o 01.1994 &#8211; 09.1999, 1698 ccm, 69 cv<br \/>\n1.7 TD, A\u00f1o 01.1994 &#8211; 09.1999, 1698 ccm, 71 cv<br \/>\n1.7 TD (176AT), A\u00f1o 09.1996 &#8211; 09.1999, 1698 ccm, 63 cv<br \/>\nFIAT Ducato I Furg\u00f3n (290)<br \/>\n1.9 TD, A\u00f1o 03.1989 &#8211; 03.1994, 1929 ccm, 82 cv<br \/>\nFIAT Ducato I Panorama (290)<br \/>\n1.9 TD, A\u00f1o 07.1990 &#8211; 03.1994, 1929 ccm, 82 cv<br \/>\nFIAT Ducato II Bus (230)<br \/>\n1.9 TD Combinato, A\u00f1o 08.1994 &#8211; 04.2002, 1929 ccm, 80 cv<br \/>\n1.9 TD Panorama\/Combinato, A\u00f1o 03.1994 &#8211; 04.2002, 1929 ccm, 82 cv<br \/>\nFIAT Ducato I Furg\u00f3n (280)<br \/>\n1.9 TD, A\u00f1o 03.1989 &#8211; 08.1990, 1929 ccm, 82 cv<br \/>\nFIAT Palio I Weekend (178)<br \/>\n1.7 TD, A\u00f1o 04.1996 &#8211; 03.2001, 1698 ccm, 70 cv<br \/>\nFIAT Ducato I Cami\u00f3n de plataforma\/Chasis (290)<br \/>\n1.9 TD, A\u00f1o 03.1989 &#8211; 03.1994, 1929 ccm, 82 cv<br \/>\nFIAT Ducato I Panorama (280)<br \/>\n1.9 TD, A\u00f1o 03.1989 &#8211; 08.1990, 1929 ccm, 82 cv<br \/>\nFIAT Ducato II Cami\u00f3n de plataforma\/Chasis (230)<br \/>\n1.9 TD, A\u00f1o 03.1994 &#8211; 04.2002, 1929 ccm, 82 cv<br \/>\n1.9 TD CAT, A\u00f1o 08.1994 &#8211; 04.2002, 1929 ccm, 80 cv<br \/>\nFIAT Strada Pick-up (178)<br \/>\n1.7 TD, A\u00f1o 06.1999 &#8211; 12.2006, 1698 ccm, 69 cv<br \/>\nFIAT Fiorino II Pick-up (146)<br \/>\n1.7 TD, A\u00f1o 01.1997 &#8211; 05.2001, 1698 ccm, 63 cv<br \/>\nFIAT Ducato I Cami\u00f3n de plataforma\/Chasis (280)<br \/>\n1.9 TD, A\u00f1o 03.1989 &#8211; 08.1990, 1929 ccm, 82 cv<br \/>\nFIAT Siena (178, 172)<br \/>\n1.7 TD, A\u00f1o 02.2006 &#8211; 12.2009, 1698 ccm, 69 cv<\/p>\n<p>ALFA ROMEO 145 (930)<br \/>\n1.9 TD (930.A4), A\u00f1o 10.1994 &#8211; 02.1999, 1929 ccm, 90 cv<br \/>\nALFA ROMEO 155 (167)<br \/>\n1.9 TD (167.A3B, 167.A3), A\u00f1o 04.1993 &#8211; 12.1997, 1929 ccm, 90 cv<br \/>\nALFA ROMEO 146 (930)<br \/>\n1.9 TD (930.B4A), A\u00f1o 12.1994 &#8211; 02.1999, 1929 ccm, 90 cv<br \/>\nALFA ROMEO AR6 Bus (280)<br \/>\n1.9 D (280), A\u00f1o 04.1985 &#8211; 12.1989, 1929 ccm, 69 cv<\/p>\n<p>LANCIA Delta I (831)<br \/>\n1.9 Turbo DS, A\u00f1o 10.1986 &#8211; 12.1989, 1929 ccm, 80 cv<br \/>\nLANCIA Prisma (831)<br \/>\n1.9 Turbo Diesel (831AB), A\u00f1o 05.1985 &#8211; 12.1989, 1928 ccm, 80 cv<\/p>\n<p>LA PIEZA ES NUEVA Y ORIGINAL.<\/p>\n","protected":false},"excerpt":{"rendered":"<p>V\u00e1lvula de escape del motor de: Di\u00e1metro plato: 36.5mm Di\u00e1metro v\u00e1stago: 8mm Longitud: 116.5mm FIAT Regata Berlina (138) 1.9 Turbodi\u00e9sel 80, A\u00f1o 05.1986 &#8211; 07.1989, 1929 ccm, 80 cv FIAT Regata Weekend 80 Turbo Diesel 1.9 (831 D1.000), A\u00f1o 05.1986 &#8211; 07.1989, 1929 ccm, 80 cv FIAT Ritmo I Hatchback (138) 1.9 TD, A\u00f1o 12.1985 [&hellip;]<\/p>\n","protected":false},"featured_media":98654,"template":"","meta":{"_seopress_robots_primary_cat":"","_seopress_titles_title":"","_seopress_titles_desc":"","_seopress_robots_index":""},"product_cat":[45,46,48,16,184,118,88,20,91,21,98,123,101,102,103,107,109,111,112],"product_tag":[],"class_list":{"0":"post-98651","1":"product","2":"type-product","3":"status-publish","4":"has-post-thumbnail","6":"product_cat-recambios-alfa-romeo-145","7":"product_cat-recambios-alfa-romeo-146","8":"product_cat-recambios-alfa-romeo-155","9":"product_cat-recambios-alfa-romeo","10":"product_cat-recambios-alfa-romeo-ar6","11":"product_cat-recambios-lancia-delta","12":"product_cat-recambios-fiat-ducato","13":"product_cat-recambios-fiat","14":"product_cat-recambios-fiat-fiorino","15":"product_cat-recambios-lancia","16":"product_cat-recambios-fiat-palio","17":"product_cat-recambios-lancia-prisma","18":"product_cat-recambios-fiat-punto","19":"product_cat-recambios-fiat-regata","20":"product_cat-recambios-fiat-ritmo","21":"product_cat-recambios-fiat-siena","22":"product_cat-recambios-fiat-strada","23":"product_cat-recambios-fiat-tempra","24":"product_cat-recambios-fiat-tipo","26":"first","27":"instock","28":"taxable","29":"shipping-taxable","30":"purchasable","31":"product-type-simple"},"_links":{"self":[{"href":"https:\/\/galicianparts.com\/shop\/wp-json\/wp\/v2\/product\/98651"}],"collection":[{"href":"https:\/\/galicianparts.com\/shop\/wp-json\/wp\/v2\/product"}],"about":[{"href":"https:\/\/galicianparts.com\/shop\/wp-json\/wp\/v2\/types\/product"}],"wp:featuredmedia":[{"embeddable":true,"href":"https:\/\/galicianparts.com\/shop\/wp-json\/wp\/v2\/media\/98654"}],"wp:attachment":[{"href":"https:\/\/galicianparts.com\/shop\/wp-json\/wp\/v2\/media?parent=98651"}],"wp:term":[{"taxonomy":"product_cat","embeddable":true,"href":"https:\/\/galicianparts.com\/shop\/wp-json\/wp\/v2\/product_cat?post=98651"},{"taxonomy":"product_tag","embeddable":true,"href":"https:\/\/galicianparts.com\/shop\/wp-json\/wp\/v2\/product_tag?post=98651"}],"curies":[{"name":"wp","href":"https:\/\/api.w.org\/{rel}","templated":true}]}}