{"id":98750,"date":"2025-07-22T13:01:14","date_gmt":"2025-07-22T11:01:14","guid":{"rendered":"https:\/\/galicianparts.com\/shop\/producto\/46723697-cable-luces-mandos-calefaccion-fiat-punto-1999-2010-nuevo-original\/"},"modified":"2025-09-29T10:34:51","modified_gmt":"2025-09-29T08:34:51","slug":"46723697-cable-luces-mandos-calefaccion-fiat-punto-1999-2010-nuevo-original","status":"publish","type":"product","link":"https:\/\/galicianparts.com\/shop\/producto\/46723697-cable-luces-mandos-calefaccion-fiat-punto-1999-2010-nuevo-original\/","title":{"rendered":"46723697 Cable luces mandos calefacci\u00f3n Fiat Punto (1999-2010) NUEVO ORIGINAL"},"content":{"rendered":"<p>Cableado el\u00e9ctrico con las bombillas de iluminaci\u00f3n de los botones de los controles del m\u00f3dulo de la calefacci\u00f3n de:<br \/>\nFIAT &#8211; 1N PUNTO BZ (1999-2003) CONDUCCION A\u00a0IZQUIERDA<br \/>\nFIAT &#8211; 1N PUNTO BZ (1999-2003) CONDUCCION\u00a0A DERECHA<br \/>\nFIAT &#8211; 1N PUNTO BZ (1999-2003)<br \/>\nFIAT &#8211; 1N PUNTO BZ (1999-2003) CONDUCCION A\u00a0IZQUIERDA \/ 1.2 8V CF2 \/ 1.2 8V CF3 (OPT.229) \/ 1.2\u00a08V\u00a0CF3 \/ 1242 8V CF3 BZ\/MET \/ 1.2 16V CF2 \/ 1.2 16V CF3<br \/>\nFIAT &#8211; 1N PUNTO BZ (1999-2003) CONDUCCION\u00a0A DERECHA \/ 1.2 8V CF2 \/ 1.2 8V CF3 (OPT.229) \/ 1.2\u00a08V\u00a0CF3 \/ 1242 8V CF3 BZ\/MET \/ 1.2 16V CF2 \/ 1.2 16V CF3<br \/>\nFIAT &#8211; 1N PUNTO BZ (1999-2003) CONDUCCION A\u00a0IZQUIERDA \/ 1.8 16V CF2 \/ 1.8 16V CF3<br \/>\nFIAT &#8211; 1N PUNTO BZ (1999-2003) CONDUCCION\u00a0A DERECHA \/ 1.8 16V CF2 \/ 1.8 16V CF3<br \/>\nFIAT &#8211; 1P PUNTO DS (1999-2003) CONDUCCION A\u00a0IZQUIERDA<br \/>\nFIAT &#8211; 1P PUNTO DS (1999-2003) CONDUCCION\u00a0A DERECHA<br \/>\nFIAT &#8211; 1P PUNTO DS (1999-2003)<br \/>\nFIAT &#8211; 2U PUNTO FL.&#8217;03 (2003-2010) CONDUCCION A\u00a0IZQUIERDA<br \/>\nFIAT &#8211; 2U PUNTO FL.&#8217;03 (2003-2010) CONDUCCION\u00a0A DERECHA<br \/>\nFIAT &#8211; 2U PUNTO FL.&#8217;03 (2003-2010) CONDUCCION A\u00a0IZQUIERDA \/ AIRE ACONDICIONADO \/ 1242 8V \/ 1.2\u00a08V\u00a0(OPC.229) \/ 1.2\u00a08V\u00a0CF4\u00a0GASOLINA\/GPL \/ 1242 8V CF3 GASOLINA\/METANO \/ 1242\u00a016V\u00a0CF3<br \/>\nFIAT &#8211; 2U PUNTO FL.&#8217;03 (2003-2010) CONDUCCION\u00a0A DERECHA \/ AIRE ACONDICIONADO \/ 1242 8V \/ 1.2\u00a08V\u00a0(OPC.229) \/ 1.2\u00a08V\u00a0CF4\u00a0GASOLINA\/GPL \/ 1242 8V CF3 GASOLINA\/METANO \/ 1242\u00a016V\u00a0CF3<br \/>\nFIAT &#8211; 2U PUNTO FL.&#8217;03 (2003-2010) CONDUCCION A\u00a0IZQUIERDA \/ AIRE ACONDICIONADO \/ 1400\u00a016V\u00a0CF4<br \/>\nFIAT &#8211; 2U PUNTO FL.&#8217;03 (2003-2010) CONDUCCION\u00a0A DERECHA \/ AIRE ACONDICIONADO \/ 1400\u00a016V\u00a0CF4<br \/>\nFIAT &#8211; 2U PUNTO FL.&#8217;03 (2003-2010) CONDUCCION A\u00a0IZQUIERDA \/ AIRE ACONDICIONADO \/ 1.8 16V CF4<br \/>\nFIAT &#8211; 2U PUNTO FL.&#8217;03 (2003-2010) CONDUCCION\u00a0A DERECHA \/ AIRE ACONDICIONADO \/ 1.8 16V CF4<br \/>\nFIAT &#8211; 2U PUNTO FL.&#8217;03 (2003-2010) CONDUCCION A\u00a0IZQUIERDA \/ AIRE ACONDICIONADO \/ 1250\u00a0MJTD\u00a070CV\/51KW<br \/>\nFIAT &#8211; 2U PUNTO FL.&#8217;03 (2003-2010) CONDUCCION\u00a0A DERECHA \/ AIRE ACONDICIONADO \/ 1250\u00a0MJTD\u00a070CV\/51KW<br \/>\nFIAT &#8211; 2U PUNTO FL.&#8217;03 (2003-2010) CONDUCCION A\u00a0IZQUIERDA \/ AIRE ACONDICIONADO \/ 1910 JTD 85CV\/63 KW \/ 1910 JTD 74 KW\/100CV<br \/>\nFIAT &#8211; 2U PUNTO FL.&#8217;03 (2003-2010) CONDUCCION\u00a0A DERECHA \/ AIRE ACONDICIONADO \/ 1910 JTD 85CV\/63 KW \/ 1910 JTD 74 KW\/100CV<\/p>\n<p>LA PIEZA ES NUEVA Y ORIGINAL.<\/p>\n","protected":false},"excerpt":{"rendered":"<p>Cableado el\u00e9ctrico con las bombillas de iluminaci\u00f3n de los botones de los controles del m\u00f3dulo de la calefacci\u00f3n de: FIAT &#8211; 1N PUNTO BZ (1999-2003) CONDUCCION A\u00a0IZQUIERDA FIAT &#8211; 1N PUNTO BZ (1999-2003) CONDUCCION\u00a0A DERECHA FIAT &#8211; 1N PUNTO BZ (1999-2003) FIAT &#8211; 1N PUNTO BZ (1999-2003) CONDUCCION A\u00a0IZQUIERDA \/ 1.2 8V CF2 \/ 1.2 [&hellip;]<\/p>\n","protected":false},"featured_media":98752,"template":"","meta":{"_seopress_robots_primary_cat":"","_seopress_titles_title":"","_seopress_titles_desc":"","_seopress_robots_index":""},"product_cat":[20,101],"product_tag":[],"class_list":{"0":"post-98750","1":"product","2":"type-product","3":"status-publish","4":"has-post-thumbnail","6":"product_cat-recambios-fiat","7":"product_cat-recambios-fiat-punto","9":"first","10":"outofstock","11":"taxable","12":"shipping-taxable","13":"purchasable","14":"product-type-simple"},"_links":{"self":[{"href":"https:\/\/galicianparts.com\/shop\/wp-json\/wp\/v2\/product\/98750"}],"collection":[{"href":"https:\/\/galicianparts.com\/shop\/wp-json\/wp\/v2\/product"}],"about":[{"href":"https:\/\/galicianparts.com\/shop\/wp-json\/wp\/v2\/types\/product"}],"wp:featuredmedia":[{"embeddable":true,"href":"https:\/\/galicianparts.com\/shop\/wp-json\/wp\/v2\/media\/98752"}],"wp:attachment":[{"href":"https:\/\/galicianparts.com\/shop\/wp-json\/wp\/v2\/media?parent=98750"}],"wp:term":[{"taxonomy":"product_cat","embeddable":true,"href":"https:\/\/galicianparts.com\/shop\/wp-json\/wp\/v2\/product_cat?post=98750"},{"taxonomy":"product_tag","embeddable":true,"href":"https:\/\/galicianparts.com\/shop\/wp-json\/wp\/v2\/product_tag?post=98750"}],"curies":[{"name":"wp","href":"https:\/\/api.w.org\/{rel}","templated":true}]}}