{"id":98761,"date":"2025-07-23T10:15:03","date_gmt":"2025-07-23T08:15:03","guid":{"rendered":"https:\/\/galicianparts.com\/shop\/producto\/51705339-anclaje-cerradura-porton-trasero-fiat-doblo-2000-nueva-original\/"},"modified":"2026-01-05T14:02:44","modified_gmt":"2026-01-05T12:02:44","slug":"51705339-anclaje-cerradura-porton-trasero-fiat-doblo-2000-nueva-original","status":"publish","type":"product","link":"https:\/\/galicianparts.com\/shop\/producto\/51705339-anclaje-cerradura-porton-trasero-fiat-doblo-2000-nueva-original\/","title":{"rendered":"51705339 Anclaje cerradura port\u00f3n trasero Fiat Doblo (2000-&#8230;) NUEVA ORIGINAL"},"content":{"rendered":"<p>Cierre de la cerradura del port\u00f3n del maletero de:<br \/>\nFIAT Doblo I Familiar (119, 223)<br \/>\n1.2, A\u00f1o 03.2001 &#8211; &#8230;, 1242 ccm, 65 cv<br \/>\n1.3 D Multijet, A\u00f1o 10.2005 &#8211; &#8230;, 1248 ccm, 84 cv<br \/>\n1.3 JTD, A\u00f1o 05.2005 &#8211; &#8230;, 1248 ccm, 75 cv<br \/>\n1.3 JTD 16V, A\u00f1o 12.2004 &#8211; 05.2005, 1248 ccm, 70 cv<br \/>\n1.4, A\u00f1o 10.2005 &#8211; &#8230;, 1368 ccm, 77 cv<br \/>\n1.6 16V, A\u00f1o 10.2001 &#8211; &#8230;, 1596 ccm, 103 cv<br \/>\n1.6 Natural Power, A\u00f1o 09.2002 &#8211; &#8230;, 1596 ccm, 103 cv<br \/>\n1.9 D, A\u00f1o 03.2001 &#8211; &#8230;, 1910 ccm, 63 cv<br \/>\n1.9 D Multijet, A\u00f1o 10.2005 &#8211; &#8230;, 1910 ccm, 120 cv<br \/>\n1.9 JTD, A\u00f1o 07.2003 &#8211; &#8230;, 1910 ccm, 105 cv<br \/>\n1.9 JTD, A\u00f1o 10.2001 &#8211; &#8230;, 1910 ccm, 100 cv<br \/>\nFIAT Doblo I Cargo (223)<br \/>\n1.2, A\u00f1o 03.2001 &#8211; 01.2004, 1242 ccm, 65 cv<br \/>\n1.3 D Multijet, A\u00f1o 10.2005 &#8211; 01.2010, 1248 ccm, 75 cv<br \/>\n1.3 JTD 16V, A\u00f1o 05.2004 &#8211; 12.2006, 1248 ccm, 70 cv<br \/>\n1.3 JTD 16V Multijet, A\u00f1o 08.2006 &#8211; &#8230;, 1248 ccm, 84 cv<br \/>\n1.4, A\u00f1o 10.2005 &#8211; &#8230;, 1368 ccm, 77 cv<br \/>\n1.6 16V, A\u00f1o 10.2001 &#8211; &#8230;, 1596 ccm, 103 cv<br \/>\n1.6 Natural Power, A\u00f1o 09.2002 &#8211; &#8230;, 1596 ccm, 103 cv<br \/>\n1.9 D, A\u00f1o 03.2001 &#8211; &#8230;, 1910 ccm, 63 cv<br \/>\n1.9 JTD, A\u00f1o 07.2003 &#8211; &#8230;, 1910 ccm, 105 cv<br \/>\n1.9 JTD, A\u00f1o 10.2001 &#8211; &#8230;, 1910 ccm, 100 cv<br \/>\n1.9 JTD Multijet, A\u00f1o 12.2006 &#8211; &#8230;, 1910 ccm, 120 cv<\/p>\n<p>LA PIEZA ES NUEVA Y ORIGINAL.<\/p>\n","protected":false},"excerpt":{"rendered":"<p>Cierre de la cerradura del port\u00f3n del maletero de: FIAT Doblo I Familiar (119, 223) 1.2, A\u00f1o 03.2001 &#8211; &#8230;, 1242 ccm, 65 cv 1.3 D Multijet, A\u00f1o 10.2005 &#8211; &#8230;, 1248 ccm, 84 cv 1.3 JTD, A\u00f1o 05.2005 &#8211; &#8230;, 1248 ccm, 75 cv 1.3 JTD 16V, A\u00f1o 12.2004 &#8211; 05.2005, 1248 ccm, 70 [&hellip;]<\/p>\n","protected":false},"featured_media":98764,"template":"","meta":{"_seopress_robots_primary_cat":"","_seopress_titles_title":"","_seopress_titles_desc":"","_seopress_robots_index":""},"product_cat":[87,20],"product_tag":[],"class_list":{"0":"post-98761","1":"product","2":"type-product","3":"status-publish","4":"has-post-thumbnail","6":"product_cat-recambios-fiat-doblo","7":"product_cat-recambios-fiat","9":"first","10":"outofstock","11":"taxable","12":"shipping-taxable","13":"purchasable","14":"product-type-simple"},"_links":{"self":[{"href":"https:\/\/galicianparts.com\/shop\/wp-json\/wp\/v2\/product\/98761"}],"collection":[{"href":"https:\/\/galicianparts.com\/shop\/wp-json\/wp\/v2\/product"}],"about":[{"href":"https:\/\/galicianparts.com\/shop\/wp-json\/wp\/v2\/types\/product"}],"wp:featuredmedia":[{"embeddable":true,"href":"https:\/\/galicianparts.com\/shop\/wp-json\/wp\/v2\/media\/98764"}],"wp:attachment":[{"href":"https:\/\/galicianparts.com\/shop\/wp-json\/wp\/v2\/media?parent=98761"}],"wp:term":[{"taxonomy":"product_cat","embeddable":true,"href":"https:\/\/galicianparts.com\/shop\/wp-json\/wp\/v2\/product_cat?post=98761"},{"taxonomy":"product_tag","embeddable":true,"href":"https:\/\/galicianparts.com\/shop\/wp-json\/wp\/v2\/product_tag?post=98761"}],"curies":[{"name":"wp","href":"https:\/\/api.w.org\/{rel}","templated":true}]}}