{"id":98819,"date":"2025-07-23T13:19:57","date_gmt":"2025-07-23T11:19:57","guid":{"rendered":"https:\/\/galicianparts.com\/shop\/producto\/50010041-tubo-deposito-direccion-fiat-fiorino-1-7-td-1993-2000-nuevo-original\/"},"modified":"2025-11-27T12:39:41","modified_gmt":"2025-11-27T10:39:41","slug":"50010041-tubo-deposito-direccion-fiat-fiorino-1-7-td-1993-2000-nuevo-original","status":"publish","type":"product","link":"https:\/\/galicianparts.com\/shop\/producto\/50010041-tubo-deposito-direccion-fiat-fiorino-1-7-td-1993-2000-nuevo-original\/","title":{"rendered":"50010041 Tubo dep\u00f3sito direcci\u00f3n Fiat Fiorino 1.7 TD (1993-2000) NUEVO ORIGINAL"},"content":{"rendered":"<p>Manguito del dep\u00f3sito a la bomba de servodirecci\u00f3n de:<br \/>\nFIAT PROFESSIONAL &#8211; 2N FIORINO RL (1993-2000) 1697 TB\/DS<\/p>\n<p>LA PIEZA ES NUEVA Y ORIGINAL.<\/p>\n","protected":false},"excerpt":{"rendered":"<p>Manguito del dep\u00f3sito a la bomba de servodirecci\u00f3n de: FIAT PROFESSIONAL &#8211; 2N FIORINO RL (1993-2000) 1697 TB\/DS LA PIEZA ES NUEVA Y ORIGINAL.<\/p>\n","protected":false},"featured_media":98820,"template":"","meta":{"_seopress_robots_primary_cat":"","_seopress_titles_title":"","_seopress_titles_desc":"","_seopress_robots_index":""},"product_cat":[20,91],"product_tag":[],"class_list":{"0":"post-98819","1":"product","2":"type-product","3":"status-publish","4":"has-post-thumbnail","6":"product_cat-recambios-fiat","7":"product_cat-recambios-fiat-fiorino","9":"first","10":"outofstock","11":"taxable","12":"shipping-taxable","13":"purchasable","14":"product-type-simple"},"_links":{"self":[{"href":"https:\/\/galicianparts.com\/shop\/wp-json\/wp\/v2\/product\/98819"}],"collection":[{"href":"https:\/\/galicianparts.com\/shop\/wp-json\/wp\/v2\/product"}],"about":[{"href":"https:\/\/galicianparts.com\/shop\/wp-json\/wp\/v2\/types\/product"}],"wp:featuredmedia":[{"embeddable":true,"href":"https:\/\/galicianparts.com\/shop\/wp-json\/wp\/v2\/media\/98820"}],"wp:attachment":[{"href":"https:\/\/galicianparts.com\/shop\/wp-json\/wp\/v2\/media?parent=98819"}],"wp:term":[{"taxonomy":"product_cat","embeddable":true,"href":"https:\/\/galicianparts.com\/shop\/wp-json\/wp\/v2\/product_cat?post=98819"},{"taxonomy":"product_tag","embeddable":true,"href":"https:\/\/galicianparts.com\/shop\/wp-json\/wp\/v2\/product_tag?post=98819"}],"curies":[{"name":"wp","href":"https:\/\/api.w.org\/{rel}","templated":true}]}}