{"id":99024,"date":"2025-08-05T12:15:22","date_gmt":"2025-08-05T10:15:22","guid":{"rendered":"https:\/\/galicianparts.com\/shop\/producto\/46786245-arandela-superior-amortiguador-fiat-stilo-bravo-lancia-delta-nuevo-original\/"},"modified":"2025-10-07T08:04:22","modified_gmt":"2025-10-07T06:04:22","slug":"46786245-arandela-superior-amortiguador-fiat-stilo-bravo-lancia-delta-nuevo-original","status":"publish","type":"product","link":"https:\/\/galicianparts.com\/shop\/producto\/46786245-arandela-superior-amortiguador-fiat-stilo-bravo-lancia-delta-nuevo-original\/","title":{"rendered":"46786245 Arandela superior amortiguador Fiat Stilo \/Bravo \/Lancia Delta NUEVA ORIGINAL"},"content":{"rendered":"<p>Platillo superior del soporte de los amortiguadores de la suspensi\u00f3n delantera de:<br \/>\nDi\u00e1metro exterior: 69mm<br \/>\nDi\u00e1metro interior: 13mm<\/p>\n<p>FIAT &#8211; 3L NUOVA BRAVO (2007-2009)<br \/>\nFIAT &#8211; 3Y NUOVA BRAVO MY 2010 (2010-2014)<br \/>\nFIAT &#8211; 2C STILO BZ\/DS (2001-2003) BN ACTIVE\/ATTRACTIVE 3P \/ BN DYNAMIC\/POWER 3P \/ BN ACTIVE\/ATTRACTIVE 5P \/ BN DYNAMIC\/POWER 5P \/ BN ACTUAL 3P \/ BN ACTUAL 5 P<br \/>\nFIAT &#8211; 2C STILO BZ\/DS (2001-2003) BN ACTUAL 2\/ACTIVE N.G. 3P \/ BN ACTUAL 2\/ACTIVE N.G. 5P \/ BN DYNAMIC N.G. 3P \/ BN DYNAMIC N.G. 5P<br \/>\nFIAT &#8211; 2C STILO BZ\/DS (2001-2003) BN ABARTH 3P \/ BN ABARTH 5P \/ BN ABARTH N.G. 3P \/ BN ABARTH N.G. 5P \/ BN GT N.G. 3P \/ BN GT N.G. 5P<br \/>\nFIAT &#8211; 2C STILO BZ\/DS (2001-2003) S.W. ACTUAL 2\/ACTIVE \/ S.W. DYNAMIC\/POWER \/ S.W. VAN 2 PLAZAS \/ S.W. VAN 4 PLAZAS<br \/>\nFIAT &#8211; 2V STILO F.L.L. 2003 (2003-2007) SEDAN ACTUAL 3D  FL 2003 \/ SEDAN ACTUAL 5D  FL 2003 \/ SEDAN ACTIVE 3D  FL 2003 \/ SEDAN ACTIVE 5D  FL 2003 \/ SEDAN GT 3D  FL 2003 \/ SEDAN DYNAMIC 5D  FL 2003 \/ SEDAN ABARTH 3D  FL 2003 \/ SEDAN ABARTH SELESPEED 3D FL 2003<br \/>\nFIAT &#8211; 2V STILO F.L.L. 2003 (2003-2007) SW ACTUAL  FL 2003 \/ S.W. VAN 2 PLAZAS ACTUAL FL 2003 \/ S.W. VAN 4 PLAZAS ACTUAL FL 2003 \/ SW ACTIVE  FL 2003 \/ S.W. VAN 2 PLAZAS ACTIVE FL 2003 \/ S.W. VAN 4 PLAZAS ACTIVE FL 2003 \/ SW DYNAMIC  FL 2003 \/ SW UPROAD FL 2003<br \/>\nFIAT &#8211; 2V STILO F.L.L. 2003 (2003-2007) SEDAN ACTUAL 3D MY 2006 \/ SEDAN ACTUAL 5D MY 2006 \/ SEDAN ACTIVE 3D MY 2006 \/ SEDAN ACTIVE 5D MY 2006 \/ SEDAN DYNAMIC 3D MY 2006 \/ SEDAN DYNAMIC 5D MY 006 \/ SEDAN ABARTH 3D MY 2006 \/ BN ABARTH SELESPEED 3P MY 2006<br \/>\nFIAT &#8211; 2V STILO F.L.L. 2003 (2003-2007) SW\u00a0ACTUAL\u00a0MY\u00a02006 \/ SW\u00a0ACTIVE\u00a0MY\u00a02006 \/ SW\u00a0DYNAMIC\u00a0MY\u00a02006 \/ SW UPROAD MY 2006 \/ S.W. VAN 4 PLAZAS ACTUAL MY 2006 \/ S.W. VAN 4 PLAZAS ACTIVE MY 2006 \/ S.W. VAN 2 PLAZAS ACTUAL MY 2006 \/ S.W. VAN 2 PLAZAS ACTIVE MY 2006<br \/>\nLANCIA &#8211; TN LANCIA DELTA MY 2011 (2011-2014)<br \/>\nLANCIA &#8211; TH NUOVA DELTA 844 (2008-2011)<\/p>\n<p>LA PIEZA ES NUEVA Y ORIGINAL.<\/p>\n","protected":false},"excerpt":{"rendered":"<p>Platillo superior del soporte de los amortiguadores de la suspensi\u00f3n delantera de: Di\u00e1metro exterior: 69mm Di\u00e1metro interior: 13mm FIAT &#8211; 3L NUOVA BRAVO (2007-2009) FIAT &#8211; 3Y NUOVA BRAVO MY 2010 (2010-2014) FIAT &#8211; 2C STILO BZ\/DS (2001-2003) BN ACTIVE\/ATTRACTIVE 3P \/ BN DYNAMIC\/POWER 3P \/ BN ACTIVE\/ATTRACTIVE 5P \/ BN DYNAMIC\/POWER 5P \/ BN [&hellip;]<\/p>\n","protected":false},"featured_media":99027,"template":"","meta":{"_seopress_robots_primary_cat":"","_seopress_titles_title":"","_seopress_titles_desc":"","_seopress_robots_index":""},"product_cat":[82,118,20,21,108],"product_tag":[],"class_list":{"0":"post-99024","1":"product","2":"type-product","3":"status-publish","4":"has-post-thumbnail","6":"product_cat-recambios-fiat-bravo","7":"product_cat-recambios-lancia-delta","8":"product_cat-recambios-fiat","9":"product_cat-recambios-lancia","10":"product_cat-recambios-fiat-stilo","12":"first","13":"outofstock","14":"taxable","15":"shipping-taxable","16":"purchasable","17":"product-type-simple"},"_links":{"self":[{"href":"https:\/\/galicianparts.com\/shop\/wp-json\/wp\/v2\/product\/99024"}],"collection":[{"href":"https:\/\/galicianparts.com\/shop\/wp-json\/wp\/v2\/product"}],"about":[{"href":"https:\/\/galicianparts.com\/shop\/wp-json\/wp\/v2\/types\/product"}],"wp:featuredmedia":[{"embeddable":true,"href":"https:\/\/galicianparts.com\/shop\/wp-json\/wp\/v2\/media\/99027"}],"wp:attachment":[{"href":"https:\/\/galicianparts.com\/shop\/wp-json\/wp\/v2\/media?parent=99024"}],"wp:term":[{"taxonomy":"product_cat","embeddable":true,"href":"https:\/\/galicianparts.com\/shop\/wp-json\/wp\/v2\/product_cat?post=99024"},{"taxonomy":"product_tag","embeddable":true,"href":"https:\/\/galicianparts.com\/shop\/wp-json\/wp\/v2\/product_tag?post=99024"}],"curies":[{"name":"wp","href":"https:\/\/api.w.org\/{rel}","templated":true}]}}